{"id":35,"date":"2014-10-07T16:19:41","date_gmt":"2014-10-07T16:19:41","guid":{"rendered":"http:\/\/szkolenia-udt.pl\/?page_id=35"},"modified":"2022-09-01T22:14:41","modified_gmt":"2022-09-01T20:14:41","slug":"plataformas-moviles","status":"publish","type":"page","link":"https:\/\/szkolenia-udt.pl\/es\/kursy\/podesty-ruchome\/","title":{"rendered":"Plataformas m\u00f3viles"},"content":{"rendered":"<h2>Cursos para plataformas m\u00f3viles - Varsovia y toda Polonia<\/h2>\n<div class=\"sliderpage\"><div id=\"metaslider-id-408\" style=\"max-width: 300px;\" class=\"ml-slider-3-107-0 metaslider metaslider-flex metaslider-408 ml-slider ms-theme-default nav-hidden\" role=\"region\" aria-label=\"Plataformas m\u00f3viles1\" data-height=\"225\" data-width=\"300\">\n    <div id=\"metaslider_container_408\">\n        <div id=\"metaslider_408\">\n            <ul class='slides'>\n                <li style=\"display: block; width: 100%;\" class=\"slide-540 ms-image\" aria-roledescription=\"slide\" data-date=\"2014-10-11 16:42:06\" data-filename=\"170AETJL_BI_NRJ_045.jpg\" data-slide-type=\"image\"><img loading=\"lazy\" decoding=\"async\" src=\"https:\/\/szkolenia-udt.pl\/wp-content\/uploads\/2014\/10\/170AETJL_BI_NRJ_045.jpg\" height=\"225\" width=\"300\" alt=\"Cursos y formaci\u00f3n \" class=\"slider-408 slide-540 msDefaultImage\" \/><\/li>\n                <li style=\"display: none; width: 100%;\" class=\"slide-537 ms-image\" aria-roledescription=\"slide\" data-date=\"2014-10-11 16:38:05\" data-filename=\"3219.jpg\" data-slide-type=\"image\"><img loading=\"lazy\" decoding=\"async\" src=\"https:\/\/szkolenia-udt.pl\/wp-content\/uploads\/2014\/10\/3219.jpg\" height=\"225\" width=\"300\" alt=\"Curso de aterrizaje m\u00f3vil\" class=\"slider-408 slide-537 msDefaultImage\" \/><\/li>\n                <li style=\"display: none; width: 100%;\" class=\"slide-1172 ms-image\" aria-roledescription=\"slide\" data-date=\"2014-11-17 19:01:41\" data-filename=\"78XE_003a.jpg\" data-slide-type=\"image\"><img loading=\"lazy\" decoding=\"async\" src=\"https:\/\/szkolenia-udt.pl\/wp-content\/uploads\/2014\/11\/78XE_003a.jpg\" height=\"225\" width=\"300\" alt=\"entrenamiento varsovia\" class=\"slider-408 slide-1172 msDefaultImage\" \/><\/li>\n                <li style=\"display: none; width: 100%;\" class=\"slide-1173 ms-image\" aria-roledescription=\"slide\" data-date=\"2014-11-17 19:01:41\" data-filename=\"80VJR_Evo_002a.jpg\" data-slide-type=\"image\"><img loading=\"lazy\" decoding=\"async\" src=\"https:\/\/szkolenia-udt.pl\/wp-content\/uploads\/2014\/11\/80VJR_Evo_002a.jpg\" height=\"225\" width=\"300\" alt=\"\" class=\"slider-408 slide-1173 msDefaultImage\" \/><\/li>\n                <li style=\"display: none; width: 100%;\" class=\"slide-1187 ms-image\" aria-roledescription=\"slide\" data-date=\"2014-11-17 19:45:05\" data-filename=\"60V_005a.jpg\" data-slide-type=\"image\"><img loading=\"lazy\" decoding=\"async\" src=\"https:\/\/szkolenia-udt.pl\/wp-content\/uploads\/2014\/11\/60V_005a.jpg\" height=\"225\" width=\"300\" alt=\"ascensores\" class=\"slider-408 slide-1187 msDefaultImage\" \/><\/li>\n            <\/ul>\n        <\/div>\n        \n    <\/div>\n<\/div><\/div>\n<div class=\"wyjustuj\">\n<p>Te invitamos a <a href=\"https:\/\/szkolenia-udt.pl\/es\/kursy\/uprawnienia-udt-tdt-wdt\/podesty-ruchome\/\">curso para plataformas moviles<\/a> \u00a1al Centro de Formaci\u00f3n de Operadores! Nuestro Centro le ense\u00f1ar\u00e1 a manejar correctamente una plataforma m\u00f3vil y, gracias a nosotros, obtendr\u00e1 las licencias necesarias de la Oficina de Inspecci\u00f3n T\u00e9cnica para el puesto de operador. Hoy en d\u00eda, las plataformas a\u00e9reas de trabajo y los elevadores de tijera se utilizan habitualmente para realizar trabajos en altura, como trabajos de construcci\u00f3n, montaje, acabado o decoraci\u00f3n. Las plumas, o elevadores a\u00e9reos, suelen montarse en remolques de coches y utilizarse para trabajos al aire libre. Los modelos de tijera se utilizan principalmente en lugares de trabajo. Todos estos tipos de equipos est\u00e1n sujetos a supervisi\u00f3n t\u00e9cnica.<\/p>\n<h2 class=\"boldnagl\">Ense\u00f1amos el funcionamiento de los dispositivos en las siguientes categor\u00edas UDT:<\/h2>\n<ul>\n<li>elevadores de tijera, elevadores de cesta m\u00f3viles, plataformas m\u00f3viles montadas en veh\u00edculos<\/li>\n<li>plataformas suspendidas, fijas y con m\u00e1stil<\/li>\n<\/ul>\n<p>Para nosotros es importante que los participantes de nuestras clases no solo reciban los conocimientos necesarios para obtener permisos para la categor\u00eda de dispositivos que elijan, sino que tambi\u00e9n les sea \u00fatil en su trabajo diario como operador. En consecuencia, nuestros programas est\u00e1n escritos para contener informaci\u00f3n \u00fatil, as\u00ed como ejercicios para mostrarle c\u00f3mo ponerlos en pr\u00e1ctica. Nuestros instructores se aseguran de que el nivel de educaci\u00f3n sea del m\u00e1s alto nivel: empleamos a personas con muchos a\u00f1os de experiencia.<\/p>\n<h2 class=\"boldnagl\">Cada curso para plataformas m\u00f3viles de trabajo elevadas incluye la siguiente informaci\u00f3n:<\/h2>\n<ul>\n<li>plataforma m\u00f3vil - sus tipos y estructura<\/li>\n<li>deberes del operador en el puesto - antes, durante y despu\u00e9s del trabajo<\/li>\n<li>informaci\u00f3n sobre la supervisi\u00f3n t\u00e9cnica del dispositivo<\/li>\n<li>principios de seguridad y salud en el trabajo<\/li>\n<li>ejercicios practicos<\/li>\n<\/ul>\n<p>Al finalizar el curso, los participantes realizan un examen ante un tribunal de la Oficina de Inspecci\u00f3n T\u00e9cnica. La superaci\u00f3n del examen confiere los derechos de la UDT. Son v\u00e1lidos en Polonia y a nivel internacional. Es posible emitir documentos en otros idiomas.<\/p>\n<div class=\"filmw\">\n<div class=\"responsive-youtube\"><iframe loading=\"lazy\" title=\"Reproductor de v\u00eddeo de YouTube\" src=\"https:\/\/www.youtube.com\/embed\/OUKdY5V51M4\" width=\"560\" height=\"315\" frameborder=\"0\" allowfullscreen=\"allowfullscreen\"><\/iframe><\/div>\n<\/div>\n<h2 class=\"boldnagl\">Requisitos<\/h2>\n<p>Para inscribirse en un curso de plataforma m\u00f3vil, se deben cumplir los siguientes requisitos:<\/p>\n<ul>\n<li>18 a\u00f1os de edad o m\u00e1s<\/li>\n<li>al menos educaci\u00f3n primaria<\/li>\n<li>sin contraindicaciones para trabajar en el puesto<\/li>\n<\/ul>\n<h2 class=\"boldnagl\">Precio<\/h2>\n<p>Pagar\u00e1s menos por un curso en plataformas m\u00f3viles en nuestro Centro que en otros. Siempre nos aseguramos de que el precio sea asequible con nosotros y ofrecemos descuentos favorables en el caso de grupos m\u00e1s grandes. Tambi\u00e9n habilitamos las negociaciones. Para comprobar las tarifas, utilice <a href=\"https:\/\/szkolenia-udt.pl\/es\/oferta\/\">lista de precios<\/a> o <a href=\"https:\/\/szkolenia-udt.pl\/es\/kontakt\/\">contact\u00e1ndonos<\/a> a trav\u00e9s del formulario de consulta.<\/p>\n<h2 class=\"boldnagl\">\u00bfD\u00f3nde operamos?<\/h2>\n<div class=\"sliderpageright\"><div id=\"metaslider-id-419\" style=\"max-width: 300px;\" class=\"ml-slider-3-107-0 metaslider metaslider-flex metaslider-419 ml-slider ms-theme-default nav-hidden nav-hidden\" role=\"region\" aria-label=\"Plataformas m\u00f3viles2\" data-height=\"225\" data-width=\"300\">\n    <div id=\"metaslider_container_419\">\n        <div id=\"metaslider_419\">\n            <ul class='slides'>\n                <li style=\"display: block; width: 100%;\" class=\"slide-1191 ms-image\" aria-roledescription=\"slide\" data-date=\"2014-11-17 19:52:58\" data-filename=\"podesty4a.jpg\" data-slide-type=\"image\"><img loading=\"lazy\" decoding=\"async\" src=\"https:\/\/szkolenia-udt.pl\/wp-content\/uploads\/2014\/11\/podesty4a.jpg\" height=\"225\" width=\"300\" alt=\"plataformas m\u00f3viles\" class=\"slider-419 slide-1191 msDefaultImage\" \/><\/li>\n                <li style=\"display: none; width: 100%;\" class=\"slide-1192 ms-image\" aria-roledescription=\"slide\" data-date=\"2014-11-17 19:52:59\" data-filename=\"podesty5a.jpg\" data-slide-type=\"image\"><img loading=\"lazy\" decoding=\"async\" src=\"https:\/\/szkolenia-udt.pl\/wp-content\/uploads\/2014\/11\/podesty5a.jpg\" height=\"225\" width=\"300\" alt=\"formacion udt\" class=\"slider-419 slide-1192 msDefaultImage\" \/><\/li>\n                <li style=\"display: none; width: 100%;\" class=\"slide-1189 ms-image\" aria-roledescription=\"slide\" data-date=\"2014-11-17 19:52:57\" data-filename=\"podesty2a.jpg\" data-slide-type=\"image\"><img loading=\"lazy\" decoding=\"async\" src=\"https:\/\/szkolenia-udt.pl\/wp-content\/uploads\/2014\/11\/podesty2a.jpg\" height=\"225\" width=\"300\" alt=\"plataformas a\u00e9reas Varsovia\" class=\"slider-419 slide-1189 msDefaultImage\" \/><\/li>\n                <li style=\"display: none; width: 100%;\" class=\"slide-1190 ms-image\" aria-roledescription=\"slide\" data-date=\"2014-11-17 19:52:57\" data-filename=\"podesty3a.jpg\" data-slide-type=\"image\"><img loading=\"lazy\" decoding=\"async\" src=\"https:\/\/szkolenia-udt.pl\/wp-content\/uploads\/2014\/11\/podesty3a.jpg\" height=\"225\" width=\"300\" alt=\"entrenamiento varsovia\" class=\"slider-419 slide-1190 msDefaultImage\" \/><\/li>\n                <li style=\"display: none; width: 100%;\" class=\"slide-1188 ms-image\" aria-roledescription=\"slide\" data-date=\"2014-11-17 19:52:56\" data-filename=\"podesty1a.jpg\" data-slide-type=\"image\"><img loading=\"lazy\" decoding=\"async\" src=\"https:\/\/szkolenia-udt.pl\/wp-content\/uploads\/2014\/11\/podesty1a.jpg\" height=\"225\" width=\"300\" alt=\"\" class=\"slider-419 slide-1188 msDefaultImage\" \/><\/li>\n            <\/ul>\n        <\/div>\n        \n    <\/div>\n<\/div><\/div>\n<p>En <a href=\"https:\/\/szkolenia-udt.pl\/es\/kursy\/uprawnienia-udt-tdt-wdt\/podesty-ruchome-wiszace\/\">formaci\u00f3n para plataformas m\u00f3viles<\/a> Puedes apuntarte a plataformas m\u00f3viles en nuestras 4 sucursales repartidas por todo el pa\u00eds. Impartimos formaci\u00f3n para plataformas elevadoras de tijera y plataformas a\u00e9reas de trabajo en la ciudad de Varsovia, as\u00ed como en Cracovia, Katowice y Bielsko-Bia\u0142a. Tambi\u00e9n podemos desplazarnos a clientes en lugares designados de toda Polonia. P\u00f3ngase en contacto con nosotros para obtener m\u00e1s informaci\u00f3n sobre estos servicios.<\/p>\n<p>Si tiene alguna pregunta, siempre estamos disponibles, no dude en contactarnos. Nuestros empleados preparar\u00e1n respuestas completas y las entregar\u00e1n lo antes posible.<\/p>\n<p>\u00a1Te invitamos a familiarizarte con nuestra oferta!<\/p>\n<\/div>","protected":false},"excerpt":{"rendered":"<p>Kursy na podesty ruchome &#8211; Warszawa i ca\u0142a Polska Zapraszamy na kurs na podesty ruchome do O\u015brodka Szkolenia Operator\u00f3w! Nasz O\u015brodek nauczy ci\u0119, jak prawid\u0142owo obs\u0142ugiwa\u0107 podest ruchomy i dzi\u0119ki nam zdob\u0119dziesz potrzebne na stanowisku operatora uprawnienia Urz\u0119du Dozoru Technicznego. Obecnie podno\u015bnik koszowy oraz podno\u015bnik no\u017cycowy to urz\u0105dzenia powszechnie wykorzystywane w pracach na wysoko\u015bciach, w [&hellip;]<\/p>\n","protected":false},"author":3,"featured_media":540,"parent":22,"menu_order":0,"comment_status":"closed","ping_status":"closed","template":"","meta":{"footnotes":""},"class_list":["post-35","page","type-page","status-publish","has-post-thumbnail","hentry"],"aioseo_notices":[],"_links":{"self":[{"href":"https:\/\/szkolenia-udt.pl\/es\/wp-json\/wp\/v2\/pages\/35","targetHints":{"allow":["GET"]}}],"collection":[{"href":"https:\/\/szkolenia-udt.pl\/es\/wp-json\/wp\/v2\/pages"}],"about":[{"href":"https:\/\/szkolenia-udt.pl\/es\/wp-json\/wp\/v2\/types\/page"}],"author":[{"embeddable":true,"href":"https:\/\/szkolenia-udt.pl\/es\/wp-json\/wp\/v2\/users\/3"}],"replies":[{"embeddable":true,"href":"https:\/\/szkolenia-udt.pl\/es\/wp-json\/wp\/v2\/comments?post=35"}],"version-history":[{"count":27,"href":"https:\/\/szkolenia-udt.pl\/es\/wp-json\/wp\/v2\/pages\/35\/revisions"}],"predecessor-version":[{"id":3256,"href":"https:\/\/szkolenia-udt.pl\/es\/wp-json\/wp\/v2\/pages\/35\/revisions\/3256"}],"up":[{"embeddable":true,"href":"https:\/\/szkolenia-udt.pl\/es\/wp-json\/wp\/v2\/pages\/22"}],"wp:featuredmedia":[{"embeddable":true,"href":"https:\/\/szkolenia-udt.pl\/es\/wp-json\/wp\/v2\/media\/540"}],"wp:attachment":[{"href":"https:\/\/szkolenia-udt.pl\/es\/wp-json\/wp\/v2\/media?parent=35"}],"curies":[{"name":"wp","href":"https:\/\/api.w.org\/{rel}","templated":true}]}}