{"id":361,"date":"2014-10-09T17:19:21","date_gmt":"2014-10-09T17:19:21","guid":{"rendered":"http:\/\/szkolenia-udt.pl\/?page_id=361"},"modified":"2023-12-11T00:59:20","modified_gmt":"2023-12-10T23:59:20","slug":"manipuladores-telescopicos","status":"publish","type":"page","link":"https:\/\/szkolenia-udt.pl\/es\/kursy\/uprawnienia-udt-tdt-wdt\/ladowarki-teleskopowe\/","title":{"rendered":"Cargadores telesc\u00f3picos"},"content":{"rendered":"<h2>Cursos para cargadores telesc\u00f3picos - Varsovia y toda Polonia<\/h2>\n<div style=\"float: left; padding-right: 10px;\"><div id=\"metaslider-id-388\" style=\"max-width: 300px;\" class=\"ml-slider-3-107-0 metaslider metaslider-flex metaslider-388 ml-slider ms-theme-default nav-hidden\" role=\"region\" aria-label=\"Manipulador telesc\u00f3pico\" data-height=\"225\" data-width=\"300\">\n    <div id=\"metaslider_container_388\">\n        <div id=\"metaslider_388\">\n            <ul class='slides'>\n                <li style=\"display: block; width: 100%;\" class=\"slide-702 ms-image\" aria-roledescription=\"slide\" data-date=\"2014-10-12 11:29:19\" data-filename=\"O\u015brodek-szkolenia-operator\u00f3w1.jpg\" data-slide-type=\"image\"><img loading=\"lazy\" decoding=\"async\" src=\"https:\/\/szkolenia-udt.pl\/wp-content\/uploads\/2014\/10\/O\u015brodek-szkolenia-operator\u00f3w1.jpg\" height=\"225\" width=\"300\" alt=\"cargadores-cursos\" class=\"slider-388 slide-702 msDefaultImage\" \/><\/li>\n                <li style=\"display: none; width: 100%;\" class=\"slide-699 ms-image\" aria-roledescription=\"slide\" data-date=\"2014-10-12 11:29:17\" data-filename=\"Kurs-\u0142adowarka-teleskopowa.jpg\" data-slide-type=\"image\"><img loading=\"lazy\" decoding=\"async\" src=\"https:\/\/szkolenia-udt.pl\/wp-content\/uploads\/2014\/10\/Kurs-\u0142adowarka-teleskopowa.jpg\" height=\"225\" width=\"300\" alt=\"\" class=\"slider-388 slide-699 msDefaultImage\" \/><\/li>\n                <li style=\"display: none; width: 100%;\" class=\"slide-701 ms-image\" aria-roledescription=\"slide\" data-date=\"2014-10-12 11:29:19\" data-filename=\"OSO-Warszawa3.jpg\" data-slide-type=\"image\"><img loading=\"lazy\" decoding=\"async\" src=\"https:\/\/szkolenia-udt.pl\/wp-content\/uploads\/2014\/10\/OSO-Warszawa3.jpg\" height=\"225\" width=\"300\" alt=\"\" class=\"slider-388 slide-701 msDefaultImage\" \/><\/li>\n                <li style=\"display: none; width: 100%;\" class=\"slide-700 ms-image\" aria-roledescription=\"slide\" data-date=\"2014-10-12 11:29:18\" data-filename=\"Kursy-oraz-szkolenia-uprawnienia-udt.jpg\" data-slide-type=\"image\"><img loading=\"lazy\" decoding=\"async\" src=\"https:\/\/szkolenia-udt.pl\/wp-content\/uploads\/2014\/10\/Kursy-oraz-szkolenia-uprawnienia-udt.jpg\" height=\"225\" width=\"300\" alt=\"formacion udt\" class=\"slider-388 slide-700 msDefaultImage\" \/><\/li>\n                <li style=\"display: none; width: 100%;\" class=\"slide-1207 ms-image\" aria-roledescription=\"slide\" data-date=\"2014-11-17 21:42:14\" data-filename=\"\u0142adowarka-teles3a.jpg\" data-slide-type=\"image\"><img loading=\"lazy\" decoding=\"async\" src=\"https:\/\/szkolenia-udt.pl\/wp-content\/uploads\/2014\/11\/\u0142adowarka-teles3a.jpg\" height=\"225\" width=\"300\" alt=\"\" class=\"slider-388 slide-1207 msDefaultImage\" \/><\/li>\n            <\/ul>\n        <\/div>\n        \n    <\/div>\n<\/div><\/div>\n<div class=\"wyjustuj\">Curso de cargadoras telesc\u00f3picas que se lleva a cabo en <a href=\"https:\/\/szkolenia-udt.pl\/es\/o-firmie\/\">Centro de Formaci\u00f3n de Operadores<\/a> es una oferta dirigida a cualquier persona que desee obtener la titulaci\u00f3n necesaria para trabajar como operador de este tipo de equipos. Como empresa de formaci\u00f3n con experiencia, \u00a1te garantizamos que nuestro curso de cargadores ser\u00e1 una buena inversi\u00f3n!<\/div>\n<h2 class=\"wyjustuj boldnagl\"><strong>El uso de equipos<\/strong><\/h2>\n<div class=\"wyjustuj\">\n<p>La cargadora de alcance variable: la carretilla elevadora telesc\u00f3pica es una carretilla elevadora especializada destinada principalmente al trabajo de transporte en obras de construcci\u00f3n y en la agricultura. Gracias a su dise\u00f1o y potencia, es capaz de transportar objetos de mayor tama\u00f1o que las carretillas elevadoras est\u00e1ndar. Se utiliza, entre otros, en la manipulaci\u00f3n de objetos como estructuras de acero, elementos de hormig\u00f3n, \u00e1ridos, madera, paja y otros. Los fabricantes m\u00e1s populares de este tipo de equipos son: Manitou, JCB, Merlo, New Holland, Dieci y Case. Para operar el dispositivo, el operador debe tener un certificado que confirme su competencia.<\/p>\n<h2 class=\"boldnagl\"><strong>Prop\u00f3sito de la capacitaci\u00f3n<\/strong><\/h2>\n<p>Los cursos de manipuladores telesc\u00f3picos est\u00e1n dise\u00f1ados para proporcionar al participante un conocimiento integral. Gracias a las clases, se obtienen conocimientos te\u00f3ricos y habilidades pr\u00e1cticas en el campo de los dispositivos operativos en la categor\u00eda I WJO - carro especializado, incluidos los cargadores con alcance variable, es decir, los telesc\u00f3picos.<\/p>\n<p>Gracias a nosotros, puede obtener calificaciones a un precio favorable y, sin duda, capacitaci\u00f3n por parte de empleados competentes. La calidad de la educaci\u00f3n ha sido nuestra prioridad durante muchos a\u00f1os, lo que tambi\u00e9n se refleja en el nivel de satisfacci\u00f3n de nuestros clientes.<\/p>\n<h2 class=\"boldnagl\"><strong>Programa<\/strong><\/h2>\n<p>Los cursos sobre cargadores telesc\u00f3picos que se llevan a cabo en nuestro Centro est\u00e1n dise\u00f1ados para brindar a los participantes un conocimiento integral sobre el funcionamiento del dispositivo. Nuestro objetivo no es solo ense\u00f1ar para aprobar el examen, sino tambi\u00e9n brindar consejos \u00fatiles para el trabajo diario para que sea seguro y eficiente. Por ello, cada formaci\u00f3n que organizamos est\u00e1 dirigida por una persona con altas competencias y experiencia en el campo de la educaci\u00f3n y dentro de su profesi\u00f3n. Los programas se desarrollan en base a los lineamientos de la UDT y las \u00faltimas normativas legales.<\/p>\n<h3 class=\"boldnagl\"><strong>Los cursos para cargadores telesc\u00f3picos - con alcance variable se basan en la siguiente informaci\u00f3n:<\/strong><\/h3>\n<ul>\n<li>Tipos de dispositivos y su construcci\u00f3n.<\/li>\n<li>Supervisi\u00f3n t\u00e9cnica<\/li>\n<li>las actividades del operador de la m\u00e1quina antes, durante y despu\u00e9s de la tarea<\/li>\n<li>fundamentos de la ciencia de la carga<\/li>\n<li>equipo adicional del dispositivo<\/li>\n<li>construcci\u00f3n y operaci\u00f3n de cilindros de gas<\/li>\n<li>Salud y seguridad en el lugar de trabajo<\/li>\n<\/ul>\n<p>La formaci\u00f3n tambi\u00e9n incluye ejercicios pr\u00e1cticos en dispositivos. En el caso de clases cerradas, es posible agregar temas relacionados con la especificidad del puesto de trabajo ocupado por los empleados.<\/p>\n<div style=\"float: left; padding-right: 10px;\"><div id=\"metaslider-id-388\" style=\"max-width: 300px;\" class=\"ml-slider-3-107-0 metaslider metaslider-flex metaslider-388 ml-slider ms-theme-default nav-hidden nav-hidden\" role=\"region\" aria-label=\"Manipulador telesc\u00f3pico\" data-height=\"225\" data-width=\"300\">\n    <div id=\"metaslider_container_388\">\n        <div id=\"metaslider_388\">\n            <ul class='slides'>\n                <li style=\"display: block; width: 100%;\" class=\"slide-702 ms-image\" aria-roledescription=\"slide\" data-date=\"2014-10-12 11:29:19\" data-filename=\"O\u015brodek-szkolenia-operator\u00f3w1.jpg\" data-slide-type=\"image\"><img loading=\"lazy\" decoding=\"async\" src=\"https:\/\/szkolenia-udt.pl\/wp-content\/uploads\/2014\/10\/O\u015brodek-szkolenia-operator\u00f3w1.jpg\" height=\"225\" width=\"300\" alt=\"cargadores-cursos\" class=\"slider-388 slide-702 msDefaultImage\" \/><\/li>\n                <li style=\"display: none; width: 100%;\" class=\"slide-699 ms-image\" aria-roledescription=\"slide\" data-date=\"2014-10-12 11:29:17\" data-filename=\"Kurs-\u0142adowarka-teleskopowa.jpg\" data-slide-type=\"image\"><img loading=\"lazy\" decoding=\"async\" src=\"https:\/\/szkolenia-udt.pl\/wp-content\/uploads\/2014\/10\/Kurs-\u0142adowarka-teleskopowa.jpg\" height=\"225\" width=\"300\" alt=\"\" class=\"slider-388 slide-699 msDefaultImage\" \/><\/li>\n                <li style=\"display: none; width: 100%;\" class=\"slide-701 ms-image\" aria-roledescription=\"slide\" data-date=\"2014-10-12 11:29:19\" data-filename=\"OSO-Warszawa3.jpg\" data-slide-type=\"image\"><img loading=\"lazy\" decoding=\"async\" src=\"https:\/\/szkolenia-udt.pl\/wp-content\/uploads\/2014\/10\/OSO-Warszawa3.jpg\" height=\"225\" width=\"300\" alt=\"\" class=\"slider-388 slide-701 msDefaultImage\" \/><\/li>\n                <li style=\"display: none; width: 100%;\" class=\"slide-700 ms-image\" aria-roledescription=\"slide\" data-date=\"2014-10-12 11:29:18\" data-filename=\"Kursy-oraz-szkolenia-uprawnienia-udt.jpg\" data-slide-type=\"image\"><img loading=\"lazy\" decoding=\"async\" src=\"https:\/\/szkolenia-udt.pl\/wp-content\/uploads\/2014\/10\/Kursy-oraz-szkolenia-uprawnienia-udt.jpg\" height=\"225\" width=\"300\" alt=\"formacion udt\" class=\"slider-388 slide-700 msDefaultImage\" \/><\/li>\n                <li style=\"display: none; width: 100%;\" class=\"slide-1207 ms-image\" aria-roledescription=\"slide\" data-date=\"2014-11-17 21:42:14\" data-filename=\"\u0142adowarka-teles3a.jpg\" data-slide-type=\"image\"><img loading=\"lazy\" decoding=\"async\" src=\"https:\/\/szkolenia-udt.pl\/wp-content\/uploads\/2014\/11\/\u0142adowarka-teles3a.jpg\" height=\"225\" width=\"300\" alt=\"\" class=\"slider-388 slide-1207 msDefaultImage\" \/><\/li>\n            <\/ul>\n        <\/div>\n        \n    <\/div>\n<\/div><\/div>\n<h3 class=\"boldnagl\"><strong>Derechos<\/strong><\/h3>\n<p>Para obtener una cualificaci\u00f3n, el aprendiz debe asistir inicialmente a un curso sobre manipuladores telesc\u00f3picos y despu\u00e9s realizar un examen ante un tribunal de la Oficina de Inspecci\u00f3n T\u00e9cnica. Tras aprobar, recibe el certificado correspondiente y est\u00e1 autorizado a trabajar como maquinista. Tienen una validez de 5 a\u00f1os en Polonia y en los pa\u00edses de la Uni\u00f3n Europea. Es posible emitir documentos en otros idiomas.<\/p>\n<h3 class=\"boldnagl\"><strong>Condiciones de admisi\u00f3n<\/strong><\/h3>\n<p>Los cursos de cargador est\u00e1n disponibles para personas que:<\/p>\n<ul>\n<li>tienen al menos 18 a\u00f1os<\/li>\n<li>tener al menos educaci\u00f3n primaria<\/li>\n<li>no tener contraindicaciones para la profesi\u00f3n de operador de equipo<\/li>\n<\/ul>\n<p>El curso para cargadores se organiza en forma abierta y cerrada. El horario de las pr\u00f3ximas clases abiertas, disponible para cualquier interesado, lo pueden encontrar en nuestro horario. En el caso de clases cerradas, las organizamos en un horario conveniente para el cliente, tambi\u00e9n en las instalaciones del cliente.<\/p>\n<p><a href=\"https:\/\/szkolenia-udt.pl\/es\/oferta\/\">Precio de la formaci\u00f3n<\/a> se determina individualmente en funci\u00f3n del n\u00famero de participantes. Nuestra lista de precios enumera la cantidad m\u00e1s alta y m\u00e1s baja posible para usar el servicio. Puede tomar hasta 15 personas en clases.<\/p>\n<p>Las clases se imparten en nuestras sucursales en las siguientes ciudades: Varsovia, Cracovia, Katowice y Bielsko-Bia\u0142a. Tambi\u00e9n podemos organizarlos en cualquier punto de Polonia indicado por el cliente.<\/p>\n<p>Siempre estamos disponibles si tiene alguna pregunta. Te animamos a que <a href=\"https:\/\/szkolenia-udt.pl\/es\/kontakt\/\">Cont\u00e1ctenos<\/a> por correo electr\u00f3nico, por tel\u00e9fono o personalmente en una de nuestras sucursales. Nuestros empleados preparar\u00e1n una oferta individual especialmente para usted y responder\u00e1n a todas sus preguntas.<\/p>\n<\/div>","protected":false},"excerpt":{"rendered":"<p>Kursy na \u0142adowarki teleskopowe &#8211; Warszawa i ca\u0142a Polska Kurs na \u0142adowark\u0119 teleskopow\u0105 odbywaj\u0105cy si\u0119 w O\u015brodku Szkolenia Operator\u00f3w to oferta skierowana do ka\u017cdego, kto chcia\u0142by uzyska\u0107 niezb\u0119dne uprawnienia do pracy na stanowisku operatora urz\u0105dze\u0144 tego typu. Jako firma szkoleniowa z do\u015bwiadczeniem gwarantujemy, \u017ce nasz kurs na \u0142adowark\u0119 b\u0119dzie dobr\u0105 inwestycj\u0105! Zastosowanie sprz\u0119tu \u0141adowarka ze [&hellip;]<\/p>\n","protected":false},"author":3,"featured_media":702,"parent":2266,"menu_order":0,"comment_status":"closed","ping_status":"closed","template":"","meta":{"footnotes":""},"class_list":["post-361","page","type-page","status-publish","has-post-thumbnail","hentry"],"aioseo_notices":[],"_links":{"self":[{"href":"https:\/\/szkolenia-udt.pl\/es\/wp-json\/wp\/v2\/pages\/361","targetHints":{"allow":["GET"]}}],"collection":[{"href":"https:\/\/szkolenia-udt.pl\/es\/wp-json\/wp\/v2\/pages"}],"about":[{"href":"https:\/\/szkolenia-udt.pl\/es\/wp-json\/wp\/v2\/types\/page"}],"author":[{"embeddable":true,"href":"https:\/\/szkolenia-udt.pl\/es\/wp-json\/wp\/v2\/users\/3"}],"replies":[{"embeddable":true,"href":"https:\/\/szkolenia-udt.pl\/es\/wp-json\/wp\/v2\/comments?post=361"}],"version-history":[{"count":18,"href":"https:\/\/szkolenia-udt.pl\/es\/wp-json\/wp\/v2\/pages\/361\/revisions"}],"predecessor-version":[{"id":3257,"href":"https:\/\/szkolenia-udt.pl\/es\/wp-json\/wp\/v2\/pages\/361\/revisions\/3257"}],"up":[{"embeddable":true,"href":"https:\/\/szkolenia-udt.pl\/es\/wp-json\/wp\/v2\/pages\/2266"}],"wp:featuredmedia":[{"embeddable":true,"href":"https:\/\/szkolenia-udt.pl\/es\/wp-json\/wp\/v2\/media\/702"}],"wp:attachment":[{"href":"https:\/\/szkolenia-udt.pl\/es\/wp-json\/wp\/v2\/media?parent=361"}],"curies":[{"name":"wp","href":"https:\/\/api.w.org\/{rel}","templated":true}]}}