{"id":366,"date":"2014-10-09T17:25:31","date_gmt":"2014-10-09T17:25:31","guid":{"rendered":"http:\/\/szkolenia-udt.pl\/?page_id=366"},"modified":"2022-09-01T22:20:46","modified_gmt":"2022-09-01T20:20:46","slug":"manipuladores-telescopicos-de-alcance-variable","status":"publish","type":"page","link":"https:\/\/szkolenia-udt.pl\/es\/dzwignice\/ladowarki-teleskopowe-ze-zmiennym-wysiegiem\/","title":{"rendered":"Cargadores telesc\u00f3picos"},"content":{"rendered":"<div style=\"float: left; padding-right: 10px;\"><div id=\"metaslider-id-388\" style=\"max-width: 300px;\" class=\"ml-slider-3-107-0 metaslider metaslider-flex metaslider-388 ml-slider ms-theme-default nav-hidden\" role=\"region\" aria-label=\"Manipulador telesc\u00f3pico\" data-height=\"225\" data-width=\"300\">\n    <div id=\"metaslider_container_388\">\n        <div id=\"metaslider_388\">\n            <ul class='slides'>\n                <li style=\"display: block; width: 100%;\" class=\"slide-702 ms-image\" aria-roledescription=\"slide\" data-date=\"2014-10-12 11:29:19\" data-filename=\"O\u015brodek-szkolenia-operator\u00f3w1.jpg\" data-slide-type=\"image\"><img loading=\"lazy\" decoding=\"async\" src=\"https:\/\/szkolenia-udt.pl\/wp-content\/uploads\/2014\/10\/O\u015brodek-szkolenia-operator\u00f3w1.jpg\" height=\"225\" width=\"300\" alt=\"cargadores-cursos\" class=\"slider-388 slide-702 msDefaultImage\" \/><\/li>\n                <li style=\"display: none; width: 100%;\" class=\"slide-699 ms-image\" aria-roledescription=\"slide\" data-date=\"2014-10-12 11:29:17\" data-filename=\"Kurs-\u0142adowarka-teleskopowa.jpg\" data-slide-type=\"image\"><img loading=\"lazy\" decoding=\"async\" src=\"https:\/\/szkolenia-udt.pl\/wp-content\/uploads\/2014\/10\/Kurs-\u0142adowarka-teleskopowa.jpg\" height=\"225\" width=\"300\" alt=\"\" class=\"slider-388 slide-699 msDefaultImage\" \/><\/li>\n                <li style=\"display: none; width: 100%;\" class=\"slide-701 ms-image\" aria-roledescription=\"slide\" data-date=\"2014-10-12 11:29:19\" data-filename=\"OSO-Warszawa3.jpg\" data-slide-type=\"image\"><img loading=\"lazy\" decoding=\"async\" src=\"https:\/\/szkolenia-udt.pl\/wp-content\/uploads\/2014\/10\/OSO-Warszawa3.jpg\" height=\"225\" width=\"300\" alt=\"\" class=\"slider-388 slide-701 msDefaultImage\" \/><\/li>\n                <li style=\"display: none; width: 100%;\" class=\"slide-700 ms-image\" aria-roledescription=\"slide\" data-date=\"2014-10-12 11:29:18\" data-filename=\"Kursy-oraz-szkolenia-uprawnienia-udt.jpg\" data-slide-type=\"image\"><img loading=\"lazy\" decoding=\"async\" src=\"https:\/\/szkolenia-udt.pl\/wp-content\/uploads\/2014\/10\/Kursy-oraz-szkolenia-uprawnienia-udt.jpg\" height=\"225\" width=\"300\" alt=\"formacion udt\" class=\"slider-388 slide-700 msDefaultImage\" \/><\/li>\n                <li style=\"display: none; width: 100%;\" class=\"slide-1207 ms-image\" aria-roledescription=\"slide\" data-date=\"2014-11-17 21:42:14\" data-filename=\"\u0142adowarka-teles3a.jpg\" data-slide-type=\"image\"><img loading=\"lazy\" decoding=\"async\" src=\"https:\/\/szkolenia-udt.pl\/wp-content\/uploads\/2014\/11\/\u0142adowarka-teles3a.jpg\" height=\"225\" width=\"300\" alt=\"\" class=\"slider-388 slide-1207 msDefaultImage\" \/><\/li>\n            <\/ul>\n        <\/div>\n        \n    <\/div>\n<\/div><\/div>\n<div class=\"wyjustuj\">Los cargadores son dispositivos com\u00fanmente utilizados en el trabajo de transporte. Cargadores telesc\u00f3picos - con alcance variable, pertenecen a esta categor\u00eda y son ampliamente utilizados en las industrias de la construcci\u00f3n y la agricultura. Los equipos modernos permiten un trabajo seguro y mucho m\u00e1s r\u00e1pido. Para operarlos, necesita un curso de cargador telesc\u00f3pico y las calificaciones apropiadas de la Oficina de Inspecci\u00f3n T\u00e9cnica.<\/div>\n<h2 class=\"wyjustuj\"><strong>Informaci\u00f3n b\u00e1sica<\/strong><\/h2>\n<p class=\"wyjustuj\">Cargadora telesc\u00f3pica: una cargadora con alcance variable es una carretilla elevadora especializada. Los fabricantes populares de este tipo de equipo incluyen: Dieci, Manitou, Merlo, New Holland, Case, JCB. Los modelos se ofrecen en varias variantes y con accesorios adicionales, gracias a los cuales tienen una amplia gama de aplicaciones y se usan com\u00fanmente en los lugares de trabajo. Los dispositivos de este tipo se distinguen por una estructura diferente de las carretillas elevadoras est\u00e1ndar. Est\u00e1n equipados con equipos especiales que le permiten mover objetos y materiales m\u00e1s grandes y pesados. Tienen motores m\u00e1s potentes, su cabina tambi\u00e9n est\u00e1 asegurada para proteger al operador de accidentes, tambi\u00e9n est\u00e1n equipados con una transmisi\u00f3n y neum\u00e1ticos especiales, por lo que pueden moverse en la mayor\u00eda de las superficies, incluidas las dif\u00edciles. Por su especial dise\u00f1o y potencia, estos dispositivos se utilizan en obras donde no se utilizan carros ordinarios y se requiere un carro especializado.<\/p>\n<h3 class=\"boldnagl\"><strong>Solicitud<\/strong><\/h3>\n<p>Los cargadores son ampliamente utilizados en el campo de la construcci\u00f3n y la agricultura. Se acompa\u00f1an de varios tipos de accesorios que te permiten realizar multitud de tareas. Se utilizan, entre otros, en movimientos de tierra y transporte de tierra y \u00e1ridos de diversos tipos, en el transporte de estructuras de acero, elementos de hormig\u00f3n, tambi\u00e9n esti\u00e9rcol, paja, madera. Adem\u00e1s, los dispositivos se utilizan en la industria de almacenes para cargar y descargar paletas, bolsas grandes y cajas de paletas. Al agregar canastas humanas a los carros, se pueden usar como elevadores.<\/p>\n<h3 class=\"boldnagl\"><strong>tipos de dispositivos<\/strong><\/h3>\n<p><strong>Existen dos tipos de dispositivos dependiendo de su dise\u00f1o:<\/strong><\/p>\n<ul>\n<li>r\u00edgido, frontal: tienen una cabina del operador colocada r\u00edgidamente en el marco del dispositivo. Los brazos se gu\u00edan desde el lado derecho del veh\u00edculo. Los dispositivos pueden equiparse con soportes laterales. Su capacidad de elevaci\u00f3n promedio es de 1,5 a 20 toneladas, mientras que su alcance es de hasta 20 metros.<\/li>\n<li>giratorio: tienen un cabezal giratorio que le permite cambiar la posici\u00f3n de la cabina del operador y le permite cambiar la posici\u00f3n de la pluma en 360 grados en la plataforma de la m\u00e1quina. Su capacidad de elevaci\u00f3n promedio es de 3 a 5 toneladas, mientras que su alcance es de hasta 30 metros.<\/li>\n<\/ul>\n<h3 class=\"boldnagl\"><strong>Aprendiendo a operar<\/strong><\/h3>\n<p>Para operar el dispositivo, se necesita un curso para cargadores telesc\u00f3picos. Para trabajar con los dispositivos descritos, debe obtener calificaciones en la categor\u00eda I WJO para camiones especializados. No pueden ser utilizadas por personas cualificadas para otros tipos de sillas de ruedas. El requisito b\u00e1sico es la participaci\u00f3n en la formaci\u00f3n en un centro certificado. Para comenzar a aprender, debe ser adulto, tener al menos educaci\u00f3n b\u00e1sica y no tener contraindicaciones m\u00e9dicas para trabajar como operador.<\/p>\n<div style=\"float: left; padding-right: 10px;\"><div id=\"metaslider-id-704\" style=\"max-width: 300px;\" class=\"ml-slider-3-107-0 metaslider metaslider-flex metaslider-704 ml-slider ms-theme-default nav-hidden nav-hidden\" role=\"region\" aria-label=\"cargadora telesc\u00f3pica2\" data-height=\"225\" data-width=\"300\">\n    <div id=\"metaslider_container_704\">\n        <div id=\"metaslider_704\">\n            <ul class='slides'>\n                <li style=\"display: block; width: 100%;\" class=\"slide-713 ms-image\" aria-roledescription=\"slide\" data-date=\"2014-10-12 11:48:49\" data-filename=\"foto-\u0142adowarka.jpg\" data-slide-type=\"image\"><img loading=\"lazy\" decoding=\"async\" src=\"https:\/\/szkolenia-udt.pl\/wp-content\/uploads\/2014\/10\/foto-\u0142adowarka.jpg\" height=\"225\" width=\"300\" alt=\"Cursos de cargadoras telesc\u00f3picas\" class=\"slider-704 slide-713 msDefaultImage\" \/><\/li>\n                <li style=\"display: none; width: 100%;\" class=\"slide-715 ms-image\" aria-roledescription=\"slide\" data-date=\"2014-10-12 11:48:51\" data-filename=\"kursy-\u0142adowarki2.jpg\" data-slide-type=\"image\"><img loading=\"lazy\" decoding=\"async\" src=\"https:\/\/szkolenia-udt.pl\/wp-content\/uploads\/2014\/10\/kursy-\u0142adowarki2.jpg\" height=\"225\" width=\"300\" alt=\"Centro de formaci\u00f3n de operadores en Varsovia\" class=\"slider-704 slide-715 msDefaultImage\" \/><\/li>\n                <li style=\"display: none; width: 100%;\" class=\"slide-717 ms-image\" aria-roledescription=\"slide\" data-date=\"2014-10-12 11:48:53\" data-filename=\"OSO-Warszawa4.jpg\" data-slide-type=\"image\"><img loading=\"lazy\" decoding=\"async\" src=\"https:\/\/szkolenia-udt.pl\/wp-content\/uploads\/2014\/10\/OSO-Warszawa4.jpg\" height=\"225\" width=\"300\" alt=\"\" class=\"slider-704 slide-717 msDefaultImage\" \/><\/li>\n                <li style=\"display: none; width: 100%;\" class=\"slide-718 ms-image\" aria-roledescription=\"slide\" data-date=\"2014-10-12 11:48:53\" data-filename=\"zdj\u0119cie-\u0142adowarka-teleskopowa.jpg\" data-slide-type=\"image\"><img loading=\"lazy\" decoding=\"async\" src=\"https:\/\/szkolenia-udt.pl\/wp-content\/uploads\/2014\/10\/zdj\u0119cie-\u0142adowarka-teleskopowa.jpg\" height=\"225\" width=\"300\" alt=\"Cursos y formaci\u00f3n de cargadores telesc\u00f3picos\" class=\"slider-704 slide-718 msDefaultImage\" \/><\/li>\n                <li style=\"display: none; width: 100%;\" class=\"slide-714 ms-image\" aria-roledescription=\"slide\" data-date=\"2014-10-12 11:48:50\" data-filename=\"kursy-\u0142adowarki.jpg\" data-slide-type=\"image\"><img loading=\"lazy\" decoding=\"async\" src=\"https:\/\/szkolenia-udt.pl\/wp-content\/uploads\/2014\/10\/kursy-\u0142adowarki.jpg\" height=\"225\" width=\"300\" alt=\"\" class=\"slider-704 slide-714 msDefaultImage\" \/><\/li>\n            <\/ul>\n        <\/div>\n        \n    <\/div>\n<\/div><\/div>\n<p>La formaci\u00f3n proporciona a los participantes informaci\u00f3n te\u00f3rica sobre el funcionamiento del equipo, las normas de seguridad e higiene y otros conocimientos necesarios para trabajar con seguridad. La formaci\u00f3n tambi\u00e9n incluye ejercicios pr\u00e1cticos. Al final del curso, el participante realiza un examen ante una comisi\u00f3n de la Oficina de Inspecci\u00f3n T\u00e9cnica. Si el participante aprueba el examen, recibir\u00e1 un certificado y una licencia, con una validez de cinco a\u00f1os.<\/p>\n<p>En nuestro <a href=\"https:\/\/szkolenia-udt.pl\/es\/o-firmie\/\">Centro de Formaci\u00f3n de Operadores<\/a> ofrecemos formaci\u00f3n profesional para operadores de cargadores de alcance variable - telesc\u00f3picos. Las clases se organizan en cuatro lugares de Polonia: Varsovia, Cracovia, Katowice, Bielsko-Bia\u0142a y en toda Polonia con acceso al cliente. <a href=\"https:\/\/szkolenia-udt.pl\/es\/oferta\/\">Lista de precios<\/a> Depende del n\u00famero de participantes.<\/p>\n<p><a href=\"https:\/\/szkolenia-udt.pl\/es\/kontakt\/\">Le invitamos cordialmente<\/a> en <a href=\"https:\/\/szkolenia-udt.pl\/es\/kursy\/uprawnienia-udt-tdt-wdt\/ladowarki-teleskopowe\/\">cursos para cargadoras telescopicas<\/a> a nuestro Centro de Capacitaci\u00f3n de Operadores!<\/p>","protected":false},"excerpt":{"rendered":"<p>\u0141adowarki s\u0105 powszechnie wykorzystywanymi w pracach transportowych urz\u0105dzeniami. \u0141adowarki teleskopowe \u2013 ze zmiennym wysi\u0119giem nale\u017c\u0105 do tej kategorii i znajduj\u0105 szerokie zastosowanie w pracach w bran\u017cy budowniczej oraz rolniczej. Nowoczesne sprz\u0119ty pozwalaj\u0105 na bezpieczne i znacznie szybsze wykonywanie prac. Do ich obs\u0142ugi potrzebny jest kurs na \u0142adowark\u0119 teleskopow\u0105 i odpowiednie uprawnienia nadawane przez UDT. Podstawowe [&hellip;]<\/p>\n","protected":false},"author":3,"featured_media":0,"parent":69,"menu_order":0,"comment_status":"closed","ping_status":"closed","template":"","meta":{"footnotes":""},"class_list":["post-366","page","type-page","status-publish","hentry"],"aioseo_notices":[],"_links":{"self":[{"href":"https:\/\/szkolenia-udt.pl\/es\/wp-json\/wp\/v2\/pages\/366","targetHints":{"allow":["GET"]}}],"collection":[{"href":"https:\/\/szkolenia-udt.pl\/es\/wp-json\/wp\/v2\/pages"}],"about":[{"href":"https:\/\/szkolenia-udt.pl\/es\/wp-json\/wp\/v2\/types\/page"}],"author":[{"embeddable":true,"href":"https:\/\/szkolenia-udt.pl\/es\/wp-json\/wp\/v2\/users\/3"}],"replies":[{"embeddable":true,"href":"https:\/\/szkolenia-udt.pl\/es\/wp-json\/wp\/v2\/comments?post=366"}],"version-history":[{"count":13,"href":"https:\/\/szkolenia-udt.pl\/es\/wp-json\/wp\/v2\/pages\/366\/revisions"}],"predecessor-version":[{"id":3258,"href":"https:\/\/szkolenia-udt.pl\/es\/wp-json\/wp\/v2\/pages\/366\/revisions\/3258"}],"up":[{"embeddable":true,"href":"https:\/\/szkolenia-udt.pl\/es\/wp-json\/wp\/v2\/pages\/69"}],"wp:attachment":[{"href":"https:\/\/szkolenia-udt.pl\/es\/wp-json\/wp\/v2\/media?parent=366"}],"curies":[{"name":"wp","href":"https:\/\/api.w.org\/{rel}","templated":true}]}}