{"id":37,"date":"2014-10-07T16:20:56","date_gmt":"2014-10-07T16:20:56","guid":{"rendered":"http:\/\/szkolenia-udt.pl\/?page_id=37"},"modified":"2016-07-05T20:02:46","modified_gmt":"2016-07-05T20:02:46","slug":"derechos-de-udt","status":"publish","type":"page","link":"https:\/\/szkolenia-udt.pl\/es\/uprawnienia-udt\/","title":{"rendered":"titulaciones UDT"},"content":{"rendered":"<h3>Con nosotros obtendr\u00e1s t\u00edtulos UDT - Varsovia y toda Polonia<\/h3>\n<div class=\"wyjustuj\">La Oficina de Inspecci\u00f3n T\u00e9cnica (UDT) es una instituci\u00f3n estatal con sede en Varsovia, cuyo objetivo es controlar la seguridad de las instalaciones y dispositivos t\u00e9cnicos sujetos a inspecci\u00f3n t\u00e9cnica. Es una unidad que realiza actividades de formaci\u00f3n y certificaci\u00f3n, contando con sus propias instalaciones de investigaci\u00f3n y especializaci\u00f3n.<strong>El \u00e1mbito de actuaci\u00f3n de la Oficina de Inspecci\u00f3n T\u00e9cnica:<\/strong><\/p>\n<ul>\n<li>supervisi\u00f3n y control en relaci\u00f3n con el cumplimiento de las normas de inspecci\u00f3n t\u00e9cnica y dem\u00e1s normas aplicables<\/li>\n<li>llevar a cabo la supervisi\u00f3n t\u00e9cnica de los dispositivos enumerados en los reglamentos<\/li>\n<li>dictar resoluciones en materia de inspecci\u00f3n t\u00e9cnica<\/li>\n<li>mantenimiento de registros de dispositivos t\u00e9cnicos<\/li>\n<li>an\u00e1lisis de las causas y efectos de los da\u00f1os a los dispositivos y su evaluaci\u00f3n de riesgos<\/li>\n<li>motivador para mejorar las calificaciones de los usuarios y fabricantes como parte del trabajo con dispositivos<\/li>\n<li>preparar y acordar programas para cursos UDT<\/li>\n<li>verificaci\u00f3n de las calificaciones de los empleados, emisi\u00f3n de licencias UDT<\/li>\n<\/ul>\n<p>Todas las personas que deseen trabajar, entre otros, en dispositivos tales como puentes gr\u00faa, gr\u00faas, HDS, carretillas elevadoras, extendedoras de v\u00eda, ascensores y telef\u00e9ricos, dispositivos para el manejo y llenado de contenedores o plataformas m\u00f3viles, est\u00e1n autorizadas por la Oficina de Inspecci\u00f3n T\u00e9cnica. Una persona que se desempe\u00f1e como operador de los dispositivos antes mencionados, pero sin calificaciones de la UTD, expone al empleador a sanciones.<\/p>\n<div style=\"float: left; padding-right: 10px;\"><div id=\"metaslider-id-625\" style=\"max-width: 300px;\" class=\"ml-slider-3-107-0 metaslider metaslider-flex metaslider-625 ml-slider ms-theme-default nav-hidden\" role=\"region\" aria-label=\"Derechos\" data-height=\"225\" data-width=\"300\">\n    <div id=\"metaslider_container_625\">\n        <div id=\"metaslider_625\">\n            <ul class='slides'>\n                <li style=\"display: block; width: 100%;\" class=\"slide-540 ms-image\" aria-roledescription=\"slide\" data-date=\"2014-10-11 16:42:06\" data-filename=\"170AETJL_BI_NRJ_045.jpg\" data-slide-type=\"image\"><img loading=\"lazy\" decoding=\"async\" src=\"https:\/\/szkolenia-udt.pl\/wp-content\/uploads\/2014\/10\/170AETJL_BI_NRJ_045.jpg\" height=\"225\" width=\"300\" alt=\"Cursos y formaci\u00f3n \" class=\"slider-625 slide-540 msDefaultImage\" \/><\/li>\n                <li style=\"display: none; width: 100%;\" class=\"slide-1109 ms-image\" aria-roledescription=\"slide\" data-date=\"2014-11-12 13:56:05\" data-filename=\"bizness3a.jpg\" data-slide-type=\"image\"><img loading=\"lazy\" decoding=\"async\" src=\"https:\/\/szkolenia-udt.pl\/wp-content\/uploads\/2014\/11\/bizness3a.jpg\" height=\"225\" width=\"300\" alt=\"capacitaci\u00f3n\" class=\"slider-625 slide-1109 msDefaultImage\" \/><\/li>\n                <li style=\"display: none; width: 100%;\" class=\"slide-1105 ms-image\" aria-roledescription=\"slide\" data-date=\"2014-11-12 13:56:03\" data-filename=\"biznes4a.jpg\" data-slide-type=\"image\"><img loading=\"lazy\" decoding=\"async\" src=\"https:\/\/szkolenia-udt.pl\/wp-content\/uploads\/2014\/11\/biznes4a.jpg\" height=\"225\" width=\"300\" alt=\"\" class=\"slider-625 slide-1105 msDefaultImage\" \/><\/li>\n                <li style=\"display: none; width: 100%;\" class=\"slide-1104 ms-image\" aria-roledescription=\"slide\" data-date=\"2014-11-12 13:56:02\" data-filename=\"biznes1a.jpg\" data-slide-type=\"image\"><img loading=\"lazy\" decoding=\"async\" src=\"https:\/\/szkolenia-udt.pl\/wp-content\/uploads\/2014\/11\/biznes1a.jpg\" height=\"225\" width=\"300\" alt=\"\" class=\"slider-625 slide-1104 msDefaultImage\" \/><\/li>\n                <li style=\"display: none; width: 100%;\" class=\"slide-1112 ms-image\" aria-roledescription=\"slide\" data-date=\"2014-11-12 14:10:23\" data-filename=\"engeneer2.jpg\" data-slide-type=\"image\"><img loading=\"lazy\" decoding=\"async\" src=\"https:\/\/szkolenia-udt.pl\/wp-content\/uploads\/2014\/11\/engeneer2.jpg\" height=\"225\" width=\"300\" alt=\"\" class=\"slider-625 slide-1112 msDefaultImage\" \/><\/li>\n            <\/ul>\n        <\/div>\n        \n    <\/div>\n<\/div><\/div>\n<p>Para obtener una licencia UDT es necesario participar en clases de formaci\u00f3n. Los cursos de UDT se imparten en toda Polonia en centros de formaci\u00f3n profesional. En <a href=\"https:\/\/szkolenia-udt.pl\/es\/kursy\/uprawnienia-udt-tdt-wdt\/szkolenia-z-zakresu-udt\/\">Curso de UDT<\/a> deben ser organizadas por un establecimiento certificado que coopere con la Autoridad. El establecimiento impartir\u00e1 clases de acuerdo con los requisitos de la Autoridad en forma de teor\u00eda y ejercicios pr\u00e1cticos. <a href=\"https:\/\/szkolenia-udt.pl\/es\/kursy\/szkolenie-audytorskie-udt\/\">formaci\u00f3n UDT<\/a> prepara a los estudiantes para un examen, que tiene lugar frente a una comisi\u00f3n compuesta por miembros de la Oficina. Los ex\u00e1menes suelen ser escritos, test u orales. Las condiciones para aprobar el examen dependen del tipo de cualificaci\u00f3n que solicite el participante. Se puede obtener m\u00e1s informaci\u00f3n sobre esto en las instituciones de formaci\u00f3n o en la oficina.<\/p>\n<p><strong>Base legal:<\/strong><\/p>\n<ul>\n<li>Ley de 21 de diciembre de 2000 sobre inspecci\u00f3n t\u00e9cnica (Revista de Leyes No. 122, \u00edtem 1321, modificada)<\/li>\n<li>Reglamento del Ministro de Econom\u00eda sobre el procedimiento de verificaci\u00f3n de las calificaciones requeridas para la operaci\u00f3n y mantenimiento de dispositivos t\u00e9cnicos del 18 de julio de 2001 (Bolet\u00edn de Leyes No. 79, art\u00edculo 849), reglamento modificado del 20 de febrero de 2003 (Bolet\u00edn de Leyes No. 50, inciso 426), dictada con fundamento en el art. 23 seg. 5 de la ley de inspecci\u00f3n t\u00e9cnica.<\/li>\n<\/ul>\n<p>Cualquier persona interesada en obtener la licencia UDT <a href=\"https:\/\/szkolenia-udt.pl\/es\/kontakt\/\">te invitamos cordialmente<\/a> a nuestro Centro de Formaci\u00f3n de Operarios. Colaboramos con la Autoridad impartiendo formaci\u00f3n de aprendizaje para operadores de equipos. Gracias a nosotros, puedes obtener cualificaciones para plataformas de trabajo a\u00e9reas, elevadores de tijera y gr\u00faas, entre otras cosas, <a href=\"https:\/\/szkolenia-udt.pl\/es\/kursy\/wozki-widlowe\/\">licencia de montacargas<\/a>, gr\u00faas. Realizamos clases en ciudades como Varsovia, Cracovia, Katowice y Bielsko-Bia\u0142a, donde se encuentran nuestros centros, pero tambi\u00e9n podemos realizarlas directamente en las instalaciones del cliente. Ofrecemos cursos cerrados (para grupos organizados) y cursos abiertos (para cualquier persona interesada). \u00a1Garantizamos precios bajos!<\/p>\n<p>\u00a1Los invitamos cordialmente a la capacitaci\u00f3n UDT en nuestro Centro!<\/p>\n<\/div>","protected":false},"excerpt":{"rendered":"<p>Z nami zdob\u0119dziesz Uprawnienia UDT &#8211; Warszawa i ca\u0142a Polska Urz\u0105d Dozoru Technicznego (UDT) to pa\u0144stwowa instytucja z siedzib\u0105 w Warszawie, kt\u00f3rej celem jest kontrola bezpiecze\u0144stwa instalacji i urz\u0105dze\u0144 technicznych podlegaj\u0105cych dozorowi technicznemu. Jest jednostk\u0105 prowadz\u0105c\u0105 dzia\u0142alno\u015b\u0107 szkoleniow\u0105, certyfikacyjn\u0105, posiadaj\u0105c\u0105 w\u0142asne zaplecze badawczo-ekspertyzowe.Zakres dzia\u0142ania Urz\u0119du Dozoru Technicznego: prowadzenie nadzoru i kontroli w zwi\u0105zku z przestrzeganiem [&hellip;]<\/p>\n","protected":false},"author":3,"featured_media":0,"parent":0,"menu_order":3,"comment_status":"closed","ping_status":"closed","template":"","meta":{"footnotes":""},"class_list":["post-37","page","type-page","status-publish","hentry"],"aioseo_notices":[],"_links":{"self":[{"href":"https:\/\/szkolenia-udt.pl\/es\/wp-json\/wp\/v2\/pages\/37","targetHints":{"allow":["GET"]}}],"collection":[{"href":"https:\/\/szkolenia-udt.pl\/es\/wp-json\/wp\/v2\/pages"}],"about":[{"href":"https:\/\/szkolenia-udt.pl\/es\/wp-json\/wp\/v2\/types\/page"}],"author":[{"embeddable":true,"href":"https:\/\/szkolenia-udt.pl\/es\/wp-json\/wp\/v2\/users\/3"}],"replies":[{"embeddable":true,"href":"https:\/\/szkolenia-udt.pl\/es\/wp-json\/wp\/v2\/comments?post=37"}],"version-history":[{"count":9,"href":"https:\/\/szkolenia-udt.pl\/es\/wp-json\/wp\/v2\/pages\/37\/revisions"}],"predecessor-version":[{"id":1667,"href":"https:\/\/szkolenia-udt.pl\/es\/wp-json\/wp\/v2\/pages\/37\/revisions\/1667"}],"wp:attachment":[{"href":"https:\/\/szkolenia-udt.pl\/es\/wp-json\/wp\/v2\/media?parent=37"}],"curies":[{"name":"wp","href":"https:\/\/api.w.org\/{rel}","templated":true}]}}