{"id":3750,"date":"2023-03-06T19:18:34","date_gmt":"2023-03-06T18:18:34","guid":{"rendered":"https:\/\/szkolenia-udt.pl\/?page_id=3750"},"modified":"2023-03-08T01:25:37","modified_gmt":"2023-03-08T00:25:37","slug":"operador-de-carretillas-elevadoras","status":"publish","type":"page","link":"https:\/\/szkolenia-udt.pl\/es\/kursy\/uprawnienia-udt-tdt-wdt\/operator-wozkow-widlowych\/","title":{"rendered":"Obtenga su carn\u00e9 UDT y convi\u00e9rtase en operador de carretillas elevadoras"},"content":{"rendered":"<div class=\"wp-block-image\">\n<figure class=\"alignright size-large is-resized\"><a href=\"https:\/\/szkolenia-udt.pl\/wp-content\/uploads\/2023\/02\/s2-11.jpg\"><img loading=\"lazy\" decoding=\"async\" src=\"https:\/\/szkolenia-udt.pl\/wp-content\/uploads\/2023\/02\/s2-11-1024x527.jpg\" alt=\"Operator w\u00f3zka wid\u0142owego\" class=\"wp-image-3753\" width=\"512\" height=\"264\" srcset=\"https:\/\/szkolenia-udt.pl\/wp-content\/uploads\/2023\/02\/s2-11-1024x527.jpg 1024w, https:\/\/szkolenia-udt.pl\/wp-content\/uploads\/2023\/02\/s2-11-300x154.jpg 300w, https:\/\/szkolenia-udt.pl\/wp-content\/uploads\/2023\/02\/s2-11-768x395.jpg 768w, https:\/\/szkolenia-udt.pl\/wp-content\/uploads\/2023\/02\/s2-11-1536x790.jpg 1536w, https:\/\/szkolenia-udt.pl\/wp-content\/uploads\/2023\/02\/s2-11-18x9.jpg 18w, https:\/\/szkolenia-udt.pl\/wp-content\/uploads\/2023\/02\/s2-11.jpg 1600w\" sizes=\"auto, (max-width: 512px) 100vw, 512px\" \/><\/a><\/figure>\n<\/div>\n\n\n<h2 class=\"wp-block-heading\">Zosta\u0144 kursantem OSO<\/h2>\n\n\n\n<p>O\u015brodek Szkolenia Operator\u00f3w to:&nbsp;<\/p>\n\n\n\n<ul class=\"wp-block-list\">\n<li>ponad 15 lat do\u015bwiadczenia,&nbsp;<\/li>\n\n\n\n<li>profesjonalna kadra szkoleniowc\u00f3w, a zarazem fachowc\u00f3w,&nbsp;<\/li>\n\n\n\n<li>indywidualne podej\u015bcie do kursant\u00f3w.&nbsp;<\/li>\n<\/ul>\n\n\n\n<h2 class=\"wp-block-heading\">Kurs na w\u00f3zki wid\u0142owe&nbsp;<\/h2>\n\n\n\n<p>Wed\u0142ug przepis\u00f3w prawnych, ka\u017cdy pracownik obs\u0142uguj\u0105cy w\u00f3zki wid\u0142owe ma obowi\u0105zek posiadania uprawnie\u0144 wydanych przez Urz\u0105d Dozoru Technicznego.&nbsp;&nbsp;<\/p>\n\n\n\n<h3 class=\"wp-block-heading\">Za\u015bwiadczenia kwalifikacyjne UDT, kt\u00f3re uzyskasz po naszym kursie, wa\u017cne s\u0105 przez:&nbsp;<\/h3>\n\n\n\n<ul class=\"wp-block-list\">\n<li>5 lat \u2013 dotyczy: w\u00f3zk\u00f3w jezdniowych podno\u015bnikowych z nap\u0119dem mechanicznym podnoszenia z wysi\u0119gnikiem oraz na w\u00f3zki jezdniowe podno\u015bnikowe z nap\u0119dem mechanicznym podnoszenia z podnoszonym pracownikiem obs\u0142uguj\u0105cym razem z \u0142adunkiem;&nbsp;<\/li>\n<\/ul>\n\n\n\n<ul class=\"wp-block-list\">\n<li>10 lat \u2013 dotyczy: w\u00f3zk\u00f3w jezdniowych podno\u015bnikowych z nap\u0119dem mechanicznym podnoszenia opr\u00f3cz w\u00f3zk\u00f3w z wysi\u0119gnikiem i w\u00f3zk\u00f3w z podnoszeniem \u0142adunk\u00f3w i os\u00f3b.&nbsp;<\/li>\n<\/ul>\n\n\n<div class=\"wp-block-image\">\n<figure class=\"alignright size-large is-resized\"><a href=\"https:\/\/szkolenia-udt.pl\/wp-content\/uploads\/2023\/02\/screen_2x-19.jpg\"><img loading=\"lazy\" decoding=\"async\" src=\"https:\/\/szkolenia-udt.pl\/wp-content\/uploads\/2023\/02\/screen_2x-19-683x1024.jpg\" alt=\"W\u00f3zek wid\u0142owy elektryczny w magazynie\" class=\"wp-image-3754\" width=\"342\" height=\"512\" srcset=\"https:\/\/szkolenia-udt.pl\/wp-content\/uploads\/2023\/02\/screen_2x-19-683x1024.jpg 683w, https:\/\/szkolenia-udt.pl\/wp-content\/uploads\/2023\/02\/screen_2x-19-200x300.jpg 200w, https:\/\/szkolenia-udt.pl\/wp-content\/uploads\/2023\/02\/screen_2x-19-768x1152.jpg 768w, https:\/\/szkolenia-udt.pl\/wp-content\/uploads\/2023\/02\/screen_2x-19-1024x1536.jpg 1024w, https:\/\/szkolenia-udt.pl\/wp-content\/uploads\/2023\/02\/screen_2x-19-8x12.jpg 8w, https:\/\/szkolenia-udt.pl\/wp-content\/uploads\/2023\/02\/screen_2x-19.jpg 1067w\" sizes=\"auto, (max-width: 342px) 100vw, 342px\" \/><\/a><\/figure>\n<\/div>\n\n\n<h2 class=\"wp-block-heading\">Program szkolenia obejmuje:&nbsp;<\/h2>\n\n\n\n<ul class=\"wp-block-list\">\n<li>przepisy prawne,&nbsp;<\/li>\n\n\n\n<li>\u015brodki ochrony osobistej,&nbsp;<\/li>\n\n\n\n<li>rodzaje i budow\u0119 w\u00f3zk\u00f3w wid\u0142owych,&nbsp;<\/li>\n\n\n\n<li>rodzaje nap\u0119d\u00f3w \u2013 elektryczne, spalinowe, gazowe,&nbsp;<\/li>\n\n\n\n<li>specyfik\u0119 mechanizm\u00f3w zabezpieczaj\u0105cych,&nbsp;<\/li>\n\n\n\n<li>obowi\u0105zki przed, w trakcie i po pracy,&nbsp;<\/li>\n\n\n\n<li>ud\u017awig w\u00f3zk\u00f3w wid\u0142owych,&nbsp;<\/li>\n\n\n\n<li>wymian\u0119 butli LPG,&nbsp;<\/li>\n\n\n\n<li>definicje: stateczno\u015bci i momentu wywrotowego,&nbsp;<\/li>\n\n\n\n<li>zasady prawid\u0142owego u\u017cytkowania w\u00f3zk\u00f3w.&nbsp;<\/li>\n<\/ul>\n\n\n\n<p>Po wyk\u0142adach odbywa si\u0119 cz\u0119\u015b\u0107 praktyczna kursu. Podczas zaj\u0119\u0107, kursant pod okiem instruktora:&nbsp;<\/p>\n\n\n\n<ul class=\"wp-block-list\">\n<li>uczy si\u0119 sterowania pojazdem i podnoszenia \u0142adunk\u00f3w,&nbsp;<\/li>\n\n\n\n<li>uczy si\u0119 jazdy po torze w\u00f3zkami wid\u0142owymi,&nbsp;&nbsp;<\/li>\n\n\n\n<li>wykonuje prace z zakresu obs\u0142ugi w\u00f3zk\u00f3w wid\u0142owych,&nbsp;&nbsp;<\/li>\n\n\n\n<li>wymienia butl\u0119 gazow\u0105,&nbsp;<\/li>\n\n\n\n<li>uczy si\u0119 wymiany cz\u0119\u015bci i p\u0142yn\u00f3w.&nbsp;<\/li>\n<\/ul>\n\n\n\n<p>Po kursie uczestnik przyst\u0119puje do egzaminu pa\u0144stwowego UDT. Sk\u0142ada si\u0119 on z testu i cz\u0119\u015bci praktycznej zdawanej pod nadzorem komisji UDT na placu manewrowym.&nbsp;<\/p>\n\n\n\n<p>Zdanie egzaminu UDT jest r\u00f3wnoznaczne z uzyskaniem za\u015bwiadczenia o kwalifikacjach do wykonywania prac z zakresu obs\u0142ugi w\u00f3zk\u00f3w wid\u0142owych.&nbsp;<\/p>\n\n\n\n<h2 class=\"wp-block-heading\">Cele szkolenia&nbsp;<\/h2>\n\n\n\n<p>Celem kursu jest przeszkolenie przysz\u0142ych operator\u00f3w w\u00f3zk\u00f3w wid\u0142owych zgodnie z normami prawnymi w celu zdobycia uprawnie\u0144 UDT.&nbsp;<\/p>\n\n\n<div class=\"wp-block-image\">\n<figure class=\"alignright size-large is-resized\"><a href=\"https:\/\/szkolenia-udt.pl\/wp-content\/uploads\/2023\/02\/s2-10.jpg\"><img loading=\"lazy\" decoding=\"async\" src=\"https:\/\/szkolenia-udt.pl\/wp-content\/uploads\/2023\/02\/s2-10-1024x684.jpg\" alt=\"Panel steruj\u0105cy w\u00f3zka wid\u0142owego\" class=\"wp-image-3755\" width=\"421\" height=\"281\" srcset=\"https:\/\/szkolenia-udt.pl\/wp-content\/uploads\/2023\/02\/s2-10-1024x684.jpg 1024w, https:\/\/szkolenia-udt.pl\/wp-content\/uploads\/2023\/02\/s2-10-300x200.jpg 300w, https:\/\/szkolenia-udt.pl\/wp-content\/uploads\/2023\/02\/s2-10-768x513.jpg 768w, https:\/\/szkolenia-udt.pl\/wp-content\/uploads\/2023\/02\/s2-10-1536x1025.jpg 1536w, https:\/\/szkolenia-udt.pl\/wp-content\/uploads\/2023\/02\/s2-10-18x12.jpg 18w, https:\/\/szkolenia-udt.pl\/wp-content\/uploads\/2023\/02\/s2-10.jpg 1600w\" sizes=\"auto, (max-width: 421px) 100vw, 421px\" \/><\/a><\/figure>\n<\/div>\n\n\n<p>Celem szkolenia jest tak\u017ce podniesienie kwalifikacji zawodowych pracownik\u00f3w bran\u017cy magazynowej, budowlanej, przemys\u0142owej, spo\u017cywczej czy logistycznej.&nbsp;&nbsp;<\/p>\n\n\n\n<h2 class=\"wp-block-heading\">Warunki przyj\u0119cia na kurs:&nbsp;<\/h2>\n\n\n\n<ul class=\"wp-block-list\">\n<li>pe\u0142noletno\u015b\u0107;&nbsp;<\/li>\n\n\n\n<li>wykszta\u0142cenie co najmniej podstawowe;&nbsp;<\/li>\n\n\n\n<li>za\u015bwiadczenie lekarskie o braku przeciwwskaza\u0144 zdrowotnych;&nbsp;<\/li>\n\n\n\n<li>dow\u00f3d osobisty.&nbsp;<\/li>\n<\/ul>\n\n\n\n<h2 class=\"wp-block-heading\">Przygotowujemy najlepszych fachowc\u00f3w<\/h2>\n\n\n\n<p>Kursy przygotowuj\u0105 do pracy na urz\u0105dzeniach najpopularniejszych producent\u00f3w, np.:&nbsp;<\/p>\n\n\n\n<div class=\"wp-block-columns is-layout-flex wp-container-core-columns-is-layout-9d6595d7 wp-block-columns-is-layout-flex\">\n<div class=\"wp-block-column is-layout-flow wp-block-column-is-layout-flow\">\n<ul class=\"wp-block-list\">\n<li>Toyota,&nbsp;&nbsp;<\/li>\n\n\n\n<li>Hyundai,&nbsp;<\/li>\n\n\n\n<li>BT,&nbsp;&nbsp;<\/li>\n\n\n\n<li>Still,&nbsp;<\/li>\n\n\n\n<li>OMG,<\/li>\n\n\n\n<li>Manitou,<\/li>\n<\/ul>\n<\/div>\n\n\n\n<div class=\"wp-block-column is-layout-flow wp-block-column-is-layout-flow\">\n<ul class=\"wp-block-list\">\n<li>Linde,&nbsp;&nbsp;<\/li>\n\n\n\n<li>Komatsu,&nbsp;&nbsp;<\/li>\n\n\n\n<li>Mitsubishi,&nbsp;&nbsp;<\/li>\n\n\n\n<li>Hyster,&nbsp;<\/li>\n\n\n\n<li>Yale,&nbsp;<\/li>\n\n\n\n<li>HC,<\/li>\n<\/ul>\n<\/div>\n\n\n\n<div class=\"wp-block-column is-layout-flow wp-block-column-is-layout-flow\">\n<ul class=\"wp-block-list\">\n<li>OMV,&nbsp;&nbsp;<\/li>\n\n\n\n<li>Clark,&nbsp;&nbsp;<\/li>\n\n\n\n<li>Jungheinrich,&nbsp;&nbsp;<\/li>\n\n\n\n<li>Nissan,&nbsp;<\/li>\n\n\n\n<li>Taski,<\/li>\n\n\n\n<li>Hako,<\/li>\n\n\n\n<li>Bauman.<\/li>\n<\/ul>\n<\/div>\n<\/div>\n\n\n<div class=\"wp-block-image\">\n<figure class=\"alignleft size-large is-resized\"><a href=\"https:\/\/szkolenia-udt.pl\/wp-content\/uploads\/2023\/02\/s2-9.jpg\"><img loading=\"lazy\" decoding=\"async\" src=\"https:\/\/szkolenia-udt.pl\/wp-content\/uploads\/2023\/02\/s2-9-1024x683.jpg\" alt=\"Butla LPG w w\u00f3zku wid\u0142owym\" class=\"wp-image-3757\" width=\"383\" height=\"256\" srcset=\"https:\/\/szkolenia-udt.pl\/wp-content\/uploads\/2023\/02\/s2-9-1024x683.jpg 1024w, https:\/\/szkolenia-udt.pl\/wp-content\/uploads\/2023\/02\/s2-9-300x200.jpg 300w, https:\/\/szkolenia-udt.pl\/wp-content\/uploads\/2023\/02\/s2-9-768x512.jpg 768w, https:\/\/szkolenia-udt.pl\/wp-content\/uploads\/2023\/02\/s2-9-1536x1024.jpg 1536w, https:\/\/szkolenia-udt.pl\/wp-content\/uploads\/2023\/02\/s2-9-18x12.jpg 18w, https:\/\/szkolenia-udt.pl\/wp-content\/uploads\/2023\/02\/s2-9.jpg 1600w\" sizes=\"auto, (max-width: 383px) 100vw, 383px\" \/><\/a><\/figure>\n<\/div>\n\n\n<h2 class=\"wp-block-heading\">Dowiedz si\u0119 wi\u0119cej<\/h2>\n\n\n\n<p>W\u00f3zki wid\u0142owe to w\u00f3zki jezdniowe podno\u015bnikowe. Umo\u017cliwiaj\u0105 przew\u00f3z ci\u0119\u017ckich \u0142adunk\u00f3w. Stosowane s\u0105 m.in. w bran\u017cy budowlanej, przemys\u0142owej czy spo\u017cywczej.&nbsp;<\/p>\n\n\n\n<p>Dzielimy je ze wzgl\u0119du na rodzaj nap\u0119du na:&nbsp;<\/p>\n\n\n\n<ul class=\"wp-block-list\">\n<li>spalinowe,&nbsp;<\/li>\n\n\n\n<li>elektryczne,&nbsp;<\/li>\n\n\n\n<li>gazowe.&nbsp;<\/li>\n<\/ul>\n\n\n\n<h2 class=\"wp-block-heading\">Podzia\u0142 w\u00f3zk\u00f3w wid\u0142owych ze wzgl\u0119du na przeznaczenie:&nbsp;<\/h2>\n\n\n\n<figure class=\"wp-block-table\"><table><tbody><tr><td><strong>Rodzaj:<\/strong>&nbsp;<\/td><td><strong>Specyfika:<\/strong>&nbsp;<\/td><\/tr><tr><td>W\u00f3zek wid\u0142owy czo\u0142owy&nbsp;<\/td><td>waga towaru = waga w\u00f3zka;&nbsp;<br>\u0142adunek podnoszony jest przy pomocy osprz\u0119tu (wide\u0142);&nbsp;<br>mo\u017cna tu wymieni\u0107 tylko w\u00f3zki wid\u0142owe terenowe idealne do pracy w trudnych warunkach;&nbsp;<\/td><\/tr><tr><td>W\u00f3zek wid\u0142owy podno\u015bnikowy&nbsp;<\/td><td>zwane te\u017c teleskopowymi ze wzgl\u0119du na wysoki zasi\u0119g uniesienia \u0142adunku;&nbsp;<br>du\u017cy zasi\u0119g boczny;&nbsp;<br>wysoki poziom no\u015bno\u015bci;&nbsp;<\/td><\/tr><tr><td>W\u00f3zek wid\u0142owy boczny&nbsp;<\/td><td>s\u0142u\u017c\u0105 do transportu i unoszenia \u0142adunk\u00f3w o nieregularnych wymiarach, np. pod\u0142u\u017cnych;&nbsp;<br>zwrotne;&nbsp;<br>wysoki zasi\u0119g w g\u00f3r\u0119;&nbsp;<\/td><\/tr><tr><td>W\u00f3zek wid\u0142owy systemowy&nbsp;<\/td><td>parametry urz\u0105dzenia umo\u017cliwiaj\u0105 uniwersalne wykorzystanie;&nbsp;<br>wysi\u0119g na kilkana\u015bcie metr\u00f3w;&nbsp;<\/td><\/tr><tr><td>W\u00f3zek wid\u0142owy skr\u0119tny&nbsp;<\/td><td>bardzo zwrotne;&nbsp;<br>cz\u0119sto wykorzystywane na halach produkcyjnych oraz w magazynach;&nbsp;<\/td><\/tr><tr><td>W\u00f3zek wid\u0142owy platformowy&nbsp;<\/td><td>wykorzystywane do transportu \u0142adunk\u00f3w;&nbsp;<br>wyr\u00f3\u017cnia si\u0119 w\u00f3zki z wewn\u0119trznym masztem;&nbsp;<\/td><\/tr><tr><td>W\u00f3zek wid\u0142owy specjalizowany&nbsp;<\/td><td>s\u0142u\u017cy do podnoszenia operatora wraz z za\u0142adunkiem;&nbsp;<br>stosowane s\u0105 w halach wysokiego sk\u0142adowania;&nbsp;<br>charakteryzuj\u0105 si\u0119 ogromn\u0105 precyzj\u0105 i kontrol\u0105.&nbsp;<\/td><\/tr><\/tbody><\/table><\/figure>\n\n\n\n<p>W\u00f3zki wid\u0142owe mo\u017cna tak\u017ce podzieli\u0107 ze wzgl\u0119du na ich wymiary, no\u015bno\u015b\u0107 czy wysoko\u015b\u0107 masztu.&nbsp;&nbsp;<\/p>\n\n\n<div class=\"wp-block-image\">\n<figure class=\"alignright size-large is-resized\"><a href=\"https:\/\/szkolenia-udt.pl\/wp-content\/uploads\/2023\/02\/screen_2x-20.jpg\"><img loading=\"lazy\" decoding=\"async\" src=\"https:\/\/szkolenia-udt.pl\/wp-content\/uploads\/2023\/02\/screen_2x-20-1024x683.jpg\" alt=\"Budowa w\u00f3zka wid\u0142owego - schemat\" class=\"wp-image-3756\" width=\"512\" height=\"342\" srcset=\"https:\/\/szkolenia-udt.pl\/wp-content\/uploads\/2023\/02\/screen_2x-20-1024x683.jpg 1024w, https:\/\/szkolenia-udt.pl\/wp-content\/uploads\/2023\/02\/screen_2x-20-300x200.jpg 300w, https:\/\/szkolenia-udt.pl\/wp-content\/uploads\/2023\/02\/screen_2x-20-768x512.jpg 768w, https:\/\/szkolenia-udt.pl\/wp-content\/uploads\/2023\/02\/screen_2x-20-1536x1024.jpg 1536w, https:\/\/szkolenia-udt.pl\/wp-content\/uploads\/2023\/02\/screen_2x-20-18x12.jpg 18w, https:\/\/szkolenia-udt.pl\/wp-content\/uploads\/2023\/02\/screen_2x-20.jpg 1600w\" sizes=\"auto, (max-width: 512px) 100vw, 512px\" \/><\/a><\/figure>\n<\/div>\n\n\n<h2 class=\"wp-block-heading\">Nasza oferta zawiera:&nbsp;<\/h2>\n\n\n\n<ul class=\"wp-block-list\">\n<li>szkolenia na uprawnienia UDT na operator\u00f3w i konserwator\u00f3w maszyn (\u017curawi, podest\u00f3w ruchomych, w\u00f3zk\u00f3w wid\u0142owych, \u0142adowarek teleskopowych i innych);&nbsp;<\/li>\n\n\n\n<li>szkolenia na monter\u00f3w po\u0142\u0105cze\u0144 ko\u0142nierzowych i monta\u017cyst\u00f3w rusztowa\u0144;&nbsp;<\/li>\n\n\n\n<li><a href=\"https:\/\/szkolenia-udt.pl\/es\/kursy\/prace-wysokosciowe\/\">kursy wysoko\u015bciowe<\/a> (na alpinist\u00f3w przemys\u0142owych);&nbsp;<\/li>\n\n\n\n<li>kursy <a href=\"https:\/\/szkolenia-udt.pl\/es\/kursy\/sep-g1-g2-g3\/g1\/\">G1<\/a>, <a href=\"https:\/\/szkolenia-udt.pl\/es\/kursy\/sep-g1-g2-g3\/g2\/\">G2<\/a>, <a href=\"https:\/\/szkolenia-udt.pl\/es\/kursy\/sep-g1-g2-g3\/g3\/\">G3<\/a> (m.in. na palacza piec\u00f3w);&nbsp;<\/li>\n\n\n\n<li>szkolenia BHP i PPO\u017b dla pracodawc\u00f3w i pracownik\u00f3w;&nbsp;<\/li>\n\n\n\n<li>serwis, naprawa, modernizacja maszyn;&nbsp;<\/li>\n\n\n\n<li>doradztwo i audyty.&nbsp;<\/li>\n<\/ul>\n\n\n\n<h2 class=\"wp-block-heading\"><strong>Z<\/strong>apisz si\u0119 na kurs i zosta\u0144 operatorem w\u00f3zk\u00f3w wid\u0142owych<\/h2>\n\n\n\n<p>Znajdziesz nas w naszej siedzibie w Warszawie oraz w wi\u0119kszych miastach na terenie Polski, gdzie oferujemy szkolenia otwarte.<\/p>\n\n\n\n<p>Firmom i grupom zorganizowanym proponujemy dojazd do klienta! Przeprowadzimy szkolenie zamkni\u0119te w wyznaczonym przez Pa\u0144stwa miejscu i um\u00f3wionym wcze\u015bniej terminie.&nbsp;<\/p>\n\n\n\n<h2 class=\"wp-block-heading\">Pytania i odpowiedzi:<\/h2>\n\n\n\t\t<details\t\thelp class=\"sc_fs_faq sc_card    \"\n\t\topen\t\t>\n\t\t\t\t\t<summary>\n\t\t\t\t<h3>1. Jakich marek w\u00f3zki wid\u0142owe mo\u017cna obs\u0142ugiwa\u0107 po kursie? <\/h3>\t\t\t\t\t<\/summary>\n\t\t\t\t<div>\n\t\t\t\t\t\t<div class=\"sc_fs_faq__content\">\n\t\t\t\t\n\n<p>Dzi\u0119ki naszym szkoleniom b\u0119dziesz m\u00f3g\u0142 korzysta\u0107 z w\u00f3zk\u00f3w producent\u00f3w takich jak: Jungheinrich, BT, Still, Linde, Nissan, Mitsubishi, Hyster, Yale, OMV, Clark, Bauman, Taski, Hako, HC, OMG, Manitou, Hyundai, Toyota, Komatsu.<\/p>\n\n\t\t\t<\/div>\n\t\t<\/div>\n\t\t<\/details>\n\t\t\t\t<details\t\thelp class=\"sc_fs_faq sc_card    \"\n\t\t\t\t>\n\t\t\t\t\t<summary>\n\t\t\t\t<h3>2. Jak d\u0142ugo wa\u017cne s\u0105 uprawnienia UDT na w\u00f3zki wid\u0142owe? <\/h3>\t\t\t\t\t<\/summary>\n\t\t\t\t<div>\n\t\t\t\t\t\t<div class=\"sc_fs_faq__content\">\n\t\t\t\t\n\n<p>Zdobyte kwalifikacje wa\u017cne s\u0105 przez 5 lub 10 lat w zale\u017cno\u015bci od rodzaju w\u00f3zk\u00f3w jezdniowych podno\u015bnikowych, na jakie uprawnienia zosta\u0142y przyznane.&nbsp;&nbsp;<\/p>\n\n\t\t\t<\/div>\n\t\t<\/div>\n\t\t<\/details>\n\t\t\t\t<details\t\thelp class=\"sc_fs_faq sc_card    \"\n\t\t\t\t>\n\t\t\t\t\t<summary>\n\t\t\t\t<h3>3. Czy oferujecie materia\u0142y szkoleniowe do nauki? <\/h3>\t\t\t\t\t<\/summary>\n\t\t\t\t<div>\n\t\t\t\t\t\t<div class=\"sc_fs_faq__content\">\n\t\t\t\t\n\n<p>Tak, ka\u017cdy nasz kurs posiada pakiet materia\u0142\u00f3w szkoleniowych. Kursant po zapisaniu si\u0119 na szkolenie otrzymuje dost\u0119p do platformy online. Znajduj\u0105 si\u0119 tam m.in. pr\u00f3bne testy i filmy instrukta\u017cowe.&nbsp;Dodatkowo, \u0107wiczenia praktyczne prowadzone przez naszych instruktor\u00f3w prowadzone s\u0105 na specjalistycznych urz\u0105dzeniach.<\/p>\n\n\t\t\t<\/div>\n\t\t<\/div>\n\t\t<\/details>\n\t\t\n<script type=\"application\/ld+json\">\n\t{\n\t\t\"@context\": \"https:\/\/schema.org\",\n\t\t\"@type\": \"FAQPage\",\n\t\t\"mainEntity\": [\n\t\t\t\t\t{\n\t\t\t\t\"@type\": \"Question\",\n\t\t\t\t\"name\": \"1. Jakich marek w\u00f3zki wid\u0142owe mo\u017cna obs\u0142ugiwa\u0107 po kursie? \",\n\t\t\t\t\"acceptedAnswer\": {\n\t\t\t\t\t\"@type\": \"Answer\",\n\t\t\t\t\t\"text\": \"<p>Dzi\u0119ki naszym szkoleniom b\u0119dziesz m\u00f3g\u0142 korzysta\u0107 z w\u00f3zk\u00f3w producent\u00f3w takich jak: Jungheinrich, BT, Still, Linde, Nissan, Mitsubishi, Hyster, Yale, OMV, Clark, Bauman, Taski, Hako, HC, OMG, Manitou, Hyundai, Toyota, Komatsu.<\/p>\"\n\t\t\t\t\t\t\t\t\t}\n\t\t\t}\n\t\t\t,\t\t\t\t{\n\t\t\t\t\"@type\": \"Question\",\n\t\t\t\t\"name\": \"2. Jak d\u0142ugo wa\u017cne s\u0105 uprawnienia UDT na w\u00f3zki wid\u0142owe? \",\n\t\t\t\t\"acceptedAnswer\": {\n\t\t\t\t\t\"@type\": \"Answer\",\n\t\t\t\t\t\"text\": \"<p>Zdobyte kwalifikacje wa\u017cne s\u0105 przez 5 lub 10 lat w zale\u017cno\u015bci od rodzaju w\u00f3zk\u00f3w jezdniowych podno\u015bnikowych, na jakie uprawnienia zosta\u0142y przyznane.&nbsp;&nbsp;<\/p>\"\n\t\t\t\t\t\t\t\t\t}\n\t\t\t}\n\t\t\t,\t\t\t\t{\n\t\t\t\t\"@type\": \"Question\",\n\t\t\t\t\"name\": \"3. Czy oferujecie materia\u0142y szkoleniowe do nauki? \",\n\t\t\t\t\"acceptedAnswer\": {\n\t\t\t\t\t\"@type\": \"Answer\",\n\t\t\t\t\t\"text\": \"<p>Tak, ka\u017cdy nasz kurs posiada pakiet materia\u0142\u00f3w szkoleniowych. Kursant po zapisaniu si\u0119 na szkolenie otrzymuje dost\u0119p do platformy online. Znajduj\u0105 si\u0119 tam m.in. pr\u00f3bne testy i filmy instrukta\u017cowe.&nbsp;Dodatkowo, \u0107wiczenia praktyczne prowadzone przez naszych instruktor\u00f3w prowadzone s\u0105 na specjalistycznych urz\u0105dzeniach.<\/p>\"\n\t\t\t\t\t\t\t\t\t}\n\t\t\t}\n\t\t\t\t\t\t]\n\t}\n<\/script>\n","protected":false},"excerpt":{"rendered":"<p>Zosta\u0144 kursantem OSO O\u015brodek Szkolenia Operator\u00f3w to:&nbsp; Kurs na w\u00f3zki wid\u0142owe&nbsp; Wed\u0142ug przepis\u00f3w prawnych, ka\u017cdy pracownik obs\u0142uguj\u0105cy w\u00f3zki wid\u0142owe ma obowi\u0105zek posiadania uprawnie\u0144 wydanych przez Urz\u0105d Dozoru Technicznego.&nbsp;&nbsp; Za\u015bwiadczenia kwalifikacyjne UDT, kt\u00f3re uzyskasz po naszym kursie, wa\u017cne s\u0105 przez:&nbsp; Program szkolenia obejmuje:&nbsp; Po wyk\u0142adach odbywa si\u0119 cz\u0119\u015b\u0107 praktyczna kursu. Podczas zaj\u0119\u0107, kursant pod okiem instruktora:&nbsp; [&hellip;]<\/p>\n","protected":false},"author":10,"featured_media":3754,"parent":2266,"menu_order":0,"comment_status":"closed","ping_status":"closed","template":"","meta":{"footnotes":""},"class_list":["post-3750","page","type-page","status-publish","has-post-thumbnail","hentry"],"aioseo_notices":[],"_links":{"self":[{"href":"https:\/\/szkolenia-udt.pl\/es\/wp-json\/wp\/v2\/pages\/3750","targetHints":{"allow":["GET"]}}],"collection":[{"href":"https:\/\/szkolenia-udt.pl\/es\/wp-json\/wp\/v2\/pages"}],"about":[{"href":"https:\/\/szkolenia-udt.pl\/es\/wp-json\/wp\/v2\/types\/page"}],"author":[{"embeddable":true,"href":"https:\/\/szkolenia-udt.pl\/es\/wp-json\/wp\/v2\/users\/10"}],"replies":[{"embeddable":true,"href":"https:\/\/szkolenia-udt.pl\/es\/wp-json\/wp\/v2\/comments?post=3750"}],"version-history":[{"count":20,"href":"https:\/\/szkolenia-udt.pl\/es\/wp-json\/wp\/v2\/pages\/3750\/revisions"}],"predecessor-version":[{"id":4241,"href":"https:\/\/szkolenia-udt.pl\/es\/wp-json\/wp\/v2\/pages\/3750\/revisions\/4241"}],"up":[{"embeddable":true,"href":"https:\/\/szkolenia-udt.pl\/es\/wp-json\/wp\/v2\/pages\/2266"}],"wp:featuredmedia":[{"embeddable":true,"href":"https:\/\/szkolenia-udt.pl\/es\/wp-json\/wp\/v2\/media\/3754"}],"wp:attachment":[{"href":"https:\/\/szkolenia-udt.pl\/es\/wp-json\/wp\/v2\/media?parent=3750"}],"curies":[{"name":"wp","href":"https:\/\/api.w.org\/{rel}","templated":true}]}}