{"id":40,"date":"2014-10-07T16:21:46","date_gmt":"2014-10-07T16:21:46","guid":{"rendered":"http:\/\/szkolenia-udt.pl\/?page_id=40"},"modified":"2022-06-15T13:19:34","modified_gmt":"2022-06-15T11:19:34","slug":"categorias-de-autorizaciones","status":"publish","type":"page","link":"https:\/\/szkolenia-udt.pl\/es\/uprawnienia-udt\/kategorie-uprawnien\/","title":{"rendered":"Categor\u00edas de licencia UDT hasta el 1 de junio de 2019"},"content":{"rendered":"<div style=\"float: left; padding-right: 10px;\"><div id=\"metaslider-id-373\" style=\"max-width: 300px;\" class=\"ml-slider-3-107-0 metaslider metaslider-flex metaslider-373 ml-slider ms-theme-default nav-hidden\" role=\"region\" aria-label=\"Acerca de la empresa 2\" data-height=\"225\" data-width=\"300\">\n    <div id=\"metaslider_container_373\">\n        <div id=\"metaslider_373\">\n            <ul class='slides'>\n                <li style=\"display: block; width: 100%;\" class=\"slide-1109 ms-image\" aria-roledescription=\"slide\" data-date=\"2014-11-12 13:56:05\" data-filename=\"bizness3a.jpg\" data-slide-type=\"image\"><img loading=\"lazy\" decoding=\"async\" src=\"https:\/\/szkolenia-udt.pl\/wp-content\/uploads\/2014\/11\/bizness3a.jpg\" height=\"225\" width=\"300\" alt=\"capacitaci\u00f3n\" class=\"slider-373 slide-1109 msDefaultImage\" \/><\/li>\n                <li style=\"display: none; width: 100%;\" class=\"slide-1106 ms-image\" aria-roledescription=\"slide\" data-date=\"2014-11-12 13:56:03\" data-filename=\"biznes5a.jpg\" data-slide-type=\"image\"><img loading=\"lazy\" decoding=\"async\" src=\"https:\/\/szkolenia-udt.pl\/wp-content\/uploads\/2014\/11\/biznes5a.jpg\" height=\"225\" width=\"300\" alt=\"autoridad de inspecci\u00f3n t\u00e9cnica\" class=\"slider-373 slide-1106 msDefaultImage\" \/><\/li>\n                <li style=\"display: none; width: 100%;\" class=\"slide-1110 ms-image\" aria-roledescription=\"slide\" data-date=\"2014-11-12 14:04:12\" data-filename=\"meeting-2a.jpg\" data-slide-type=\"image\"><img loading=\"lazy\" decoding=\"async\" src=\"https:\/\/szkolenia-udt.pl\/wp-content\/uploads\/2014\/11\/meeting-2a.jpg\" height=\"225\" width=\"300\" alt=\"cursos de la udt\" class=\"slider-373 slide-1110 msDefaultImage\" \/><\/li>\n                <li style=\"display: none; width: 100%;\" class=\"slide-1199 ms-image\" aria-roledescription=\"slide\" data-date=\"2014-11-17 21:17:06\" data-filename=\"firma-5a.jpg\" data-slide-type=\"image\"><img loading=\"lazy\" decoding=\"async\" src=\"https:\/\/szkolenia-udt.pl\/wp-content\/uploads\/2014\/11\/firma-5a.jpg\" height=\"225\" width=\"300\" alt=\"montacargas varsovia montacargas\" class=\"slider-373 slide-1199 msDefaultImage\" \/><\/li>\n                <li style=\"display: none; width: 100%;\" class=\"slide-1196 ms-image\" aria-roledescription=\"slide\" data-date=\"2014-11-17 21:17:04\" data-filename=\"Firma-2a.jpg\" data-slide-type=\"image\"><img loading=\"lazy\" decoding=\"async\" src=\"https:\/\/szkolenia-udt.pl\/wp-content\/uploads\/2014\/11\/Firma-2a.jpg\" height=\"225\" width=\"300\" alt=\"\" class=\"slider-373 slide-1196 msDefaultImage\" \/><\/li>\n            <\/ul>\n        <\/div>\n        \n    <\/div>\n<\/div><\/div>\n<div class=\"wyjustuj\">\n<p>En esta p\u00e1gina encontrar\u00e1 una lista detallada de los equipos para los que se requiere una licencia UDT. Se trata de aparatos sujetos a supervisi\u00f3n t\u00e9cnica que requieren una formaci\u00f3n inicial para su manejo y la superaci\u00f3n de un examen ante un tribunal de la Oficina de Inspecci\u00f3n T\u00e9cnica. Eligiendo nuestro Centro de Perfeccionamiento del Personal, podr\u00e1 obtener autorizaciones UDT en el \u00e1rea de su elecci\u00f3n. Proporcionamos una formaci\u00f3n completa a precios asequibles, y nuestros m\u00e9todos de ense\u00f1anza hacen que pr\u00e1cticamente todos los participantes en nuestras clases aprueben sus ex\u00e1menes en el primer intento. Ofrecemos precios asequibles para los cursos y, dado que trabajamos con la Autoridad, los ex\u00e1menes se organizan en horarios convenientes para nuestros clientes. Para m\u00e1s informaci\u00f3n sobre las autorizaciones UDT y los equipos t\u00e9cnicos sujetos a supervisi\u00f3n t\u00e9cnica, visite nuestro sitio web <a href=\"http:\/\/www.udt.gov.pl\" target=\"_blank\" rel=\"noopener noreferrer\">https:\/\/www.udt.gov.pl<\/a>. Cuando tenga preguntas sobre <a href=\"https:\/\/szkolenia-udt.pl\/es\/oferta\/\">Nuestros servicios<\/a> cursos de formaci\u00f3n o si desea solicitar formaci\u00f3n, p\u00f3ngase en contacto con nosotros <a href=\"https:\/\/szkolenia-udt.pl\/es\/kontakt\/\">Cont\u00e1ctenos<\/a> - \u00a1Responderemos tan pronto como sea posible!<\/p>\n<div style=\"width: 90%; margin-left: 40px; font-size: 80%; overflow: auto;\">\n<table border=\"3\" cellspacing=\"1\" cellpadding=\"1\">\n<tbody>\n<tr>\n<td width=\"85\">Grupo<\/td>\n<td width=\"85\">Categor\u00eda<\/td>\n<td width=\"236\">El alcance de la autorizaci\u00f3n para operar est\u00e1 determinado por el tipo (uso previsto) de los dispositivos.<\/td>\n<td width=\"227\">Alcance detallado - posibles restricciones<\/td>\n<\/tr>\n<tr>\n<td width=\"85\">1<\/td>\n<td width=\"85\">2<\/td>\n<td width=\"236\">3<\/td>\n<td width=\"227\">4<\/td>\n<\/tr>\n<tr>\n<td rowspan=\"2\">Unidades tractoras<\/td>\n<td width=\"85\">II W<\/td>\n<td width=\"236\">Polipastos y cabrestantes controlados desde el nivel de trabajo y gr\u00faas de taller estacionarias.<\/td>\n<td width=\"227\">Prop\u00f3sito de los dispositivos:<\/p>\n<ul>\n<li>elevadores de gancho de prop\u00f3sito general,<\/li>\n<li>especial:\n<ul>\n<li>forjar,<\/li>\n<li>endurecimiento,<\/li>\n<li>torrencial,<\/li>\n<li>luchar,<\/li>\n<li>luchar,<\/li>\n<li>otro.<\/li>\n<\/ul>\n<\/li>\n<\/ul>\n<\/td>\n<\/tr>\n<tr>\n<td width=\"85\">IW<\/td>\n<td width=\"236\">Polipastos y cabrestantes controlados desde el nivel de trabajo o desde la cabina, y gr\u00faas fijas de taller.<\/td>\n<td width=\"227\">Prop\u00f3sito de los dispositivos:<\/p>\n<ul>\n<li>elevadores de gancho de prop\u00f3sito general,<\/li>\n<li>especial:\n<ul>\n<li>forjar,<\/li>\n<li>endurecimiento,<\/li>\n<li>torrencial,<\/li>\n<li>luchar,<\/li>\n<li>luchar,<\/li>\n<li>otro.<\/li>\n<\/ul>\n<\/li>\n<\/ul>\n<\/td>\n<\/tr>\n<tr>\n<td rowspan=\"2\">Gr\u00faas<\/td>\n<td width=\"85\">II s.<\/td>\n<td width=\"236\">Gr\u00faas, polipastos y cabrestantes controlados desde el nivel de trabajo y gr\u00faas de taller estacionarias.<\/td>\n<td width=\"227\">Prop\u00f3sito de los dispositivos:<\/p>\n<ul>\n<li>elevadores de gancho de prop\u00f3sito general,<\/li>\n<li>especial:\n<ul>\n<li>martinetes,<\/li>\n<li>de columna,<\/li>\n<li>forjar,<\/li>\n<li>patas,<\/li>\n<li>garrapatas,<\/li>\n<li>larguero,<\/li>\n<li>lote,<\/li>\n<li>endurecimiento,<\/li>\n<li>torrencial,<\/li>\n<li>luchar,<\/li>\n<li>luchar,<\/li>\n<li>atravesar,<\/li>\n<li>otro.<\/li>\n<\/ul>\n<\/li>\n<\/ul>\n<\/td>\n<\/tr>\n<tr>\n<td width=\"85\">ES<\/td>\n<td width=\"236\">Gr\u00faas, polipastos y cabrestantes controlados desde el nivel de trabajo o desde la cabina, y gr\u00faas estacionarias de taller.<\/td>\n<td width=\"227\">Prop\u00f3sito de los dispositivos:<\/p>\n<ul>\n<li>elevadores de gancho de prop\u00f3sito general,<\/li>\n<li>especial:\n<ul>\n<li>martinetes,<\/li>\n<li>de columna,<\/li>\n<li>forjar,<\/li>\n<li>patas,<\/li>\n<li>garrapatas,<\/li>\n<li>larguero,<\/li>\n<li>lote,<\/li>\n<li>endurecimiento,<\/li>\n<li>torrencial,<\/li>\n<li>luchar,<\/li>\n<li>luchar,<\/li>\n<li>atravesar,<\/li>\n<li>otro.<\/li>\n<\/ul>\n<\/li>\n<\/ul>\n<\/td>\n<\/tr>\n<tr>\n<td rowspan=\"3\">Gr\u00faas<\/td>\n<td width=\"85\">II \u017b<\/td>\n<td width=\"236\">Gr\u00faas:<\/p>\n<ul>\n<li>estacionario,<\/li>\n<li>transportable,<\/li>\n<li>port\u00e1til,<\/li>\n<li>autopropulsado.<\/li>\n<\/ul>\n<\/td>\n<td width=\"227\">Tipos de dispositivos, tipos de dispositivos,<\/p>\n<p>limitaci\u00f3n de capacidad.<\/td>\n<\/tr>\n<tr>\n<td rowspan=\"2\" width=\"85\">Y \u017b<\/td>\n<td width=\"236\">Gr\u00faas:<\/p>\n<ul>\n<li>torre y montaje r\u00e1pido.<\/li>\n<\/ul>\n<\/td>\n<td width=\"227\">Tipos de dispositivos:<\/p>\n<ul>\n<li>construcci\u00f3n,<\/li>\n<li>otro,<\/li>\n<\/ul>\n<p>tipos de dispositivos,<\/p>\n<p>limitaci\u00f3n de capacidad.<\/td>\n<\/tr>\n<tr>\n<td width=\"236\">\n<ul>\n<li>carril<\/li>\n<\/ul>\n<\/td>\n<td width=\"227\">Tipos de dispositivos:<\/p>\n<ul>\n<li>construcci\u00f3n naval,<\/li>\n<li>otro,<\/li>\n<\/ul>\n<p>limitaci\u00f3n de capacidad.<\/td>\n<\/tr>\n<tr>\n<td rowspan=\"2\">Plataformas m\u00f3viles<\/td>\n<td width=\"85\">2do P<\/td>\n<td width=\"236\">Plataformas m\u00f3viles:<\/p>\n<ul>\n<li>colgando,<\/li>\n<li>tope,<\/li>\n<li>estacionario.<\/li>\n<\/ul>\n<\/td>\n<td width=\"227\">Tipos de dispositivos, tipos de dispositivos.<\/td>\n<\/tr>\n<tr>\n<td width=\"85\">IP<\/td>\n<td width=\"236\">Plataformas m\u00f3viles m\u00f3viles:<\/p>\n<ul>\n<li>baja velocidad,<\/li>\n<li>veh\u00edculo autopropulsado montado,<\/li>\n<li>transportable.<\/li>\n<\/ul>\n<\/td>\n<td width=\"227\">Tipos de dispositivos, tipos de dispositivos.<\/td>\n<\/tr>\n<tr>\n<td>Transelevadores<\/td>\n<td width=\"85\">IU<\/td>\n<td width=\"236\">Transelevadores.<\/td>\n<td width=\"227\">Tipos de dispositivos.<\/td>\n<\/tr>\n<tr>\n<td>Gr\u00faas de cuerda<\/td>\n<td width=\"85\">MARGA<\/td>\n<td width=\"236\">Gr\u00faas de cuerda.<\/td>\n<td width=\"227\"><\/td>\n<\/tr>\n<tr>\n<td><a href=\"https:\/\/szkolenia-udt.pl\/es\/kursy\/uprawnienia-udt-tdt-wdt\/wyciagi-towarowe\/\">Montacargas<\/a><\/td>\n<td width=\"85\">y MAR<\/td>\n<td width=\"236\">Declaraciones de mercanc\u00edas:<\/p>\n<ul>\n<li>estacionario,<\/li>\n<li>transportable y port\u00e1til,<\/li>\n<li>ascensores de barcos.<\/li>\n<\/ul>\n<\/td>\n<td width=\"227\">Tipos de dispositivos, tipos de dispositivos.<\/td>\n<\/tr>\n<tr>\n<td rowspan=\"2\">Gr\u00faas<\/td>\n<td width=\"85\">II D<\/td>\n<td width=\"236\">Gr\u00faas de construcci\u00f3n:<\/p>\n<ul>\n<li>montacargas y montacargas - transportables y port\u00e1tiles,<\/li>\n<li>mercanc\u00edas y pasajeros.<\/li>\n<\/ul>\n<\/td>\n<td width=\"227\">Tipos de dispositivos.<\/td>\n<\/tr>\n<tr>\n<td width=\"85\">\n<p style=\"text-align: center;\">IDENTIFICACI\u00d3N<\/p>\n<\/td>\n<td width=\"236\">Montacargas con control interno y hospitalario.<\/td>\n<td width=\"227\"><\/td>\n<\/tr>\n<tr>\n<td>Equipos de manipulaci\u00f3n de contenedores<\/td>\n<td width=\"85\">IK<\/td>\n<td width=\"236\">Dispositivos para la manipulaci\u00f3n de contenedores durante los trabajos de recarga.<\/td>\n<td width=\"227\">Tipos de dispositivos.<\/td>\n<\/tr>\n<tr>\n<td rowspan=\"3\"><a href=\"https:\/\/szkolenia-udt.pl\/es\/kursy\/wozki-widlowe\/budowa-wozka-jezdniowego\/\">Carretillas elevadoras<\/a> mecanismo de elevaci\u00f3n<\/td>\n<td width=\"85\">III WJO<\/td>\n<td width=\"236\">Carretillas elevadoras guiadas y teledirigidas<\/td>\n<td width=\"227\"><\/td>\n<\/tr>\n<tr>\n<td width=\"85\">\u00a0II WJO<\/td>\n<td width=\"236\">Carretillas elevadoras, excepto las especializadas.<\/td>\n<td width=\"227\"><\/td>\n<\/tr>\n<tr>\n<td width=\"85\">y WJO<\/td>\n<td width=\"236\">Carretillas elevadoras, incluidas las especializadas.<\/td>\n<td width=\"227\">Tipo de carro especializado:<\/p>\n<ul>\n<li>con un operador levantado con la carga,<\/li>\n<li>con alcance variable.<\/li>\n<\/ul>\n<\/td>\n<\/tr>\n<\/tbody>\n<\/table>\n<p>&nbsp;<\/p>\n<\/div>\n<\/div>","protected":false},"excerpt":{"rendered":"<p>Na tej stronie znajdziesz szczeg\u00f3\u0142owy wykaz urz\u0105dze\u0144, do kt\u00f3rych obs\u0142ugi potrzebne s\u0105 uprawnienia UDT. S\u0105 to urz\u0105dzenia podlegaj\u0105ce dozorowi technicznemu i wymagaj\u0105ce pocz\u0105tkowego przeszkolenia do obs\u0142ugi oraz zdania egzaminu przed komisj\u0105 Urz\u0119du Dozoru Technicznego. Wybieraj\u0105c nasz O\u015brodek Doskonalenia Kadr, mo\u017cesz uzyska\u0107 uprawnienia UDT w wybranym przez siebie zakresie. Zapewniamy kompleksowe przeszkolenie w przyst\u0119pnych cenach, a [&hellip;]<\/p>\n","protected":false},"author":3,"featured_media":0,"parent":37,"menu_order":0,"comment_status":"closed","ping_status":"closed","template":"","meta":{"footnotes":""},"class_list":["post-40","page","type-page","status-publish","hentry"],"aioseo_notices":[],"_links":{"self":[{"href":"https:\/\/szkolenia-udt.pl\/es\/wp-json\/wp\/v2\/pages\/40","targetHints":{"allow":["GET"]}}],"collection":[{"href":"https:\/\/szkolenia-udt.pl\/es\/wp-json\/wp\/v2\/pages"}],"about":[{"href":"https:\/\/szkolenia-udt.pl\/es\/wp-json\/wp\/v2\/types\/page"}],"author":[{"embeddable":true,"href":"https:\/\/szkolenia-udt.pl\/es\/wp-json\/wp\/v2\/users\/3"}],"replies":[{"embeddable":true,"href":"https:\/\/szkolenia-udt.pl\/es\/wp-json\/wp\/v2\/comments?post=40"}],"version-history":[{"count":19,"href":"https:\/\/szkolenia-udt.pl\/es\/wp-json\/wp\/v2\/pages\/40\/revisions"}],"predecessor-version":[{"id":2905,"href":"https:\/\/szkolenia-udt.pl\/es\/wp-json\/wp\/v2\/pages\/40\/revisions\/2905"}],"up":[{"embeddable":true,"href":"https:\/\/szkolenia-udt.pl\/es\/wp-json\/wp\/v2\/pages\/37"}],"wp:attachment":[{"href":"https:\/\/szkolenia-udt.pl\/es\/wp-json\/wp\/v2\/media?parent=40"}],"curies":[{"name":"wp","href":"https:\/\/api.w.org\/{rel}","templated":true}]}}