{"id":4029,"date":"2023-03-08T16:55:14","date_gmt":"2023-03-08T15:55:14","guid":{"rendered":"https:\/\/szkolenia-udt.pl\/?page_id=4029"},"modified":"2023-03-10T13:51:54","modified_gmt":"2023-03-10T12:51:54","slug":"instalacion-de-conexiones-de-brida","status":"publish","type":"page","link":"https:\/\/szkolenia-udt.pl\/es\/kursy\/uprawnienia-udt-tdt-wdt\/montaz-polaczen-kolnierzowych\/","title":{"rendered":"Curso de montaje de bridas"},"content":{"rendered":"<div class=\"wp-block-image\">\n<figure class=\"alignright size-large is-resized\"><a href=\"https:\/\/szkolenia-udt.pl\/wp-content\/uploads\/2023\/03\/s2-43.jpg\"><img loading=\"lazy\" decoding=\"async\" src=\"https:\/\/szkolenia-udt.pl\/wp-content\/uploads\/2023\/03\/s2-43-1024x640.jpg\" alt=\"Monter po\u0142\u0105cze\u0144 ko\u0142nierzowych w ruroci\u0105gach\" class=\"wp-image-4031\" width=\"512\" height=\"320\" srcset=\"https:\/\/szkolenia-udt.pl\/wp-content\/uploads\/2023\/03\/s2-43-1024x640.jpg 1024w, https:\/\/szkolenia-udt.pl\/wp-content\/uploads\/2023\/03\/s2-43-300x188.jpg 300w, https:\/\/szkolenia-udt.pl\/wp-content\/uploads\/2023\/03\/s2-43-768x480.jpg 768w, https:\/\/szkolenia-udt.pl\/wp-content\/uploads\/2023\/03\/s2-43-1536x960.jpg 1536w, https:\/\/szkolenia-udt.pl\/wp-content\/uploads\/2023\/03\/s2-43-18x12.jpg 18w, https:\/\/szkolenia-udt.pl\/wp-content\/uploads\/2023\/03\/s2-43.jpg 1600w\" sizes=\"auto, (max-width: 512px) 100vw, 512px\" \/><\/a><\/figure>\n<\/div>\n\n\n<h2 class=\"wp-block-heading\">Czym s\u0105 oferowane przez nas kursy?&nbsp;<\/h2>\n\n\n\n<p>Nasze kursy to nic innego jak kompleksowe szkolenia dla pracownik\u00f3w. Dzi\u0119ki nim zdob\u0119d\u0105 profesjonaln\u0105, udokumentowan\u0105 Certyfikatem T\u00dcV ze zgodno\u015bci\u0105 z PN-EN 1591\u20134 wiedz\u0119 zar\u00f3wno praktyczn\u0105, jak i teoretyczn\u0105 z monta\u017cu po\u0142\u0105cze\u0144 ko\u0142nierzowych.&nbsp;<\/p>\n\n\n\n<p>Podczas kurs\u00f3w skupiamy si\u0119 na tym, aby ka\u017cdy przysz\u0142y monter uzyska\u0142 umiej\u0119tno\u015b\u0107 poprawnego montowania, a tak\u017ce u\u017cytkowania w bezpieczny spos\u00f3b instalacji urz\u0105dze\u0144 ci\u015bnieniowych. Mowa tutaj o takich aparaturach jak zbiorniki, sieci ruroci\u0105gowe, armatury, a nawet przewody. &nbsp;<\/p>\n\n\n\n<p>Nasze materia\u0142y szkoleniowe, zar\u00f3wno te praktycznie jak i teoretyczne s\u0105 rzetelnym \u017ar\u00f3d\u0142em informacji, nawi\u0105zuj\u0105cym przede wszystkim do zasad BHP, niezb\u0119dnych w czasie wykonywania czynno\u015bci zwi\u0105zanych z monta\u017cem po\u0142\u0105cze\u0144 ko\u0142nierzowych.&nbsp;<\/p>\n\n\n\n<h2 class=\"wp-block-heading\">Czego uczymy na zaj\u0119ciach z teorii?&nbsp;<\/h2>\n\n\n\n<p>W pracy montera wa\u017cna jest nie tylko wiedza praktyczna, ale r\u00f3wnie\u017c teoria. Zanim pracownicy zostan\u0105 wys\u0142ani na teren budowy, musz\u0105 pozna\u0107 to, z czym przyjdzie im pracowa\u0107. Dlatego k\u0142adziemy du\u017cy nacisk na rozwini\u0119te poj\u0119cie teorii. &nbsp;<\/p>\n\n\n\n<p>Dzi\u0119ki temu, przyszli monterzy b\u0119d\u0105 nale\u017cycie przygotowani do dzia\u0142a\u0144 w terenie, a uprzednio zada\u0144 praktycznych. Poznaj\u0105 nazwy, czynno\u015bci niezb\u0119dne do wykonania powierzonych im zada\u0144, a tak\u017ce jak dzia\u0142a to, z czym b\u0119d\u0105 mieli styczno\u015b\u0107 w miejscu pracy.&nbsp;<\/p>\n\n\n<div class=\"wp-block-image\">\n<figure class=\"alignleft size-large is-resized\"><a href=\"https:\/\/szkolenia-udt.pl\/wp-content\/uploads\/2023\/03\/screen_2x-61.jpg\"><img loading=\"lazy\" decoding=\"async\" src=\"https:\/\/szkolenia-udt.pl\/wp-content\/uploads\/2023\/03\/screen_2x-61-1024x703.jpg\" alt=\"pracownicy w\u015br\u00f3d rur i rusztowa\u0144\" class=\"wp-image-4032\" width=\"528\" height=\"363\" srcset=\"https:\/\/szkolenia-udt.pl\/wp-content\/uploads\/2023\/03\/screen_2x-61-1024x703.jpg 1024w, https:\/\/szkolenia-udt.pl\/wp-content\/uploads\/2023\/03\/screen_2x-61-300x206.jpg 300w, https:\/\/szkolenia-udt.pl\/wp-content\/uploads\/2023\/03\/screen_2x-61-768x528.jpg 768w, https:\/\/szkolenia-udt.pl\/wp-content\/uploads\/2023\/03\/screen_2x-61-1536x1055.jpg 1536w, https:\/\/szkolenia-udt.pl\/wp-content\/uploads\/2023\/03\/screen_2x-61-18x12.jpg 18w, https:\/\/szkolenia-udt.pl\/wp-content\/uploads\/2023\/03\/screen_2x-61.jpg 1600w\" sizes=\"auto, (max-width: 528px) 100vw, 528px\" \/><\/a><\/figure>\n<\/div>\n\n\n<h3 class=\"wp-block-heading\">Dlatego na naszych zaj\u0119ciach z teorii kursanci dowiedz\u0105 si\u0119:&nbsp;<\/h3>\n\n\n\n<ul class=\"wp-block-list\">\n<li>jakie s\u0105 rodzaje i typy po\u0142\u0105cze\u0144 ko\u0142nierzowych,&nbsp;<\/li>\n\n\n\n<li>z jakimi najcz\u0119\u015bciej usterkami spotykaj\u0105 si\u0119 monterzy i co zrobi\u0107, aby zminimalizowa\u0107 ich wyst\u0119powanie,&nbsp;<\/li>\n\n\n\n<li>wi\u0119cej o cechach i rodzajach uszczelek,&nbsp;<\/li>\n\n\n\n<li>o bezpiecznych metodach demonta\u017cu po\u0142\u0105cze\u0144 ko\u0142nierzowych,&nbsp;<\/li>\n\n\n\n<li>w jaki spos\u00f3b powinni przygotowa\u0107 powierzchni\u0119 uszczelniaj\u0105c\u0105,&nbsp;<\/li>\n\n\n\n<li>wszystkiego o bezpiecze\u0144stwie i higienie pracy.&nbsp;<\/li>\n<\/ul>\n\n\n\n<h2 class=\"wp-block-heading\">A co czeka kursanta na instrukta\u017cu z praktyki?&nbsp;<\/h2>\n\n\n\n<p>Po uko\u0144czeniu szkolenia z teorii, przychodzi czas na praktyk\u0119. Oto, co czeka przysz\u0142ych monter\u00f3w podczas tego rodzaju szkole\u0144:&nbsp;<\/p>\n\n\n\n<ul class=\"wp-block-list\">\n<li>przede wszystkim dostaniesz mo\u017cliwo\u015b\u0107 prze\u0107wiczenia montowania po\u0142\u0105cze\u0144 ko\u0142nierzowych,<\/li>\n\n\n\n<li>poznasz poszczeg\u00f3lne etapy montowania i demontowania po\u0142\u0105cze\u0144 ko\u0142nierzowych,&nbsp;<\/li>\n\n\n\n<li>nauczysz si\u0119 doboru uszczelek, a tak\u017ce ich kontroli,&nbsp;<\/li>\n\n\n\n<li>zrozumiesz, w jaki spos\u00f3b przebiega nadz\u00f3r po\u0142\u0105cze\u0144 ko\u0142nierzowych,&nbsp;<\/li>\n\n\n\n<li>jak przygotowa\u0107 si\u0119 do pracy z zachowaniem zasad BHP,&nbsp;<\/li>\n\n\n\n<li>poznasz umiej\u0119tno\u015bci doboru narz\u0119dzi do pracy.&nbsp;<\/li>\n<\/ul>\n\n\n<div class=\"wp-block-image\">\n<figure class=\"alignright size-large is-resized\"><a href=\"https:\/\/szkolenia-udt.pl\/wp-content\/uploads\/2023\/03\/screen_2x-62.jpg\"><img loading=\"lazy\" decoding=\"async\" src=\"https:\/\/szkolenia-udt.pl\/wp-content\/uploads\/2023\/03\/screen_2x-62-1024x657.jpg\" alt=\"Monta\u017c po\u0142\u0105cze\u0144 ko\u0142nierzowych w wodoci\u0105gach\" class=\"wp-image-4033\" width=\"512\" height=\"329\" srcset=\"https:\/\/szkolenia-udt.pl\/wp-content\/uploads\/2023\/03\/screen_2x-62-1024x657.jpg 1024w, https:\/\/szkolenia-udt.pl\/wp-content\/uploads\/2023\/03\/screen_2x-62-300x192.jpg 300w, https:\/\/szkolenia-udt.pl\/wp-content\/uploads\/2023\/03\/screen_2x-62-768x492.jpg 768w, https:\/\/szkolenia-udt.pl\/wp-content\/uploads\/2023\/03\/screen_2x-62-1536x985.jpg 1536w, https:\/\/szkolenia-udt.pl\/wp-content\/uploads\/2023\/03\/screen_2x-62-18x12.jpg 18w, https:\/\/szkolenia-udt.pl\/wp-content\/uploads\/2023\/03\/screen_2x-62.jpg 1600w\" sizes=\"auto, (max-width: 512px) 100vw, 512px\" \/><\/a><\/figure>\n<\/div>\n\n\n<h2 class=\"wp-block-heading\">Od kandydat\u00f3w oczekujemy:&nbsp;<\/h2>\n\n\n\n<ul class=\"wp-block-list\">\n<li>uko\u0144czonego 18. roku \u017cycia,&nbsp;<\/li>\n\n\n\n<li>wykszta\u0142cenia przynajmniej podstawowego,<\/li>\n\n\n\n<li>za\u015bwiadczenia od lekarza medycyny pracy.<\/li>\n<\/ul>\n\n\n\n<h2 class=\"wp-block-heading\">Z naszej strony oferujemy:&nbsp;<\/h2>\n\n\n\n<ul class=\"wp-block-list\">\n<li>wspomniany wcze\u015bniej certyfikat T\u00dcV w dw\u00f3ch j\u0119zykach \u2013 angielskim i polskim,&nbsp;<\/li>\n\n\n\n<li>za\u015bwiadczenie potwierdzaj\u0105ce uko\u0144czenie szkolenia,&nbsp;<\/li>\n\n\n\n<li>niezb\u0119dne materia\u0142y szkoleniowe,&nbsp;<\/li>\n\n\n\n<li>mo\u017cliwo\u015b\u0107 zorganizowania kurs\u00f3w w siedzibie Twojej firmy,&nbsp;<\/li>\n\n\n\n<li><a href=\"https:\/\/szkolenia-udt.pl\/es\/oferta\/\">cennik<\/a> dostosowany do Twoich potrzeb.&nbsp;<\/li>\n<\/ul>\n\n\n\n<p>Warto pami\u0119ta\u0107, \u017ce nasza profesjonalnie wyszkolona kadra zapewnia przysz\u0142ym monterom nale\u017cyte przygotowanie do egzaminu potwierdzaj\u0105cego ich umiej\u0119tno\u015bci. Obejmuje to zar\u00f3wno teori\u0119, jak i praktyk\u0119.&nbsp;<\/p>\n\n\n\n<p>Dlatego zapraszamy Ci\u0119 do kontaktu z nami, jak r\u00f3wnie\u017c innymi oferowanymi przez nas us\u0142ugami.<\/p>\n\n\n\n<h2 class=\"wp-block-heading\">Pytania i odpowiedzi:<\/h2>\n\n\n\t\t<details\t\thelp class=\"sc_fs_faq sc_card    \"\n\t\topen\t\t>\n\t\t\t\t\t<summary>\n\t\t\t\t<h3>1. Czy moi pracownicy potrzebuj\u0105 kurs\u00f3w na po\u0142\u0105czenia ko\u0142nierzowe?<\/h3>\t\t\t\t\t<\/summary>\n\t\t\t\t<div>\n\t\t\t\t\t\t<div class=\"sc_fs_faq__content\">\n\t\t\t\t\n\n<p>Jak najbardziej. Dzi\u0119ki naszym szkoleniom poszerz\u0105 swoj\u0105 wiedz\u0119. Ta zostanie potwierdzona specjalnym certyfikatem, zar\u00f3wno w j\u0119zyku polskim jak i angielskim.<\/p>\n\n\t\t\t<\/div>\n\t\t<\/div>\n\t\t<\/details>\n\t\t\t\t<details\t\thelp class=\"sc_fs_faq sc_card    \"\n\t\t\t\t>\n\t\t\t\t\t<summary>\n\t\t\t\t<h3>2. Czy wyb\u00f3r kursu w tym momencie jest dobrym pomys\u0142em?<\/h3>\t\t\t\t\t<\/summary>\n\t\t\t\t<div>\n\t\t\t\t\t\t<div class=\"sc_fs_faq__content\">\n\t\t\t\t\n\n<p>Tak. Nigdy nie wolno odk\u0142ada\u0107 mo\u017cliwo\u015bci rozwijania wiedzy, jak i zdolno\u015bci swoich pracownik\u00f3w.&nbsp;<\/p>\n\n\t\t\t<\/div>\n\t\t<\/div>\n\t\t<\/details>\n\t\t\t\t<details\t\thelp class=\"sc_fs_faq sc_card    \"\n\t\t\t\t>\n\t\t\t\t\t<summary>\n\t\t\t\t<h3>3. Czy kursy na montera po\u0142\u0105cze\u0144 ko\u0142nierzowych s\u0105 skuteczne?<\/h3>\t\t\t\t\t<\/summary>\n\t\t\t\t<div>\n\t\t\t\t\t\t<div class=\"sc_fs_faq__content\">\n\t\t\t\t\n\n<p>Oczywi\u015bcie. Dzi\u0119ki prowadzonym zaj\u0119ciom z praktyki i teorii, pracownicy zyskaj\u0105 profesjonaln\u0105 wiedz\u0119 i nab\u0119d\u0105 nowe umiej\u0119tno\u015bci.<\/p>\n\n\t\t\t<\/div>\n\t\t<\/div>\n\t\t<\/details>\n\t\t\t\t<details\t\thelp class=\"sc_fs_faq sc_card    \"\n\t\t\t\t>\n\t\t\t\t\t<summary>\n\t\t\t\t<h3>4. Czy wasze kursy zwi\u0119kszaj\u0105 bezpiecze\u0144stwo w miejscu pracy?<\/h3>\t\t\t\t\t<\/summary>\n\t\t\t\t<div>\n\t\t\t\t\t\t<div class=\"sc_fs_faq__content\">\n\t\t\t\t\n\n<p>Jak najbardziej. Do\u015bwiadczony pracownik to bezpieczny pracownik.<\/p>\n\n\t\t\t<\/div>\n\t\t<\/div>\n\t\t<\/details>\n\t\t\n<script type=\"application\/ld+json\">\n\t{\n\t\t\"@context\": \"https:\/\/schema.org\",\n\t\t\"@type\": \"FAQPage\",\n\t\t\"mainEntity\": [\n\t\t\t\t\t{\n\t\t\t\t\"@type\": \"Question\",\n\t\t\t\t\"name\": \"1. Czy moi pracownicy potrzebuj\u0105 kurs\u00f3w na po\u0142\u0105czenia ko\u0142nierzowe?\",\n\t\t\t\t\"acceptedAnswer\": {\n\t\t\t\t\t\"@type\": \"Answer\",\n\t\t\t\t\t\"text\": \"<p>Jak najbardziej. Dzi\u0119ki naszym szkoleniom poszerz\u0105 swoj\u0105 wiedz\u0119. Ta zostanie potwierdzona specjalnym certyfikatem, zar\u00f3wno w j\u0119zyku polskim jak i angielskim.<\/p>\"\n\t\t\t\t\t\t\t\t\t}\n\t\t\t}\n\t\t\t,\t\t\t\t{\n\t\t\t\t\"@type\": \"Question\",\n\t\t\t\t\"name\": \"2. Czy wyb\u00f3r kursu w tym momencie jest dobrym pomys\u0142em?\",\n\t\t\t\t\"acceptedAnswer\": {\n\t\t\t\t\t\"@type\": \"Answer\",\n\t\t\t\t\t\"text\": \"<p>Tak. Nigdy nie wolno odk\u0142ada\u0107 mo\u017cliwo\u015bci rozwijania wiedzy, jak i zdolno\u015bci swoich pracownik\u00f3w.&nbsp;<\/p>\"\n\t\t\t\t\t\t\t\t\t}\n\t\t\t}\n\t\t\t,\t\t\t\t{\n\t\t\t\t\"@type\": \"Question\",\n\t\t\t\t\"name\": \"3. Czy kursy na montera po\u0142\u0105cze\u0144 ko\u0142nierzowych s\u0105 skuteczne?\",\n\t\t\t\t\"acceptedAnswer\": {\n\t\t\t\t\t\"@type\": \"Answer\",\n\t\t\t\t\t\"text\": \"<p>Oczywi\u015bcie. Dzi\u0119ki prowadzonym zaj\u0119ciom z praktyki i teorii, pracownicy zyskaj\u0105 profesjonaln\u0105 wiedz\u0119 i nab\u0119d\u0105 nowe umiej\u0119tno\u015bci.<\/p>\"\n\t\t\t\t\t\t\t\t\t}\n\t\t\t}\n\t\t\t,\t\t\t\t{\n\t\t\t\t\"@type\": \"Question\",\n\t\t\t\t\"name\": \"4. Czy wasze kursy zwi\u0119kszaj\u0105 bezpiecze\u0144stwo w miejscu pracy?\",\n\t\t\t\t\"acceptedAnswer\": {\n\t\t\t\t\t\"@type\": \"Answer\",\n\t\t\t\t\t\"text\": \"<p>Jak najbardziej. Do\u015bwiadczony pracownik to bezpieczny pracownik.<\/p>\"\n\t\t\t\t\t\t\t\t\t}\n\t\t\t}\n\t\t\t\t\t\t]\n\t}\n<\/script>\n","protected":false},"excerpt":{"rendered":"<p>Czym s\u0105 oferowane przez nas kursy?&nbsp; Nasze kursy to nic innego jak kompleksowe szkolenia dla pracownik\u00f3w. Dzi\u0119ki nim zdob\u0119d\u0105 profesjonaln\u0105, udokumentowan\u0105 Certyfikatem T\u00dcV ze zgodno\u015bci\u0105 z PN-EN 1591\u20134 wiedz\u0119 zar\u00f3wno praktyczn\u0105, jak i teoretyczn\u0105 z monta\u017cu po\u0142\u0105cze\u0144 ko\u0142nierzowych.&nbsp; Podczas kurs\u00f3w skupiamy si\u0119 na tym, aby ka\u017cdy przysz\u0142y monter uzyska\u0142 umiej\u0119tno\u015b\u0107 poprawnego montowania, a tak\u017ce u\u017cytkowania [&hellip;]<\/p>\n","protected":false},"author":10,"featured_media":4031,"parent":2266,"menu_order":0,"comment_status":"closed","ping_status":"closed","template":"","meta":{"footnotes":""},"class_list":["post-4029","page","type-page","status-publish","has-post-thumbnail","hentry"],"aioseo_notices":[],"_links":{"self":[{"href":"https:\/\/szkolenia-udt.pl\/es\/wp-json\/wp\/v2\/pages\/4029","targetHints":{"allow":["GET"]}}],"collection":[{"href":"https:\/\/szkolenia-udt.pl\/es\/wp-json\/wp\/v2\/pages"}],"about":[{"href":"https:\/\/szkolenia-udt.pl\/es\/wp-json\/wp\/v2\/types\/page"}],"author":[{"embeddable":true,"href":"https:\/\/szkolenia-udt.pl\/es\/wp-json\/wp\/v2\/users\/10"}],"replies":[{"embeddable":true,"href":"https:\/\/szkolenia-udt.pl\/es\/wp-json\/wp\/v2\/comments?post=4029"}],"version-history":[{"count":8,"href":"https:\/\/szkolenia-udt.pl\/es\/wp-json\/wp\/v2\/pages\/4029\/revisions"}],"predecessor-version":[{"id":4452,"href":"https:\/\/szkolenia-udt.pl\/es\/wp-json\/wp\/v2\/pages\/4029\/revisions\/4452"}],"up":[{"embeddable":true,"href":"https:\/\/szkolenia-udt.pl\/es\/wp-json\/wp\/v2\/pages\/2266"}],"wp:featuredmedia":[{"embeddable":true,"href":"https:\/\/szkolenia-udt.pl\/es\/wp-json\/wp\/v2\/media\/4031"}],"wp:attachment":[{"href":"https:\/\/szkolenia-udt.pl\/es\/wp-json\/wp\/v2\/media?parent=4029"}],"curies":[{"name":"wp","href":"https:\/\/api.w.org\/{rel}","templated":true}]}}