{"id":42,"date":"2014-10-07T16:22:36","date_gmt":"2014-10-07T16:22:36","guid":{"rendered":"http:\/\/szkolenia-udt.pl\/?page_id=42"},"modified":"2019-05-09T13:41:47","modified_gmt":"2019-05-09T13:41:47","slug":"regulaciones","status":"publish","type":"page","link":"https:\/\/szkolenia-udt.pl\/es\/uprawnienia-udt\/przepisy\/","title":{"rendered":"Recetas"},"content":{"rendered":"<div class=\"wyjustuj\">Presentamos las normativas m\u00e1s importantes relacionadas con nuestro negocio <a href=\"https:\/\/szkolenia-udt.pl\/es\/o-firmie\/\">Centro<\/a> actividades de formaci\u00f3n, condiciones de concesi\u00f3n de las licencias de la UDT y dispositivos t\u00e9cnicos sujetos a inspecci\u00f3n t\u00e9cnica.<\/p>\n<ul>\n<ul>\n<li><strong>Reglamento del Consejo de Ministros de 7 de diciembre de 2012 sobre los tipos de dispositivos t\u00e9cnicos sujetos a inspecci\u00f3n t\u00e9cnica (Bolet\u00edn de Leyes 2012 No. 0 art\u00edculo 1468), emitido de conformidad con el art. 5 seg. 2 de la ley de inspecci\u00f3n t\u00e9cnica<\/strong><\/li>\n<\/ul>\n<\/ul>\n<p>El reglamento contiene tipos de dispositivos t\u00e9cnicos sujetos a inspecci\u00f3n t\u00e9cnica. El documento contiene informaci\u00f3n sobre los formularios de inspecci\u00f3n t\u00e9cnica de dispositivos, variantes de pruebas t\u00e9cnicas y sus fechas, as\u00ed como el alcance de las pruebas para dispositivos t\u00e9cnicos utilizados en los lugares de trabajo. El reglamento trata el tema de equipos a presi\u00f3n, gatos, equipos para manipulaci\u00f3n, transportadores de silla y cabina, tanques para el almacenamiento de materiales inflamables y t\u00f3xicos.<\/p>\n<ul>\n<ul>\n<li><strong>Ley de 21 de diciembre de 2000 sobre inspecci\u00f3n t\u00e9cnica (BOE de 2013, \u00edtem 963, modificada)<\/strong><\/li>\n<\/ul>\n<\/ul>\n<p>La ley contiene informaci\u00f3n sobre los principios, formas y perfil de la inspecci\u00f3n t\u00e9cnica realizada por las unidades autorizadas. Estas son las disposiciones legales b\u00e1sicas seg\u00fan las cuales opera la Oficina de Inspecci\u00f3n T\u00e9cnica. El documento tambi\u00e9n contiene disposiciones sobre la implementaci\u00f3n de regulaciones en Polonia, las reglas sobre las cuales se otorgan licencias UDT, las reglas para permitir el uso de dispositivos t\u00e9cnicos, las reglas para su desarrollo y producci\u00f3n, as\u00ed como reparaci\u00f3n y modernizaci\u00f3n.<\/p>\n<ul>\n<ul>\n<li><strong>Ordenanza del Ministro de Econom\u00eda de 18 de julio de 2001 sobre el procedimiento para verificar las calificaciones requeridas para la operaci\u00f3n y mantenimiento de dispositivos t\u00e9cnicos (Bolet\u00edn de Leyes No. 79, art\u00edculo 849), modificado por la ordenanza de 20 de febrero de 2003 (Bolet\u00edn de Leyes N\u00b0 50, inciso 426), dictada con fundamento en el art. 23 seg. 5 de la ley de inspecci\u00f3n t\u00e9cnica<\/strong><\/li>\n<\/ul>\n<\/ul>\n<p>La ordenanza contiene disposiciones sobre el control de las cualificaciones necesarias para el funcionamiento y mantenimiento de dispositivos t\u00e9cnicos y tipos de dispositivos t\u00e9cnicos para los que se requiere autorizaci\u00f3n. El documento tambi\u00e9n contiene una plantilla de la solicitud de control de cualificaci\u00f3n junto con una explicaci\u00f3n de sus disposiciones y los plazos en los que se debe notificar a las personas que deseen obtener cualificaciones. El reglamento tambi\u00e9n cubre las condiciones para la realizaci\u00f3n de ex\u00e1menes por parte de la Oficina de Inspecci\u00f3n T\u00e9cnica en la operaci\u00f3n y mantenimiento de los dispositivos.<\/p>\n<ul>\n<ul>\n<li><strong>Reglamento del Ministro de Econom\u00eda de 28 de diciembre de 2001 sobre las condiciones t\u00e9cnicas de inspecci\u00f3n t\u00e9cnica que deben cumplir los gatos (Bolet\u00edn de Leyes N\u00b0 4, \u00edtem 43)<\/strong><\/li>\n<\/ul>\n<\/ul>\n<p>Este reglamento se enfoca en las condiciones de inspecci\u00f3n t\u00e9cnica como parte del dise\u00f1o, producci\u00f3n, operaci\u00f3n y mantenimiento de gatos mec\u00e1nicos y manuales y gatos para desplazamiento rectil\u00edneo de cargas verticalmente con el uso de elementos r\u00edgidos y uso parcial del sistema de tensi\u00f3n. La ordenanza tambi\u00e9n contiene informaci\u00f3n sobre plantillas, factores de c\u00e1lculo para dispositivos, factores de seguridad, procedimientos para reemplazar elementos de gato, incluidos aquellos que no requieren consulta con las unidades responsables de la inspecci\u00f3n t\u00e9cnica.<\/p>\n<ul>\n<ul>\n<li><strong>Reglamento del Ministro de Emprendimiento y Tecnolog\u00eda de 30 de octubre de 2018 sobre las condiciones t\u00e9cnicas de la inspecci\u00f3n t\u00e9cnica en el campo de la operaci\u00f3n, reparaci\u00f3n y modernizaci\u00f3n de equipos de manipulaci\u00f3n (Bolet\u00edn de Leyes 2018, art\u00edculo 2176)<\/strong><\/li>\n<\/ul>\n<\/ul>\n<p>El reglamento contiene disposiciones sobre las condiciones t\u00e9cnicas de supervisi\u00f3n t\u00e9cnica de los equipos de manutenci\u00f3n, incluyendo gr\u00faas, polipastos y cabrestantes, gr\u00faas, montacargas, transelevadores, plataformas m\u00f3viles, dispositivos de transporte para minusv\u00e1lidos, plataformas circulares y ascensores de cabina, aceras y escaleras mec\u00e1nicas., ascensores para el transporte de personas y cargas, montacargas, montacargas, gr\u00faas de cable, <a href=\"https:\/\/szkolenia-udt.pl\/es\/kursy\/wozki-widlowe\/budowa-wozka-jezdniowego\/\">camiones industriales<\/a> polipastos, gatos de manejo de carga no lineales y dispositivos de manejo de contenedores.<\/p>\n<p>\u00a1Tambi\u00e9n lo invitamos a familiarizarse con las categor\u00edas de licencias UDT!<\/p>\n<\/div>","protected":false},"excerpt":{"rendered":"<p>Przedstawiamy najwa\u017cniejsze przepisy zwi\u0105zane z prowadzon\u0105 przez nas O\u015brodek dzia\u0142alno\u015bci\u0105 szkoleniow\u0105, warunkami, na kt\u00f3rych nadawane s\u0105 uprawnienia UDT oraz urz\u0105dzeniami technicznymi podlegaj\u0105cymi dozorowi technicznemu. Rozporz\u0105dzenie Rady Ministr\u00f3w z dnia 7 grudnia 2012 r. w sprawie rodzaj\u00f3w urz\u0105dze\u0144 technicznych podlegaj\u0105cych dozorowi technicznemu (Dz. U. 2012 nr 0 poz. 1468), wydane na podstawie art. 5 ust. 2 [&hellip;]<\/p>\n","protected":false},"author":3,"featured_media":0,"parent":37,"menu_order":0,"comment_status":"closed","ping_status":"closed","template":"","meta":{"footnotes":""},"class_list":["post-42","page","type-page","status-publish","hentry"],"aioseo_notices":[],"_links":{"self":[{"href":"https:\/\/szkolenia-udt.pl\/es\/wp-json\/wp\/v2\/pages\/42","targetHints":{"allow":["GET"]}}],"collection":[{"href":"https:\/\/szkolenia-udt.pl\/es\/wp-json\/wp\/v2\/pages"}],"about":[{"href":"https:\/\/szkolenia-udt.pl\/es\/wp-json\/wp\/v2\/types\/page"}],"author":[{"embeddable":true,"href":"https:\/\/szkolenia-udt.pl\/es\/wp-json\/wp\/v2\/users\/3"}],"replies":[{"embeddable":true,"href":"https:\/\/szkolenia-udt.pl\/es\/wp-json\/wp\/v2\/comments?post=42"}],"version-history":[{"count":8,"href":"https:\/\/szkolenia-udt.pl\/es\/wp-json\/wp\/v2\/pages\/42\/revisions"}],"predecessor-version":[{"id":2070,"href":"https:\/\/szkolenia-udt.pl\/es\/wp-json\/wp\/v2\/pages\/42\/revisions\/2070"}],"up":[{"embeddable":true,"href":"https:\/\/szkolenia-udt.pl\/es\/wp-json\/wp\/v2\/pages\/37"}],"wp:attachment":[{"href":"https:\/\/szkolenia-udt.pl\/es\/wp-json\/wp\/v2\/media?parent=42"}],"curies":[{"name":"wp","href":"https:\/\/api.w.org\/{rel}","templated":true}]}}