{"id":44,"date":"2014-10-07T16:23:18","date_gmt":"2014-10-07T16:23:18","guid":{"rendered":"http:\/\/szkolenia-udt.pl\/?page_id=44"},"modified":"2021-07-19T22:19:44","modified_gmt":"2021-07-19T22:19:44","slug":"tractores","status":"publish","type":"page","link":"https:\/\/szkolenia-udt.pl\/es\/dzwignice\/ciegniki\/","title":{"rendered":"Unidades tractoras"},"content":{"rendered":"<div style=\"float: left; padding-right: 10px;\"><div id=\"metaslider-id-629\" style=\"max-width: 300px;\" class=\"ml-slider-3-108-0 metaslider metaslider-flex metaslider-629 ml-slider ms-theme-default nav-hidden\" role=\"region\" aria-label=\"Unidades tractoras\" data-height=\"225\" data-width=\"300\">\n    <div id=\"metaslider_container_629\">\n        <div id=\"metaslider_629\">\n            <ul class='slides'>\n                <li style=\"display: block; width: 100%;\" class=\"slide-636 ms-image\" aria-roledescription=\"slide\" data-date=\"2014-10-12 07:55:54\" data-filename=\"Szkolenia-Ci\u0119gnik.jpg\" data-slide-type=\"image\"><img loading=\"lazy\" decoding=\"async\" src=\"https:\/\/szkolenia-udt.pl\/wp-content\/uploads\/2014\/10\/Szkolenia-Ci\u0119gnik.jpg\" height=\"225\" width=\"300\" alt=\"Capacitaciones de tractores\" class=\"slider-629 slide-636 msDefaultImage\" \/><\/li>\n                <li style=\"display: none; width: 100%;\" class=\"slide-635 ms-image\" aria-roledescription=\"slide\" data-date=\"2014-10-12 07:55:53\" data-filename=\"OSO-Warszawa.jpg\" data-slide-type=\"image\"><img loading=\"lazy\" decoding=\"async\" src=\"https:\/\/szkolenia-udt.pl\/wp-content\/uploads\/2014\/10\/OSO-Warszawa.jpg\" height=\"225\" width=\"300\" alt=\"\" class=\"slider-629 slide-635 msDefaultImage\" \/><\/li>\n                <li style=\"display: none; width: 100%;\" class=\"slide-637 ms-image\" aria-roledescription=\"slide\" data-date=\"2014-10-12 07:55:54\" data-filename=\"Szkolenia-w\u00f3zki-wid\u0142owe2.jpg\" data-slide-type=\"image\"><img loading=\"lazy\" decoding=\"async\" src=\"https:\/\/szkolenia-udt.pl\/wp-content\/uploads\/2014\/10\/Szkolenia-w\u00f3zki-wid\u0142owe2.jpg\" height=\"225\" width=\"300\" alt=\"Cursos y capacitaciones\" class=\"slider-629 slide-637 msDefaultImage\" \/><\/li>\n                <li style=\"display: none; width: 100%;\" class=\"slide-632 ms-image\" aria-roledescription=\"slide\" data-date=\"2014-10-12 07:55:51\" data-filename=\"D\u017awigi-uprawnienia-UDT.jpg\" data-slide-type=\"image\"><img loading=\"lazy\" decoding=\"async\" src=\"https:\/\/szkolenia-udt.pl\/wp-content\/uploads\/2014\/10\/D\u017awigi-uprawnienia-UDT.jpg\" height=\"225\" width=\"300\" alt=\"\" class=\"slider-629 slide-632 msDefaultImage\" \/><\/li>\n                <li style=\"display: none; width: 100%;\" class=\"slide-634 ms-image\" aria-roledescription=\"slide\" data-date=\"2014-10-12 07:55:52\" data-filename=\"Kursy-szkolenia1.jpg\" data-slide-type=\"image\"><img loading=\"lazy\" decoding=\"async\" src=\"https:\/\/szkolenia-udt.pl\/wp-content\/uploads\/2014\/10\/Kursy-szkolenia1.jpg\" height=\"225\" width=\"300\" alt=\"Centro de formaci\u00f3n de operadores en Varsovia\" class=\"slider-629 slide-634 msDefaultImage\" \/><\/li>\n            <\/ul>\n        <\/div>\n        \n    <\/div>\n<\/div><\/div>\n<div class=\"wyjustuj\">Los tractores (cabrestantes, cabrestantes, cabrestantes) se clasifican como dispositivos de elevaci\u00f3n y se requieren calificaciones de la UDT para operarlos. La tarea de los tractores es mover las cargas con el uso de cuerdas en forma de pinzas o ganchos. En nuestro <a href=\"https:\/\/szkolenia-udt.pl\/es\/o-firmie\/\">La estaci\u00f3n<\/a> OSO, puedes apuntarte a un curso de formaci\u00f3n de tractores, gracias al cual obtendr\u00e1s la cualificaci\u00f3n necesaria para su funcionamiento. Son dispositivos aut\u00f3nomos o pueden estar incluidos en otros dispositivos de elevaci\u00f3n.<br \/>\n<strong><br \/>\nLos tractores pueden mover cargas en diferentes planos:<\/strong><\/p>\n<ul>\n<li>cabrestantes - la carga se mueve hacia el tractor<\/li>\n<li>cabrestantes: la carga se mueve hacia el tractor y se aleja del tractor con su fuerza de gravedad, cuando el cabrestante est\u00e1 suspendido, se llama polipasto<\/li>\n<li>cabrestantes: la carga se mueve con el uso de dos hilos, uno de los cuales mueve la carga desde el tractor y el otro hacia el tractor<\/li>\n<\/ul>\n<div style=\"float: left; padding-right: 10px;\"><div id=\"metaslider-id-639\" style=\"max-width: 300px;\" class=\"ml-slider-3-108-0 metaslider metaslider-flex metaslider-639 ml-slider ms-theme-default nav-hidden nav-hidden\" role=\"region\" aria-label=\"Tractores2\" data-height=\"225\" data-width=\"300\">\n    <div id=\"metaslider_container_639\">\n        <div id=\"metaslider_639\">\n            <ul class='slides'>\n                <li style=\"display: block; width: 100%;\" class=\"slide-630 ms-image\" aria-roledescription=\"slide\" data-date=\"2014-10-12 07:55:49\" data-filename=\"Ci\u0119gnik.jpg\" data-slide-type=\"image\"><img loading=\"lazy\" decoding=\"async\" src=\"https:\/\/szkolenia-udt.pl\/wp-content\/uploads\/2014\/10\/Ci\u0119gnik.jpg\" height=\"225\" width=\"300\" alt=\"\" class=\"slider-639 slide-630 msDefaultImage\" \/><\/li>\n                <li style=\"display: none; width: 100%;\" class=\"slide-631 ms-image\" aria-roledescription=\"slide\" data-date=\"2014-10-12 07:55:50\" data-filename=\"Ci\u0119gniki.jpg\" data-slide-type=\"image\"><img loading=\"lazy\" decoding=\"async\" src=\"https:\/\/szkolenia-udt.pl\/wp-content\/uploads\/2014\/10\/Ci\u0119gniki.jpg\" height=\"225\" width=\"300\" alt=\"Cursos de tractores\" class=\"slider-639 slide-631 msDefaultImage\" \/><\/li>\n                <li style=\"display: none; width: 100%;\" class=\"slide-633 ms-image\" aria-roledescription=\"slide\" data-date=\"2014-10-12 07:55:51\" data-filename=\"kursy-Ci\u0119gniki.jpg\" data-slide-type=\"image\"><img loading=\"lazy\" decoding=\"async\" src=\"https:\/\/szkolenia-udt.pl\/wp-content\/uploads\/2014\/10\/kursy-Ci\u0119gniki.jpg\" height=\"225\" width=\"300\" alt=\"\" class=\"slider-639 slide-633 msDefaultImage\" \/><\/li>\n                <li style=\"display: none; width: 100%;\" class=\"slide-637 ms-image\" aria-roledescription=\"slide\" data-date=\"2014-10-12 07:55:54\" data-filename=\"Szkolenia-w\u00f3zki-wid\u0142owe2.jpg\" data-slide-type=\"image\"><img loading=\"lazy\" decoding=\"async\" src=\"https:\/\/szkolenia-udt.pl\/wp-content\/uploads\/2014\/10\/Szkolenia-w\u00f3zki-wid\u0142owe2.jpg\" height=\"225\" width=\"300\" alt=\"Cursos y capacitaciones\" class=\"slider-639 slide-637 msDefaultImage\" \/><\/li>\n                <li style=\"display: none; width: 100%;\" class=\"slide-634 ms-image\" aria-roledescription=\"slide\" data-date=\"2014-10-12 07:55:52\" data-filename=\"Kursy-szkolenia1.jpg\" data-slide-type=\"image\"><img loading=\"lazy\" decoding=\"async\" src=\"https:\/\/szkolenia-udt.pl\/wp-content\/uploads\/2014\/10\/Kursy-szkolenia1.jpg\" height=\"225\" width=\"300\" alt=\"Centro de formaci\u00f3n de operadores en Varsovia\" class=\"slider-639 slide-634 msDefaultImage\" \/><\/li>\n            <\/ul>\n        <\/div>\n        \n    <\/div>\n<\/div><\/div>\n<p>Tractores m\u00faltiples: son un tipo separado de tractores que forman un conjunto de cabrestantes, cabrestantes y brochas. Se utilizan principalmente en gr\u00faas de m\u00e1stil, gr\u00faas de cable, garfios.<\/p>\n<p>Llevamos a\u00f1os impartiendo cursos de tractores, ayudando a nuestros clientes a obtener la autorizaci\u00f3n adecuada para operarlos. Nos distinguimos por la m\u00e1s alta calidad de educaci\u00f3n, satisfacci\u00f3n del cliente y precios asequibles. <a href=\"https:\/\/szkolenia-udt.pl\/es\/oferta\/\">precio<\/a>.<\/p>\n<p>\u00a1Te invitamos a las capacitaciones para tractores a OSO!<\/p>\n<\/div>","protected":false},"excerpt":{"rendered":"<p>Ci\u0119gniki (przyci\u0105garki, wodzarki, wci\u0105garki) zaliczane s\u0105 do urz\u0105dze\u0144 d\u017awigowych i do ich obs\u0142ugi potrzebne s\u0105 uprawnienia UDT. Zadaniem ci\u0119gnik\u00f3w jest przemieszczanie \u0142adunk\u00f3w z u\u017cyciem ci\u0119gien w formie chwytak\u00f3w lub hak\u00f3w. W naszym O\u015brodku OSO mo\u017cesz zapisa\u0107 si\u0119 na kurs na ci\u0119gniki, dzi\u0119ki kt\u00f3remu uzyskasz potrzebne do ich eksploatacji uprawnienia.Ci\u0119gniki nap\u0119dzane s\u0105 r\u0119cznie lub mechanicznie z [&hellip;]<\/p>\n","protected":false},"author":3,"featured_media":0,"parent":69,"menu_order":0,"comment_status":"closed","ping_status":"closed","template":"","meta":{"footnotes":""},"class_list":["post-44","page","type-page","status-publish","hentry"],"aioseo_notices":[],"_links":{"self":[{"href":"https:\/\/szkolenia-udt.pl\/es\/wp-json\/wp\/v2\/pages\/44","targetHints":{"allow":["GET"]}}],"collection":[{"href":"https:\/\/szkolenia-udt.pl\/es\/wp-json\/wp\/v2\/pages"}],"about":[{"href":"https:\/\/szkolenia-udt.pl\/es\/wp-json\/wp\/v2\/types\/page"}],"author":[{"embeddable":true,"href":"https:\/\/szkolenia-udt.pl\/es\/wp-json\/wp\/v2\/users\/3"}],"replies":[{"embeddable":true,"href":"https:\/\/szkolenia-udt.pl\/es\/wp-json\/wp\/v2\/comments?post=44"}],"version-history":[{"count":8,"href":"https:\/\/szkolenia-udt.pl\/es\/wp-json\/wp\/v2\/pages\/44\/revisions"}],"predecessor-version":[{"id":2388,"href":"https:\/\/szkolenia-udt.pl\/es\/wp-json\/wp\/v2\/pages\/44\/revisions\/2388"}],"up":[{"embeddable":true,"href":"https:\/\/szkolenia-udt.pl\/es\/wp-json\/wp\/v2\/pages\/69"}],"wp:attachment":[{"href":"https:\/\/szkolenia-udt.pl\/es\/wp-json\/wp\/v2\/media?parent=44"}],"curies":[{"name":"wp","href":"https:\/\/api.w.org\/{rel}","templated":true}]}}