{"id":46,"date":"2014-10-07T16:23:50","date_gmt":"2014-10-07T16:23:50","guid":{"rendered":"http:\/\/szkolenia-udt.pl\/?page_id=46"},"modified":"2016-07-06T17:35:30","modified_gmt":"2016-07-06T17:35:30","slug":"gruas-4","status":"publish","type":"page","link":"https:\/\/szkolenia-udt.pl\/es\/dzwignice\/dzwigi\/","title":{"rendered":"Gr\u00faas"},"content":{"rendered":"<div style=\"float: left; padding-right: 10px;\"><div id=\"metaslider-id-642\" style=\"max-width: 300px;\" class=\"ml-slider-3-107-0 metaslider metaslider-flex metaslider-642 ml-slider ms-theme-default nav-hidden\" role=\"region\" aria-label=\"Gr\u00faas\" data-height=\"225\" data-width=\"300\">\n    <div id=\"metaslider_container_642\">\n        <div id=\"metaslider_642\">\n            <ul class='slides'>\n                <li style=\"display: block; width: 100%;\" class=\"slide-647 ms-image\" aria-roledescription=\"slide\" data-date=\"2014-10-12 09:52:02\" data-filename=\"O\u015brodek-Szkolenia-Operator\u00f3w.jpg\" data-slide-type=\"image\"><img loading=\"lazy\" decoding=\"async\" src=\"https:\/\/szkolenia-udt.pl\/wp-content\/uploads\/2014\/10\/O\u015brodek-Szkolenia-Operator\u00f3w.jpg\" height=\"225\" width=\"300\" alt=\"\" class=\"slider-642 slide-647 msDefaultImage\" \/><\/li>\n                <li style=\"display: none; width: 100%;\" class=\"slide-649 ms-image\" aria-roledescription=\"slide\" data-date=\"2014-10-12 09:52:03\" data-filename=\"Szkolenie-d\u017awigi.jpg\" data-slide-type=\"image\"><img loading=\"lazy\" decoding=\"async\" src=\"https:\/\/szkolenia-udt.pl\/wp-content\/uploads\/2014\/10\/Szkolenie-d\u017awigi.jpg\" height=\"225\" width=\"300\" alt=\"Curso de grua\" class=\"slider-642 slide-649 msDefaultImage\" \/><\/li>\n                <li style=\"display: none; width: 100%;\" class=\"slide-650 ms-image\" aria-roledescription=\"slide\" data-date=\"2014-10-12 09:52:03\" data-filename=\"Uprawnienia-UDT1.jpg\" data-slide-type=\"image\"><img loading=\"lazy\" decoding=\"async\" src=\"https:\/\/szkolenia-udt.pl\/wp-content\/uploads\/2014\/10\/Uprawnienia-UDT1.jpg\" height=\"225\" width=\"300\" alt=\"\" class=\"slider-642 slide-650 msDefaultImage\" \/><\/li>\n                <li style=\"display: none; width: 100%;\" class=\"slide-648 ms-image\" aria-roledescription=\"slide\" data-date=\"2014-10-12 09:52:02\" data-filename=\"szkolenia-d\u017awigi.jpg\" data-slide-type=\"image\"><img loading=\"lazy\" decoding=\"async\" src=\"https:\/\/szkolenia-udt.pl\/wp-content\/uploads\/2014\/10\/szkolenia-d\u017awigi.jpg\" height=\"225\" width=\"300\" alt=\"centro de formacion de operadores\" class=\"slider-642 slide-648 msDefaultImage\" \/><\/li>\n                <li style=\"display: none; width: 100%;\" class=\"slide-651 ms-image\" aria-roledescription=\"slide\" data-date=\"2014-10-12 09:52:04\" data-filename=\"zdj\u0119cie-d\u017awig.jpg\" data-slide-type=\"image\"><img loading=\"lazy\" decoding=\"async\" src=\"https:\/\/szkolenia-udt.pl\/wp-content\/uploads\/2014\/10\/zdj\u0119cie-d\u017awig.jpg\" height=\"225\" width=\"300\" alt=\"Gr\u00faas de entrenamiento. titulaciones UDT\" class=\"slider-642 slide-651 msDefaultImage\" \/><\/li>\n            <\/ul>\n        <\/div>\n        \n    <\/div>\n<\/div><\/div>\n<div class=\"wyjustuj\">\nLas gr\u00faas son aparatos elevadores o gr\u00faas, es decir montacargas o montacargas, cuyo cometido es mezclar mercanc\u00edas o personas. Estas cargas pueden estar en plataformas o en cabinas. La gr\u00faa se encarga de levantar o bajar las cargas. Para realizar el servicio se necesita un curso de gr\u00faas y titulaci\u00f3n otorgada por la Oficina de Inspecci\u00f3n T\u00e9cnica. Despu\u00e9s de completar sus estudios, los estudiantes toman el examen UDT.<\/p>\n<p><strong>Dividimos las gr\u00faas en los siguientes tipos:<\/strong><\/p>\n<ul>\n<li>eje - tambi\u00e9n llamados ascensores<\/li>\n<li>circular - tambi\u00e9n llamado paternostrami <\/li>\n<li>\nconstrucci\u00f3n vertical - elevadores de m\u00e1stil montados en la pared<\/li>\n<li>puerto - gr\u00faas portuarias<\/li>\n<li>en pendiente<\/li>\n<\/ul>\n<p>Si quieres trabajar como gruista, haz un curso en nuestro <a href=\"https:\/\/szkolenia-udt.pl\/es\/o-firmie\/\">La estaci\u00f3n<\/a> es la mejor opci\u00f3n. Nos distingue un alentador precio por la formaci\u00f3n, la profesionalidad as\u00ed como un alto \u00edndice de aprobados y satisfacci\u00f3n de los alumnos. Formamos para gr\u00faas en las siguientes ciudades: Varsovia, Cracovia, Katowice, Bielsko-Bia\u0142a. Te invitamos a aprovechar <a href=\"https:\/\/szkolenia-udt.pl\/es\/oferta\/\">Nuestros servicios<\/a>!\n<\/p><\/div>","protected":false},"excerpt":{"rendered":"<p>D\u017awigami nazywamy urz\u0105dzenia d\u017awigowe czy te\u017c d\u017awignice, inaczej windy czy wyci\u0105gi, kt\u00f3rych zadaniem jest przemieszanie towar\u00f3w lub os\u00f3b. \u0141adunki te mog\u0105 znajdowa\u0107 si\u0119 na platformach lub w kabinach. Za podnoszenie lub opuszczanie \u0142adunk\u00f3w odpowiedzialny jest d\u017awigowy. Do prowadzenia obs\u0142ugi potrzebny jest kurs d\u017awigowego oraz uprawnienia nadane przez Urz\u0105d Dozoru Technicznego. Po zako\u0144czeniu nauki kursanci podchodz\u0105 [&hellip;]<\/p>\n","protected":false},"author":3,"featured_media":0,"parent":69,"menu_order":0,"comment_status":"closed","ping_status":"closed","template":"","meta":{"footnotes":""},"class_list":["post-46","page","type-page","status-publish","hentry"],"aioseo_notices":[],"_links":{"self":[{"href":"https:\/\/szkolenia-udt.pl\/es\/wp-json\/wp\/v2\/pages\/46","targetHints":{"allow":["GET"]}}],"collection":[{"href":"https:\/\/szkolenia-udt.pl\/es\/wp-json\/wp\/v2\/pages"}],"about":[{"href":"https:\/\/szkolenia-udt.pl\/es\/wp-json\/wp\/v2\/types\/page"}],"author":[{"embeddable":true,"href":"https:\/\/szkolenia-udt.pl\/es\/wp-json\/wp\/v2\/users\/3"}],"replies":[{"embeddable":true,"href":"https:\/\/szkolenia-udt.pl\/es\/wp-json\/wp\/v2\/comments?post=46"}],"version-history":[{"count":5,"href":"https:\/\/szkolenia-udt.pl\/es\/wp-json\/wp\/v2\/pages\/46\/revisions"}],"predecessor-version":[{"id":652,"href":"https:\/\/szkolenia-udt.pl\/es\/wp-json\/wp\/v2\/pages\/46\/revisions\/652"}],"up":[{"embeddable":true,"href":"https:\/\/szkolenia-udt.pl\/es\/wp-json\/wp\/v2\/pages\/69"}],"wp:attachment":[{"href":"https:\/\/szkolenia-udt.pl\/es\/wp-json\/wp\/v2\/media?parent=46"}],"curies":[{"name":"wp","href":"https:\/\/api.w.org\/{rel}","templated":true}]}}