{"id":48,"date":"2014-10-07T16:24:25","date_gmt":"2014-10-07T16:24:25","guid":{"rendered":"http:\/\/szkolenia-udt.pl\/?page_id=48"},"modified":"2021-06-27T22:16:57","modified_gmt":"2021-06-27T22:16:57","slug":"gruas-de-enlace","status":"publish","type":"page","link":"https:\/\/szkolenia-udt.pl\/es\/dzwignice\/dzwignice-linotorowe\/","title":{"rendered":"Gr\u00faas de cuerda"},"content":{"rendered":"<div style=\"float: left; padding-right: 10px;\"><div id=\"metaslider-id-653\" style=\"max-width: 300px;\" class=\"ml-slider-3-107-0 metaslider metaslider-flex metaslider-653 ml-slider ms-theme-default nav-hidden\" role=\"region\" aria-label=\"gr\u00faas2\" data-height=\"225\" data-width=\"300\">\n    <div id=\"metaslider_container_653\">\n        <div id=\"metaslider_653\">\n            <ul class='slides'>\n                <li style=\"display: block; width: 100%;\" class=\"slide-645 ms-image\" aria-roledescription=\"slide\" data-date=\"2014-10-12 09:52:00\" data-filename=\"Foto-szkolenia-uprawnienia-udt.jpg\" data-slide-type=\"image\"><img loading=\"lazy\" decoding=\"async\" src=\"https:\/\/szkolenia-udt.pl\/wp-content\/uploads\/2014\/10\/Foto-szkolenia-uprawnienia-udt.jpg\" height=\"225\" width=\"300\" alt=\"Gr\u00faas de entrenamiento\" class=\"slider-653 slide-645 msDefaultImage\" \/><\/li>\n                <li style=\"display: none; width: 100%;\" class=\"slide-646 ms-image\" aria-roledescription=\"slide\" data-date=\"2014-10-12 09:52:01\" data-filename=\"Operator-D\u017awig.jpg\" data-slide-type=\"image\"><img loading=\"lazy\" decoding=\"async\" src=\"https:\/\/szkolenia-udt.pl\/wp-content\/uploads\/2014\/10\/Operator-D\u017awig.jpg\" height=\"225\" width=\"300\" alt=\"\" class=\"slider-653 slide-646 msDefaultImage\" \/><\/li>\n                <li style=\"display: none; width: 100%;\" class=\"slide-643 ms-image\" aria-roledescription=\"slide\" data-date=\"2014-10-12 09:51:58\" data-filename=\"D\u017awig.jpg\" data-slide-type=\"image\"><img loading=\"lazy\" decoding=\"async\" src=\"https:\/\/szkolenia-udt.pl\/wp-content\/uploads\/2014\/10\/D\u017awig.jpg\" height=\"225\" width=\"300\" alt=\"\" class=\"slider-653 slide-643 msDefaultImage\" \/><\/li>\n                <li style=\"display: none; width: 100%;\" class=\"slide-644 ms-image\" aria-roledescription=\"slide\" data-date=\"2014-10-12 09:51:59\" data-filename=\"D\u017awig-foto.jpg\" data-slide-type=\"image\"><img loading=\"lazy\" decoding=\"async\" src=\"https:\/\/szkolenia-udt.pl\/wp-content\/uploads\/2014\/10\/D\u017awig-foto.jpg\" height=\"225\" width=\"300\" alt=\"Gr\u00faas de cuerda\" class=\"slider-653 slide-644 msDefaultImage\" \/><\/li>\n                <li style=\"display: none; width: 100%;\" class=\"slide-648 ms-image\" aria-roledescription=\"slide\" data-date=\"2014-10-12 09:52:02\" data-filename=\"szkolenia-d\u017awigi.jpg\" data-slide-type=\"image\"><img loading=\"lazy\" decoding=\"async\" src=\"https:\/\/szkolenia-udt.pl\/wp-content\/uploads\/2014\/10\/szkolenia-d\u017awigi.jpg\" height=\"225\" width=\"300\" alt=\"centro de formacion de operadores\" class=\"slider-653 slide-648 msDefaultImage\" \/><\/li>\n            <\/ul>\n        <\/div>\n        \n    <\/div>\n<\/div><\/div>\n<div class=\"wyjustuj\">\n<p>Las gr\u00faas de cable se clasifican como dispositivos de elevaci\u00f3n. En cuanto a su construcci\u00f3n, estas gr\u00faas se asemejan a los telef\u00e9ricos. Est\u00e1n hechos de gu\u00edas, es decir carros, o carros suspendidos en cuerdas de elevaci\u00f3n entre las torres. Gracias a ellos, puede mover f\u00e1cilmente cargas de varios tipos, incluidos materiales sueltos, por ejemplo, en obras de construcci\u00f3n. Todas las gr\u00faas de cable est\u00e1n sujetas a inspecci\u00f3n t\u00e9cnica.<\/p>\n<p><strong>Por su dise\u00f1o, las gr\u00faas se dividen en:<\/strong><\/p>\n<ul>\n<li>dispositivos con torres fijas<\/li>\n<li>dispositivos con torres deslizantes<\/li>\n<li>dispositivos con torres fijas y giratorias<\/li>\n<\/ul>\n<p>Al elegir nuestro curso para gr\u00faas de cable, recibir\u00e1 los conocimientos te\u00f3ricos necesarios y podr\u00e1 practicar sus habilidades pr\u00e1cticas relacionadas con el funcionamiento de los dispositivos. Despu\u00e9s de completar el curso, para obtener las calificaciones de la UDT, debe realizar el examen. Aprobarlo con \u00e9xito otorga la licencia para gr\u00faas de cable. \u00a1Te invitamos a estudiar con el Centro de Formaci\u00f3n de Operadores!<\/p>\n<\/div>","protected":false},"excerpt":{"rendered":"<p>D\u017awignice linotorowe zaliczane s\u0105 do urz\u0105dze\u0144 d\u017awignicowych. D\u017awignice te pod k\u0105tem swojej budowy przypominaj\u0105 kolejki linowe. S\u0105 skonstruowane z wodzak\u00f3w, czyli w\u00f3zk\u00f3w b\u0105d\u017a te\u017c z w\u00f3zk\u00f3w podwieszonych na linach no\u015bnych mi\u0119dzy wie\u017cami. Dzi\u0119ki nim mo\u017cna \u0142atwo przemieszcza\u0107 \u0142adunki r\u00f3\u017cnych typ\u00f3w, tak\u017ce materia\u0142y sypkie, na przyk\u0142ad na placach bud\u00f3w. Wszystkie d\u017awignice linotorowe podlegaj\u0105 dozorowi technicznemu. D\u017awignice [&hellip;]<\/p>\n","protected":false},"author":3,"featured_media":0,"parent":69,"menu_order":0,"comment_status":"closed","ping_status":"closed","template":"","meta":{"footnotes":""},"class_list":["post-48","page","type-page","status-publish","hentry"],"aioseo_notices":[],"_links":{"self":[{"href":"https:\/\/szkolenia-udt.pl\/es\/wp-json\/wp\/v2\/pages\/48","targetHints":{"allow":["GET"]}}],"collection":[{"href":"https:\/\/szkolenia-udt.pl\/es\/wp-json\/wp\/v2\/pages"}],"about":[{"href":"https:\/\/szkolenia-udt.pl\/es\/wp-json\/wp\/v2\/types\/page"}],"author":[{"embeddable":true,"href":"https:\/\/szkolenia-udt.pl\/es\/wp-json\/wp\/v2\/users\/3"}],"replies":[{"embeddable":true,"href":"https:\/\/szkolenia-udt.pl\/es\/wp-json\/wp\/v2\/comments?post=48"}],"version-history":[{"count":6,"href":"https:\/\/szkolenia-udt.pl\/es\/wp-json\/wp\/v2\/pages\/48\/revisions"}],"predecessor-version":[{"id":2234,"href":"https:\/\/szkolenia-udt.pl\/es\/wp-json\/wp\/v2\/pages\/48\/revisions\/2234"}],"up":[{"embeddable":true,"href":"https:\/\/szkolenia-udt.pl\/es\/wp-json\/wp\/v2\/pages\/69"}],"wp:attachment":[{"href":"https:\/\/szkolenia-udt.pl\/es\/wp-json\/wp\/v2\/media?parent=48"}],"curies":[{"name":"wp","href":"https:\/\/api.w.org\/{rel}","templated":true}]}}