{"id":4829,"date":"2023-06-30T12:47:41","date_gmt":"2023-06-30T10:47:41","guid":{"rendered":"https:\/\/szkolenia-udt.pl\/?page_id=4829"},"modified":"2023-06-30T12:47:42","modified_gmt":"2023-06-30T10:47:42","slug":"servicio-de-reparacion-y-mantenimiento-de-montacoches","status":"publish","type":"page","link":"https:\/\/szkolenia-udt.pl\/es\/serwis-naprawa-i-konserwacja-wind-samochodowych\/","title":{"rendered":"Servicio, reparaci\u00f3n y mantenimiento de elevadores de veh\u00edculos"},"content":{"rendered":"<h2 class=\"wp-block-heading\">Acerca de la empresa&nbsp;<\/h2>\n\n\n\n<p>Operamos en <a href=\"https:\/\/szkolenia-udt.pl\/es\/o-firmie\/\">Centro de Formaci\u00f3n de Operadores<\/a> OSO existe desde hace m\u00e1s de 15 a\u00f1os, pero nuestra experiencia se remonta a m\u00e1s de 20 a\u00f1os. Prestamos servicios integrales relacionados con el servicio, el mantenimiento y la asistencia UDT. Nuestra sede central se encuentra en Varsovia, pero disponemos de sucursales en toda Polonia. &nbsp;<\/p>\n\n\n\n<p>Reparamos y mantenemos toda la maquinaria de elevaci\u00f3n. Colaboramos con diversas instituciones, como la Oficina de Inspecci\u00f3n T\u00e9cnica y la Asociaci\u00f3n de Electricistas Polacos. Nuestro personal est\u00e1 formado por especialistas altamente cualificados y con gran experiencia. Gracias a ellos, realizamos todos los encargos de forma fiable y puntual.&nbsp;<\/p>\n\n\n\n<h2 class=\"wp-block-heading\">Oferta&nbsp;<\/h2>\n\n\n\n<p>Tratamos cada trabajo de forma individualizada y ofrecemos asesoramiento profesional. Disponemos de todas las autorizaciones para realizar trabajos de servicio o mantenimiento. Tambi\u00e9n podemos realizar trabajos complejos y poco habituales. En el d\u00eda a d\u00eda, impartimos formaci\u00f3n sobre el funcionamiento y el mantenimiento de diversos tipos de equipos y gestionamos nuestro propio servicio.&nbsp;<\/p>\n\n\n<div class=\"wp-block-image\">\n<figure class=\"alignright size-large is-resized\"><a href=\"https:\/\/szkolenia-udt.pl\/wp-content\/uploads\/2023\/05\/whdh.png\"><img loading=\"lazy\" decoding=\"async\" src=\"https:\/\/szkolenia-udt.pl\/wp-content\/uploads\/2023\/05\/whdh-1024x693.png\" alt=\"Mantenimiento e inspecci\u00f3n del elevador de carga \" class=\"wp-image-4832\" width=\"512\" height=\"347\" srcset=\"https:\/\/szkolenia-udt.pl\/wp-content\/uploads\/2023\/05\/whdh-1024x693.png 1024w, https:\/\/szkolenia-udt.pl\/wp-content\/uploads\/2023\/05\/whdh-300x203.png 300w, https:\/\/szkolenia-udt.pl\/wp-content\/uploads\/2023\/05\/whdh-768x520.png 768w, https:\/\/szkolenia-udt.pl\/wp-content\/uploads\/2023\/05\/whdh-18x12.png 18w, https:\/\/szkolenia-udt.pl\/wp-content\/uploads\/2023\/05\/whdh.png 1137w\" sizes=\"auto, (max-width: 512px) 100vw, 512px\" \/><\/a><\/figure>\n<\/div>\n\n\n<h3 class=\"wp-block-heading\">En nuestra oferta tambi\u00e9n encontrar\u00e1:&nbsp;<\/h3>\n\n\n\n<ul class=\"wp-block-list\">\n<li>realizar las reparaciones y el mantenimiento de los ascensores;&nbsp;<\/li>\n\n\n\n<li>realizar comprobaciones de mantenimiento;&nbsp;<\/li>\n\n\n\n<li>preparaci\u00f3n de la documentaci\u00f3n;&nbsp;<\/li>\n\n\n\n<li>reparaci\u00f3n de plataformas m\u00f3viles y modernizaci\u00f3n de gr\u00faas;&nbsp;<\/li>\n\n\n\n<li>la realizaci\u00f3n de ex\u00e1menes peri\u00f3dicos;&nbsp;<\/li>\n\n\n\n<li>redactar la documentaci\u00f3n de la maquinaria adquirida en el extranjero;&nbsp;<\/li>\n\n\n\n<li>organizaciones de formaci\u00f3n.&nbsp;<\/li>\n<\/ul>\n\n\n\n<p>Ofrecemos un servicio m\u00f3vil de elevadores de carga en toda Polonia con acceso al cliente. Prestamos servicios profesionales. Disponemos de una amplia gama de piezas de repuesto para plataformas m\u00f3viles de cualquier fabricante. Nos ocupamos de aver\u00edas en los sistemas el\u00e9ctricos e hidr\u00e1ulicos. &nbsp;<\/p>\n\n\n\n<p>Garantizamos un diagn\u00f3stico de aver\u00edas preciso y r\u00e1pido. Adem\u00e1s, regeneramos actuadores y realizamos inspecciones de mantenimiento de acuerdo con las directrices de la UDT. Nuestros empleados mejoran constantemente sus habilidades y ampl\u00edan sus conocimientos en cursos especializados. Con nosotros, tiene garantizada la m\u00e1xima profesionalidad.&nbsp;&nbsp;<\/p>\n\n\n\n<h2 class=\"wp-block-heading\">Reparaci\u00f3n de aver\u00edas en elevadores de camiones y plataformas de carga&nbsp;&nbsp;<\/h2>\n\n\n\n<p>Los modernos elevadores de carga agilizan considerablemente la log\u00edstica y la manipulaci\u00f3n de mercanc\u00edas. El sector de la log\u00edstica se caracteriza por un alto nivel de dinamismo y suele funcionar las 24 horas del d\u00eda. Por ello, cualquier fallo de los elevadores puede provocar tiempos de inactividad y, por tanto, p\u00e9rdidas econ\u00f3micas para las empresas de transporte. &nbsp;<\/p>\n\n\n\n<p>Por eso llevamos a cabo nuestro servicio de forma experta y expresa en las instalaciones del cliente. Tambi\u00e9n nos complace realizar inspecciones peri\u00f3dicas y preparar la documentaci\u00f3n UDT necesaria.&nbsp;&nbsp;<\/p>\n\n\n\n<p>La multitud de soluciones disponibles en el mercado implica que, para dar servicio a las plataformas, hay que tener un amplio conocimiento que hay que ampliar sistem\u00e1ticamente. Nuestros empleados mejoran sus conocimientos cada d\u00eda. Realizamos reparaciones para todos los fabricantes. Ofrecemos un diagn\u00f3stico r\u00e1pido y fiable. Disponemos de un almac\u00e9n bien surtido de piezas originales y de recambio. Como resultado, sustituimos los componentes del sistema sin esperar un pedido, lo que acelera significativamente el tiempo de inactividad y la vuelta al funcionamiento correcto de la m\u00e1quina. Si su elevador ha sufrido una aver\u00eda, p\u00f3ngase en contacto con nosotros.&nbsp;<\/p>\n\n\n\n<h2 class=\"wp-block-heading\">Elevadores de veh\u00edculos: \u00bfqu\u00e9 son? \u00bfPara qu\u00e9 sirven?<\/h2>\n\n\n<div class=\"wp-block-image\">\n<figure class=\"alignright size-full is-resized\"><a href=\"https:\/\/szkolenia-udt.pl\/wp-content\/uploads\/2023\/05\/egtegedh-1.png\"><img loading=\"lazy\" decoding=\"async\" src=\"https:\/\/szkolenia-udt.pl\/wp-content\/uploads\/2023\/05\/egtegedh-1.png\" alt=\"Entrada de coches con gr\u00faa\" class=\"wp-image-4838\" width=\"515\" height=\"344\" srcset=\"https:\/\/szkolenia-udt.pl\/wp-content\/uploads\/2023\/05\/egtegedh-1.png 878w, https:\/\/szkolenia-udt.pl\/wp-content\/uploads\/2023\/05\/egtegedh-1-300x200.png 300w, https:\/\/szkolenia-udt.pl\/wp-content\/uploads\/2023\/05\/egtegedh-1-768x513.png 768w, https:\/\/szkolenia-udt.pl\/wp-content\/uploads\/2023\/05\/egtegedh-1-18x12.png 18w\" sizes=\"auto, (max-width: 515px) 100vw, 515px\" \/><\/a><\/figure>\n<\/div>\n\n\n<p><strong>Elevadores de coches<\/strong> son una soluci\u00f3n poco frecuente pero muy funcional que puede encontrarse en edificios privados o p\u00fablicos. Son una opci\u00f3n excelente en zonas con poco espacio para dar cabida al mayor n\u00famero posible de veh\u00edculos.&nbsp;&nbsp;<\/p>\n\n\n\n<p>Se trata de plataformas m\u00f3viles que permiten elevar un veh\u00edculo hasta una altura determinada sin obst\u00e1culos. Funcionan bien en aparcamientos subterr\u00e1neos o de superficie donde hay pocas plazas. En esta situaci\u00f3n, un coche puede estar encima y otro debajo.&nbsp;&nbsp;<\/p>\n\n\n\n<p>Los ascensores tambi\u00e9n se utilizan en plantas industriales y otros lugares en los que es necesario elevar varios veh\u00edculos a pisos m\u00e1s altos.&nbsp;<\/p>\n\n\n\n<p>Los elevadores VL (un tipo de montacargas hidr\u00e1ulico) son adecuados para el transporte de autom\u00f3viles. Est\u00e1n disponibles en tres versiones est\u00e1ndar, cada una de ellas con un certificado de examen CE de dise\u00f1o:&nbsp;<\/p>\n\n\n\n<figure class=\"wp-block-table\"><table><tbody><tr><td>Gr\u00faas m\u00f3viles VL&nbsp;&nbsp;<\/td><td>Capacidad de carga y dimensiones de la cabina&nbsp;<\/td><\/tr><tr><td>VL30&nbsp;<\/td><td>3.000 kg; 2,4 x 5,3 m y 2,3 m de ancho de puerta&nbsp;&nbsp;<\/td><\/tr><tr><td>VL35&nbsp;&nbsp;<\/td><td>3.500 kg; 2,7 x 5,6 m y 2,4 m de ancho de puerta&nbsp;&nbsp;<\/td><\/tr><tr><td>VL40&nbsp;<\/td><td>4.000 kg; 2,8 x 6,0 m y 2,6 m de ancho de puerta&nbsp;&nbsp;<\/td><\/tr><\/tbody><\/table><\/figure>\n\n\n\n<p>Recomendamos las versiones VL40 y VL35, ya que s\u00f3lo estos elevadores permiten transportar todos los turismos fabricados en serie, incluidos los SUV estadounidenses m\u00e1s grandes.&nbsp;<\/p>\n\n\n\n<p>Los VL est\u00e1n fabricados con la tecnolog\u00eda GMV 1:1 -la tecnolog\u00eda de tracci\u00f3n directa 1:1 \u00fanica en el mundo-, el suelo de la cabina no se hunde al entrar en el veh\u00edculo y las ventanillas del ascensor tienen un tama\u00f1o extremadamente reducido en comparaci\u00f3n con el tama\u00f1o de la cabina.&nbsp;<\/p>\n\n\n\n<p>Sirven para aparcamientos subterr\u00e1neos y en superficie de varias plantas. Suelen ser la \u00fanica soluci\u00f3n para plazas de garaje bajo edificios en el centro de las ciudades. Un ascensor en un peque\u00f1o garaje bajo un edificio, en lugar de una salida t\u00edpica, ahorra entre 5 y 9 plazas de aparcamiento por planta.&nbsp;&nbsp;<\/p>\n\n\n\n<h2 class=\"wp-block-heading\">C\u00f3mo funcionan los elevadores de coches&nbsp;<\/h2>\n\n\n<div class=\"wp-block-image\">\n<figure class=\"alignright size-large is-resized\"><a href=\"https:\/\/szkolenia-udt.pl\/wp-content\/uploads\/2023\/05\/sghrjr.png\"><img loading=\"lazy\" decoding=\"async\" src=\"https:\/\/szkolenia-udt.pl\/wp-content\/uploads\/2023\/05\/sghrjr-1024x678.png\" alt=\"ascensor - garaje\" class=\"wp-image-4833\" width=\"512\" height=\"339\" srcset=\"https:\/\/szkolenia-udt.pl\/wp-content\/uploads\/2023\/05\/sghrjr-1024x678.png 1024w, https:\/\/szkolenia-udt.pl\/wp-content\/uploads\/2023\/05\/sghrjr-300x199.png 300w, https:\/\/szkolenia-udt.pl\/wp-content\/uploads\/2023\/05\/sghrjr-768x508.png 768w, https:\/\/szkolenia-udt.pl\/wp-content\/uploads\/2023\/05\/sghrjr-18x12.png 18w, https:\/\/szkolenia-udt.pl\/wp-content\/uploads\/2023\/05\/sghrjr.png 1065w\" sizes=\"auto, (max-width: 512px) 100vw, 512px\" \/><\/a><\/figure>\n<\/div>\n\n\n<p>Los sistemas de elevaci\u00f3n en montacoches son muy compactos y s\u00f3lo requieren una depresi\u00f3n poco profunda en la superficie. Los sistemas de elevaci\u00f3n en montacoches son muy compactos y s\u00f3lo requieren una depresi\u00f3n poco profunda en la superficie del suelo. Funcionan bien incluso en espacios muy reducidos, ya que no ocupan mucho espacio. Con la ayuda de una cadena especial, se produce una elevaci\u00f3n continua y sin esfuerzo de veh\u00edculos pesados.&nbsp;&nbsp;<\/p>\n\n\n\n<p>Esta soluci\u00f3n funciona mejor en instalaciones p\u00fablicas, donde el tr\u00e1fico es mucho mayor que en edificios privados. Los ascensores tienen sistemas de control y a menudo siguen teniendo una cabina de cristal con puertas y ventanas.&nbsp;&nbsp;<\/p>\n\n\n\n<p>Su funcionamiento no difiere demasiado del de los ascensores de pasajeros cl\u00e1sicos. En cambio, los montacoches son mucho m\u00e1s grandes y robustos, y algunos pueden elevar veh\u00edculos de hasta 60 toneladas.&nbsp;<\/p>\n\n\n\n<h2 class=\"wp-block-heading\">Tipos de inspecci\u00f3n t\u00e9cnica&nbsp;<\/h2>\n\n\n\n<p>Un elevador de coches s\u00f3lo podr\u00e1 homologarse para su uso si est\u00e1 marcado con las instrucciones proporcionadas por el fabricante.&nbsp;&nbsp;<\/p>\n\n\n<div class=\"wp-block-image\">\n<figure class=\"alignright size-large is-resized\"><a href=\"https:\/\/szkolenia-udt.pl\/wp-content\/uploads\/2023\/05\/bdfnfjf.png\"><img loading=\"lazy\" decoding=\"async\" src=\"https:\/\/szkolenia-udt.pl\/wp-content\/uploads\/2023\/05\/bdfnfjf-1024x689.png\" alt=\"ascensor con coches aparcados\" class=\"wp-image-4834\" width=\"512\" height=\"345\" srcset=\"https:\/\/szkolenia-udt.pl\/wp-content\/uploads\/2023\/05\/bdfnfjf-1024x689.png 1024w, https:\/\/szkolenia-udt.pl\/wp-content\/uploads\/2023\/05\/bdfnfjf-300x202.png 300w, https:\/\/szkolenia-udt.pl\/wp-content\/uploads\/2023\/05\/bdfnfjf-768x517.png 768w, https:\/\/szkolenia-udt.pl\/wp-content\/uploads\/2023\/05\/bdfnfjf-18x12.png 18w, https:\/\/szkolenia-udt.pl\/wp-content\/uploads\/2023\/05\/bdfnfjf.png 1045w\" sizes=\"auto, (max-width: 512px) 100vw, 512px\" \/><\/a><\/figure>\n<\/div>\n\n\n<p>Antes de instalar el ascensor es necesario obtener el permiso de la Oficina de Inspecci\u00f3n T\u00e9cnica y la documentaci\u00f3n correspondiente. El correcto funcionamiento depende del mantenimiento c\u00edclico del equipo, especialmente en el caso de los ascensores con una capacidad de carga superior a 250 kg. Durante la inspecci\u00f3n, se comprueba el estado t\u00e9cnico del equipo, as\u00ed como la correcci\u00f3n del marcado y la integridad y el cumplimiento de los documentos. El inspector inspecciona la correcta instalaci\u00f3n del elevador de carga en el chasis del cami\u00f3n y realiza pruebas de funcionamiento con la carga, asegur\u00e1ndose as\u00ed de que todos los mecanismos y elementos de seguridad de la plataforma funcionan correctamente.&nbsp;&nbsp;<\/p>\n\n\n\n<p>Una vez superada la prueba de aceptaci\u00f3n, el inspector cumplimenta un protocolo que da lugar a una decisi\u00f3n por la que se autoriza el uso del elevador de carga.&nbsp;<\/p>","protected":false},"excerpt":{"rendered":"<p>O firmie&nbsp; Dzia\u0142amy w O\u015brodku Szkolenia Operator\u00f3w OSO od ponad 15 lat, ale nasze do\u015bwiadczenie si\u0119ga ponad 20 lat wstecz. \u015awiadczymy kompleksowe us\u0142ugi zwi\u0105zane z serwisem, konserwacj\u0105 i obs\u0142ug\u0105 UDT. Siedziba naszej firmy znajduje si\u0119 w Warszawie, ale mamy dost\u0119pne oddzia\u0142y na terenie ca\u0142ej Polski. &nbsp; Naprawiamy i konserwujemy wszelkie maszyny d\u017awigowe. Wsp\u00f3\u0142pracujemy z r\u00f3\u017cnymi [&hellip;]<\/p>\n","protected":false},"author":10,"featured_media":4838,"parent":0,"menu_order":0,"comment_status":"closed","ping_status":"closed","template":"","meta":{"footnotes":""},"class_list":["post-4829","page","type-page","status-publish","has-post-thumbnail","hentry"],"aioseo_notices":[],"_links":{"self":[{"href":"https:\/\/szkolenia-udt.pl\/es\/wp-json\/wp\/v2\/pages\/4829","targetHints":{"allow":["GET"]}}],"collection":[{"href":"https:\/\/szkolenia-udt.pl\/es\/wp-json\/wp\/v2\/pages"}],"about":[{"href":"https:\/\/szkolenia-udt.pl\/es\/wp-json\/wp\/v2\/types\/page"}],"author":[{"embeddable":true,"href":"https:\/\/szkolenia-udt.pl\/es\/wp-json\/wp\/v2\/users\/10"}],"replies":[{"embeddable":true,"href":"https:\/\/szkolenia-udt.pl\/es\/wp-json\/wp\/v2\/comments?post=4829"}],"version-history":[{"count":8,"href":"https:\/\/szkolenia-udt.pl\/es\/wp-json\/wp\/v2\/pages\/4829\/revisions"}],"predecessor-version":[{"id":4842,"href":"https:\/\/szkolenia-udt.pl\/es\/wp-json\/wp\/v2\/pages\/4829\/revisions\/4842"}],"wp:featuredmedia":[{"embeddable":true,"href":"https:\/\/szkolenia-udt.pl\/es\/wp-json\/wp\/v2\/media\/4838"}],"wp:attachment":[{"href":"https:\/\/szkolenia-udt.pl\/es\/wp-json\/wp\/v2\/media?parent=4829"}],"curies":[{"name":"wp","href":"https:\/\/api.w.org\/{rel}","templated":true}]}}