{"id":4843,"date":"2023-06-30T12:48:46","date_gmt":"2023-06-30T10:48:46","guid":{"rendered":"https:\/\/szkolenia-udt.pl\/?page_id=4843"},"modified":"2023-06-30T12:48:47","modified_gmt":"2023-06-30T10:48:47","slug":"servicio-de-gruas-en-el-centro-de-formacion-de-operadores","status":"publish","type":"page","link":"https:\/\/szkolenia-udt.pl\/es\/serwis-zurawi-w-osrodku-szkolenia-operatorow\/","title":{"rendered":"Servicio de gr\u00faa en el Centro de Formaci\u00f3n de Operarios\u00a0"},"content":{"rendered":"<p>OSO est\u00e1 comprometido con la calidad de sus servicios. Dividimos el mantenimiento en mantenimiento de emergencia (en respuesta a una aver\u00eda) y mantenimiento planificado.&nbsp;<\/p>\n\n\n\n<h2 class=\"wp-block-heading\">\u00bfQu\u00e9 distingue a los trabajos de mantenimiento planificado?&nbsp;<\/h2>\n\n\n\n<p>Independientemente de las medidas de mantenimiento adoptadas, cada componente tiene una vida \u00fatil espec\u00edfica y depende de una serie de factores. Por ello, todas las gr\u00faas tienen un l\u00edmite de tiempo para el desgaste natural de las piezas individuales. En muchos contratos de venta de equipos nuevos se a\u00f1aden ap\u00e9ndices en los que se indican estos componentes y las instrucciones para su correcto funcionamiento y sustituci\u00f3n. Adem\u00e1s, es tarea del t\u00e9cnico de mantenimiento comprobar el estado de los componentes de forma continua, determinando el grado de desgaste tras un periodo de uso determinado. Un buen t\u00e9cnico de servicio te informar\u00e1 con antelaci\u00f3n de la necesidad de reparaci\u00f3n o sustituci\u00f3n y te dar\u00e1 sugerencias para que puedas estar preparado pronto.&nbsp;<\/p>\n\n\n<div class=\"wp-block-image\">\n<figure class=\"alignright size-large is-resized\"><a href=\"https:\/\/szkolenia-udt.pl\/wp-content\/uploads\/2023\/05\/screen_2x-2023-05-04T205807.892.jpg\"><img loading=\"lazy\" decoding=\"async\" src=\"https:\/\/szkolenia-udt.pl\/wp-content\/uploads\/2023\/05\/screen_2x-2023-05-04T205807.892-1024x500.jpg\" alt=\"Reparaciones profesionales in situ\" class=\"wp-image-4844\" width=\"512\" height=\"250\" srcset=\"https:\/\/szkolenia-udt.pl\/wp-content\/uploads\/2023\/05\/screen_2x-2023-05-04T205807.892-1024x500.jpg 1024w, https:\/\/szkolenia-udt.pl\/wp-content\/uploads\/2023\/05\/screen_2x-2023-05-04T205807.892-300x146.jpg 300w, https:\/\/szkolenia-udt.pl\/wp-content\/uploads\/2023\/05\/screen_2x-2023-05-04T205807.892-768x375.jpg 768w, https:\/\/szkolenia-udt.pl\/wp-content\/uploads\/2023\/05\/screen_2x-2023-05-04T205807.892-1536x750.jpg 1536w, https:\/\/szkolenia-udt.pl\/wp-content\/uploads\/2023\/05\/screen_2x-2023-05-04T205807.892-18x9.jpg 18w, https:\/\/szkolenia-udt.pl\/wp-content\/uploads\/2023\/05\/screen_2x-2023-05-04T205807.892.jpg 1600w\" sizes=\"auto, (max-width: 512px) 100vw, 512px\" \/><\/a><\/figure>\n<\/div>\n\n\n<h2 class=\"wp-block-heading\">Parte del trabajo del servicio est\u00e1 previsto por:&nbsp;<\/h2>\n\n\n\n<ul class=\"wp-block-list\">\n<li>cambios en la legislaci\u00f3n que impongan nuevas obligaciones a los usuarios;&nbsp;<\/li>\n\n\n\n<li>desarrollo empresarial;&nbsp;<\/li>\n\n\n\n<li>oportunidades para mejorar la ergonom\u00eda del manejo de las gr\u00faas;&nbsp;<\/li>\n\n\n\n<li>modificaci\u00f3n del perfil de producci\u00f3n.&nbsp;<\/li>\n<\/ul>\n\n\n\n<p>En las gr\u00faas m\u00e1s antiguas, el problema puede ser el reducido n\u00famero de piezas de repuesto disponibles o la falta de compatibilidad con las nuevas tecnolog\u00edas, por no hablar de la seguridad de los trabajos. Nuestros especialistas llevar\u00e1n a cabo el reacondicionamiento del equipo, por ejemplo, la sustituci\u00f3n de la fuente de alimentaci\u00f3n, la instalaci\u00f3n de radiomandos y mucho m\u00e1s. El trabajo meditado y cuidadosamente planificado es el sello distintivo de nuestras actividades. Incluyen inspecciones iniciales y especiales, informes periciales y evaluaciones del estado. Todo ello realizado por nuestro equipo de expertos.&nbsp;<\/p>\n\n\n\n<h2 class=\"wp-block-heading\">Respuesta adecuada a las emergencias&nbsp;<\/h2>\n\n\n<div class=\"wp-block-image\">\n<figure class=\"alignright size-large is-resized\"><a href=\"https:\/\/szkolenia-udt.pl\/wp-content\/uploads\/2023\/05\/screen_2x-2023-05-04T205720.559.jpg\"><img loading=\"lazy\" decoding=\"async\" src=\"https:\/\/szkolenia-udt.pl\/wp-content\/uploads\/2023\/05\/screen_2x-2023-05-04T205720.559-1024x673.jpg\" alt=\"gr\u00faa in situ\" class=\"wp-image-4847\" width=\"512\" height=\"337\" srcset=\"https:\/\/szkolenia-udt.pl\/wp-content\/uploads\/2023\/05\/screen_2x-2023-05-04T205720.559-1024x673.jpg 1024w, https:\/\/szkolenia-udt.pl\/wp-content\/uploads\/2023\/05\/screen_2x-2023-05-04T205720.559-300x197.jpg 300w, https:\/\/szkolenia-udt.pl\/wp-content\/uploads\/2023\/05\/screen_2x-2023-05-04T205720.559-768x505.jpg 768w, https:\/\/szkolenia-udt.pl\/wp-content\/uploads\/2023\/05\/screen_2x-2023-05-04T205720.559-1536x1010.jpg 1536w, https:\/\/szkolenia-udt.pl\/wp-content\/uploads\/2023\/05\/screen_2x-2023-05-04T205720.559-18x12.jpg 18w, https:\/\/szkolenia-udt.pl\/wp-content\/uploads\/2023\/05\/screen_2x-2023-05-04T205720.559.jpg 1600w\" sizes=\"auto, (max-width: 512px) 100vw, 512px\" \/><\/a><\/figure>\n<\/div>\n\n\n<p>Nuestro objetivo es garantizar que el mantenimiento de los equipos de gr\u00faa m\u00e1s antiguos (como las gr\u00faas) reduzca los fallos y las aver\u00edas. Los equipos nuevos deben mantenerse en servicio el mayor tiempo posible, prolongando la vida \u00fatil de sus componentes y configur\u00e1ndolos correctamente. No hay que olvidar que en las posibles aver\u00edas influyen otros factores no estrictamente relacionados con el estado t\u00e9cnico, y son la antig\u00fcedad de los equipos y componentes, las duras condiciones de trabajo y la calidad del servicio del operador. OSO responde r\u00e1pidamente a los informes de aver\u00edas mediante la celebraci\u00f3n de contratos permanentes o individuales seg\u00fan lo acordado.&nbsp;<\/p>\n\n\n\n<h2 class=\"wp-block-heading\">\u00bfC\u00f3mo se ve esto en la pr\u00e1ctica?&nbsp;<\/h2>\n\n\n\n<ul class=\"wp-block-list\">\n<li>Las condiciones comerciales se acuerdan con cada cliente, nuestro vendedor las confirma por correo electr\u00f3nico y presenta una lista de precios de los servicios.\u00a0<\/li>\n\n\n\n<li>El empleado del servicio t\u00e9cnico se pone en contacto con el contratista a la hora acordada seg\u00fan el contrato. Para completar la informaci\u00f3n sobre la necesidad de piezas de repuesto o trabajos de servicio espec\u00edficos y evaluar la situaci\u00f3n.&nbsp;<\/li>\n\n\n\n<li>Tenga en cuenta las preguntas relacionadas con el acceso al dispositivo y las condiciones de servicio.&nbsp;<\/li>\n\n\n\n<li>Acordamos una fecha para la llegada de nuestro equipo de servicio. Para los contratos regulados por registros - esto es muy r\u00e1pido.&nbsp;<\/li>\n\n\n\n<li>Al final del trabajo de mantenimiento, entregamos un informe de mantenimiento de la gr\u00faa, que incluye principalmente: fallos encontrados, tiempo de trabajo, alcance del trabajo realizado, n\u00famero de t\u00e9cnicos de mantenimiento y recomendaciones adicionales.&nbsp;<\/li>\n\n\n\n<li>Si no es posible eliminar la aver\u00eda durante la primera visita de servicio, determinaremos el curso ulterior de los acontecimientos.&nbsp;<\/li>\n<\/ul>\n\n\n\n<p>Sabemos lo importante que es la comunicaci\u00f3n con el cliente, que quiere conocer lo antes posible el destino de la m\u00e1quina y poder continuar con la producci\u00f3n. Por eso insistimos en que nuestros empleados sean capaces de proporcionar informaci\u00f3n espec\u00edfica. Estaremos encantados de asesorarle, ayudarle y responder a sus preguntas. Estaremos encantados de atenderle.&nbsp;<\/p>\n\n\n\n<h2 class=\"wp-block-heading\">Normativa y mantenimiento de gr\u00faas&nbsp;<\/h2>\n\n\n<div class=\"wp-block-image\">\n<figure class=\"alignright size-large is-resized\"><a href=\"https:\/\/szkolenia-udt.pl\/wp-content\/uploads\/2023\/05\/canva-bez-tytulu-MAEGxB8unE0.jpg\"><img loading=\"lazy\" decoding=\"async\" src=\"https:\/\/szkolenia-udt.pl\/wp-content\/uploads\/2023\/05\/canva-bez-tytulu-MAEGxB8unE0-1024x681.jpg\" alt=\"mantenimiento de la gr\u00faa torre\" class=\"wp-image-4846\" width=\"512\" height=\"341\" srcset=\"https:\/\/szkolenia-udt.pl\/wp-content\/uploads\/2023\/05\/canva-bez-tytulu-MAEGxB8unE0-1024x681.jpg 1024w, https:\/\/szkolenia-udt.pl\/wp-content\/uploads\/2023\/05\/canva-bez-tytulu-MAEGxB8unE0-300x200.jpg 300w, https:\/\/szkolenia-udt.pl\/wp-content\/uploads\/2023\/05\/canva-bez-tytulu-MAEGxB8unE0-768x511.jpg 768w, https:\/\/szkolenia-udt.pl\/wp-content\/uploads\/2023\/05\/canva-bez-tytulu-MAEGxB8unE0-1536x1021.jpg 1536w, https:\/\/szkolenia-udt.pl\/wp-content\/uploads\/2023\/05\/canva-bez-tytulu-MAEGxB8unE0-18x12.jpg 18w, https:\/\/szkolenia-udt.pl\/wp-content\/uploads\/2023\/05\/canva-bez-tytulu-MAEGxB8unE0.jpg 1600w\" sizes=\"auto, (max-width: 512px) 100vw, 512px\" \/><\/a><\/figure>\n<\/div>\n\n\n<p>Llevamos a cabo nuestras actividades sobre la base de las disposiciones del Reglamento del Ministerio de Emprendimiento y Tecnolog\u00eda de 30 de octubre de 2018 sobre las condiciones t\u00e9cnicas de supervisi\u00f3n t\u00e9cnica en la operaci\u00f3n, reparaci\u00f3n y modernizaci\u00f3n de equipos de manipulaci\u00f3n de materiales. Las directrices detalladas relacionadas con el mantenimiento de la gr\u00faa y los componentes o el establecimiento de plazos para estas actividades suelen estar escritas en el manual, que tiene prioridad de aplicaci\u00f3n. Por favor, facilite esta informaci\u00f3n y tome las medidas oportunas.&nbsp;<\/p>\n\n\n\n<h2 class=\"wp-block-heading\">\u00bfQu\u00e9 incluye el mantenimiento de las gr\u00faas?&nbsp;<\/h2>\n\n\n\n<figure class=\"wp-block-table\"><table><tbody><tr><td><strong>Consulte<\/strong>&nbsp;<\/td><td><strong>Inspecci\u00f3n visual del estado&nbsp;<\/strong><\/td><td><strong>Repare<\/strong>&nbsp;<\/td><\/tr><tr><td>el estado de los mecanismos de accionamiento, del sistema de frenado y de los enganches de los montajes;&nbsp;&nbsp;<\/td><td>la superestructura -con especial referencia a las conexiones desmontables y soldadas-, la v\u00eda de rodadura del polipasto;&nbsp;&nbsp;<\/td><td>ajuste de frenos, rellenado y apriete de tornillos, lubricaci\u00f3n, etc;&nbsp;<\/td><\/tr><tr><td>dispositivos de control, dispositivos de se\u00f1alizaci\u00f3n, dispositivos de alumbrado, componentes de seguridad, topes de funcionamiento, correcci\u00f3n del funcionamiento;&nbsp;<\/td><td>los elementos de fijaci\u00f3n de la gr\u00faa en la obra, la instalaci\u00f3n de protecci\u00f3n contra descargas el\u00e9ctricas;&nbsp;&nbsp;<\/td><td>rectificaci\u00f3n de aver\u00edas.&nbsp;<\/td><\/tr><\/tbody><\/table><\/figure>\n\n\n\n<h2 class=\"wp-block-heading\">Llevamos registros de mantenimiento e inspecci\u00f3n&nbsp;<\/h2>\n\n\n<div class=\"wp-block-image\">\n<figure class=\"alignright size-large is-resized\"><a href=\"https:\/\/szkolenia-udt.pl\/wp-content\/uploads\/2023\/05\/screen_2x-2023-05-04T205756.134.jpg\"><img loading=\"lazy\" decoding=\"async\" src=\"https:\/\/szkolenia-udt.pl\/wp-content\/uploads\/2023\/05\/screen_2x-2023-05-04T205756.134-678x1024.jpg\" alt=\"servicio, reparaci\u00f3n y mantenimiento de gr\u00faas\" class=\"wp-image-4845\" width=\"339\" height=\"512\" srcset=\"https:\/\/szkolenia-udt.pl\/wp-content\/uploads\/2023\/05\/screen_2x-2023-05-04T205756.134-678x1024.jpg 678w, https:\/\/szkolenia-udt.pl\/wp-content\/uploads\/2023\/05\/screen_2x-2023-05-04T205756.134-199x300.jpg 199w, https:\/\/szkolenia-udt.pl\/wp-content\/uploads\/2023\/05\/screen_2x-2023-05-04T205756.134-768x1160.jpg 768w, https:\/\/szkolenia-udt.pl\/wp-content\/uploads\/2023\/05\/screen_2x-2023-05-04T205756.134-1017x1536.jpg 1017w, https:\/\/szkolenia-udt.pl\/wp-content\/uploads\/2023\/05\/screen_2x-2023-05-04T205756.134-8x12.jpg 8w, https:\/\/szkolenia-udt.pl\/wp-content\/uploads\/2023\/05\/screen_2x-2023-05-04T205756.134.jpg 1059w\" sizes=\"auto, (max-width: 339px) 100vw, 339px\" \/><\/a><\/figure>\n<\/div>\n\n\n<p>Cada servicio o reparaci\u00f3n realizados se registran en un libro de registro, que debe conservar el usuario. No obstante, nos esforzamos al m\u00e1ximo por satisfacer las necesidades de nuestros clientes y, si lo solicitan, podemos crear dicho diario para cada equipo que posean. Adem\u00e1s, en el protocolo de inspecci\u00f3n se anotar\u00e1 lo siguiente:&nbsp;<\/p>\n\n\n\n<ul class=\"wp-block-list\">\n<li>N\u00famero de empleados que realizan la revisi\u00f3n;&nbsp;<\/li>\n\n\n\n<li>Duraci\u00f3n del mantenimiento de la gr\u00faa;&nbsp;<\/li>\n\n\n\n<li>Resultados de los trabajos de revisi\u00f3n y mantenimiento;&nbsp;<\/li>\n\n\n\n<li>Notas sobre el estado del aparato;&nbsp;<\/li>\n\n\n\n<li>Recomendaciones para trabajos adicionales y sustituci\u00f3n de piezas en servicio;&nbsp;<\/li>\n\n\n\n<li>Propuestas para la preparaci\u00f3n de piezas de recambio como existencias de emergencia.&nbsp;<\/li>\n<\/ul>\n\n\n\n<p>Emitimos facturas bas\u00e1ndonos en el diario de a bordo. Notificamos inmediatamente al usuario cualquier problema que se haya producido y que haya provocado que el equipo deje de funcionar, y lo registramos en el cuaderno de bit\u00e1cora.&nbsp;<\/p>\n\n\n\n<p>Le invitamos a ponerse en contacto con nosotros para discutir los detalles de nuestros servicios en el campo de servicio, reparaci\u00f3n y mantenimiento de m\u00e1quinas, incluyendo gr\u00faas o gr\u00faas de construcci\u00f3n. Prestamos nuestros servicios en toda Polonia. \u00a1Tambi\u00e9n ofrecemos viajes al cliente! <\/p>","protected":false},"excerpt":{"rendered":"<p>Firma OSO stawia na jako\u015b\u0107 wykonywanych us\u0142ug. Konserwacj\u0119 dzielimy na awaryjn\u0105 (w odpowiedzi na usterk\u0119) i planowan\u0105.&nbsp; Czym wyr\u00f3\u017cniaj\u0105 si\u0119 prace konserwacyjne planowane?&nbsp; Niezale\u017cnie od podj\u0119tych dzia\u0142a\u0144 serwisowych, ka\u017cdy z element\u00f3w ma okre\u015blon\u0105 d\u0142ugo\u015b\u0107 eksploatacji oraz jest zale\u017cny od wielu czynnik\u00f3w. Dlatego te\u017c, wszystkim \u017curawiom okre\u015bla si\u0119 czas naturalnego zu\u017cycia poszczeg\u00f3lnych cz\u0119\u015bci. W wielu umowach [&hellip;]<\/p>\n","protected":false},"author":10,"featured_media":4844,"parent":0,"menu_order":0,"comment_status":"closed","ping_status":"closed","template":"","meta":{"footnotes":""},"class_list":["post-4843","page","type-page","status-publish","has-post-thumbnail","hentry"],"aioseo_notices":[],"_links":{"self":[{"href":"https:\/\/szkolenia-udt.pl\/es\/wp-json\/wp\/v2\/pages\/4843","targetHints":{"allow":["GET"]}}],"collection":[{"href":"https:\/\/szkolenia-udt.pl\/es\/wp-json\/wp\/v2\/pages"}],"about":[{"href":"https:\/\/szkolenia-udt.pl\/es\/wp-json\/wp\/v2\/types\/page"}],"author":[{"embeddable":true,"href":"https:\/\/szkolenia-udt.pl\/es\/wp-json\/wp\/v2\/users\/10"}],"replies":[{"embeddable":true,"href":"https:\/\/szkolenia-udt.pl\/es\/wp-json\/wp\/v2\/comments?post=4843"}],"version-history":[{"count":2,"href":"https:\/\/szkolenia-udt.pl\/es\/wp-json\/wp\/v2\/pages\/4843\/revisions"}],"predecessor-version":[{"id":5279,"href":"https:\/\/szkolenia-udt.pl\/es\/wp-json\/wp\/v2\/pages\/4843\/revisions\/5279"}],"wp:featuredmedia":[{"embeddable":true,"href":"https:\/\/szkolenia-udt.pl\/es\/wp-json\/wp\/v2\/media\/4844"}],"wp:attachment":[{"href":"https:\/\/szkolenia-udt.pl\/es\/wp-json\/wp\/v2\/media?parent=4843"}],"curies":[{"name":"wp","href":"https:\/\/api.w.org\/{rel}","templated":true}]}}