{"id":4850,"date":"2023-06-30T12:49:30","date_gmt":"2023-06-30T10:49:30","guid":{"rendered":"https:\/\/szkolenia-udt.pl\/?page_id=4850"},"modified":"2023-06-30T12:49:31","modified_gmt":"2023-06-30T10:49:31","slug":"servicio-de-reparacion-y-mantenimiento-de-gruas","status":"publish","type":"page","link":"https:\/\/szkolenia-udt.pl\/es\/serwis-naprawa-konserwacja-suwnic\/","title":{"rendered":"Servicio, reparaci\u00f3n y mantenimiento de gr\u00faas\u00a0"},"content":{"rendered":"<div class=\"wp-block-image\">\n<figure class=\"alignright size-large is-resized\"><a href=\"https:\/\/szkolenia-udt.pl\/wp-content\/uploads\/2023\/05\/screen_2x-2023-05-08T132000.333.jpg\"><img loading=\"lazy\" decoding=\"async\" src=\"https:\/\/szkolenia-udt.pl\/wp-content\/uploads\/2023\/05\/screen_2x-2023-05-08T132000.333-683x1024.jpg\" alt=\"gancho de gr\u00faa\" class=\"wp-image-4854\" width=\"342\" height=\"512\" srcset=\"https:\/\/szkolenia-udt.pl\/wp-content\/uploads\/2023\/05\/screen_2x-2023-05-08T132000.333-683x1024.jpg 683w, https:\/\/szkolenia-udt.pl\/wp-content\/uploads\/2023\/05\/screen_2x-2023-05-08T132000.333-200x300.jpg 200w, https:\/\/szkolenia-udt.pl\/wp-content\/uploads\/2023\/05\/screen_2x-2023-05-08T132000.333-768x1152.jpg 768w, https:\/\/szkolenia-udt.pl\/wp-content\/uploads\/2023\/05\/screen_2x-2023-05-08T132000.333-1024x1536.jpg 1024w, https:\/\/szkolenia-udt.pl\/wp-content\/uploads\/2023\/05\/screen_2x-2023-05-08T132000.333-8x12.jpg 8w, https:\/\/szkolenia-udt.pl\/wp-content\/uploads\/2023\/05\/screen_2x-2023-05-08T132000.333.jpg 1067w\" sizes=\"auto, (max-width: 342px) 100vw, 342px\" \/><\/a><\/figure>\n<\/div>\n\n\n<h2 class=\"wp-block-heading\">Uso de gr\u00faas&nbsp;<\/h2>\n\n\n\n<p>Las gr\u00faas puente se utilizan a menudo en procesos de producci\u00f3n r\u00e1pidos y seguros. Se utilizan en trabajos de almacenamiento, reparaci\u00f3n o montaje. Garantizan que todas las operaciones de elevaci\u00f3n y traslado de mercanc\u00edas pesadas se realicen de forma eficiente, eficaz e impecable. Cada vez son m\u00e1s las peque\u00f1as y grandes empresas que optan por adquirir gr\u00faas, apreciando la ergonom\u00eda y robustez de estas m\u00e1quinas. Se trata de una inversi\u00f3n que durar\u00e1 a\u00f1os. Sin embargo, hay que tener en cuenta que el uso intensivo de los equipos repercute en la necesidad de un mantenimiento regular. No hacerlo puede provocar aver\u00edas y fallos frecuentes, o incluso la paralizaci\u00f3n total del trabajo o un accidente, en el que los empleados pueden verse perjudicados. Por lo tanto, es aconsejable asegurarse de que las gr\u00faas reciben un mantenimiento adecuado para protegerse de problemas graves y detectar posibles fallos con antelaci\u00f3n.&nbsp;<\/p>\n\n\n\n<h3 class=\"wp-block-heading\">Sobre la base de la normativa del Ministerio de Econom\u00eda y las directrices de la Oficina de Inspecci\u00f3n T\u00e9cnica, los trabajos de mantenimiento pueden dividirse en varios tipos:&nbsp;<\/h3>\n\n\n\n<ul class=\"wp-block-list\">\n<li>mantenimiento y prevenci\u00f3n;\u00a0<\/li>\n\n\n\n<li>est\u00e1ndar;&nbsp;&nbsp;<\/li>\n\n\n\n<li>revisi\u00f3n posterior a la compra de equipos de segunda mano o nuevos.&nbsp;<\/li>\n<\/ul>\n\n\n\n<h2 class=\"wp-block-heading\">\u00bfPor qu\u00e9 es tan importante el mantenimiento?&nbsp;<\/h2>\n\n\n\n<p>El principal objetivo del mantenimiento de las gr\u00faas es detectar los distintos riesgos en el lugar de trabajo y mantener el rendimiento de la m\u00e1quina. Es importante adaptar la estrategia a la empresa en cuesti\u00f3n y seguir las recomendaciones de los fabricantes de los equipos. El mantenimiento rutinario garantiza que la m\u00e1quina funcione correctamente. Garantiza que los componentes desgastados puedan sustituirse a tiempo y que se prolongue la vida \u00fatil.&nbsp;&nbsp;<\/p>\n\n\n\n<p>A la hora de realizar el mantenimiento, es importante cumplir la normativa legal sobre gr\u00faas. Por lo tanto, es crucial tener una buena relaci\u00f3n de trabajo con t\u00e9cnicos de servicio que sean expertos en su campo y conozcan bien los requisitos legales de la UDT o de salud y seguridad en el trabajo. Para garantizar que los trabajos de servicio se lleven a cabo a tiempo y sin interrupciones, le recomendamos que programe con antelaci\u00f3n la llegada de los especialistas a su empresa. &nbsp;<\/p>\n\n\n\n<h2 class=\"wp-block-heading\">\u00bfMerece la pena reparar gr\u00faas?&nbsp;<\/h2>\n\n\n<div class=\"wp-block-image\">\n<figure class=\"alignright size-large is-resized\"><a href=\"https:\/\/szkolenia-udt.pl\/wp-content\/uploads\/2023\/05\/screen_2x-2023-05-08T132022.906.jpg\"><img loading=\"lazy\" decoding=\"async\" src=\"https:\/\/szkolenia-udt.pl\/wp-content\/uploads\/2023\/05\/screen_2x-2023-05-08T132022.906-1024x683.jpg\" alt=\"servicio, reparaci\u00f3n de gr\u00faas\" class=\"wp-image-4852\" width=\"552\" height=\"369\" srcset=\"https:\/\/szkolenia-udt.pl\/wp-content\/uploads\/2023\/05\/screen_2x-2023-05-08T132022.906-1024x683.jpg 1024w, https:\/\/szkolenia-udt.pl\/wp-content\/uploads\/2023\/05\/screen_2x-2023-05-08T132022.906-300x200.jpg 300w, https:\/\/szkolenia-udt.pl\/wp-content\/uploads\/2023\/05\/screen_2x-2023-05-08T132022.906-768x512.jpg 768w, https:\/\/szkolenia-udt.pl\/wp-content\/uploads\/2023\/05\/screen_2x-2023-05-08T132022.906-1536x1024.jpg 1536w, https:\/\/szkolenia-udt.pl\/wp-content\/uploads\/2023\/05\/screen_2x-2023-05-08T132022.906-18x12.jpg 18w, https:\/\/szkolenia-udt.pl\/wp-content\/uploads\/2023\/05\/screen_2x-2023-05-08T132022.906.jpg 1600w\" sizes=\"auto, (max-width: 552px) 100vw, 552px\" \/><\/a><\/figure>\n<\/div>\n\n\n<p>Las gr\u00faas puente son m\u00e1quinas que, por regla general, deben durar a\u00f1os. Por ello, cuando se producen aver\u00edas o fallos, no es aconsejable sustituir las piezas inmediatamente por otras nuevas, sino que pueden repararse con resultados similares. Las reparaciones deben realizarse en centros de servicio con herramientas decentes, en particular analizadores innovadores. Con estos aparatos se pueden comprobar todos los problemas de funcionamiento de la m\u00e1quina, por ejemplo, interrupciones de tensi\u00f3n o sobrecargas, sin tener que apagar el equipo. Antes de la reparaci\u00f3n, un equipo de servicio experimentado realizar\u00e1 un diagn\u00f3stico exhaustivo del estado general y comprobar\u00e1 las zonas expuestas a un mayor desgaste, como los cojinetes, las ruedas y el motor.&nbsp;<\/p>\n\n\n\n<h2 class=\"wp-block-heading\"><strong>Servicio<\/strong>j<strong>Contamos con marcas tan conocidas como:<\/strong>&nbsp;<\/h2>\n\n\n\n<div class=\"wp-block-columns is-layout-flex wp-container-core-columns-is-layout-9d6595d7 wp-block-columns-is-layout-flex\">\n<div class=\"wp-block-column is-layout-flow wp-block-column-is-layout-flow\" style=\"flex-basis:50%\">\n<ul class=\"wp-block-list\">\n<li>CONECRANAS,&nbsp;<\/li>\n\n\n\n<li>STHAL,&nbsp;<\/li>\n\n\n\n<li>SWF,&nbsp;<\/li>\n\n\n\n<li>VETTER,&nbsp;<\/li>\n<\/ul>\n<\/div>\n\n\n\n<div class=\"wp-block-column is-layout-flow wp-block-column-is-layout-flow\" style=\"flex-basis:50%\">\n<ul class=\"wp-block-list\">\n<li>YALE,&nbsp;<\/li>\n\n\n\n<li>ABUS,&nbsp;<\/li>\n\n\n\n<li>DEMAG\/KBK,&nbsp;<\/li>\n\n\n\n<li>HAK.&nbsp;<\/li>\n<\/ul>\n<\/div>\n<\/div>\n\n\n\n<h2 class=\"wp-block-heading\">\u00bfPor qu\u00e9 confiar su mantenimiento a OSO?&nbsp;<\/h2>\n\n\n<div class=\"wp-block-image\">\n<figure class=\"alignright size-large is-resized\"><a href=\"https:\/\/szkolenia-udt.pl\/wp-content\/uploads\/2023\/05\/screen_2x-2023-05-08T131912.060.jpg\"><img loading=\"lazy\" decoding=\"async\" src=\"https:\/\/szkolenia-udt.pl\/wp-content\/uploads\/2023\/05\/screen_2x-2023-05-08T131912.060-1024x683.jpg\" alt=\"reparador de gr\u00faas\" class=\"wp-image-4851\" width=\"512\" height=\"342\" srcset=\"https:\/\/szkolenia-udt.pl\/wp-content\/uploads\/2023\/05\/screen_2x-2023-05-08T131912.060-1024x683.jpg 1024w, https:\/\/szkolenia-udt.pl\/wp-content\/uploads\/2023\/05\/screen_2x-2023-05-08T131912.060-300x200.jpg 300w, https:\/\/szkolenia-udt.pl\/wp-content\/uploads\/2023\/05\/screen_2x-2023-05-08T131912.060-768x512.jpg 768w, https:\/\/szkolenia-udt.pl\/wp-content\/uploads\/2023\/05\/screen_2x-2023-05-08T131912.060-1536x1024.jpg 1536w, https:\/\/szkolenia-udt.pl\/wp-content\/uploads\/2023\/05\/screen_2x-2023-05-08T131912.060-18x12.jpg 18w, https:\/\/szkolenia-udt.pl\/wp-content\/uploads\/2023\/05\/screen_2x-2023-05-08T131912.060.jpg 1600w\" sizes=\"auto, (max-width: 512px) 100vw, 512px\" \/><\/a><\/figure>\n<\/div>\n\n\n<ul class=\"wp-block-list\">\n<li>Contamos con personal cualificado y experimentado que ha adquirido conocimientos a lo largo de los a\u00f1os que la empresa lleva en el mercado.&nbsp;<\/li>\n\n\n\n<li>Disponemos de los mejores equipos y de tecnolog\u00eda innovadora, por lo que realizamos las reparaciones sin demoras indebidas, pero tambi\u00e9n con total seguridad.&nbsp;<\/li>\n\n\n\n<li>El valioso tiempo de nuestros clientes es nuestra prioridad, por eso organizamos todo en horarios convenientes para las empresas. No paralizamos la empresa y permitimos que opere libremente.&nbsp;<\/li>\n\n\n\n<li>Toda nuestra cooperaci\u00f3n se basa en normas claras y definidas. Desde el principio, le informamos del presupuesto total de reparaci\u00f3n y servicio.&nbsp;<\/li>\n\n\n\n<li>Realizamos todos los servicios s\u00f3lo al m\u00e1s alto nivel, ofreciendo precios atractivos.&nbsp;<\/li>\n\n\n\n<li>Nos hemos forjado una buena reputaci\u00f3n, por eso los clientes antiguos vuelven a nosotros y recomiendan nuestra empresa a sus amigos. Esto demuestra el enfoque profesional de todo el equipo.&nbsp;<\/li>\n\n\n\n<li>Nos encargamos de la reparaci\u00f3n de gr\u00faas antiguas o nuevas de diversos fabricantes. Independientemente del fallo, aver\u00eda o accidente o de las secuelas de una actualizaci\u00f3n del equipo. Nuestros t\u00e9cnicos profesionales devolver\u00e1n las m\u00e1quinas a su pleno funcionamiento de forma eficaz y segura.&nbsp;<\/li>\n<\/ul>\n\n\n\n<h2 class=\"wp-block-heading\">Modernizaci\u00f3n de gr\u00faas&nbsp;<\/h2>\n\n\n\n<p>A menudo se reduce a la modernizaci\u00f3n de los sistemas de suministro de energ\u00eda o de las estructuras mec\u00e1nicas, lo que permite ajustar los par\u00e1metros precisos de la gr\u00faa a las necesidades actuales y cambiantes de la empresa, a las condiciones de la ubicaci\u00f3n o al cumplimiento de los nuevos requisitos de la Oficina de Inspecci\u00f3n T\u00e9cnica. En el \u00e1mbito de la modernizaci\u00f3n de gr\u00faas, realizamos principalmente modificaciones en los elementos de automatizaci\u00f3n y suministro de energ\u00eda, el sistema de accionamiento y el sistema de control.&nbsp;<\/p>\n\n\n\n<figure class=\"wp-block-table\"><table><tbody><tr><td><strong>Repare<\/strong>&nbsp;<\/td><td><strong>Gr\u00faas<\/strong>&nbsp;<\/td><\/tr><tr><td>gr\u00faas, polipastos, gr\u00faas m\u00f3viles (HDS), plataformas elevadoras, polipastos, cabrestantes, gr\u00faas, carretillas elevadoras, tecnolog\u00eda de accionamiento&nbsp;<\/td><td>est\u00e1ndar, tecnol\u00f3gicas, de una y dos vigas, sobre ra\u00edles, p\u00f3rticos, consolas&nbsp;<\/td><\/tr><\/tbody><\/table><\/figure>\n\n\n\n<h2 class=\"wp-block-heading\">\u00bfQu\u00e9 diferencia a nuestra empresa?&nbsp;<\/h2>\n\n\n<div class=\"wp-block-image\">\n<figure class=\"alignright size-large is-resized\"><a href=\"https:\/\/szkolenia-udt.pl\/wp-content\/uploads\/2023\/05\/screen_2x-2023-05-08T132012.262.jpg\"><img loading=\"lazy\" decoding=\"async\" src=\"https:\/\/szkolenia-udt.pl\/wp-content\/uploads\/2023\/05\/screen_2x-2023-05-08T132012.262-1024x682.jpg\" alt=\"gr\u00faa en almac\u00e9n\" class=\"wp-image-4853\" width=\"539\" height=\"359\" srcset=\"https:\/\/szkolenia-udt.pl\/wp-content\/uploads\/2023\/05\/screen_2x-2023-05-08T132012.262-1024x682.jpg 1024w, https:\/\/szkolenia-udt.pl\/wp-content\/uploads\/2023\/05\/screen_2x-2023-05-08T132012.262-300x200.jpg 300w, https:\/\/szkolenia-udt.pl\/wp-content\/uploads\/2023\/05\/screen_2x-2023-05-08T132012.262-768x512.jpg 768w, https:\/\/szkolenia-udt.pl\/wp-content\/uploads\/2023\/05\/screen_2x-2023-05-08T132012.262-1536x1023.jpg 1536w, https:\/\/szkolenia-udt.pl\/wp-content\/uploads\/2023\/05\/screen_2x-2023-05-08T132012.262-18x12.jpg 18w, https:\/\/szkolenia-udt.pl\/wp-content\/uploads\/2023\/05\/screen_2x-2023-05-08T132012.262.jpg 1600w\" sizes=\"auto, (max-width: 539px) 100vw, 539px\" \/><\/a><\/figure>\n<\/div>\n\n\n<ul class=\"wp-block-list\">\n<li>asesoramiento experto en cada fase del contrato;&nbsp;<\/li>\n\n\n\n<li>un enfoque individual para cada cliente;&nbsp;<\/li>\n\n\n\n<li>entrega de los pedidos en el plazo acordado;&nbsp;<\/li>\n\n\n\n<li>muchos a\u00f1os de experiencia en el sector;&nbsp;<\/li>\n\n\n\n<li>compromiso y profesionalidad;&nbsp;<\/li>\n\n\n\n<li>equipos especializados para efectuar reparaciones;&nbsp;<\/li>\n\n\n\n<li>precios competitivos;&nbsp;<\/li>\n\n\n\n<li>conocimiento de los \u00faltimos avances tecnol\u00f3gicos del sector;&nbsp;<\/li>\n\n\n\n<li>mejora continua de las competencias;&nbsp;<\/li>\n\n\n\n<li>atractivos descuentos para clientes habituales;&nbsp;<\/li>\n\n\n\n<li>ampliaci\u00f3n continua de la gama;&nbsp;<\/li>\n\n\n\n<li>garant\u00eda por cada reparaci\u00f3n realizada.<\/li>\n<\/ul>\n\n\n\n<h2 class=\"wp-block-heading\">Revisi\u00f3n y reparaci\u00f3n de gr\u00faas&nbsp;<\/h2>\n\n\n\n<p>Tambi\u00e9n ofrecemos revisiones y reparaciones completas para mantener la gr\u00faa en perfecto estado de funcionamiento, garantizando un funcionamiento eficaz y sin problemas y reduciendo significativamente el riesgo de aver\u00edas graves o accidentes.&nbsp;<\/p>\n\n\n\n<p>Adem\u00e1s, ofrecemos un c\u00e1lculo de la nueva encuesta de la UTB.&nbsp;<\/p>\n\n\n\n<p>Si tiene alguna pregunta, no dude en ponerse en contacto con nuestros expertos, que estar\u00e1n encantados de responder a sus preguntas, proporcionarle un servicio experto y disipar sus dudas sobre el servicio, el mantenimiento y la reparaci\u00f3n de puentes gr\u00faa.&nbsp;<\/p>","protected":false},"excerpt":{"rendered":"<p>Zastosowanie suwnic&nbsp; Suwnice cz\u0119sto wykorzystuje si\u0119 do szybkiego i bezpiecznego procesu produkcji. U\u017cywa si\u0119 ich przy pracach magazynowych, remontowych czy monta\u017cowych. Dzi\u0119ki nim wszystkie czynno\u015bci dotycz\u0105ce unoszenia i przemieszczania ci\u0119\u017ckich towar\u00f3w s\u0105 wykonywane sprawnie, wydajnie i bez zarzutu. Coraz wi\u0119cej ma\u0142ych i du\u017cych przedsi\u0119biorstw decyduje si\u0119 na zakup suwnic, doceniaj\u0105c ergonomi\u0119 oraz solidno\u015b\u0107 tych maszyn. [&hellip;]<\/p>\n","protected":false},"author":10,"featured_media":4852,"parent":0,"menu_order":0,"comment_status":"closed","ping_status":"closed","template":"","meta":{"footnotes":""},"class_list":["post-4850","page","type-page","status-publish","has-post-thumbnail","hentry"],"aioseo_notices":[],"_links":{"self":[{"href":"https:\/\/szkolenia-udt.pl\/es\/wp-json\/wp\/v2\/pages\/4850","targetHints":{"allow":["GET"]}}],"collection":[{"href":"https:\/\/szkolenia-udt.pl\/es\/wp-json\/wp\/v2\/pages"}],"about":[{"href":"https:\/\/szkolenia-udt.pl\/es\/wp-json\/wp\/v2\/types\/page"}],"author":[{"embeddable":true,"href":"https:\/\/szkolenia-udt.pl\/es\/wp-json\/wp\/v2\/users\/10"}],"replies":[{"embeddable":true,"href":"https:\/\/szkolenia-udt.pl\/es\/wp-json\/wp\/v2\/comments?post=4850"}],"version-history":[{"count":5,"href":"https:\/\/szkolenia-udt.pl\/es\/wp-json\/wp\/v2\/pages\/4850\/revisions"}],"predecessor-version":[{"id":5280,"href":"https:\/\/szkolenia-udt.pl\/es\/wp-json\/wp\/v2\/pages\/4850\/revisions\/5280"}],"wp:featuredmedia":[{"embeddable":true,"href":"https:\/\/szkolenia-udt.pl\/es\/wp-json\/wp\/v2\/media\/4852"}],"wp:attachment":[{"href":"https:\/\/szkolenia-udt.pl\/es\/wp-json\/wp\/v2\/media?parent=4850"}],"curies":[{"name":"wp","href":"https:\/\/api.w.org\/{rel}","templated":true}]}}