{"id":51,"date":"2014-10-07T16:24:48","date_gmt":"2014-10-07T16:24:48","guid":{"rendered":"http:\/\/szkolenia-udt.pl\/?page_id=51"},"modified":"2016-07-06T17:39:02","modified_gmt":"2016-07-06T17:39:02","slug":"plataformas-de-tijera","status":"publish","type":"page","link":"https:\/\/szkolenia-udt.pl\/es\/dzwignice\/platformy-nozycowe\/","title":{"rendered":"Plataformas de tijera"},"content":{"rendered":"<div style=\"float: left; padding-right: 10px;\"><div id=\"metaslider-id-655\" style=\"max-width: 300px;\" class=\"ml-slider-3-107-0 metaslider metaslider-flex metaslider-655 ml-slider ms-theme-default nav-hidden\" role=\"region\" aria-label=\"plataformas de tijera\" data-height=\"225\" data-width=\"300\">\n    <div id=\"metaslider_container_655\">\n        <div id=\"metaslider_655\">\n            <ul class='slides'>\n                <li style=\"display: block; width: 100%;\" class=\"slide-657 ms-image\" aria-roledescription=\"slide\" data-date=\"2014-10-12 10:19:28\" data-filename=\"Uprawnienia-udt.jpg\" data-slide-type=\"image\"><img loading=\"lazy\" decoding=\"async\" src=\"https:\/\/szkolenia-udt.pl\/wp-content\/uploads\/2014\/10\/Uprawnienia-udt.jpg\" height=\"225\" width=\"300\" alt=\"\" class=\"slider-655 slide-657 msDefaultImage\" \/><\/li>\n                <li style=\"display: none; width: 100%;\" class=\"slide-573 ms-image\" aria-roledescription=\"slide\" data-date=\"2014-10-11 18:02:18\" data-filename=\"platforma-podest-stacjonarny.jpg\" data-slide-type=\"image\"><img loading=\"lazy\" decoding=\"async\" src=\"https:\/\/szkolenia-udt.pl\/wp-content\/uploads\/2014\/10\/platforma-podest-stacjonarny.jpg\" height=\"225\" width=\"300\" alt=\"Cursos y formaci\u00f3n OSO Varsovia\" class=\"slider-655 slide-573 msDefaultImage\" \/><\/li>\n                <li style=\"display: none; width: 100%;\" class=\"slide-656 ms-image\" aria-roledescription=\"slide\" data-date=\"2014-10-12 10:19:27\" data-filename=\"kursy-Platformy-no\u017cycowe.jpg\" data-slide-type=\"image\"><img loading=\"lazy\" decoding=\"async\" src=\"https:\/\/szkolenia-udt.pl\/wp-content\/uploads\/2014\/10\/kursy-Platformy-no\u017cycowe.jpg\" height=\"225\" width=\"300\" alt=\"Formaci\u00f3n y cursos Incremento\" class=\"slider-655 slide-656 msDefaultImage\" \/><\/li>\n                <li style=\"display: none; width: 100%;\" class=\"slide-618 ms-image\" aria-roledescription=\"slide\" data-date=\"2014-10-12 07:16:03\" data-filename=\"podest-stacjonarny-IIP1.jpg\" data-slide-type=\"image\"><img loading=\"lazy\" decoding=\"async\" src=\"https:\/\/szkolenia-udt.pl\/wp-content\/uploads\/2014\/10\/podest-stacjonarny-IIP1.jpg\" height=\"225\" width=\"300\" alt=\"Plataformas de tijera\" class=\"slider-655 slide-618 msDefaultImage\" \/><\/li>\n                <li style=\"display: none; width: 100%;\" class=\"slide-1222 ms-image\" aria-roledescription=\"slide\" data-date=\"2014-11-18 10:40:33\" data-filename=\"78XE_000_d1a.jpg\" data-slide-type=\"image\"><img loading=\"lazy\" decoding=\"async\" src=\"https:\/\/szkolenia-udt.pl\/wp-content\/uploads\/2014\/11\/78XE_000_d1a.jpg\" height=\"225\" width=\"300\" alt=\"\" class=\"slider-655 slide-1222 msDefaultImage\" \/><\/li>\n            <\/ul>\n        <\/div>\n        \n    <\/div>\n<\/div><\/div>\n<div class=\"wyjustuj\">Las plataformas de tijera o elevadores de tijera son dispositivos com\u00fanmente utilizados en el transporte de corta duraci\u00f3n. Est\u00e1n sujetos a supervisi\u00f3n t\u00e9cnica y requieren autorizaci\u00f3n otorgada por la Oficina de Inspecci\u00f3n T\u00e9cnica. En nuestro <a href=\"https:\/\/szkolenia-udt.pl\/es\/o-firmie\/\">Centro de Formaci\u00f3n de Operadores<\/a> puede tomar un curso de elevadores de tijera y tomar el examen para obtener calificaciones Los elevadores de tijera (plataformas, elevadores) pertenecen a la categor\u00eda de plataformas m\u00f3viles. Estos son dispositivos de movimiento lento que le permiten levantar cargas (mercanc\u00edas o personas, por ejemplo, materiales de construcci\u00f3n, empleados durante trabajos de montaje y acabado, autom\u00f3viles en talleres, personas discapacitadas en sillas de ruedas) a una altura determinada. Los ascensores toman su nombre de la caracter\u00edstica estructura de tijera que eleva la plataforma a la altura.<\/p>\n<p>La categor\u00eda de plataformas m\u00f3viles tambi\u00e9n incluye elevadores de cesta (plataformas de cesta). Se trata de dispositivos colocados en remolques de autom\u00f3viles o con accionamiento propio, que est\u00e1n equipados con una cesta sobre un brazo regulable. A diferencia de los elevadores de tijera, el brazo se puede manipular en diferentes direcciones. Esto hace que el elevador de cesta sea m\u00e1s utilizado, pero se utiliza principalmente en trabajos al aire libre.<\/p>\n<p>Tanto el modelo de tijera como el de cesta est\u00e1n disponibles en varias variantes de dise\u00f1o, lo que le permite levantar cargas de dimensiones espec\u00edficas, a una altura determinada y al alcance del brazo o plataforma. Equipados con ruedas todoterreno, algunos modelos tambi\u00e9n se pueden utilizar en superficies dif\u00edciles.<\/p>\n<p>Ciudades donde realizamos capacitaciones para elevadores de tijera y plataformas a\u00e9reas: Varsovia, Cracovia, Bielsko-Bia\u0142a, Katowice. Queremos educar tambi\u00e9n a precios asequibles - <a href=\"https:\/\/szkolenia-udt.pl\/es\/oferta\/\">precio<\/a> en nuestro Centro siempre depende del n\u00famero de participantes, y para grupos m\u00e1s grandes tambi\u00e9n tenemos alentadores descuentos. Esto quiere decir que aprender con nosotros no solo es garant\u00eda de satisfacci\u00f3n por su calidad, sino tambi\u00e9n de precios bajos. Realizamos capacitaciones en forma abierta a disposici\u00f3n de cualquier persona interesada, as\u00ed como para grupos. \u00a1Te invitamos a estudiar con nosotros!<\/p>\n<\/div>","protected":false},"excerpt":{"rendered":"<p>Platformy no\u017cycowe czy te\u017c podno\u015bniki no\u017cycowe to urz\u0105dzenia wykorzystywane powszechnie w transporcie bliskim. Podlegaj\u0105 dozorowi technicznemu i wymagaj\u0105 posiadania uprawnie\u0144 nadanych przez UDT. W naszym O\u015brodku Szkolenia Operator\u00f3w mo\u017cesz wzi\u0105\u0107 udzia\u0142 w kursach na podno\u015bnik no\u017cycowy i podej\u015b\u0107 do egzaminu w celu otrzymania uprawnie\u0144.Podesty no\u017cycowe (platformy, podno\u015bniki) nale\u017c\u0105 do kategorii podest\u00f3w ruchomych. S\u0105 to urz\u0105dzenia [&hellip;]<\/p>\n","protected":false},"author":3,"featured_media":0,"parent":69,"menu_order":0,"comment_status":"closed","ping_status":"closed","template":"","meta":{"footnotes":""},"class_list":["post-51","page","type-page","status-publish","hentry"],"aioseo_notices":[],"_links":{"self":[{"href":"https:\/\/szkolenia-udt.pl\/es\/wp-json\/wp\/v2\/pages\/51","targetHints":{"allow":["GET"]}}],"collection":[{"href":"https:\/\/szkolenia-udt.pl\/es\/wp-json\/wp\/v2\/pages"}],"about":[{"href":"https:\/\/szkolenia-udt.pl\/es\/wp-json\/wp\/v2\/types\/page"}],"author":[{"embeddable":true,"href":"https:\/\/szkolenia-udt.pl\/es\/wp-json\/wp\/v2\/users\/3"}],"replies":[{"embeddable":true,"href":"https:\/\/szkolenia-udt.pl\/es\/wp-json\/wp\/v2\/comments?post=51"}],"version-history":[{"count":6,"href":"https:\/\/szkolenia-udt.pl\/es\/wp-json\/wp\/v2\/pages\/51\/revisions"}],"predecessor-version":[{"id":1690,"href":"https:\/\/szkolenia-udt.pl\/es\/wp-json\/wp\/v2\/pages\/51\/revisions\/1690"}],"up":[{"embeddable":true,"href":"https:\/\/szkolenia-udt.pl\/es\/wp-json\/wp\/v2\/pages\/69"}],"wp:attachment":[{"href":"https:\/\/szkolenia-udt.pl\/es\/wp-json\/wp\/v2\/media?parent=51"}],"curies":[{"name":"wp","href":"https:\/\/api.w.org\/{rel}","templated":true}]}}