{"id":5197,"date":"2023-06-30T12:09:45","date_gmt":"2023-06-30T10:09:45","guid":{"rendered":"https:\/\/szkolenia-udt.pl\/?page_id=5197"},"modified":"2023-06-30T12:09:46","modified_gmt":"2023-06-30T10:09:46","slug":"autorizacion-udt-para-el-mantenimiento-de-montacargas","status":"publish","type":"page","link":"https:\/\/szkolenia-udt.pl\/es\/uprawnienia-udt-konserwacji-wyciagu-towarowego\/","title":{"rendered":"Autorizaci\u00f3n de la UDT para explotar y mantener un montacargas en la ZPE"},"content":{"rendered":"<h2 class=\"wp-block-heading\">Obtenga su cualificaci\u00f3n de montacargas con nosotros&nbsp;<\/h2>\n\n\n\n<p>Nuestra empresa le invita a cursos de formaci\u00f3n dise\u00f1ados para cualquier empresa, impartidos por instructores competentes con amplia experiencia. Ofrecemos <strong>formaci\u00f3n UDT<\/strong> ayudarle a adquirir habilidades de servicio o conversaci\u00f3n <strong>montacargas. <\/strong>Est\u00e1n sujetas a la supervisi\u00f3n t\u00e9cnica de una instituci\u00f3n oficial del Estado.&nbsp;<\/p>\n\n\n<div class=\"wp-block-image\">\n<figure class=\"alignleft size-large is-resized\"><a href=\"https:\/\/szkolenia-udt.pl\/wp-content\/uploads\/2023\/05\/IMG_20190905_173555-1-1-scaled.jpg\"><img loading=\"lazy\" decoding=\"async\" src=\"https:\/\/szkolenia-udt.pl\/wp-content\/uploads\/2023\/05\/IMG_20190905_173555-1-1-1024x567.jpg\" alt=\"Ascensor de carga\" class=\"wp-image-5199\" width=\"512\" height=\"284\" srcset=\"https:\/\/szkolenia-udt.pl\/wp-content\/uploads\/2023\/05\/IMG_20190905_173555-1-1-1024x567.jpg 1024w, https:\/\/szkolenia-udt.pl\/wp-content\/uploads\/2023\/05\/IMG_20190905_173555-1-1-300x166.jpg 300w, https:\/\/szkolenia-udt.pl\/wp-content\/uploads\/2023\/05\/IMG_20190905_173555-1-1-768x425.jpg 768w, https:\/\/szkolenia-udt.pl\/wp-content\/uploads\/2023\/05\/IMG_20190905_173555-1-1-1536x851.jpg 1536w, https:\/\/szkolenia-udt.pl\/wp-content\/uploads\/2023\/05\/IMG_20190905_173555-1-1-2048x1134.jpg 2048w, https:\/\/szkolenia-udt.pl\/wp-content\/uploads\/2023\/05\/IMG_20190905_173555-1-1-18x10.jpg 18w\" sizes=\"auto, (max-width: 512px) 100vw, 512px\" \/><\/a><\/figure>\n<\/div>\n\n\n<h2 class=\"wp-block-heading\">\u00bfQu\u00e9 es un montacargas?&nbsp;<\/h2>\n\n\n\n<p><strong>Montacargas<\/strong> es la gr\u00faa. Es un dispositivo de transporte por gr\u00faa utilizado para transportar cargas vertical y horizontalmente en distancias cortas y en movimiento intermitente. Es una plataforma que sirve para desplazar una carga a lo largo de un m\u00e1stil mediante gu\u00edas inclinadas. El objetivo es colocar esta carga en edificios a gran altura y tambi\u00e9n en los techos de los edificios.&nbsp;<\/p>\n\n\n\n<p>M\u00e1stil <strong>montacargas <\/strong>tiene un enganche a un chasis port\u00e1til. Es similar a una escalera y, por lo tanto, todo el dispositivo se conoce com\u00fanmente como volquete o escalera.&nbsp;<\/p>\n\n\n\n<p>Los montacargas se dividen en montacargas de cable y montacargas de cadena. Un montacargas de cable tiene un varillaje en forma de cuerda, mientras que en el caso de un montacargas de cadena el varillaje tiene forma de cadena.&nbsp;<\/p>\n\n\n\n<p><strong>Oficina de Inspecci\u00f3n T\u00e9cnica (UDT)<\/strong> lleva funcionando mucho tiempo, m\u00e1s de un siglo. Es una entidad jur\u00eddica nacional. Act\u00faa en el \u00e1mbito de la seguridad relativa a los dispositivos t\u00e9cnicos, bas\u00e1ndose, entre otras cosas, en la Ley de 2000, as\u00ed como en otros actos jur\u00eddicos. Polonia cuenta con varias delegaciones de la autoridad y m\u00e1s de veinte oficinas en su territorio.&nbsp;<\/p>\n\n\n\n<h2 class=\"wp-block-heading\">Las funciones UDT incluyen:&nbsp;<\/h2>\n\n\n\n<ol class=\"wp-block-list\" start=\"1\">\n<li>gesti\u00f3n del cumplimiento de la legislaci\u00f3n vigente en materia de mantenimiento y dem\u00e1s normativa aplicable,&nbsp;<\/li>\n<\/ol>\n\n\n\n<ol class=\"wp-block-list\" start=\"2\">\n<li>realizar el mantenimiento t\u00e9cnico de los equipos t\u00e9cnicos definidos por la normativa (por ejemplo, equipos de recuperaci\u00f3n de vapores de combustible),&nbsp;<\/li>\n<\/ol>\n\n\n\n<ol class=\"wp-block-list\" start=\"3\">\n<li>emitir decisiones sobre la base de las solicitudes, previa supervisi\u00f3n t\u00e9cnica,&nbsp;<\/li>\n<\/ol>\n\n\n\n<ol class=\"wp-block-list\" start=\"4\">\n<li>mantenimiento de registros t\u00e9cnicos,&nbsp;<\/li>\n<\/ol>\n\n\n\n<ol class=\"wp-block-list\" start=\"5\">\n<li>Medidas para fomentar la mejora de las cualificaciones y las competencias de los equipos,&nbsp;<\/li>\n<\/ol>\n\n\n\n<ol class=\"wp-block-list\" start=\"6\">\n<li>organizar programas de clases para cursos de UDT,&nbsp;<\/li>\n<\/ol>\n\n\n\n<ol class=\"wp-block-list\" start=\"7\">\n<li>garantizar los sistemas de calidad de los equipos t\u00e9cnicos.&nbsp;<\/li>\n<\/ol>\n\n\n\n<p>M\u00e1s all\u00e1 de <strong>elevadores de carga<\/strong>Los equipos para los que se puede obtener una licencia a trav\u00e9s de la UDT son:&nbsp;<\/p>\n\n\n<div class=\"wp-block-image\">\n<figure class=\"alignright size-full is-resized\"><a href=\"https:\/\/szkolenia-udt.pl\/wp-content\/uploads\/2023\/05\/oso.edu_.pl-058.jpg\"><img loading=\"lazy\" decoding=\"async\" src=\"https:\/\/szkolenia-udt.pl\/wp-content\/uploads\/2023\/05\/oso.edu_.pl-058.jpg\" alt=\"Formaci\u00f3n impartida\" class=\"wp-image-5201\" width=\"500\" height=\"450\" srcset=\"https:\/\/szkolenia-udt.pl\/wp-content\/uploads\/2023\/05\/oso.edu_.pl-058.jpg 1000w, https:\/\/szkolenia-udt.pl\/wp-content\/uploads\/2023\/05\/oso.edu_.pl-058-300x270.jpg 300w, https:\/\/szkolenia-udt.pl\/wp-content\/uploads\/2023\/05\/oso.edu_.pl-058-768x691.jpg 768w, https:\/\/szkolenia-udt.pl\/wp-content\/uploads\/2023\/05\/oso.edu_.pl-058-13x12.jpg 13w\" sizes=\"auto, (max-width: 500px) 100vw, 500px\" \/><\/a><\/figure>\n<\/div>\n\n\n<ul class=\"wp-block-list\">\n<li>elevadores de barcos,&nbsp;<\/li>\n\n\n\n<li>cabrestantes y polipastos,&nbsp;<\/li>\n\n\n\n<li>gr\u00faas,&nbsp;<\/li>\n\n\n\n<li>gr\u00faas de p\u00f3rtico,&nbsp;<\/li>\n\n\n\n<li>transelevadores,&nbsp;<\/li>\n\n\n\n<li>telef\u00e9ricos,&nbsp;<\/li>\n\n\n\n<li>Carretillas elevadoras,&nbsp;<\/li>\n\n\n\n<li>plataformas m\u00f3viles,&nbsp;<\/li>\n\n\n\n<li>gr\u00faas de enlace,&nbsp;<\/li>\n\n\n\n<li>gr\u00faas,&nbsp;<\/li>\n\n\n\n<li>equipos de manipulaci\u00f3n de contenedores,&nbsp;<\/li>\n\n\n\n<li>apiladores,&nbsp;<\/li>\n\n\n\n<li>ascensores para desplazar a la gente por turismo y deporte,&nbsp;<\/li>\n\n\n\n<li>tanques port\u00e1tiles,&nbsp;<\/li>\n\n\n\n<li>plataformas y plataformas m\u00f3viles con unidades motrices en los muelles,&nbsp;<\/li>\n\n\n\n<li>equipos de vaciado y llenado de cisternas de transporte de materias peligrosas,&nbsp;<\/li>\n\n\n\n<li>equipos de vaciado y llenado de cisternas de transporte de materias no peligrosas,&nbsp;<\/li>\n\n\n\n<li>dep\u00f3sitos de gas licuado o comprimido utilizado para alimentar los motores de combusti\u00f3n interna de los veh\u00edculos,&nbsp;<\/li>\n\n\n\n<li>calderas de vapor dise\u00f1adas para generar vapor utilizando el calor del combustible obtenido por una reacci\u00f3n exot\u00e9rmica,&nbsp;<\/li>\n\n\n\n<li>carga, descarga o suministro de equipos mediante l\u00edneas de manipulaci\u00f3n, .&nbsp;<\/li>\n\n\n\n<li>equipos especiales bajo supervisi\u00f3n t\u00e9cnica militar.&nbsp;<\/li>\n<\/ul>\n\n\n\n<p><strong>Con la cualificaci\u00f3n UDT, el operario adquiere la capacidad de manejar y mantener el montacargas<\/strong>&nbsp;<\/p>\n\n\n\n<p>Hay que tener en cuenta algunos puntos importantes a la hora de utilizar esta herramienta:&nbsp;<\/p>\n\n\n\n<ul class=\"wp-block-list\">\n<li>antes de empezar a trabajar, compruebe que el dispositivo antica\u00eddas de la plataforma funciona correctamente;&nbsp;<\/li>\n\n\n\n<li>cuidado con sobrepasar la capacidad de carga admisible;&nbsp;<\/li>\n\n\n\n<li>informar diariamente al supervisor en caso de aver\u00edas y da\u00f1os en los componentes de la m\u00e1quina;&nbsp;<\/li>\n\n\n\n<li>evitar el hundimiento bajo la carga transportada;&nbsp;<\/li>\n\n\n\n<li>retirar la carga si la plataforma de transporte cargada se detiene;&nbsp;<\/li>\n\n\n\n<li>utilizar un equipo de protecci\u00f3n especial en forma de casco\/gorro, guantes o botas;&nbsp;<\/li>\n\n\n\n<li>gestionar y notificar diariamente al supervisor las aver\u00edas y los da\u00f1os en los componentes de la m\u00e1quina, seg\u00fan sea necesario;&nbsp;<\/li>\n\n\n\n<li>evitar completamente el transporte de materia org\u00e1nica en la plataforma;&nbsp;<\/li>\n\n\n\n<li>permiten la vigilancia continua y gratuita de los elementos de toma de carga y de la plataforma de carga durante el movimiento;&nbsp;<\/li>\n\n\n\n<li>asegurarse de que no haya p\u00fablico, como transe\u00fantes, en las proximidades de la zona de trabajo y de que su vida y su salud no corran peligro;&nbsp;<\/li>\n\n\n\n<li>dejar la plataforma lo m\u00e1s cerca posible del suelo despu\u00e9s del trabajo.&nbsp;<\/li>\n<\/ul>\n\n\n\n<p>Al realizar las actividades de mantenimiento, el mantenedor se compromete a inspeccionar. El mantenedor est\u00e1 obligado a realizar: &nbsp;<\/p>\n\n\n\n<ul class=\"wp-block-list\">\n<li>Mantenimiento semanal: limpiar la suciedad y mantener limpia la zona de trabajo alrededor del polipasto y comprobar la calidad del cable para detectar desgaste y corrosi\u00f3n;&nbsp;<\/li>\n\n\n\n<li>mantenimiento mensual: lubricaci\u00f3n del engranaje del tambor, que forma parte del cabrestante, del elevador de cable con una pistola de engrase y comprobaci\u00f3n de que el dispositivo de eslingado del cable se mueve libremente,&nbsp;<\/li>\n\n\n\n<li>mantenimiento trimestral: comprobaci\u00f3n de que el equipo presenta signos de fallo en el correcto funcionamiento de todos los dispositivos de seguridad y de que las placas informativas son legibles y est\u00e1n en su sitio,&nbsp;<\/li>\n\n\n\n<li>comprobar que la parada de emergencia funciona correctamente.&nbsp;<\/li>\n<\/ul>\n\n\n<div class=\"wp-block-image\">\n<figure class=\"alignleft size-large is-resized\"><a href=\"https:\/\/szkolenia-udt.pl\/wp-content\/uploads\/2023\/05\/5.jpg\"><img loading=\"lazy\" decoding=\"async\" src=\"https:\/\/szkolenia-udt.pl\/wp-content\/uploads\/2023\/05\/5-1024x826.jpg\" alt=\"Manejo de una gr\u00faa\" class=\"wp-image-5200\" width=\"512\" height=\"413\" srcset=\"https:\/\/szkolenia-udt.pl\/wp-content\/uploads\/2023\/05\/5-1024x826.jpg 1024w, https:\/\/szkolenia-udt.pl\/wp-content\/uploads\/2023\/05\/5-300x242.jpg 300w, https:\/\/szkolenia-udt.pl\/wp-content\/uploads\/2023\/05\/5-768x620.jpg 768w, https:\/\/szkolenia-udt.pl\/wp-content\/uploads\/2023\/05\/5-15x12.jpg 15w, https:\/\/szkolenia-udt.pl\/wp-content\/uploads\/2023\/05\/5.jpg 1093w\" sizes=\"auto, (max-width: 512px) 100vw, 512px\" \/><\/a><\/figure>\n<\/div>\n\n\n<h2 class=\"wp-block-heading\">\u00bfC\u00f3mo es la formaci\u00f3n en las OSC?&nbsp;<\/h2>\n\n\n\n<p>Dirigimos nuestros centros en la mayor\u00eda de las ciudades polacas, donde disponemos de aulas con equipamiento adecuado para su uso. Previa solicitud, podemos desplazarnos a la direcci\u00f3n que el cliente prefiera como lugar del curso.&nbsp;&nbsp;<\/p>\n\n\n\n<p>Ofrecemos la oportunidad de asistir a clases abiertas a todos los interesados y a clases cerradas para grupos.&nbsp;&nbsp;<\/p>\n\n\n\n<p>El curso se basa en las directrices de la Autoridad de Investigaci\u00f3n T\u00e9cnica. Las clases se dividen en partes te\u00f3ricas y pr\u00e1cticas. Se realizan mediante un examen supervisado por miembros de la Oficina. Los ex\u00e1menes suelen ser escritos y orales. La validez de las cualificaciones, que otorgan t\u00edtulos y permisos, es limitada y se expide por un periodo de 10 a\u00f1os.&nbsp;<\/p>","protected":false},"excerpt":{"rendered":"<p>Zyskaj u nas kwalifikacje do obs\u0142ugi wyci\u0105gu towarowego&nbsp; Nasza firma zaprasza na szkolenia przeznaczone dla ka\u017cdej firmy prowadzone przez kompetentnych instruktor\u00f3w z du\u017cym do\u015bwiadczeniem. Oferowane przez nas szkolenia UDT pomagaj\u0105 zdoby\u0107 kwalifikacje w zakresie obs\u0142ugi, czy konwersacji wyci\u0105gu towarowego. Podlegaj\u0105 one dozorowi technicznemu przez urz\u0119dnicz\u0105 instytucj\u0119 pa\u0144stwow\u0105.&nbsp; Czym jest wyci\u0105g towarowy?&nbsp; Wyci\u0105giem towarowym jest d\u017awignica. [&hellip;]<\/p>\n","protected":false},"author":10,"featured_media":5202,"parent":0,"menu_order":0,"comment_status":"closed","ping_status":"closed","template":"","meta":{"footnotes":""},"class_list":["post-5197","page","type-page","status-publish","has-post-thumbnail","hentry"],"aioseo_notices":[],"_links":{"self":[{"href":"https:\/\/szkolenia-udt.pl\/es\/wp-json\/wp\/v2\/pages\/5197","targetHints":{"allow":["GET"]}}],"collection":[{"href":"https:\/\/szkolenia-udt.pl\/es\/wp-json\/wp\/v2\/pages"}],"about":[{"href":"https:\/\/szkolenia-udt.pl\/es\/wp-json\/wp\/v2\/types\/page"}],"author":[{"embeddable":true,"href":"https:\/\/szkolenia-udt.pl\/es\/wp-json\/wp\/v2\/users\/10"}],"replies":[{"embeddable":true,"href":"https:\/\/szkolenia-udt.pl\/es\/wp-json\/wp\/v2\/comments?post=5197"}],"version-history":[{"count":4,"href":"https:\/\/szkolenia-udt.pl\/es\/wp-json\/wp\/v2\/pages\/5197\/revisions"}],"predecessor-version":[{"id":5271,"href":"https:\/\/szkolenia-udt.pl\/es\/wp-json\/wp\/v2\/pages\/5197\/revisions\/5271"}],"wp:featuredmedia":[{"embeddable":true,"href":"https:\/\/szkolenia-udt.pl\/es\/wp-json\/wp\/v2\/media\/5202"}],"wp:attachment":[{"href":"https:\/\/szkolenia-udt.pl\/es\/wp-json\/wp\/v2\/media?parent=5197"}],"curies":[{"name":"wp","href":"https:\/\/api.w.org\/{rel}","templated":true}]}}