{"id":53,"date":"2014-10-07T16:25:40","date_gmt":"2014-10-07T16:25:40","guid":{"rendered":"http:\/\/szkolenia-udt.pl\/?page_id=53"},"modified":"2021-06-27T22:16:24","modified_gmt":"2021-06-27T22:16:24","slug":"elevadores-moviles","status":"publish","type":"page","link":"https:\/\/szkolenia-udt.pl\/es\/dzwignice\/podnosniki-podesty-ruchome\/","title":{"rendered":"Ascensores - plataformas m\u00f3viles"},"content":{"rendered":"<div style=\"float: left; padding-right: 10px;\"><div id=\"metaslider-id-1219\" style=\"max-width: 300px;\" class=\"ml-slider-3-107-0 metaslider metaslider-flex metaslider-1219 ml-slider ms-theme-default nav-hidden\" role=\"region\" aria-label=\"Plataformas m\u00f3viles 3\" data-height=\"225\" data-width=\"300\">\n    <div id=\"metaslider_container_1219\">\n        <div id=\"metaslider_1219\">\n            <ul class='slides'>\n                <li style=\"display: block; width: 100%;\" class=\"slide-1218 ms-image\" aria-roledescription=\"slide\" data-date=\"2014-11-18 10:21:09\" data-filename=\"78XE_001a.jpg\" data-slide-type=\"image\"><img loading=\"lazy\" decoding=\"async\" src=\"https:\/\/szkolenia-udt.pl\/wp-content\/uploads\/2014\/11\/78XE_001a.jpg\" height=\"225\" width=\"300\" alt=\"ascensores\" class=\"slider-1219 slide-1218 msDefaultImage\" \/><\/li>\n                <li style=\"display: none; width: 100%;\" class=\"slide-1217 ms-image\" aria-roledescription=\"slide\" data-date=\"2014-11-18 10:21:08\" data-filename=\"78SEC_006a.jpg\" data-slide-type=\"image\"><img loading=\"lazy\" decoding=\"async\" src=\"https:\/\/szkolenia-udt.pl\/wp-content\/uploads\/2014\/11\/78SEC_006a.jpg\" height=\"225\" width=\"300\" alt=\"formacion udt\" class=\"slider-1219 slide-1217 msDefaultImage\" \/><\/li>\n                <li style=\"display: none; width: 100%;\" class=\"slide-1216 ms-image\" aria-roledescription=\"slide\" data-date=\"2014-11-18 10:21:07\" data-filename=\"78SEC_004a.jpg\" data-slide-type=\"image\"><img loading=\"lazy\" decoding=\"async\" src=\"https:\/\/szkolenia-udt.pl\/wp-content\/uploads\/2014\/11\/78SEC_004a.jpg\" height=\"225\" width=\"300\" alt=\"varsovia cursos udt\" class=\"slider-1219 slide-1216 msDefaultImage\" \/><\/li>\n                <li style=\"display: none; width: 100%;\" class=\"slide-1215 ms-image\" aria-roledescription=\"slide\" data-date=\"2014-11-18 10:21:06\" data-filename=\"60V_026a.jpg\" data-slide-type=\"image\"><img loading=\"lazy\" decoding=\"async\" src=\"https:\/\/szkolenia-udt.pl\/wp-content\/uploads\/2014\/11\/60V_026a.jpg\" height=\"225\" width=\"300\" alt=\"centro de formacion de la udt\" class=\"slider-1219 slide-1215 msDefaultImage\" \/><\/li>\n                <li style=\"display: none; width: 100%;\" class=\"slide-1214 ms-image\" aria-roledescription=\"slide\" data-date=\"2014-11-18 10:21:04\" data-filename=\"60V_007a.jpg\" data-slide-type=\"image\"><img loading=\"lazy\" decoding=\"async\" src=\"https:\/\/szkolenia-udt.pl\/wp-content\/uploads\/2014\/11\/60V_007a.jpg\" height=\"225\" width=\"300\" alt=\"\" class=\"slider-1219 slide-1214 msDefaultImage\" \/><\/li>\n            <\/ul>\n        <\/div>\n        \n    <\/div>\n<\/div><\/div>\n<div class=\"wyjustuj\">\n<p>Las plataformas m\u00f3viles son dispositivos incluidos en la categor\u00eda de dispositivos de elevaci\u00f3n, que est\u00e1n dise\u00f1ados para transportar cargas - materiales, mercanc\u00edas o personas a una altura. Se utilizan principalmente en trabajos de montaje y construcci\u00f3n en las instalaciones de los lugares de trabajo y en trabajos al aire libre. Las plataformas est\u00e1n formadas por una plataforma o una g\u00f3ndola cerrada con barreras, que se unen al varillaje o se elevan sobre gatos. Son diesel, el\u00e9ctricos o de bater\u00eda. Distinguimos entre plataformas autopropulsadas y estacionarias.<\/p>\n<p><strong>Seg\u00fan la clasificaci\u00f3n de la Oficina de Inspecci\u00f3n T\u00e9cnica, existen las siguientes categor\u00edas para plataformas m\u00f3viles:<\/strong><\/p>\n<ul>\n<li>II P - colgante, estacionario y de m\u00e1stil<\/li>\n<li>IP - elevadores de tijera de baja velocidad, elevadores de cesta autopropulsados (plataformas), plataformas m\u00f3viles montadas en veh\u00edculos<\/li>\n<\/ul>\n<p>Los tipos m\u00e1s populares de plataformas incluyen elevadores de canasta y elevadores de tijera.<\/p>\n<p>El elevador de tijera consta de brazos cruzados, de ah\u00ed su nombre, as\u00ed como la plataforma sobre la que se colocan las cargas, y la base. La mayor\u00eda de las veces, las plataformas de tijera se utilizan en el transporte de corta distancia, por ejemplo, cuando se elevan veh\u00edculos, materiales de construcci\u00f3n, personas a una cierta altura para trabajos de montaje, construcci\u00f3n y acabado. Estos son dispositivos con varios par\u00e1metros: dimensiones, capacidad m\u00e1xima de elevaci\u00f3n, alturas de elevaci\u00f3n, por lo tanto, se pueden ajustar individualmente al tipo de trabajo realizado.<\/p>\n<p>Una cesta elevadora es un dispositivo montado principalmente en semirremolques o autopropulsados, que est\u00e1 equipado con ruedas (estas pueden ser ruedas todoterreno para trabajos en superficies dif\u00edciles). Estos dispositivos se utilizan principalmente en trabajos al aire libre durante trabajos de montaje, construcci\u00f3n, acabado o decoraci\u00f3n. La g\u00f3ndola del ascensor se coloca sobre un brazo que se puede manipular en diferentes lados y se extiende hasta una determinada medida.<\/p>\n<div style=\"float: left; padding-right: 10px;\"><div id=\"metaslider-id-615\" style=\"max-width: 300px;\" class=\"ml-slider-3-107-0 metaslider metaslider-flex metaslider-615 ml-slider ms-theme-default nav-hidden nav-hidden\" role=\"region\" aria-label=\"Plataformas m\u00f3viles3\" data-height=\"225\" data-width=\"300\">\n    <div id=\"metaslider_container_615\">\n        <div id=\"metaslider_615\">\n            <ul class='slides'>\n                <li style=\"display: block; width: 100%;\" class=\"slide-617 ms-image\" aria-roledescription=\"slide\" data-date=\"2014-10-12 07:16:02\" data-filename=\"kursy-podest-ruchome.jpg\" data-slide-type=\"image\"><img loading=\"lazy\" decoding=\"async\" src=\"https:\/\/szkolenia-udt.pl\/wp-content\/uploads\/2014\/10\/kursy-podest-ruchome.jpg\" height=\"225\" width=\"300\" alt=\"Centro de formaci\u00f3n de operadores\" class=\"slider-615 slide-617 msDefaultImage\" \/><\/li>\n                <li style=\"display: none; width: 100%;\" class=\"slide-619 ms-image\" aria-roledescription=\"slide\" data-date=\"2014-10-12 07:16:04\" data-filename=\"Podest-ruchomy-masztowy.jpg\" data-slide-type=\"image\"><img loading=\"lazy\" decoding=\"async\" src=\"https:\/\/szkolenia-udt.pl\/wp-content\/uploads\/2014\/10\/Podest-ruchomy-masztowy.jpg\" height=\"225\" width=\"300\" alt=\"Curso de plataformas m\u00f3viles\" class=\"slider-615 slide-619 msDefaultImage\" \/><\/li>\n                <li style=\"display: none; width: 100%;\" class=\"slide-618 ms-image\" aria-roledescription=\"slide\" data-date=\"2014-10-12 07:16:03\" data-filename=\"podest-stacjonarny-IIP1.jpg\" data-slide-type=\"image\"><img loading=\"lazy\" decoding=\"async\" src=\"https:\/\/szkolenia-udt.pl\/wp-content\/uploads\/2014\/10\/podest-stacjonarny-IIP1.jpg\" height=\"225\" width=\"300\" alt=\"Plataformas de tijera\" class=\"slider-615 slide-618 msDefaultImage\" \/><\/li>\n                <li style=\"display: none; width: 100%;\" class=\"slide-620 ms-image\" aria-roledescription=\"slide\" data-date=\"2014-10-12 07:16:04\" data-filename=\"Podesty-masztowe.jpg\" data-slide-type=\"image\"><img loading=\"lazy\" decoding=\"async\" src=\"https:\/\/szkolenia-udt.pl\/wp-content\/uploads\/2014\/10\/Podesty-masztowe.jpg\" height=\"225\" width=\"300\" alt=\"\" class=\"slider-615 slide-620 msDefaultImage\" \/><\/li>\n                <li style=\"display: none; width: 100%;\" class=\"slide-621 ms-image\" aria-roledescription=\"slide\" data-date=\"2014-10-12 07:16:05\" data-filename=\"Szkolenia-OSO.jpg\" data-slide-type=\"image\"><img loading=\"lazy\" decoding=\"async\" src=\"https:\/\/szkolenia-udt.pl\/wp-content\/uploads\/2014\/10\/Szkolenia-OSO.jpg\" height=\"225\" width=\"300\" alt=\"Plataformas m\u00f3viles. titulaciones UDT\" class=\"slider-615 slide-621 msDefaultImage\" \/><\/li>\n            <\/ul>\n        <\/div>\n        \n    <\/div>\n<\/div><\/div>\n<p>Para operar las plataformas m\u00f3viles se necesitan las autorizaciones otorgadas por la Oficina de Inspecci\u00f3n T\u00e9cnica, estos dispositivos est\u00e1n sujetos a inspecci\u00f3n t\u00e9cnica. Para recibir los certificados, debe tener lugar <a href=\"https:\/\/szkolenia-udt.pl\/es\/kursy\/podesty-ruchome\/\">curso para plataformas moviles<\/a>y luego aprobar el examen ante el Comit\u00e9 de Inspecci\u00f3n T\u00e9cnica.<\/p>\n<p><a href=\"https:\/\/szkolenia-udt.pl\/es\/kontakt\/\">Le invitamos cordialmente<\/a> para cursos a los nuestros <a href=\"https:\/\/szkolenia-udt.pl\/es\/o-firmie\/\">Centro de Formaci\u00f3n de Operadores<\/a> , gracias al cual podr\u00e1 aprender a manejar de forma correcta y segura los elevadores de tijera y los elevadores de cesta, as\u00ed como otro tipo de ellos. Realizamos clases en las ciudades de Varsovia, Cracovia, Bielsko-Bia\u0142a y Katowice en forma abierta (disponible para todos) y para grupos cerrados. <a href=\"https:\/\/szkolenia-udt.pl\/es\/oferta\/\">Precio<\/a> Depende del n\u00famero de participantes.<\/p>\n<\/div>","protected":false},"excerpt":{"rendered":"<p>Podesty ruchome to urz\u0105dzenia zaliczane do kategorii urz\u0105dze\u0144 d\u017awigowych, kt\u00f3re s\u0105 przeznaczone do transportowanie \u0142adunk\u00f3w \u2013 materia\u0142\u00f3w, towar\u00f3w lub os\u00f3b na wysoko\u015b\u0107. S\u0105 one wykorzystywane przede wszystkim w pracach monta\u017cowych oraz pracach budowlanych na terenie zak\u0142ad\u00f3w pracy oraz w pracach na zewn\u0105trz. Podesty zbudowane s\u0105 z platformy lub z gondoli ogrodzonych barierkami, kt\u00f3re zamontowane s\u0105 [&hellip;]<\/p>\n","protected":false},"author":3,"featured_media":0,"parent":69,"menu_order":0,"comment_status":"closed","ping_status":"closed","template":"","meta":{"footnotes":""},"class_list":["post-53","page","type-page","status-publish","hentry"],"aioseo_notices":[],"_links":{"self":[{"href":"https:\/\/szkolenia-udt.pl\/es\/wp-json\/wp\/v2\/pages\/53","targetHints":{"allow":["GET"]}}],"collection":[{"href":"https:\/\/szkolenia-udt.pl\/es\/wp-json\/wp\/v2\/pages"}],"about":[{"href":"https:\/\/szkolenia-udt.pl\/es\/wp-json\/wp\/v2\/types\/page"}],"author":[{"embeddable":true,"href":"https:\/\/szkolenia-udt.pl\/es\/wp-json\/wp\/v2\/users\/3"}],"replies":[{"embeddable":true,"href":"https:\/\/szkolenia-udt.pl\/es\/wp-json\/wp\/v2\/comments?post=53"}],"version-history":[{"count":9,"href":"https:\/\/szkolenia-udt.pl\/es\/wp-json\/wp\/v2\/pages\/53\/revisions"}],"predecessor-version":[{"id":2233,"href":"https:\/\/szkolenia-udt.pl\/es\/wp-json\/wp\/v2\/pages\/53\/revisions\/2233"}],"up":[{"embeddable":true,"href":"https:\/\/szkolenia-udt.pl\/es\/wp-json\/wp\/v2\/pages\/69"}],"wp:attachment":[{"href":"https:\/\/szkolenia-udt.pl\/es\/wp-json\/wp\/v2\/media?parent=53"}],"curies":[{"name":"wp","href":"https:\/\/api.w.org\/{rel}","templated":true}]}}