{"id":5314,"date":"2023-12-11T00:49:06","date_gmt":"2023-12-10T23:49:06","guid":{"rendered":"https:\/\/szkolenia-udt.pl\/?page_id=5314"},"modified":"2023-12-11T12:10:46","modified_gmt":"2023-12-11T11:10:46","slug":"organizacion-mundial-del-viento","status":"publish","type":"page","link":"https:\/\/szkolenia-udt.pl\/es\/kursy\/global-wind-organisation\/","title":{"rendered":"Organizaci\u00f3n Mundial del Viento (GWO)\u00a0"},"content":{"rendered":"<p>Las certificaciones GWO son esenciales para quienes trabajan en entornos de turbinas e\u00f3licas &nbsp;<br>La Global Wind Organisation (GWO) es un organismo internacional formado por empresas l\u00edderes del sector de la energ\u00eda e\u00f3lica. Su objetivo es normalizar los conocimientos, las competencias y los riesgos potenciales para la salud y la seguridad de los trabajadores del sector. Como parte de las actividades de la GWO, se han creado directrices universales de seguridad y normas de formaci\u00f3n aplicables al campo de la energ\u00eda e\u00f3lica.&nbsp;<\/p>\n\n\n\n<h2 class=\"wp-block-heading\">Normas de formaci\u00f3n de GWO&nbsp;<\/h2>\n\n\n\n<p>Las normas de formaci\u00f3n de la GWO son cursos completos dise\u00f1ados para concienciar y minimizar los riesgos asociados a los peligros para la seguridad en el sector de las turbinas e\u00f3licas. Los cursos permiten a los participantes adquirir los conocimientos y habilidades necesarios para trabajar en este sector de la industria.&nbsp;<\/p>\n\n\n\n<p>Las \u00faltimas versiones de todas las normas de formaci\u00f3n est\u00e1n disponibles en el sitio web oficial de GWO. El contenido es revisado y actualizado peri\u00f3dicamente por diversos comit\u00e9s, como el Comit\u00e9 de Formaci\u00f3n y el Comit\u00e9 de Auditor\u00eda y Cumplimiento.&nbsp;<\/p>\n\n\n\n<h2 class=\"wp-block-heading\">Surgimiento de organizaciones y formaci\u00f3n&nbsp;<\/h2>\n\n\n\n<p>En 2009, los principales fabricantes y operadores de aerogeneradores iniciaron la formaci\u00f3n de la Global Wind Organisation (GWO), una organizaci\u00f3n destinada a regular y normalizar las pr\u00e1cticas de trabajo en los aerogeneradores. Este acontecimiento supuso un paso importante en el marco del desarrollo de la energ\u00eda verde, al introducir normas para garantizar la seguridad de los trabajadores del sector e\u00f3lico. El principal objetivo de la GWO es minimizar los accidentes y lesiones laborales en la industria e\u00f3lica.&nbsp;<\/p>\n\n\n\n<h2 class=\"wp-block-heading\">Formaci\u00f3n b\u00e1sica en seguridad&nbsp;<\/h2>\n\n\n\n<p>En 2012, la Global Wind Organisation public\u00f3 la primera norma de formaci\u00f3n para trabajadores del sector e\u00f3lico, conocida como Basic Safety Training (BST). Estar certificado seg\u00fan esta norma proporciona a las empresas la confianza de que un empleado tiene los conocimientos y habilidades necesarios para trabajar con seguridad alrededor de los aerogeneradores.&nbsp;<\/p>\n\n\n\n<p>La formaci\u00f3n b\u00e1sica en seguridad en tierra de la GWO es obligatoria para quienes trabajan en turbinas e\u00f3licas en tierra y consta de cuatro m\u00f3dulos:&nbsp;<\/p>\n\n\n\n<ul class=\"wp-block-list\">\n<li>Trabajo en altura (WAH),&nbsp;<\/li>\n\n\n\n<li>Concienciaci\u00f3n sobre incendios (FAW),&nbsp;<\/li>\n\n\n\n<li>Primeros auxilios (FA),&nbsp;<\/li>\n\n\n\n<li>Manipulaci\u00f3n manual (MH).&nbsp;<\/li>\n<\/ul>\n\n\n\n<p>GWO Formaci\u00f3n b\u00e1sica en seguridad <a href=\"https:\/\/szkolenia-udt.pl\/es\/kursy\/onshore-i-offshore\/\">En alta mar<\/a> es obligatorio para quienes trabajan en turbinas e\u00f3licas marinas y consta de cinco m\u00f3dulos:&nbsp;<\/p>\n\n\n\n<ul class=\"wp-block-list\">\n<li>Trabajo en altura (WAH),&nbsp;<\/li>\n\n\n\n<li>Concienciaci\u00f3n sobre incendios (FAW),&nbsp;<\/li>\n\n\n\n<li>Primeros auxilios (FA),&nbsp;<\/li>\n\n\n\n<li>Manipulaci\u00f3n manual (MH),&nbsp;<\/li>\n\n\n\n<li>Supervivencia en el mar.&nbsp;<\/li>\n<\/ul>\n\n\n\n<p>La participaci\u00f3n en los cursos mencionados garantiza una preparaci\u00f3n completa para el ejercicio de las funciones profesionales. Durante la formaci\u00f3n, el participante adquiere las habilidades necesarias para responder eficazmente a situaciones de emergencia e imprevisibles. El programa de formaci\u00f3n abarca los siguientes temas: primeros auxilios, manejo de la manipulaci\u00f3n manual, actuaci\u00f3n ante posibles incendios en turbinas, observancia de las normas de seguridad al trabajar a alturas considerables y t\u00e9cnicas de supervivencia mar\u00edtima.&nbsp;<\/p>\n\n\n\n<h2 class=\"wp-block-heading\">Formaci\u00f3n t\u00e9cnica b\u00e1sica&nbsp;<\/h2>\n\n\n\n<p>En 2017 se public\u00f3 otra norma importante, la Formaci\u00f3n T\u00e9cnica B\u00e1sica (BTT) de GWO. El curso es el siguiente paso en la capacitaci\u00f3n de los trabajadores de la energ\u00eda e\u00f3lica en conocimientos t\u00e9cnicos, construcci\u00f3n y funcionamiento de aerogeneradores. El curso completo GWO Full Basic Technical Training (BTT) incluye tres m\u00f3dulos clave, as\u00ed como un paquete de instalaci\u00f3n (incluye dos m\u00f3dulos: mec\u00e1nico y de instalaci\u00f3n). Completar la formaci\u00f3n BTT completa le da la oportunidad de solicitar puestos de trabajo en la industria de la energ\u00eda e\u00f3lica tanto en tierra como en alta mar. Los tres m\u00f3dulos clave de la formaci\u00f3n GWO BTT:&nbsp;<\/p>\n\n\n\n<ul class=\"wp-block-list\">\n<li>Mec\u00e1nica,&nbsp;<\/li>\n\n\n\n<li>El\u00e9ctrico,&nbsp;<\/li>\n\n\n\n<li>Hidr\u00e1ulico (Hidr\u00e1ulica).&nbsp;<\/li>\n<\/ul>\n\n\n\n<h2 class=\"wp-block-heading\">Kit de formaci\u00f3n GWO&nbsp;<\/h2>\n\n\n\n<p>GWO ofrece actualmente 11 est\u00e1ndares de formaci\u00f3n diferentes, que se organizan en diversas variantes modulares. Los est\u00e1ndares abarcan toda la gama de procesos que intervienen en la construcci\u00f3n y posterior mantenimiento de aerogeneradores, desde el funcionamiento de los gatos y la reparaci\u00f3n de las palas hasta las operaciones sencillas de los aerogeneradores. Cada m\u00f3dulo de estos 11 est\u00e1ndares es una unidad de formaci\u00f3n independiente, lo que ofrece a los participantes la flexibilidad necesaria para adaptarse a las necesidades operativas.&nbsp;<\/p>\n\n\n\n<h2 class=\"wp-block-heading\">OSC con acreditaci\u00f3n de GWO para formaci\u00f3n&nbsp;<\/h2>\n\n\n\n<p><a href=\"https:\/\/szkolenia-udt.pl\/es\/o-firmie\/\">Centro de formaci\u00f3n de las OSC<\/a> ofrece programas de formaci\u00f3n de la Global Wind Organisation (GWO), que son esenciales para quienes planean trabajar en turbinas e\u00f3licas. Seg\u00fan las directrices de GWO, estos cursos de formaci\u00f3n s\u00f3lo pueden impartirlos centros de formaci\u00f3n acreditados. Para facilitar el acceso a la informaci\u00f3n m\u00e1s reciente sobre contenidos de formaci\u00f3n a t\u00e9cnicos individuales y proveedores de formaci\u00f3n, existe una plataforma internacional GWO WINDA, disponible en l\u00ednea en: <a href=\"https:\/\/winda.globalwindsafety.org\/\" target=\"_blank\" rel=\"noopener nofollow\" title=\"\">https:\/\/winda.globalwindsafety.org<\/a>.&nbsp;<\/p>\n\n\n\n<p>Los empleadores de todo el mundo valoran las certificaciones de la GWO, ya que confirman que un empleado est\u00e1 cualificado y posee los conocimientos necesarios para garantizar la seguridad en el lugar de trabajo.&nbsp;<\/p>\n\n\n\n<h2 class=\"wp-block-heading\">GWO WINDA - sistema de registro internacional&nbsp;&nbsp;<\/h2>\n\n\n\n<p>WINDA es una base de datos mundial de registros de formaci\u00f3n creada por GWO para verificar la certificaci\u00f3n de los proveedores de formaci\u00f3n y de los alumnos que reciben formaci\u00f3n certificada por GWO. Cada alumno de GWO debe crear una cuenta personal en el sistema WINDA. Una vez registrado, env\u00eda su identificaci\u00f3n WINDA al proveedor de formaci\u00f3n para completar la informaci\u00f3n sobre la formaci\u00f3n realizada en el sistema. Una vez finalizado el curso, el resultado del examen se cargar\u00e1 en la base de datos WINDA. De este modo, un empleado, supervisor o empresa que desee contratar a una persona puede buscarla a trav\u00e9s de su WINDA ID individual y ver qu\u00e9 certificados GWO v\u00e1lidos tiene esa persona. Los certificados obtenidos durante la Formaci\u00f3n B\u00e1sica en Seguridad GWO tienen una validez de 24 meses. Para mantener su validez, el participante debe asistir a la formaci\u00f3n peri\u00f3dica del m\u00f3dulo correspondiente en los dos meses anteriores a la expiraci\u00f3n del certificado. Es posible completar los conocimientos asistiendo al curso de actualizaci\u00f3n de la GWO BST. Si se descuida este proceso, el certificado pierde su validez y el participante est\u00e1 obligado a iniciar de nuevo todo el procedimiento de formaci\u00f3n.&nbsp;<\/p>\n\n\n\n<h2 class=\"wp-block-heading\">Cursos de GWO - lugar de ense\u00f1anza&nbsp;<\/h2>\n\n\n\n<p><a href=\"https:\/\/szkolenia-udt.pl\/es\/kursy\/\">Nuestra formaci\u00f3n<\/a> Tienen lugar en distintos lugares, como Varsovia y nuestras sucursales regionales en toda Polonia. Tambi\u00e9n ofrecemos la posibilidad de impartir formaci\u00f3n en las instalaciones del cliente, desplaz\u00e1ndonos a un lugar que le resulte conveniente.&nbsp;<\/p>\n\n\n\n<p>Consulte nuestra p\u00e1gina web para conocer los detalles de los cursos abiertos. Si est\u00e1 interesado en una formaci\u00f3n cerrada, le animamos a que se ponga en contacto con nuestro centro para que podamos prepararle una oferta personalizada adaptada a sus necesidades.&nbsp;<\/p>\n\n\n\n<p>Si tiene alguna pregunta sobre nuestros cursos, no dude en <a href=\"https:\/\/szkolenia-udt.pl\/es\/kontakt\/\">contacto por tel\u00e9fono o correo electr\u00f3nico<\/a>. Nuestro equipo est\u00e1 dispuesto a responder a todas las preguntas y disipar cualquier duda. Tambi\u00e9n le invitamos a visitar nuestro centro, donde estaremos encantados de presentarle nuestra oferta y preparar un presupuesto para los interesados.&nbsp;<br>&nbsp;<\/p>","protected":false},"excerpt":{"rendered":"<p>Certyfikaty GWO niezb\u0119dne dla os\u00f3b pracuj\u0105cych w \u015brodowisku turbin wiatrowych &nbsp;Global Wind Organisation (GWO) jest mi\u0119dzynarodow\u0105 instytucj\u0105, utworzon\u0105 przez czo\u0142owe firmy z sektora energii wiatrowej. Jej celem jest standaryzacja wiedzy, umiej\u0119tno\u015bci oraz potencjalnych zagro\u017ce\u0144 dla zdrowia i bezpiecze\u0144stwa pracownik\u00f3w w tej bran\u017cy. W ramach dzia\u0142alno\u015bci GWO stworzono powszechne wytyczne dotycz\u0105ce bezpiecze\u0144stwa oraz standardy szkole\u0144, maj\u0105ce [&hellip;]<\/p>\n","protected":false},"author":3,"featured_media":5318,"parent":22,"menu_order":0,"comment_status":"closed","ping_status":"closed","template":"template-podkategorie.php","meta":{"footnotes":""},"class_list":["post-5314","page","type-page","status-publish","has-post-thumbnail","hentry"],"aioseo_notices":[],"_links":{"self":[{"href":"https:\/\/szkolenia-udt.pl\/es\/wp-json\/wp\/v2\/pages\/5314","targetHints":{"allow":["GET"]}}],"collection":[{"href":"https:\/\/szkolenia-udt.pl\/es\/wp-json\/wp\/v2\/pages"}],"about":[{"href":"https:\/\/szkolenia-udt.pl\/es\/wp-json\/wp\/v2\/types\/page"}],"author":[{"embeddable":true,"href":"https:\/\/szkolenia-udt.pl\/es\/wp-json\/wp\/v2\/users\/3"}],"replies":[{"embeddable":true,"href":"https:\/\/szkolenia-udt.pl\/es\/wp-json\/wp\/v2\/comments?post=5314"}],"version-history":[{"count":2,"href":"https:\/\/szkolenia-udt.pl\/es\/wp-json\/wp\/v2\/pages\/5314\/revisions"}],"predecessor-version":[{"id":5319,"href":"https:\/\/szkolenia-udt.pl\/es\/wp-json\/wp\/v2\/pages\/5314\/revisions\/5319"}],"up":[{"embeddable":true,"href":"https:\/\/szkolenia-udt.pl\/es\/wp-json\/wp\/v2\/pages\/22"}],"wp:featuredmedia":[{"embeddable":true,"href":"https:\/\/szkolenia-udt.pl\/es\/wp-json\/wp\/v2\/media\/5318"}],"wp:attachment":[{"href":"https:\/\/szkolenia-udt.pl\/es\/wp-json\/wp\/v2\/media?parent=5314"}],"curies":[{"name":"wp","href":"https:\/\/api.w.org\/{rel}","templated":true}]}}