{"id":5321,"date":"2023-12-11T01:07:56","date_gmt":"2023-12-11T00:07:56","guid":{"rendered":"https:\/\/szkolenia-udt.pl\/?page_id=5321"},"modified":"2023-12-11T01:08:26","modified_gmt":"2023-12-11T00:08:26","slug":"cursos-certificados-para-la-industria-eolica-gwo","status":"publish","type":"page","link":"https:\/\/szkolenia-udt.pl\/es\/kursy\/global-wind-organisation\/certyfikowane-kursy-dla-branzy-wiatrowej-gwo\/","title":{"rendered":"Cursos certificados GWO para la industria e\u00f3lica\u00a0"},"content":{"rendered":"<h2 class=\"wp-block-heading\">Normas de formaci\u00f3n de GWO\u00a0<\/h2>\n\n\n<div class=\"wp-block-image\">\n<figure class=\"alignleft size-medium\"><a href=\"https:\/\/szkolenia-udt.pl\/wp-content\/uploads\/2023\/12\/screen_2x-1.jpg\"><img loading=\"lazy\" decoding=\"async\" width=\"300\" height=\"194\" src=\"https:\/\/szkolenia-udt.pl\/wp-content\/uploads\/2023\/12\/screen_2x-1-300x194.jpg\" alt=\"\" class=\"wp-image-5322\" srcset=\"https:\/\/szkolenia-udt.pl\/wp-content\/uploads\/2023\/12\/screen_2x-1-300x194.jpg 300w, https:\/\/szkolenia-udt.pl\/wp-content\/uploads\/2023\/12\/screen_2x-1-1024x661.jpg 1024w, https:\/\/szkolenia-udt.pl\/wp-content\/uploads\/2023\/12\/screen_2x-1-768x496.jpg 768w, https:\/\/szkolenia-udt.pl\/wp-content\/uploads\/2023\/12\/screen_2x-1-1536x992.jpg 1536w, https:\/\/szkolenia-udt.pl\/wp-content\/uploads\/2023\/12\/screen_2x-1-18x12.jpg 18w, https:\/\/szkolenia-udt.pl\/wp-content\/uploads\/2023\/12\/screen_2x-1.jpg 1600w\" sizes=\"auto, (max-width: 300px) 100vw, 300px\" \/><\/a><\/figure>\n<\/div>\n\n\n<p>La organizaci\u00f3n GWO fue fundada por empresas l\u00edderes que juntas controlan casi 90% del sector mundial de la energ\u00eda e\u00f3lica. Entre estos gigantes figuran:\u00a0<\/p>\n\n\n\n<ul class=\"wp-block-list\">\n<li>Siemens Gamesa,&nbsp;&nbsp;<\/li>\n\n\n\n<li>Vestas,&nbsp;&nbsp;<\/li>\n\n\n\n<li>GE,&nbsp;<\/li>\n\n\n\n<li>Innogy.&nbsp;&nbsp;<\/li>\n<\/ul>\n\n\n\n<p>El objetivo de la organizaci\u00f3n es desarrollar normas de formaci\u00f3n que identifiquen eficazmente los riesgos potenciales asociados al trabajo en este sector de la energ\u00eda e\u00f3lica. Gracias a las normas estandarizadas proporcionadas por la GWO, el nivel de seguridad durante las tareas laborales y en las obras es muy alto. Los certificados expedidos por la GWO est\u00e1n ganando reconocimiento entre los empresarios de todo el mundo, lo que supone una garant\u00eda de protecci\u00f3n y seguridad en el lugar de trabajo.&nbsp;<\/p>\n\n\n\n<h2 class=\"wp-block-heading\">GWO Formaci\u00f3n b\u00e1sica en seguridad\u00a0<\/h2>\n\n\n\n<p>La formaci\u00f3n b\u00e1sica en seguridad (BST) de GWO es un curso obligatorio para quienes trabajan en el sector de las turbinas e\u00f3licas. Hay dos opciones de formaci\u00f3n entre las que elegir, dependiendo de d\u00f3nde trabajes.\u00a0<\/p>\n\n\n\n<p>La formaci\u00f3n b\u00e1sica en seguridad en tierra de GWO est\u00e1 dise\u00f1ada para quienes trabajan en turbinas e\u00f3licas en tierra y consta de cuatro m\u00f3dulos:&nbsp;<\/p>\n\n\n\n<ul class=\"wp-block-list\">\n<li>Trabajo en altura (WAH),&nbsp;<\/li>\n\n\n\n<li>Concienciaci\u00f3n sobre incendios (FAW),&nbsp;<\/li>\n\n\n\n<li>Primeros auxilios (FA),&nbsp;<\/li>\n\n\n\n<li>Manipulaci\u00f3n manual (MH).&nbsp;<\/li>\n<\/ul>\n\n\n\n<p>GWO Formaci\u00f3n b\u00e1sica en seguridad <a href=\"https:\/\/szkolenia-udt.pl\/es\/kursy\/onshore-i-offshore\/\">En alta mar<\/a> est\u00e1 dise\u00f1ado para quienes trabajan en turbinas e\u00f3licas marinas y consta de cinco m\u00f3dulos:&nbsp;<\/p>\n\n\n\n<ul class=\"wp-block-list\">\n<li>Trabajo en altura (WAH),&nbsp;<\/li>\n\n\n\n<li>Concienciaci\u00f3n sobre incendios (FAW),&nbsp;<\/li>\n\n\n\n<li>Primeros auxilios (FA),&nbsp;<\/li>\n\n\n\n<li>Manipulaci\u00f3n manual (MH),&nbsp;<\/li>\n\n\n\n<li>Supervivencia en el mar.&nbsp;<\/li>\n<\/ul>\n\n\n\n<p>La participaci\u00f3n en los cursos mencionados garantiza una preparaci\u00f3n completa para el ejercicio de las funciones profesionales. Durante la formaci\u00f3n, el participante adquiere las habilidades necesarias para responder eficazmente a situaciones de emergencia e imprevisibles. El programa de formaci\u00f3n abarca:&nbsp;<\/p>\n\n\n\n<ul class=\"wp-block-list\">\n<li>prestar primeros auxilios,&nbsp;&nbsp;<\/li>\n\n\n\n<li>manipulaci\u00f3n manual de trabajos de transporte,&nbsp;&nbsp;<\/li>\n\n\n\n<li>hacer frente a posibles incendios en las turbinas,&nbsp;&nbsp;<\/li>\n\n\n\n<li>respete las normas de seguridad cuando trabaje a alturas considerables,&nbsp;<\/li>\n\n\n\n<li>habilidades de supervivencia mar\u00edtima.&nbsp;<\/li>\n<\/ul>\n\n\n\n<p>Los certificados GWO BST tienen una validez de 2 a\u00f1os. Transcurrido este periodo, se recomienda completar sus conocimientos con el curso de actualizaci\u00f3n GWO BST Refresher (formaci\u00f3n de refresco).&nbsp;<\/p>\n\n\n\n<h2 class=\"wp-block-heading\">Curso de supervivencia en el mar de la GWO\u00a0<\/h2>\n\n\n\n<p>Para ampliar sus conocimientos, le recomendamos que asista al curso de formaci\u00f3n Supervivencia en el mar. Este m\u00f3dulo sigue las \u00faltimas normas de formaci\u00f3n b\u00e1sica en seguridad de la GWO. La formaci\u00f3n consta de una parte pr\u00e1ctica y otra te\u00f3rica. Incluye el aprendizaje de t\u00e9cnicas individuales de rescate, la identificaci\u00f3n de diversas alarmas y el reconocimiento de los s\u00edntomas de la hipotermia y el riesgo de ahogamiento secundario. En la parte pr\u00e1ctica de la formaci\u00f3n, que tiene lugar en una piscina caliente, los participantes tienen la oportunidad de simular la transici\u00f3n de una embarcaci\u00f3n de transferencia de tripulaci\u00f3n (CTV) a una escalera de rescate.\u00a0<\/p>\n\n\n\n<h2 class=\"wp-block-heading\">Curso de formaci\u00f3n t\u00e9cnica b\u00e1sica de GWO&nbsp;<\/h2>\n\n\n\n<p>La Formaci\u00f3n T\u00e9cnica B\u00e1sica (FTP) de GWO est\u00e1 dirigida a personas sin formaci\u00f3n t\u00e9cnica o que deseen estructurar sus conocimientos actuales en el contexto del trabajo en el \u00e1mbito de las turbinas e\u00f3licas.&nbsp;<\/p>\n\n\n\n<p>Los t\u00e9cnicos que trabajan en la construcci\u00f3n, instalaci\u00f3n y mantenimiento de aerogeneradores deben tener conocimientos t\u00e9cnicos b\u00e1sicos, que recibir\u00e1n a trav\u00e9s del curso de formaci\u00f3n BTT. El objetivo del curso de formaci\u00f3n es introducir a los participantes en las particularidades del trabajo en un entorno de turbinas e\u00f3licas y esbozar las responsabilidades del puesto de t\u00e9cnico. El curso se centra en los principios de seguridad durante los trabajos el\u00e9ctricos, mec\u00e1nicos y de instalaci\u00f3n, as\u00ed como en la capacidad para manejar herramientas el\u00e9ctricas hidr\u00e1ulicas.&nbsp;<\/p>\n\n\n\n<p>El curso completo de Formaci\u00f3n T\u00e9cnica B\u00e1sica (BTT) de GWO incluye tres m\u00f3dulos clave: el\u00e9ctrico, hidr\u00e1ulico y mec\u00e1nico, as\u00ed como un paquete de instalaci\u00f3n que incluye dos m\u00f3dulos: mec\u00e1nico e instalaci\u00f3n. La finalizaci\u00f3n del curso Full BTT te da la oportunidad de optar a puestos de trabajo en el sector de la energ\u00eda e\u00f3lica tanto en tierra como en alta mar.&nbsp;<\/p>\n\n\n\n<p>Cabe se\u00f1alar que algunas empresas pueden exigir certificaciones adicionales o cumplir normas internas de competencia.&nbsp;&nbsp;<\/p>\n\n\n\n<h2 class=\"wp-block-heading\">Cursos de GWO - lugar de ense\u00f1anza&nbsp;<\/h2>\n\n\n\n<p><a href=\"https:\/\/szkolenia-udt.pl\/es\/kursy\/\">Nuestra formaci\u00f3n<\/a> Tienen lugar en distintos lugares, como Varsovia y nuestras sucursales regionales en toda Polonia. Tambi\u00e9n ofrecemos la posibilidad de impartir formaci\u00f3n en las instalaciones del cliente, desplaz\u00e1ndonos a un lugar que le resulte conveniente.&nbsp;<\/p>\n\n\n\n<p>Consulte nuestra p\u00e1gina web para conocer los detalles de los cursos abiertos. Si est\u00e1 interesado en una formaci\u00f3n cerrada, le animamos a que se ponga en contacto con nuestro centro para que podamos prepararle una oferta personalizada adaptada a sus necesidades.&nbsp;<\/p>\n\n\n\n<p>Si tiene alguna pregunta sobre nuestros cursos, no dude en <a href=\"https:\/\/szkolenia-udt.pl\/es\/kontakt\/\">contacto por tel\u00e9fono o correo electr\u00f3nico<\/a>. Nuestro equipo est\u00e1 dispuesto a responder a todas las preguntas y disipar cualquier duda. Tambi\u00e9n le invitamos a visitar nuestro centro, donde estaremos encantados de presentarle nuestra oferta y preparar un presupuesto para los interesados.&nbsp;<\/p>\n\n\n\n<p>Le invitamos cordialmente a <a href=\"https:\/\/szkolenia-udt.pl\/es\/o-firmie\/\">Centro de Formaci\u00f3n de Operadores<\/a> OSC para los cursos de la Global WInd Organisation (GWO) en Varsovia y en todo el pa\u00eds.&nbsp;<\/p>","protected":false},"excerpt":{"rendered":"<p>Normy szkoleniowe GWO\u00a0 Organizacja GWO zosta\u0142a za\u0142o\u017cona przez czo\u0142owe firmy, kt\u00f3re razem kontroluj\u0105 niemal 90% globalnego sektora energetyki wiatrowej. Do tych potentat\u00f3w nale\u017c\u0105:\u00a0 Celem organizacji jest opracowywanie standard\u00f3w szkoleniowych, kt\u00f3re skutecznie identyfikuj\u0105 potencjalne zagro\u017cenia zwi\u0105zane z prac\u0105 w tym obszarze energetyki wiatrowej. Dzi\u0119ki ujednoliconym normom zapewnianym przez GWO poziom bezpiecze\u0144stwa podczas wykonywania obowi\u0105zk\u00f3w zawodowych oraz [&hellip;]<\/p>\n","protected":false},"author":3,"featured_media":5322,"parent":5314,"menu_order":0,"comment_status":"closed","ping_status":"closed","template":"","meta":{"footnotes":""},"class_list":["post-5321","page","type-page","status-publish","has-post-thumbnail","hentry"],"aioseo_notices":[],"_links":{"self":[{"href":"https:\/\/szkolenia-udt.pl\/es\/wp-json\/wp\/v2\/pages\/5321","targetHints":{"allow":["GET"]}}],"collection":[{"href":"https:\/\/szkolenia-udt.pl\/es\/wp-json\/wp\/v2\/pages"}],"about":[{"href":"https:\/\/szkolenia-udt.pl\/es\/wp-json\/wp\/v2\/types\/page"}],"author":[{"embeddable":true,"href":"https:\/\/szkolenia-udt.pl\/es\/wp-json\/wp\/v2\/users\/3"}],"replies":[{"embeddable":true,"href":"https:\/\/szkolenia-udt.pl\/es\/wp-json\/wp\/v2\/comments?post=5321"}],"version-history":[{"count":1,"href":"https:\/\/szkolenia-udt.pl\/es\/wp-json\/wp\/v2\/pages\/5321\/revisions"}],"predecessor-version":[{"id":5323,"href":"https:\/\/szkolenia-udt.pl\/es\/wp-json\/wp\/v2\/pages\/5321\/revisions\/5323"}],"up":[{"embeddable":true,"href":"https:\/\/szkolenia-udt.pl\/es\/wp-json\/wp\/v2\/pages\/5314"}],"wp:featuredmedia":[{"embeddable":true,"href":"https:\/\/szkolenia-udt.pl\/es\/wp-json\/wp\/v2\/media\/5322"}],"wp:attachment":[{"href":"https:\/\/szkolenia-udt.pl\/es\/wp-json\/wp\/v2\/media?parent=5321"}],"curies":[{"name":"wp","href":"https:\/\/api.w.org\/{rel}","templated":true}]}}