{"id":5327,"date":"2023-12-11T11:16:31","date_gmt":"2023-12-11T10:16:31","guid":{"rendered":"https:\/\/szkolenia-udt.pl\/?page_id=5327"},"modified":"2025-06-06T00:31:07","modified_gmt":"2025-06-05T22:31:07","slug":"curso-artistico-de-formacion-avanzada-en-salvamento","status":"publish","type":"page","link":"https:\/\/szkolenia-udt.pl\/es\/kursy\/global-wind-organisation\/kurs-avanced-rescue-training-art\/","title":{"rendered":"Curso de formaci\u00f3n avanzada en rescate (ART)\u00a0"},"content":{"rendered":"<h2 class=\"wp-block-heading\">Curso avanzado de rescate en evacuaci\u00f3n: para quienes trabajan en entornos de turbinas e\u00f3licas <\/h2>\n\n\n<div class=\"wp-block-image\">\n<figure class=\"alignleft size-medium\"><a href=\"https:\/\/szkolenia-udt.pl\/wp-content\/uploads\/2025\/06\/d6ebddca-83b1-48b1-94ce-8bde44f7a6cb.png\"><img decoding=\"async\" src=\"https:\/\/szkolenia-udt.pl\/wp-content\/uploads\/2025\/06\/d6ebddca-83b1-48b1-94ce-8bde44f7a6cb-200x300.png\" alt=\"\" class=\"wp-image-5718\"\/><\/a><\/figure>\n<\/div>\n\n\n<p>El Centro de Formaci\u00f3n de Operadores de CSO le invita cordialmente al curso Avanced Rescue Training (ART) - Advanced Evacuation Rescue.&nbsp;&nbsp;<\/p>\n\n\n\n<p>Nuestra formaci\u00f3n avanzada en rescate est\u00e1 dirigida a los interesados en conocer los procedimientos utilizados en las operaciones de rescate en aerogeneradores. El programa de formaci\u00f3n abarca operaciones de rescate en componentes de turbinas como el interior de las palas, la g\u00f3ndola, el rotor, el s\u00f3tano, la torre y el buje. El curso utiliza m\u00e9todos y t\u00e9cnicas de rescate, as\u00ed como equipos, que van m\u00e1s all\u00e1 de lo que se cubre en la secci\u00f3n de trabajo en altura. La formaci\u00f3n se aplica tanto a rescates en equipo como a rescates individuales.\u00a0<\/p>\n\n\n\n<p>Ofrecemos formaci\u00f3n conforme a las normas de la GWO, lo que garantiza un alto nivel de aprendizaje. Los alumnos ser\u00e1n capaces de utilizar los conocimientos te\u00f3ricos y pr\u00e1cticos adquiridos durante una evacuaci\u00f3n eficaz utilizando t\u00e9cnicas de rescate durante una situaci\u00f3n de emergencia, manteniendo los m\u00e1s altos est\u00e1ndares de seguridad, de acuerdo con las directrices de formaci\u00f3n avanzada en rescate de la GWO.&nbsp;<\/p>\n\n\n\n<p>En nuestro centro, damos mucha importancia a la oportunidad de adquirir competencias y conocimientos bajo la supervisi\u00f3n de expertos en la materia. Nuestro centro ofrece cursos de ART en todo el pa\u00eds, tanto en nuestra sede central de Varsovia como en las sucursales sobre el terreno, en forma de cursos de formaci\u00f3n abiertos y cerrados. Si decide participar en nuestra formaci\u00f3n de Rescate Avanzado en Evacuaci\u00f3n, puede contar con atractivas condiciones financieras.&nbsp;<\/p>\n\n\n\n<h2 class=\"wp-block-heading\">Curso ART - objetivo principal&nbsp;<\/h2>\n\n\n\n<p>La formaci\u00f3n est\u00e1 dise\u00f1ada para proporcionar a los participantes conocimientos te\u00f3ricos y ense\u00f1ar habilidades pr\u00e1cticas relacionadas con t\u00e9cnicas avanzadas de evacuaci\u00f3n y operaciones de rescate en un entorno de turbinas e\u00f3licas.&nbsp;&nbsp;<\/p>\n\n\n\n<h2 class=\"wp-block-heading\">ART curso - programa&nbsp;<\/h2>\n\n\n\n<p>El curso ART - Advanced Evacuation Rescue es un programa completo que incluye clases te\u00f3ricas y pr\u00e1cticas, a trav\u00e9s de las cuales los participantes adquieren conocimientos sobre diversos procedimientos de evacuaci\u00f3n que se adaptan a las caracter\u00edsticas del lugar de evacuaci\u00f3n y al n\u00famero de personas implicadas.&nbsp;&nbsp;<\/p>\n\n\n<div class=\"wp-block-image\">\n<figure class=\"alignleft size-medium\"><a href=\"https:\/\/szkolenia-udt.pl\/wp-content\/uploads\/2023\/12\/s2-17.jpg\"><img loading=\"lazy\" decoding=\"async\" width=\"300\" height=\"200\" src=\"https:\/\/szkolenia-udt.pl\/wp-content\/uploads\/2023\/12\/s2-17-300x200.jpg\" alt=\"\" class=\"wp-image-5329\" srcset=\"https:\/\/szkolenia-udt.pl\/wp-content\/uploads\/2023\/12\/s2-17-300x200.jpg 300w, https:\/\/szkolenia-udt.pl\/wp-content\/uploads\/2023\/12\/s2-17-1024x683.jpg 1024w, https:\/\/szkolenia-udt.pl\/wp-content\/uploads\/2023\/12\/s2-17-768x512.jpg 768w, https:\/\/szkolenia-udt.pl\/wp-content\/uploads\/2023\/12\/s2-17-1536x1024.jpg 1536w, https:\/\/szkolenia-udt.pl\/wp-content\/uploads\/2023\/12\/s2-17-18x12.jpg 18w, https:\/\/szkolenia-udt.pl\/wp-content\/uploads\/2023\/12\/s2-17.jpg 1600w\" sizes=\"auto, (max-width: 300px) 100vw, 300px\" \/><\/a><\/figure>\n<\/div>\n\n\n<p>Las distintas partes de la formaci\u00f3n se han preparado cuidadosamente para que los participantes sean capaces de afrontar evacuaciones tanto en grupo como individuales. Se realizan escenarios de ejercicios pr\u00e1cticos realistas utilizando equipos de evacuaci\u00f3n de alta calidad que se utilizan actualmente en situaciones de emergencia en la zona de los aerogeneradores.&nbsp;&nbsp;<\/p>\n\n\n\n<p>El curso consta de cuatro m\u00f3dulos:&nbsp;<\/p>\n\n\n\n<h2 class=\"wp-block-heading\">ART-Rescate de g\u00f3ndolas, torres y s\u00f3tanos (NTBR)&nbsp;<\/h2>\n\n\n\n<p>El m\u00f3dulo abarca los siguientes temas:&nbsp;<\/p>\n\n\n\n<ul class=\"wp-block-list\">\n<li>procedimientos de evacuaci\u00f3n de heridos de partes del aerogenerador, como la g\u00f3ndola, la torre o el s\u00f3tano,&nbsp;<\/li>\n\n\n\n<li>estrategias de rescate que impliquen la identificaci\u00f3n de un m\u00e9todo apropiado de manipulaci\u00f3n y el uso de una t\u00e9cnica correcta y de equipos especializados por parte de personal debidamente formado,&nbsp;&nbsp;<\/li>\n\n\n\n<li>simulaciones y ejercicios pr\u00e1cticos en operaciones de rescate,&nbsp;<\/li>\n\n\n\n<li>legislaci\u00f3n relacionada con las operaciones de rescate avanzadas.&nbsp;<\/li>\n<\/ul>\n\n\n\n<h2 class=\"wp-block-heading\">Rescate de cubo, h\u00e9lice y pala interior ART-H (HSIBR)&nbsp;<\/h2>\n\n\n\n<p>El m\u00f3dulo abarca los siguientes temas:&nbsp;<\/p>\n\n\n\n<ul class=\"wp-block-list\">\n<li>procedimientos de evacuaci\u00f3n de heridos de partes del aerogenerador, como el buje, el rotor o el interior de las palas,&nbsp;<\/li>\n\n\n\n<li>estrategias de rescate que impliquen la identificaci\u00f3n de un m\u00e9todo apropiado de manipulaci\u00f3n y el uso de una t\u00e9cnica correcta y de equipos especializados por parte de personal debidamente formado,&nbsp;&nbsp;<\/li>\n\n\n\n<li>selecci\u00f3n de puntos de anclaje estructurales y homologados,&nbsp;<\/li>\n\n\n\n<li>simulaciones y ejercicios pr\u00e1cticos en operaciones de rescate,&nbsp;<\/li>\n\n\n\n<li>legislaci\u00f3n relacionada con las operaciones de rescate avanzadas.&nbsp;<\/li>\n<\/ul>\n\n\n\n<h2 class=\"wp-block-heading\">SAT-N Socorrista individual - Rescate en g\u00f3ndola, torre y s\u00f3tano (SR:NTBR)&nbsp;<\/h2>\n\n\n\n<p>El m\u00f3dulo abarca los siguientes temas:&nbsp;<\/p>\n\n\n\n<ul class=\"wp-block-list\">\n<li>la selecci\u00f3n de un m\u00e9todo de rescate y una t\u00e9cnica de intervenci\u00f3n adecuados, el uso de equipos certificados y la gesti\u00f3n eficaz de la operaci\u00f3n de rescate en el lugar de los hechos por parte del rescatador que act\u00faa solo - una variedad de escenarios de rescate,&nbsp;<\/li>\n\n\n\n<li>utilizaci\u00f3n de m\u00e9todos y t\u00e9cnicas de rescate adecuados durante el ascenso y descenso del rescatador solo desde la torre del aerogenerador,&nbsp;&nbsp;<\/li>\n\n\n\n<li>apoyo del rescatador mediante el uso de una camilla o una tabla ortop\u00e9dica, incluidas las maniobras manuales y el uso de un sistema de rescate mec\u00e1nico para el descenso y la elevaci\u00f3n,&nbsp;<\/li>\n\n\n\n<li>el uso correcto de los equipos de rescate especializados.&nbsp;<\/li>\n<\/ul>\n\n\n\n<h2 class=\"wp-block-heading\">Rescate individual SAT-H: rescate en cubo, h\u00e9lice y pala interior (SR:HSIBR)&nbsp;&nbsp;<\/h2>\n\n\n\n<p>El m\u00f3dulo abarca los siguientes temas:&nbsp;<\/p>\n\n\n\n<ul class=\"wp-block-list\">\n<li>la selecci\u00f3n de un m\u00e9todo de rescate y una t\u00e9cnica de intervenci\u00f3n adecuados, el uso de equipos certificados y la gesti\u00f3n eficaz de la operaci\u00f3n de rescate en el lugar de los hechos por parte del rescatador que act\u00faa solo - una variedad de escenarios de rescate,&nbsp;<\/li>\n\n\n\n<li>utilizaci\u00f3n de m\u00e9todos y t\u00e9cnicas de rescate adecuados durante el ascenso y descenso del rescatador solo de la estructura del aerogenerador,&nbsp;<\/li>\n\n\n\n<li>apoyo del reanimador mediante una camilla o una tabla ortop\u00e9dica, incluidas las maniobras manuales y la utilizaci\u00f3n de un sistema mec\u00e1nico de rescate para el descenso y la elevaci\u00f3n (incluidos los dispositivos de polea).&nbsp;<\/li>\n<\/ul>\n\n\n\n<p>Al finalizar la Formaci\u00f3n Avanzada en Rescate, los graduados habr\u00e1n adquirido conocimientos que incluyen:&nbsp;<\/p>\n\n\n\n<ul class=\"wp-block-list\">\n<li>an\u00e1lisis y desarrollo de estrategias de rescate, incluida la elecci\u00f3n correcta de m\u00e9todos, t\u00e9cnicas, equipos certificados y personal adecuado, para adaptarse a diversos escenarios de rescate,&nbsp;<\/li>\n\n\n\n<li>la correcta evaluaci\u00f3n de la situaci\u00f3n y el desarrollo de estrategias de evacuaci\u00f3n durante las operaciones de rescate, incluida la preparaci\u00f3n de rutas de evacuaci\u00f3n \u00f3ptimas para las personas afectadas, tanto en el exterior como en el interior de la torre del aerogenerador,&nbsp;<\/li>\n\n\n\n<li>seleccionar puntos de anclaje adecuados que cumplan los criterios de certificaci\u00f3n y los requisitos estructurales en diversos escenarios de rescate,&nbsp;<\/li>\n\n\n\n<li>Comprensi\u00f3n y aplicaci\u00f3n pr\u00e1ctica de conceptos como \u00e1ngulo de sustentaci\u00f3n, factor angular y deflexi\u00f3n, que son importantes durante las operaciones de rescate,&nbsp;<\/li>\n\n\n\n<li>Responder eficazmente a los peligros comunes asociados a las fuentes de energ\u00eda peligrosas y a los que se producen en espacios confinados dentro de un aerogenerador durante las operaciones de rescate,&nbsp;<\/li>\n\n\n\n<li>Aplicaci\u00f3n pr\u00e1ctica de diversos m\u00e9todos y t\u00e9cnicas de rescate en operaciones de descenso de cubos de aerogeneradores, plataformas giratorias e interiores de palas, utilizando camillas de rescate, tablas ortop\u00e9dicas, sistemas manuales de descenso\/elevaci\u00f3n y otros equipos de rescate especializados (sistemas de poleas),&nbsp;<\/li>\n\n\n\n<li>la correcta colocaci\u00f3n de arneses y otros equipos de protecci\u00f3n individual, como cascos o gafas, a las v\u00edctimas que se encuentren en el interior de la torre del aerogenerador,&nbsp;<\/li>\n\n\n\n<li>el transporte seguro de heridos en camillas y tablas ortop\u00e9dicas en posici\u00f3n vertical u horizontal y la supervisi\u00f3n del estado del herido,&nbsp;<\/li>\n<\/ul>\n\n\n\n<ul class=\"wp-block-list\">\n<li>comunicarse eficazmente en situaciones de rescate potencialmente estresantes, tanto en calidad de jefe de equipo de rescate como de miembro del equipo de rescate.&nbsp;<\/li>\n<\/ul>\n\n\n\n<h2 class=\"wp-block-heading\">Curso ART - certificaci\u00f3n&nbsp;&nbsp;<\/h2>\n\n\n\n<p>El Centro de Formaci\u00f3n de Operadores de CSO est\u00e1 acreditado por DNV y GWO.&nbsp;<\/p>\n\n\n\n<p>Nuestra formaci\u00f3n avanzada en rescate se realiza de acuerdo con la norma actual de formaci\u00f3n b\u00e1sica en seguridad de la GWO.&nbsp;&nbsp;<\/p>\n\n\n\n<p>Al finalizar el curso, los participantes recibir\u00e1n un certificado de aprovechamiento. El certificado es una atestaci\u00f3n oficial de que el participante ha adquirido los conocimientos necesarios en salvamento y rescate de evacuaci\u00f3n en operaciones de rescate avanzadas.&nbsp;<\/p>\n\n\n\n<p>La validez del certificado es de 24 meses. Recomendamos a los participantes que actualicen su formaci\u00f3n antes de que expire este periodo para mantener al d\u00eda sus cualificaciones y conocimientos.&nbsp;<\/p>\n\n\n\n<h2 class=\"wp-block-heading\">Curso ART - Requisitos de participaci\u00f3n&nbsp;<\/h2>\n\n\n\n<p>Para participar en la formaci\u00f3n relacionada con los trabajos en altura, deben cumplirse determinados requisitos:&nbsp;<\/p>\n\n\n\n<ul class=\"wp-block-list\">\n<li>edad m\u00ednima 18 a\u00f1os,&nbsp;<\/li>\n\n\n\n<li>un m\u00ednimo de estudios secundarios,&nbsp;<\/li>\n\n\n\n<li>un certificado actual de un m\u00e9dico del trabajo que certifique que no existen contraindicaciones de salud para trabajar a m\u00e1s de tres metros de altura,&nbsp;<\/li>\n\n\n\n<li>seguridad social o seguro de accidentes pagados,&nbsp;<\/li>\n\n\n\n<li>tener un n\u00famero de identificaci\u00f3n WINDA,&nbsp;<\/li>\n\n\n\n<li>un cuestionario m\u00e9dico debidamente cumplimentado,&nbsp;<\/li>\n\n\n\n<li>ropa y calzado de trabajo adecuados, as\u00ed como guantes,&nbsp;<\/li>\n\n\n\n<li>pago de la tasa de formaci\u00f3n,&nbsp;<\/li>\n\n\n\n<li>un documento de identidad v\u00e1lido, como un carn\u00e9 de identidad,&nbsp;<\/li>\n\n\n\n<li>Certificados de finalizaci\u00f3n de la formaci\u00f3n sobre trabajo en altura, primeros auxilios y manipulaci\u00f3n manual.&nbsp;<\/li>\n<\/ul>\n\n\n\n<p>El n\u00famero m\u00e1ximo de participantes por grupo es de 10-12.&nbsp;&nbsp;&nbsp;&nbsp;<\/p>\n\n\n\n<h2 class=\"wp-block-heading\">Curso ART - coste &nbsp;<\/h2>\n\n\n\n<p>La tarifa de la formaci\u00f3n avanzada en salvamento se fija de forma individual. Depende del n\u00famero de personas que participen en el curso. Se ofrecen atractivos descuentos para grupos grandes.&nbsp;<\/p>\n\n\n\n<h2 class=\"wp-block-heading\">Curso ART - lugar de celebraci\u00f3n&nbsp;<\/h2>\n\n\n\n<p>Nuestros cursos de formaci\u00f3n se imparten en distintos lugares, como Varsovia y nuestras sucursales regionales en toda Polonia. Tambi\u00e9n ofrecemos la posibilidad de impartir formaci\u00f3n en las instalaciones del cliente, desplaz\u00e1ndonos a un lugar que le resulte conveniente.&nbsp;<\/p>\n\n\n\n<p>Consulte nuestra p\u00e1gina web para conocer los detalles de los cursos abiertos. Si est\u00e1 interesado en una formaci\u00f3n cerrada, le animamos a que se ponga en contacto con nuestro centro para que podamos prepararle una oferta personalizada adaptada a sus necesidades.&nbsp;<\/p>\n\n\n\n<p>Si tiene alguna pregunta sobre nuestros cursos, le animamos a que se ponga en contacto con nosotros por tel\u00e9fono o correo electr\u00f3nico. Nuestro equipo est\u00e1 dispuesto a responder a todas sus preguntas y aclarar cualquier duda. Tambi\u00e9n le invitamos a visitar nuestro centro, donde estaremos encantados de presentarle nuestra oferta y preparar un presupuesto para los interesados.&nbsp;<\/p>\n\n\n\n<p>Le invitamos cordialmente al Centro de Formaci\u00f3n de Operadores de OSO para la Formaci\u00f3n Avanzada de Rescate (ART) - Cursos avanzados de rescate de evacuaci\u00f3n en Varsovia y en todo el pa\u00eds.&nbsp;<\/p>","protected":false},"excerpt":{"rendered":"<p>Kurs Zaawansowane ratownictwo ewakuacyjne \u2013 dla os\u00f3b pracuj\u0105cych w \u015brodowisku turbin wiatrowych O\u015brodek Szkolenia Operator\u00f3w OSO serdecznie zaprasza na kurs Avanced Rescue Training (ART) \u2013 Zaawansowane ratownictwo ewakuacyjne.&nbsp;&nbsp; Nasze szkolenie Avanced Rescue Training skierowane jest do os\u00f3b zainteresowanych poznaniem procedur u\u017cywanych podczas dzia\u0142a\u0144 ratowniczych w turbinach wiatrowych. Program szkolenia obejmuje akcje ratownicze w taki elementach [&hellip;]<\/p>\n","protected":false},"author":3,"featured_media":5720,"parent":5314,"menu_order":0,"comment_status":"closed","ping_status":"closed","template":"","meta":{"footnotes":""},"class_list":["post-5327","page","type-page","status-publish","has-post-thumbnail","hentry"],"aioseo_notices":[],"_links":{"self":[{"href":"https:\/\/szkolenia-udt.pl\/es\/wp-json\/wp\/v2\/pages\/5327","targetHints":{"allow":["GET"]}}],"collection":[{"href":"https:\/\/szkolenia-udt.pl\/es\/wp-json\/wp\/v2\/pages"}],"about":[{"href":"https:\/\/szkolenia-udt.pl\/es\/wp-json\/wp\/v2\/types\/page"}],"author":[{"embeddable":true,"href":"https:\/\/szkolenia-udt.pl\/es\/wp-json\/wp\/v2\/users\/3"}],"replies":[{"embeddable":true,"href":"https:\/\/szkolenia-udt.pl\/es\/wp-json\/wp\/v2\/comments?post=5327"}],"version-history":[{"count":2,"href":"https:\/\/szkolenia-udt.pl\/es\/wp-json\/wp\/v2\/pages\/5327\/revisions"}],"predecessor-version":[{"id":5719,"href":"https:\/\/szkolenia-udt.pl\/es\/wp-json\/wp\/v2\/pages\/5327\/revisions\/5719"}],"up":[{"embeddable":true,"href":"https:\/\/szkolenia-udt.pl\/es\/wp-json\/wp\/v2\/pages\/5314"}],"wp:featuredmedia":[{"embeddable":true,"href":"https:\/\/szkolenia-udt.pl\/es\/wp-json\/wp\/v2\/media\/5720"}],"wp:attachment":[{"href":"https:\/\/szkolenia-udt.pl\/es\/wp-json\/wp\/v2\/media?parent=5327"}],"curies":[{"name":"wp","href":"https:\/\/api.w.org\/{rel}","templated":true}]}}