{"id":5331,"date":"2023-12-11T11:20:19","date_gmt":"2023-12-11T10:20:19","guid":{"rendered":"https:\/\/szkolenia-udt.pl\/?page_id=5331"},"modified":"2023-12-11T11:20:20","modified_gmt":"2023-12-11T10:20:20","slug":"curso-basico-de-formacion-en-seguridad-bst","status":"publish","type":"page","link":"https:\/\/szkolenia-udt.pl\/es\/kursy\/global-wind-organisation\/kurs-basic-safety-training-bst\/","title":{"rendered":"Curso de formaci\u00f3n b\u00e1sica en seguridad (BST)\u00a0"},"content":{"rendered":"<h2 class=\"wp-block-heading\">Formaci\u00f3n b\u00e1sica en seguridad: para quienes trabajan en el entorno de las turbinas e\u00f3licas<\/h2>\n\n\n<div class=\"wp-block-image\">\n<figure class=\"alignleft size-medium\"><a href=\"https:\/\/szkolenia-udt.pl\/wp-content\/uploads\/2023\/12\/screen_2x-22.jpg\"><img loading=\"lazy\" decoding=\"async\" width=\"300\" height=\"200\" src=\"https:\/\/szkolenia-udt.pl\/wp-content\/uploads\/2023\/12\/screen_2x-22-300x200.jpg\" alt=\"\" class=\"wp-image-5332\" srcset=\"https:\/\/szkolenia-udt.pl\/wp-content\/uploads\/2023\/12\/screen_2x-22-300x200.jpg 300w, https:\/\/szkolenia-udt.pl\/wp-content\/uploads\/2023\/12\/screen_2x-22-1024x683.jpg 1024w, https:\/\/szkolenia-udt.pl\/wp-content\/uploads\/2023\/12\/screen_2x-22-768x512.jpg 768w, https:\/\/szkolenia-udt.pl\/wp-content\/uploads\/2023\/12\/screen_2x-22-1536x1024.jpg 1536w, https:\/\/szkolenia-udt.pl\/wp-content\/uploads\/2023\/12\/screen_2x-22-18x12.jpg 18w, https:\/\/szkolenia-udt.pl\/wp-content\/uploads\/2023\/12\/screen_2x-22.jpg 1600w\" sizes=\"auto, (max-width: 300px) 100vw, 300px\" \/><\/a><\/figure>\n<\/div>\n\n\n<p>La Formaci\u00f3n B\u00e1sica en Seguridad es la formaci\u00f3n b\u00e1sica para quienes trabajan o tienen previsto trabajar en aerogeneradores en tierra o en alta mar. Se trata de un programa de formaci\u00f3n integral dise\u00f1ado para proporcionar las habilidades y conocimientos necesarios para la seguridad en el trabajo con turbinas e\u00f3licas.\u00a0\u00a0<\/p>\n\n\n\n<h2 class=\"wp-block-heading\">Norma BST\u00a0<\/h2>\n\n\n\n<p>La norma BST define claramente tres criterios clave para evaluar a un participante durante un examen:\u00a0\u00a0<\/p>\n\n\n\n<ul class=\"wp-block-list\">\n<li>conocimientos,&nbsp;&nbsp;<\/li>\n\n\n\n<li>habilidades,&nbsp;<\/li>\n\n\n\n<li>capacidades.&nbsp;<\/li>\n<\/ul>\n\n\n\n<p>Estos elementos se dividen en tres niveles de competencia: b\u00e1sico, intermedio y avanzado. Estos niveles tambi\u00e9n se eval\u00faan durante el examen, lo que permite a los empresarios identificar las competencias de un empleado y asignarlo al puesto adecuado.&nbsp;<\/p>\n\n\n\n<ul class=\"wp-block-list\">\n<li>Nivel b\u00e1sico: el alumno es capaz de repetir los conocimientos adquiridos de la forma en que se le comunicaron. Es capaz de repetir acciones siguiendo instrucciones y de actuar conforme a reglas sencillas y b\u00e1sicas.&nbsp;<\/li>\n\n\n\n<li>Nivel intermedio: el participante es capaz de explicar sus acciones, elegir el equipo adecuado para el trabajo, actuar de forma independiente y proactiva.&nbsp;<\/li>\n\n\n\n<li>Nivel avanzado: el participante comprende perfectamente el proceso de trabajo, puede evaluar los riesgos, se adapta a las condiciones de trabajo cambiantes y est\u00e1 preparado para asumir la responsabilidad de sus compa\u00f1eros.&nbsp;<\/li>\n<\/ul>\n\n\n\n<p>La norma BST define con precisi\u00f3n los temas en los que el participante debe adquirir conocimientos y el tiempo m\u00ednimo necesario para dominar completamente cada tema.&nbsp;<\/p>\n\n\n\n<p>La Formaci\u00f3n B\u00e1sica en Seguridad de la Organizaci\u00f3n Global Wind desarrolla en los participantes las habilidades necesarias para prestarse apoyo y cuidados a s\u00ed mismos y a otras personas que trabajan en la industria e\u00f3lica. La finalizaci\u00f3n de la formaci\u00f3n proporciona amplios conocimientos y habilidades relacionados con los primeros auxilios y la evacuaci\u00f3n en situaciones de riesgo vital, el trabajo en altura, la manipulaci\u00f3n manual, la protecci\u00f3n contra incendios o la supervivencia en alta mar.&nbsp;<\/p>\n\n\n\n<p>La formaci\u00f3n b\u00e1sica en seguridad de GWO se divide en seis m\u00f3dulos:&nbsp;<\/p>\n\n\n\n<ul class=\"wp-block-list\">\n<li>Primeros auxilios (FA)&nbsp;<\/li>\n<\/ul>\n\n\n\n<p>Objetivo del m\u00f3dulo <a href=\"https:\/\/szkolenia-udt.pl\/es\/kursy\/bhp-ppoz\/przychodzimy-z-pomoca\/\">Primeros auxilios<\/a> es preparar a los participantes, mediante una formaci\u00f3n te\u00f3rica y pr\u00e1ctica, para reconocer las situaciones que ponen en peligro la vida. Los participantes adquieren las habilidades necesarias para identificar los signos y s\u00edntomas de situaciones potencialmente peligrosas que se producen en el entorno de las turbinas e\u00f3licas. Los graduados del curso son capaces de administrar primeros auxilios seguros y eficaces, destinados a salvar vidas y minimizar lesiones ulteriores hasta que la persona herida sea trasladada a un nivel superior de atenci\u00f3n m\u00e9dica.&nbsp;&nbsp;<\/p>\n\n\n\n<ul class=\"wp-block-list\">\n<li>Manipulaci\u00f3n manual (MH)&nbsp;<\/li>\n<\/ul>\n\n\n\n<p>El objetivo del m\u00f3dulo de Manipulaci\u00f3n manual es reducir el riesgo de lesiones musculoesquel\u00e9ticas de los t\u00e9cnicos que trabajan en la industria e\u00f3lica y capacitar a los participantes para realizar las tareas de la forma m\u00e1s segura posible cuando trabajen en la zona de los aerogeneradores.&nbsp;<\/p>\n\n\n\n<ul class=\"wp-block-list\">\n<li>Concienciaci\u00f3n sobre incendios (FAW)&nbsp;<\/li>\n<\/ul>\n\n\n\n<p>El objetivo del m\u00f3dulo de Protecci\u00f3n contra Incendios es formar a los participantes en la prevenci\u00f3n de incendios, la capacidad de evaluar adecuadamente una situaci\u00f3n de incendio, gestionar el proceso de evacuaci\u00f3n de los empleados y garantizar una evacuaci\u00f3n segura en caso de incendio no controlado. Cuando un incidente se considere seguro, los alumnos deber\u00e1n ser capaces de extinguir eficazmente el fuego inicial utilizando equipos b\u00e1sicos de extinci\u00f3n de incendios.&nbsp;<\/p>\n\n\n\n<ul class=\"wp-block-list\">\n<li>Trabajo en altura (WAH)&nbsp;<\/li>\n<\/ul>\n\n\n\n<p>El objetivo del m\u00f3dulo Trabajo en altura es proporcionar a los participantes los conocimientos pr\u00e1cticos y te\u00f3ricos necesarios para utilizar equipos de protecci\u00f3n individual b\u00e1sicos, trabajar con seguridad en altura y realizar operaciones b\u00e1sicas de rescate en altura en el sector de los aerogeneradores.&nbsp;<\/p>\n\n\n\n<ul class=\"wp-block-list\">\n<li>Trabajo en altura (WAH) y manipulaci\u00f3n manual (MH) - paquete&nbsp;<\/li>\n<\/ul>\n\n\n\n<p>El objetivo de este m\u00f3dulo de formaci\u00f3n es proporcionar a los participantes los conocimientos pr\u00e1cticos y te\u00f3ricos necesarios para utilizar equipos de protecci\u00f3n individual b\u00e1sicos, trabajar con seguridad en altura y realizar operaciones b\u00e1sicas de rescate en altura en el sector de los aerogeneradores. El m\u00f3dulo tambi\u00e9n pretende promover h\u00e1bitos adecuados de manipulaci\u00f3n manual y principios ergon\u00f3micos, permitiendo a los participantes realizar tareas de manipulaci\u00f3n manual de forma segura.&nbsp;<\/p>\n\n\n\n<p>Este paquete combina las lecciones y elementos del m\u00f3dulo BST <a href=\"https:\/\/szkolenia-udt.pl\/es\/kursy\/prace-wysokosciowe\/kurs-na-szelki-budowlane\/\">Trabajos en altura<\/a> y el m\u00f3dulo BST Manipulaci\u00f3n manual. La duraci\u00f3n prevista del m\u00f3dulo combinado es de dos d\u00edas. El paquete incluye el contenido de los dos m\u00f3dulos independientes, y los participantes en el curso combinado reciben la documentaci\u00f3n de formaci\u00f3n para el trabajo en altura y la documentaci\u00f3n para la manipulaci\u00f3n manual por separado.&nbsp;<\/p>\n\n\n\n<ul class=\"wp-block-list\">\n<li>Supervivencia en el mar (SS)&nbsp;<\/li>\n<\/ul>\n\n\n\n<p>El objetivo del m\u00f3dulo Supervivencia en el mar es preparar a los participantes para actuar de forma segura y responsable durante las operaciones de energ\u00eda e\u00f3lica marina. Una completa formaci\u00f3n te\u00f3rica y pr\u00e1ctica dotar\u00e1 a los participantes de los conocimientos necesarios para actuar adecuadamente tanto en las operaciones cotidianas como en situaciones de emergencia, desde la zona costera hasta el buque de instalaci\u00f3n (o la turbina e\u00f3lica).&nbsp;&nbsp;<\/p>\n\n\n\n<h2 class=\"wp-block-heading\">Actualizaci\u00f3n de la formaci\u00f3n&nbsp;&nbsp;<\/h2>\n\n\n\n<p>Adem\u00e1s de cumplir la legislaci\u00f3n y las normas legales vigentes, el proveedor de formaci\u00f3n debe garantizar peri\u00f3dicamente que los materiales de formaci\u00f3n est\u00e9n actualizados y cumplan las directrices espec\u00edficas del sector. Para la industria e\u00f3lica marina, esto se aplica a las directrices G+: Trabajo en altura en la <a href=\"https:\/\/szkolenia-udt.pl\/es\/kursy\/onshore-i-offshore\/\">En alta mar<\/a> Industria e\u00f3lica y gesti\u00f3n segura de peque\u00f1os buques de servicio utilizados en la industria e\u00f3lica marina.&nbsp;&nbsp;&nbsp;<\/p>","protected":false},"excerpt":{"rendered":"<p>Podstawowe szkolenie w zakresie bezpiecze\u0144stwa \u2013 dla os\u00f3b pracuj\u0105cych w \u015brodowisku turbin wiatrowych Basic Safety Training to fundamentalne szkolenie dla os\u00f3b pracuj\u0105cych lub planuj\u0105cych podj\u0105\u0107 prac\u0119 przy turbinach wiatrowych na l\u0105dzie, lub morzu. Jest to kompleksowy program szkoleniowy, kt\u00f3ry ma na celu zapewnienie niezb\u0119dnych umiej\u0119tno\u015bci i wiedzy dotycz\u0105cej bezpiecze\u0144stwa w pracy w sektorze turbin wiatrowych.\u00a0\u00a0 [&hellip;]<\/p>\n","protected":false},"author":3,"featured_media":5332,"parent":5314,"menu_order":0,"comment_status":"closed","ping_status":"closed","template":"","meta":{"footnotes":""},"class_list":["post-5331","page","type-page","status-publish","has-post-thumbnail","hentry"],"aioseo_notices":[],"_links":{"self":[{"href":"https:\/\/szkolenia-udt.pl\/es\/wp-json\/wp\/v2\/pages\/5331","targetHints":{"allow":["GET"]}}],"collection":[{"href":"https:\/\/szkolenia-udt.pl\/es\/wp-json\/wp\/v2\/pages"}],"about":[{"href":"https:\/\/szkolenia-udt.pl\/es\/wp-json\/wp\/v2\/types\/page"}],"author":[{"embeddable":true,"href":"https:\/\/szkolenia-udt.pl\/es\/wp-json\/wp\/v2\/users\/3"}],"replies":[{"embeddable":true,"href":"https:\/\/szkolenia-udt.pl\/es\/wp-json\/wp\/v2\/comments?post=5331"}],"version-history":[{"count":1,"href":"https:\/\/szkolenia-udt.pl\/es\/wp-json\/wp\/v2\/pages\/5331\/revisions"}],"predecessor-version":[{"id":5333,"href":"https:\/\/szkolenia-udt.pl\/es\/wp-json\/wp\/v2\/pages\/5331\/revisions\/5333"}],"up":[{"embeddable":true,"href":"https:\/\/szkolenia-udt.pl\/es\/wp-json\/wp\/v2\/pages\/5314"}],"wp:featuredmedia":[{"embeddable":true,"href":"https:\/\/szkolenia-udt.pl\/es\/wp-json\/wp\/v2\/media\/5332"}],"wp:attachment":[{"href":"https:\/\/szkolenia-udt.pl\/es\/wp-json\/wp\/v2\/media?parent=5331"}],"curies":[{"name":"wp","href":"https:\/\/api.w.org\/{rel}","templated":true}]}}