{"id":5334,"date":"2023-12-11T11:25:28","date_gmt":"2023-12-11T10:25:28","guid":{"rendered":"https:\/\/szkolenia-udt.pl\/?page_id=5334"},"modified":"2023-12-11T11:25:29","modified_gmt":"2023-12-11T10:25:29","slug":"curso-de-formacion-tecnica-basica-btt-mecanica","status":"publish","type":"page","link":"https:\/\/szkolenia-udt.pl\/es\/kursy\/global-wind-organisation\/kurs-basic-technical-training-btt-mechanical\/","title":{"rendered":"Curso de formaci\u00f3n t\u00e9cnica b\u00e1sica (BTT) - Mec\u00e1nica\u00a0"},"content":{"rendered":"<h2 class=\"wp-block-heading\">M\u00f3dulo de formaci\u00f3n t\u00e9cnica b\u00e1sica en mec\u00e1nica - para quienes trabajan en el entorno de las turbinas e\u00f3licas\u00a0<\/h2>\n\n\n<div class=\"wp-block-image\">\n<figure class=\"alignleft size-medium\"><a href=\"https:\/\/szkolenia-udt.pl\/wp-content\/uploads\/2023\/12\/s2-18.jpg\"><img loading=\"lazy\" decoding=\"async\" width=\"300\" height=\"200\" src=\"https:\/\/szkolenia-udt.pl\/wp-content\/uploads\/2023\/12\/s2-18-300x200.jpg\" alt=\"\" class=\"wp-image-5335\" srcset=\"https:\/\/szkolenia-udt.pl\/wp-content\/uploads\/2023\/12\/s2-18-300x200.jpg 300w, https:\/\/szkolenia-udt.pl\/wp-content\/uploads\/2023\/12\/s2-18-1024x683.jpg 1024w, https:\/\/szkolenia-udt.pl\/wp-content\/uploads\/2023\/12\/s2-18-768x512.jpg 768w, https:\/\/szkolenia-udt.pl\/wp-content\/uploads\/2023\/12\/s2-18-1536x1024.jpg 1536w, https:\/\/szkolenia-udt.pl\/wp-content\/uploads\/2023\/12\/s2-18-18x12.jpg 18w, https:\/\/szkolenia-udt.pl\/wp-content\/uploads\/2023\/12\/s2-18.jpg 1600w\" sizes=\"auto, (max-width: 300px) 100vw, 300px\" \/><\/a><\/figure>\n<\/div>\n\n\n<p><a href=\"https:\/\/szkolenia-udt.pl\/es\/o-firmie\/\">O\u015brodek Szkolenia Operator\u00f3w OSO<\/a> le invita cordialmente al curso de Formaci\u00f3n T\u00e9cnica B\u00e1sica (FTP) - Mec\u00e1nica.\u00a0\u00a0<\/p>\n\n\n\n<p>El curso de formaci\u00f3n BTT - Mec\u00e1nica est\u00e1 dise\u00f1ado para quienes deseen adquirir los conocimientos mec\u00e1nicos necesarios para trabajar como t\u00e9cnico de aerogeneradores. Asistiendo al curso adquirir\u00e1s los conocimientos y las habilidades pr\u00e1cticas necesarias para realizar con seguridad tareas mec\u00e1nicas b\u00e1sicas en el \u00e1rea de las turbinas e\u00f3licas.&nbsp;<\/p>\n\n\n\n<p>Nuestro principal objetivo es preparar a los empleados para que desempe\u00f1en correctamente sus funciones en un entorno de turbinas e\u00f3licas. Los participantes en el curso aprender\u00e1n procedimientos de trabajo seguros y, bajo la direcci\u00f3n de t\u00e9cnicos experimentados, aprender\u00e1n a realizar tareas mec\u00e1nicas b\u00e1sicas.&nbsp;<\/p>\n\n\n\n<p>En nuestro centro, damos mucha importancia a la oportunidad de adquirir competencias y conocimientos bajo la supervisi\u00f3n de expertos en la materia. Nuestro centro ofrece cursos de BTT - Mec\u00e1nica en todo el pa\u00eds, tanto en nuestra sede central de Varsovia como en las sucursales sobre el terreno, tanto en forma de cursos de formaci\u00f3n abiertos como cerrados. Si decide participar en nuestra formaci\u00f3n sobre trabajos en altura, puede contar con atractivas condiciones econ\u00f3micas.&nbsp;<\/p>\n\n\n\n<h2 class=\"wp-block-heading\">BTT Mec\u00e1nica - objetivo principal\u00a0<\/h2>\n\n\n\n<p>El objetivo de la formaci\u00f3n es proporcionar a los participantes los conocimientos te\u00f3ricos y pr\u00e1cticos necesarios para realizar eficazmente tareas mec\u00e1nicas en el \u00e1mbito de las turbinas e\u00f3licas.\u00a0<\/p>\n\n\n\n<h2 class=\"wp-block-heading\">BTT Mec\u00e1nica - programa&nbsp;<\/h2>\n\n\n\n<p>El m\u00f3dulo BTT - Mec\u00e1nica, o Formaci\u00f3n T\u00e9cnica B\u00e1sica - Mec\u00e1nica, se ha desarrollado de acuerdo con los requisitos de la Oficina de Inspecci\u00f3n T\u00e9cnica y la legislaci\u00f3n vigente. Nuestra prioridad es impartir la informaci\u00f3n m\u00e1s relevante en relaci\u00f3n con la realizaci\u00f3n segura de tareas mec\u00e1nicas en torno a los aerogeneradores. Durante las partes te\u00f3rica y pr\u00e1ctica, los participantes adquirir\u00e1n conocimientos sobre los componentes esenciales de los sistemas mec\u00e1nicos, los equipos de protecci\u00f3n individual y conocer\u00e1n los riesgos potenciales, al tiempo que desarrollar\u00e1n las habilidades manuales necesarias para trabajar en este entorno.&nbsp;<\/p>\n\n\n<div class=\"wp-block-image\">\n<figure class=\"alignright size-medium\"><a href=\"https:\/\/szkolenia-udt.pl\/wp-content\/uploads\/2023\/12\/screen_2x-23.jpg\"><img loading=\"lazy\" decoding=\"async\" width=\"300\" height=\"200\" src=\"https:\/\/szkolenia-udt.pl\/wp-content\/uploads\/2023\/12\/screen_2x-23-300x200.jpg\" alt=\"\" class=\"wp-image-5336\" srcset=\"https:\/\/szkolenia-udt.pl\/wp-content\/uploads\/2023\/12\/screen_2x-23-300x200.jpg 300w, https:\/\/szkolenia-udt.pl\/wp-content\/uploads\/2023\/12\/screen_2x-23-1024x683.jpg 1024w, https:\/\/szkolenia-udt.pl\/wp-content\/uploads\/2023\/12\/screen_2x-23-768x512.jpg 768w, https:\/\/szkolenia-udt.pl\/wp-content\/uploads\/2023\/12\/screen_2x-23-1536x1024.jpg 1536w, https:\/\/szkolenia-udt.pl\/wp-content\/uploads\/2023\/12\/screen_2x-23-18x12.jpg 18w, https:\/\/szkolenia-udt.pl\/wp-content\/uploads\/2023\/12\/screen_2x-23.jpg 1600w\" sizes=\"auto, (max-width: 300px) 100vw, 300px\" \/><\/a><\/figure>\n<\/div>\n\n\n<p>El m\u00f3dulo de mec\u00e1nica es una parte, compuesta por tres m\u00f3dulos, de un curso completo de Formaci\u00f3n T\u00e9cnica B\u00e1sica. Los alumnos pueden completar los m\u00f3dulos en cualquier orden. La formaci\u00f3n se imparte bajo la supervisi\u00f3n de un t\u00e9cnico experimentado. En el curso se utilizan procedimientos operativos seguros y equipos de protecci\u00f3n individual (EPI) adecuados, de conformidad con las normas de GWO.&nbsp;&nbsp;<\/p>\n\n\n\n<p>El programa de formaci\u00f3n incluye:&nbsp;<\/p>\n\n\n\n<ul class=\"wp-block-list\">\n<li>la comprensi\u00f3n de los componentes esenciales de los sistemas mec\u00e1nicos y de los principios b\u00e1sicos del funcionamiento de los aerogeneradores,&nbsp;<\/li>\n\n\n\n<li>reconocer los peligros y riesgos potenciales asociados al trabajo en sistemas mec\u00e1nicos,&nbsp;<\/li>\n\n\n\n<li>aprender los principios de las uniones soldadas y atornilladas, incluida la realizaci\u00f3n de comprobaciones en este tipo de uniones,&nbsp;<\/li>\n\n\n\n<li>habilidades pr\u00e1cticas en el uso de herramientas manuales para el apriete y la toma de medidas,&nbsp;<\/li>\n\n\n\n<li>uso correcto de las herramientas hidr\u00e1ulicas de torsi\u00f3n y tensi\u00f3n,&nbsp;<\/li>\n\n\n\n<li>conocer el funcionamiento del sistema de frenos, la caja de cambios y c\u00f3mo comprobarlos,&nbsp;<\/li>\n\n\n\n<li>conocer las funciones del sistema acimutal, el sistema de refrigeraci\u00f3n, el sistema de lubricaci\u00f3n y c\u00f3mo controlarlos,&nbsp;<\/li>\n\n\n\n<li>comprender la funci\u00f3n del sistema de deflexi\u00f3n.&nbsp;<\/li>\n<\/ul>\n\n\n\n<h2 class=\"wp-block-heading\">BTT Curso de mec\u00e1nica - Certificaci\u00f3n&nbsp;&nbsp;<\/h2>\n\n\n\n<p>El Centro de Formaci\u00f3n de Operadores de CSO est\u00e1 acreditado por DNV y GWO.&nbsp;<\/p>\n\n\n\n<p>Nuestra formaci\u00f3n BTT - Mec\u00e1nica se imparte conforme a la norma GWO vigente.&nbsp;<\/p>\n\n\n\n<p>Al finalizar el curso, los participantes recibir\u00e1n un certificado del M\u00f3dulo Mec\u00e1nico de GWO BTT que confirma su cualificaci\u00f3n en tareas mec\u00e1nicas b\u00e1sicas en un entorno de aerogeneradores. El certificado es el certificado oficial de finalizaci\u00f3n de la formaci\u00f3n y confirma las competencias adquiridas.&nbsp;<\/p>\n\n\n\n<h2 class=\"wp-block-heading\">Certificado.\u00a0\u00a0<\/h2>\n\n\n\n<p>BTT Mec\u00e1nica - requisitos de acceso&nbsp;<br>Para participar en la formaci\u00f3n relacionada con los trabajos en altura, deben cumplirse determinados requisitos:&nbsp;<\/p>\n\n\n\n<ul class=\"wp-block-list\">\n<li>edad m\u00ednima 18 a\u00f1os,&nbsp;<\/li>\n\n\n\n<li>un m\u00ednimo de estudios secundarios,&nbsp;<\/li>\n\n\n\n<li>un certificado actual de un m\u00e9dico del trabajo que certifique que no existen contraindicaciones de salud para trabajar a m\u00e1s de tres metros de altura,&nbsp;<\/li>\n\n\n\n<li>seguridad social o seguro de accidentes pagados,&nbsp;<\/li>\n\n\n\n<li>tener un n\u00famero de identificaci\u00f3n WINDA,&nbsp;<\/li>\n\n\n\n<li>un cuestionario m\u00e9dico debidamente cumplimentado,&nbsp;<\/li>\n\n\n\n<li>ropa y calzado de trabajo adecuados, as\u00ed como guantes,&nbsp;<\/li>\n\n\n\n<li>pago de la tasa de formaci\u00f3n,&nbsp;<\/li>\n\n\n\n<li>un documento de identidad v\u00e1lido, como un carn\u00e9 de identidad,&nbsp;<\/li>\n\n\n\n<li>el l\u00edmite m\u00e1ximo de peso para un aprendiz es de 135 kg.&nbsp;<\/li>\n<\/ul>\n\n\n\n<h2 class=\"wp-block-heading\">Curso de Mec\u00e1nica BTT - coste \u00a0<\/h2>\n\n\n\n<p>La tarifa de BTT - Formaci\u00f3n mec\u00e1nica se fija de forma individual. Depende del n\u00famero de personas que participen en el curso. Se ofrecen atractivos descuentos para grupos grandes.\u00a0<\/p>\n\n\n\n<p>BTT Mec\u00e1nica - lugar de celebraci\u00f3n&nbsp;<\/p>\n\n\n\n<p><a href=\"https:\/\/szkolenia-udt.pl\/es\/kursy\/\">Nuestra formaci\u00f3n<\/a> Tienen lugar en distintos lugares, como Varsovia y nuestras sucursales regionales en toda Polonia. Tambi\u00e9n ofrecemos la posibilidad de impartir formaci\u00f3n en las instalaciones del cliente, desplaz\u00e1ndonos a un lugar que le resulte conveniente.&nbsp;<\/p>\n\n\n\n<p>Consulte nuestra p\u00e1gina web para conocer los detalles de los cursos abiertos. Si est\u00e1 interesado en una formaci\u00f3n cerrada, le animamos a que se ponga en contacto con nuestro centro para que podamos prepararle una oferta personalizada adaptada a sus necesidades.&nbsp;<\/p>\n\n\n\n<p>Si tiene alguna pregunta sobre nuestros cursos, no dude en <a href=\"https:\/\/szkolenia-udt.pl\/es\/kontakt\/\">contacto por tel\u00e9fono o correo electr\u00f3nico<\/a>. Nuestro equipo est\u00e1 dispuesto a responder a todas las preguntas y disipar cualquier duda. Tambi\u00e9n le invitamos a visitar nuestro centro, donde estaremos encantados de presentarle nuestra oferta y preparar un presupuesto para los interesados.&nbsp;<\/p>\n\n\n\n<p>Le invitamos cordialmente al Centro de Formaci\u00f3n de Operadores de OSO para la Formaci\u00f3n T\u00e9cnica B\u00e1sica (BTT) - Cursos de mec\u00e1nica, en Varsovia y en todo el pa\u00eds.&nbsp;<\/p>","protected":false},"excerpt":{"rendered":"<p>Modu\u0142 mechaniczny Podstawowego Szkolenia Technicznego \u2013 dla os\u00f3b pracuj\u0105cych w \u015brodowisku turbin wiatrowych\u00a0 O\u015brodek Szkolenia Operator\u00f3w OSO serdecznie zaprasza na kurs Basic Technical Training (BTT) \u2013 Mechanical, czyli Podstawowe Szkolenie Techniczne \u2013 modu\u0142 mechaniczny.\u00a0\u00a0 Szkolenie BTT \u2013 Mechanical zosta\u0142o stworzone z my\u015bl\u0105 o osobach pragn\u0105cych zdoby\u0107 niezb\u0119dne umiej\u0119tno\u015bci mechaniczne niezb\u0119dne do pracy na stanowisku technik [&hellip;]<\/p>\n","protected":false},"author":3,"featured_media":5335,"parent":5314,"menu_order":0,"comment_status":"closed","ping_status":"closed","template":"","meta":{"footnotes":""},"class_list":["post-5334","page","type-page","status-publish","has-post-thumbnail","hentry"],"aioseo_notices":[],"_links":{"self":[{"href":"https:\/\/szkolenia-udt.pl\/es\/wp-json\/wp\/v2\/pages\/5334","targetHints":{"allow":["GET"]}}],"collection":[{"href":"https:\/\/szkolenia-udt.pl\/es\/wp-json\/wp\/v2\/pages"}],"about":[{"href":"https:\/\/szkolenia-udt.pl\/es\/wp-json\/wp\/v2\/types\/page"}],"author":[{"embeddable":true,"href":"https:\/\/szkolenia-udt.pl\/es\/wp-json\/wp\/v2\/users\/3"}],"replies":[{"embeddable":true,"href":"https:\/\/szkolenia-udt.pl\/es\/wp-json\/wp\/v2\/comments?post=5334"}],"version-history":[{"count":2,"href":"https:\/\/szkolenia-udt.pl\/es\/wp-json\/wp\/v2\/pages\/5334\/revisions"}],"predecessor-version":[{"id":5338,"href":"https:\/\/szkolenia-udt.pl\/es\/wp-json\/wp\/v2\/pages\/5334\/revisions\/5338"}],"up":[{"embeddable":true,"href":"https:\/\/szkolenia-udt.pl\/es\/wp-json\/wp\/v2\/pages\/5314"}],"wp:featuredmedia":[{"embeddable":true,"href":"https:\/\/szkolenia-udt.pl\/es\/wp-json\/wp\/v2\/media\/5335"}],"wp:attachment":[{"href":"https:\/\/szkolenia-udt.pl\/es\/wp-json\/wp\/v2\/media?parent=5334"}],"curies":[{"name":"wp","href":"https:\/\/api.w.org\/{rel}","templated":true}]}}