{"id":5339,"date":"2023-12-11T12:00:55","date_gmt":"2023-12-11T11:00:55","guid":{"rendered":"https:\/\/szkolenia-udt.pl\/?page_id=5339"},"modified":"2023-12-11T12:04:35","modified_gmt":"2023-12-11T11:04:35","slug":"curso-de-concienciacion-contra-incendios-faw","status":"publish","type":"page","link":"https:\/\/szkolenia-udt.pl\/es\/kursy\/global-wind-organisation\/kurs-fire-awareness-faw\/","title":{"rendered":"Curso de concienciaci\u00f3n sobre incendios (FAW)\u00a0"},"content":{"rendered":"<h2 class=\"wp-block-heading\">Curso de protecci\u00f3n contra incendios - para quienes trabajan en entornos de turbinas e\u00f3licas&nbsp;<\/h2>\n\n\n\n<p><a href=\"https:\/\/szkolenia-udt.pl\/es\/o-firmie\/\">O\u015brodek Szkolenia Operator\u00f3w OSO<\/a> le invita cordialmente al curso Fire Awareness (FAW) - Protecci\u00f3n contra incendios.&nbsp;&nbsp;<\/p>\n\n\n<div class=\"wp-block-image\">\n<figure class=\"alignright size-medium\"><a href=\"https:\/\/szkolenia-udt.pl\/wp-content\/uploads\/2023\/12\/screen_2x-24.jpg\"><img loading=\"lazy\" decoding=\"async\" width=\"300\" height=\"200\" src=\"https:\/\/szkolenia-udt.pl\/wp-content\/uploads\/2023\/12\/screen_2x-24-300x200.jpg\" alt=\"\" class=\"wp-image-5340\" srcset=\"https:\/\/szkolenia-udt.pl\/wp-content\/uploads\/2023\/12\/screen_2x-24-300x200.jpg 300w, https:\/\/szkolenia-udt.pl\/wp-content\/uploads\/2023\/12\/screen_2x-24-1024x683.jpg 1024w, https:\/\/szkolenia-udt.pl\/wp-content\/uploads\/2023\/12\/screen_2x-24-768x512.jpg 768w, https:\/\/szkolenia-udt.pl\/wp-content\/uploads\/2023\/12\/screen_2x-24-1536x1024.jpg 1536w, https:\/\/szkolenia-udt.pl\/wp-content\/uploads\/2023\/12\/screen_2x-24-18x12.jpg 18w, https:\/\/szkolenia-udt.pl\/wp-content\/uploads\/2023\/12\/screen_2x-24.jpg 1600w\" sizes=\"auto, (max-width: 300px) 100vw, 300px\" \/><\/a><\/figure>\n<\/div>\n\n\n<p><a href=\"https:\/\/szkolenia-udt.pl\/es\/oferta\/\">Nuestra oferta<\/a> El curso est\u00e1 dirigido a cualquier persona interesada en los principios b\u00e1sicos de la seguridad contra incendios. Queremos proporcionarle los conocimientos necesarios sobre prevenci\u00f3n y sobre c\u00f3mo actuar en caso de que se produzca un conato de incendio, as\u00ed como las habilidades para utilizar correctamente el equipo de extinci\u00f3n de incendios.&nbsp;<\/p>\n\n\n\n<p>En nuestros cursos seguimos las normas de la GWO, lo que garantiza un alto nivel de formaci\u00f3n. Tanto los conocimientos te\u00f3ricos como pr\u00e1cticos adquiridos durante el curso le permitir\u00e1n responder eficazmente en caso de emergencia por incendio en el sector de los aerogeneradores con todas las normas de seguridad, de acuerdo con las directrices de la FAW.&nbsp;&nbsp;<\/p>\n\n\n\n<p>En nuestro centro, damos mucha importancia a la oportunidad de adquirir competencias y conocimientos bajo la supervisi\u00f3n de expertos en la materia. Nuestro centro ofrece cursos de FAW en todo el pa\u00eds, tanto en nuestra sede central de Varsovia como en las sucursales sobre el terreno, en forma de cursos de formaci\u00f3n abiertos y cerrados. Si decide participar en un curso de formaci\u00f3n sobre protecci\u00f3n contra incendios, puede contar con atractivas condiciones financieras.&nbsp;<\/p>\n\n\n\n<h2 class=\"wp-block-heading\">Curso FAW - objetivo principal\u00a0<\/h2>\n\n\n\n<p>El objetivo principal del curso es familiarizar a los participantes con los principios fundamentales de la seguridad contra incendios y proporcionarles las habilidades necesarias para responder a situaciones de riesgo de incendio. Durante el curso, los participantes adquirir\u00e1n conocimientos sobre la legislaci\u00f3n vigente relacionada con la protecci\u00f3n contra incendios y las habilidades pr\u00e1cticas necesarias para evaluar adecuadamente el grado de peligro de incendio. Los participantes en el curso tambi\u00e9n aprender\u00e1n a extinguir un incendio de forma eficaz y segura utilizando agentes extintores b\u00e1sicos.\u00a0<\/p>\n\n\n\n<h2 class=\"wp-block-heading\">Curso FAW - programa&nbsp;<\/h2>\n\n\n<div class=\"wp-block-image\">\n<figure class=\"alignleft size-medium\"><a href=\"https:\/\/szkolenia-udt.pl\/wp-content\/uploads\/2023\/12\/s2-19.jpg\"><img loading=\"lazy\" decoding=\"async\" width=\"300\" height=\"201\" src=\"https:\/\/szkolenia-udt.pl\/wp-content\/uploads\/2023\/12\/s2-19-300x201.jpg\" alt=\"\" class=\"wp-image-5342\" srcset=\"https:\/\/szkolenia-udt.pl\/wp-content\/uploads\/2023\/12\/s2-19-300x201.jpg 300w, https:\/\/szkolenia-udt.pl\/wp-content\/uploads\/2023\/12\/s2-19-1024x687.jpg 1024w, https:\/\/szkolenia-udt.pl\/wp-content\/uploads\/2023\/12\/s2-19-768x515.jpg 768w, https:\/\/szkolenia-udt.pl\/wp-content\/uploads\/2023\/12\/s2-19-1536x1030.jpg 1536w, https:\/\/szkolenia-udt.pl\/wp-content\/uploads\/2023\/12\/s2-19-18x12.jpg 18w, https:\/\/szkolenia-udt.pl\/wp-content\/uploads\/2023\/12\/s2-19.jpg 1600w\" sizes=\"auto, (max-width: 300px) 100vw, 300px\" \/><\/a><\/figure>\n<\/div>\n\n\n<p>El curso de formaci\u00f3n FAW - Protecci\u00f3n contra incendios GWO se ha desarrollado de acuerdo con los requisitos de la Oficina de Inspecci\u00f3n T\u00e9cnica y la legislaci\u00f3n vigente. El programa del curso abarca una amplia gama de temas que incluyen aspectos legales, c\u00f3mo hacer frente a emergencias de incendios en aerogeneradores y ejercicios pr\u00e1cticos basados en escenarios realistas.&nbsp;<\/p>\n\n\n\n<p>Al finalizar la formaci\u00f3n de Concienciaci\u00f3n sobre Incendios, los graduados habr\u00e1n adquirido conocimientos que incluyen:&nbsp;<\/p>\n\n\n\n<ul class=\"wp-block-list\">\n<li>identificaci\u00f3n de las causas de los incendios de aerogeneradores y de los riesgos asociados,&nbsp;<\/li>\n\n\n\n<li>reconocer los primeros signos de incendio en la zona de la turbina,&nbsp;<\/li>\n\n\n\n<li>creaci\u00f3n de planes de emergencia personalizados para las turbinas e\u00f3licas, que incluir\u00e1n estrategias de detecci\u00f3n de incendios y procedimientos detallados de evacuaci\u00f3n.&nbsp;<\/li>\n\n\n\n<li>acciones para detener la propagaci\u00f3n del fuego y caracterizar el curso del incendio.&nbsp;<\/li>\n\n\n\n<li>la realizaci\u00f3n eficaz de las operaciones de lucha contra incendios en los aerogeneradores, teniendo en cuenta el uso adecuado de los agentes extintores b\u00e1sicos,&nbsp;<\/li>\n\n\n\n<li>capacidad para crear planes de emergencia para turbinas e\u00f3licas, teniendo en cuenta la detecci\u00f3n de incendios y los procedimientos de evacuaci\u00f3n.&nbsp;<\/li>\n<\/ul>\n\n\n\n<h2 class=\"wp-block-heading\">Curso FAW - certificaci\u00f3n&nbsp;&nbsp;<\/h2>\n\n\n\n<p>El Centro de Formaci\u00f3n de Operadores de CSO est\u00e1 acreditado por DNV y GWO.&nbsp;&nbsp;<\/p>\n\n\n\n<p>Nuestra formaci\u00f3n de concienciaci\u00f3n sobre incendios se imparte conforme a la norma actual de formaci\u00f3n b\u00e1sica en seguridad de la GWO.&nbsp;<\/p>\n\n\n\n<p>Al finalizar el curso, los participantes recibir\u00e1n un certificado que confirma que han completado la formaci\u00f3n y adquirido las cualificaciones y competencias necesarias en el \u00e1mbito de la protecci\u00f3n contra incendios. Esto garantiza que los alumnos est\u00e9n preparados para trabajar con seguridad no solo en el sector de la energ\u00eda e\u00f3lica, sino tambi\u00e9n en otros entornos en los que exista riesgo de incendio.&nbsp;&nbsp;<\/p>\n\n\n\n<p>La validez del certificado es de 24 meses. Recomendamos a los participantes que actualicen su formaci\u00f3n antes de que expire este periodo para mantener al d\u00eda sus cualificaciones y conocimientos.&nbsp;<\/p>\n\n\n\n<h2 class=\"wp-block-heading\">Curso FAW - requisitos de acceso\u00a0<\/h2>\n\n\n\n<p>Para participar en la formaci\u00f3n relacionada con los trabajos en altura, deben cumplirse determinados requisitos:\u00a0<\/p>\n\n\n\n<ul class=\"wp-block-list\">\n<li>edad m\u00ednima 18 a\u00f1os,&nbsp;<\/li>\n\n\n\n<li>un m\u00ednimo de estudios secundarios,&nbsp;<\/li>\n\n\n\n<li>un certificado actual de un m\u00e9dico del trabajo que certifique que no existen contraindicaciones de salud para trabajar a m\u00e1s de tres metros de altura,&nbsp;<\/li>\n\n\n\n<li>seguridad social o seguro de accidentes pagados,&nbsp;<\/li>\n\n\n\n<li>tener un n\u00famero de identificaci\u00f3n WINDA,&nbsp;<\/li>\n\n\n\n<li>un cuestionario m\u00e9dico debidamente cumplimentado,&nbsp;<\/li>\n\n\n\n<li>ropa y calzado de trabajo adecuados, as\u00ed como guantes,&nbsp;<\/li>\n\n\n\n<li>pago de la tasa de formaci\u00f3n,&nbsp;<\/li>\n\n\n\n<li>un documento de identidad v\u00e1lido, como un carn\u00e9 de identidad.&nbsp;<\/li>\n<\/ul>\n\n\n\n<p>El n\u00famero m\u00e1ximo de participantes por grupo es de 10-12.&nbsp;&nbsp;<\/p>\n\n\n\n<h2 class=\"wp-block-heading\">Curso FAW - coste \u00a0<\/h2>\n\n\n\n<p>El precio de la formaci\u00f3n sobre concienciaci\u00f3n contra incendios se fija de forma individual. Depende del n\u00famero de personas que asistan al curso. Se ofrecen descuentos atractivos para grupos grandes.\u00a0<\/p>\n\n\n\n<h2 class=\"wp-block-heading\">Curso FAW - lugar de celebraci\u00f3n&nbsp;<\/h2>\n\n\n\n<p><a href=\"https:\/\/szkolenia-udt.pl\/es\/kursy\/\">Nuestra formaci\u00f3n<\/a> Tienen lugar en distintos lugares, como Varsovia y nuestras sucursales regionales en toda Polonia. Tambi\u00e9n ofrecemos la posibilidad de impartir formaci\u00f3n en las instalaciones del cliente, desplaz\u00e1ndonos a un lugar que le resulte conveniente.&nbsp;<\/p>\n\n\n\n<p>Consulte nuestra p\u00e1gina web para conocer los detalles de los cursos abiertos. Si est\u00e1 interesado en una formaci\u00f3n cerrada, le animamos a que se ponga en contacto con nuestro centro para que podamos prepararle una oferta personalizada adaptada a sus necesidades.&nbsp;<\/p>\n\n\n\n<p>Si tiene alguna pregunta sobre nuestros cursos, no dude en <a href=\"https:\/\/szkolenia-udt.pl\/es\/kontakt\/\">contacto por tel\u00e9fono o correo electr\u00f3nico<\/a>. Nuestro equipo est\u00e1 dispuesto a responder a todas las preguntas y disipar cualquier duda. Tambi\u00e9n le invitamos a visitar nuestro centro, donde estaremos encantados de presentarle nuestra oferta y preparar un presupuesto para los interesados.&nbsp;<\/p>\n\n\n\n<p>Le invitamos cordialmente al Centro de Formaci\u00f3n de Operarios de OSO para la Concienciaci\u00f3n contra Incendios (FAW) - Cursos de protecci\u00f3n contra incendios en Varsovia y en todo el pa\u00eds.&nbsp;<\/p>","protected":false},"excerpt":{"rendered":"<p>Kurs Ochrona przeciwpo\u017carowa \u2013 dla os\u00f3b pracuj\u0105cych w \u015brodowisku turbin wiatrowych&nbsp; O\u015brodek Szkolenia Operator\u00f3w OSO serdecznie zaprasza na kurs Fire Awareness (FAW) \u2013 Ochrona przeciwpo\u017carowa.&nbsp;&nbsp; Nasza oferta kursu skierowana jest do wszystkich zainteresowanych podstawowymi zasadami bezpiecze\u0144stwa przeciwpo\u017carowego. Chcemy Pa\u0144stwu przekaza\u0107 niezb\u0119dn\u0105 wiedz\u0119 dotycz\u0105c\u0105 prewencji oraz sposob\u00f3w post\u0119powania w przypadku wybuchu po\u017caru, a tak\u017ce umiej\u0119tno\u015bci w\u0142a\u015bciwego [&hellip;]<\/p>\n","protected":false},"author":3,"featured_media":5342,"parent":5314,"menu_order":0,"comment_status":"closed","ping_status":"closed","template":"","meta":{"footnotes":""},"class_list":["post-5339","page","type-page","status-publish","has-post-thumbnail","hentry"],"aioseo_notices":[],"_links":{"self":[{"href":"https:\/\/szkolenia-udt.pl\/es\/wp-json\/wp\/v2\/pages\/5339","targetHints":{"allow":["GET"]}}],"collection":[{"href":"https:\/\/szkolenia-udt.pl\/es\/wp-json\/wp\/v2\/pages"}],"about":[{"href":"https:\/\/szkolenia-udt.pl\/es\/wp-json\/wp\/v2\/types\/page"}],"author":[{"embeddable":true,"href":"https:\/\/szkolenia-udt.pl\/es\/wp-json\/wp\/v2\/users\/3"}],"replies":[{"embeddable":true,"href":"https:\/\/szkolenia-udt.pl\/es\/wp-json\/wp\/v2\/comments?post=5339"}],"version-history":[{"count":2,"href":"https:\/\/szkolenia-udt.pl\/es\/wp-json\/wp\/v2\/pages\/5339\/revisions"}],"predecessor-version":[{"id":5343,"href":"https:\/\/szkolenia-udt.pl\/es\/wp-json\/wp\/v2\/pages\/5339\/revisions\/5343"}],"up":[{"embeddable":true,"href":"https:\/\/szkolenia-udt.pl\/es\/wp-json\/wp\/v2\/pages\/5314"}],"wp:featuredmedia":[{"embeddable":true,"href":"https:\/\/szkolenia-udt.pl\/es\/wp-json\/wp\/v2\/media\/5342"}],"wp:attachment":[{"href":"https:\/\/szkolenia-udt.pl\/es\/wp-json\/wp\/v2\/media?parent=5339"}],"curies":[{"name":"wp","href":"https:\/\/api.w.org\/{rel}","templated":true}]}}