{"id":5344,"date":"2023-12-11T12:10:05","date_gmt":"2023-12-11T11:10:05","guid":{"rendered":"https:\/\/szkolenia-udt.pl\/?page_id=5344"},"modified":"2023-12-11T12:10:19","modified_gmt":"2023-12-11T11:10:19","slug":"curso-de-primeros-auxilios-fa","status":"publish","type":"page","link":"https:\/\/szkolenia-udt.pl\/es\/kursy\/global-wind-organisation\/kurs-first-aid-fa\/","title":{"rendered":"Curso de primeros auxilios (FA)\u00a0"},"content":{"rendered":"<h2 class=\"wp-block-heading\">Curso de primeros auxilios - para personas que trabajan en entornos de turbinas e\u00f3licas\u00a0<\/h2>\n\n\n<div class=\"wp-block-image\">\n<figure class=\"alignleft size-medium\"><a href=\"https:\/\/szkolenia-udt.pl\/wp-content\/uploads\/2023\/12\/s2-20.jpg\"><img loading=\"lazy\" decoding=\"async\" width=\"300\" height=\"200\" src=\"https:\/\/szkolenia-udt.pl\/wp-content\/uploads\/2023\/12\/s2-20-300x200.jpg\" alt=\"\" class=\"wp-image-5345\" srcset=\"https:\/\/szkolenia-udt.pl\/wp-content\/uploads\/2023\/12\/s2-20-300x200.jpg 300w, https:\/\/szkolenia-udt.pl\/wp-content\/uploads\/2023\/12\/s2-20-1024x683.jpg 1024w, https:\/\/szkolenia-udt.pl\/wp-content\/uploads\/2023\/12\/s2-20-768x512.jpg 768w, https:\/\/szkolenia-udt.pl\/wp-content\/uploads\/2023\/12\/s2-20-1536x1024.jpg 1536w, https:\/\/szkolenia-udt.pl\/wp-content\/uploads\/2023\/12\/s2-20-18x12.jpg 18w, https:\/\/szkolenia-udt.pl\/wp-content\/uploads\/2023\/12\/s2-20.jpg 1600w\" sizes=\"auto, (max-width: 300px) 100vw, 300px\" \/><\/a><\/figure>\n<\/div>\n\n\n<p><a href=\"https:\/\/szkolenia-udt.pl\/es\/o-firmie\/\">O\u015brodek Szkolenia Operator\u00f3w OSO<\/a> le invita cordialmente al curso de Primeros Auxilios (FA) - <a href=\"https:\/\/szkolenia-udt.pl\/es\/kursy\/bhp-ppoz\/przychodzimy-z-pomoca\/\">Primeros auxilios<\/a>.\u00a0\u00a0<\/p>\n\n\n\n<p>Nuestro principal objetivo es formar exhaustivamente (de forma te\u00f3rica y pr\u00e1ctica) a los participantes en el curso en la prestaci\u00f3n de primeros auxilios seguros y eficaces, haciendo especial hincapi\u00e9 en las necesidades del trabajo en un entorno de turbinas e\u00f3licas.&nbsp;<\/p>\n\n\n\n<p>Cumplimos plenamente las normas de la GWO, lo que garantiza un alto nivel de formaci\u00f3n. Al finalizar nuestro curso, poseer\u00e1 los conocimientos te\u00f3ricos y las habilidades pr\u00e1cticas que le permitir\u00e1n administrar eficazmente los primeros auxilios en un entorno de turbinas e\u00f3licas cumpliendo plenamente las directrices de primeros auxilios de la GWO.&nbsp;<\/p>\n\n\n\n<p>En nuestro centro, hacemos gran hincapi\u00e9 en la oportunidad de adquirir competencias y conocimientos bajo la supervisi\u00f3n de expertos en la materia. Nuestro centro ofrece cursos de FA en todo el pa\u00eds, tanto en nuestra sede central de Varsovia como en las sucursales sobre el terreno, en forma de cursos de formaci\u00f3n abiertos y cerrados. Cuando decidas participar en la formaci\u00f3n de Trabajo en Altura, puedes contar con atractivas condiciones financieras.&nbsp;<\/p>\n\n\n\n<h2 class=\"wp-block-heading\">Curso FA - objetivo principal\u00a0<\/h2>\n\n\n<div class=\"wp-block-image\">\n<figure class=\"alignright size-medium\"><a href=\"https:\/\/szkolenia-udt.pl\/wp-content\/uploads\/2023\/12\/s2-22.jpg\"><img loading=\"lazy\" decoding=\"async\" width=\"300\" height=\"200\" src=\"https:\/\/szkolenia-udt.pl\/wp-content\/uploads\/2023\/12\/s2-22-300x200.jpg\" alt=\"\" class=\"wp-image-5346\" srcset=\"https:\/\/szkolenia-udt.pl\/wp-content\/uploads\/2023\/12\/s2-22-300x200.jpg 300w, https:\/\/szkolenia-udt.pl\/wp-content\/uploads\/2023\/12\/s2-22-1024x683.jpg 1024w, https:\/\/szkolenia-udt.pl\/wp-content\/uploads\/2023\/12\/s2-22-768x512.jpg 768w, https:\/\/szkolenia-udt.pl\/wp-content\/uploads\/2023\/12\/s2-22-1536x1024.jpg 1536w, https:\/\/szkolenia-udt.pl\/wp-content\/uploads\/2023\/12\/s2-22-18x12.jpg 18w, https:\/\/szkolenia-udt.pl\/wp-content\/uploads\/2023\/12\/s2-22.jpg 1600w\" sizes=\"auto, (max-width: 300px) 100vw, 300px\" \/><\/a><\/figure>\n<\/div>\n\n\n<p>La formaci\u00f3n est\u00e1 dise\u00f1ada para dar a los participantes los conocimientos necesarios para poder prestar apoyo m\u00e9dico en caso de emergencias que puedan producirse en plataformas petrol\u00edferas y parques e\u00f3licos.\u00a0<\/p>\n\n\n\n<p>Al finalizar el curso de formaci\u00f3n en Primeros Auxilios - Primeros Auxilios, los participantes deber\u00e1n tener la competencia necesaria para responder eficazmente en situaciones que pongan en peligro la vida y la salud. Estar\u00e1n preparados para administrar primeros auxilios, utilizar equipos m\u00e9dicos especializados y suministros del botiqu\u00edn de primeros auxilios de manera responsable.&nbsp;<\/p>\n\n\n\n<h2 class=\"wp-block-heading\">FA curso - programa\u00a0<\/h2>\n\n\n\n<p>El curso FA - Primeros Auxilios forma parte integrante del programa de Formaci\u00f3n B\u00e1sica en Seguridad. La formaci\u00f3n permite a los participantes conocer los aspectos legales de los primeros auxilios. Los alumnos adquieren conocimientos b\u00e1sicos de anatom\u00eda humana, primeros auxilios, funcionamiento del desfibrilador DEA y procedimientos en caso de accidente. Tienen la oportunidad de poner en pr\u00e1ctica los conocimientos adquiridos durante simulaciones realistas de sucesos.\u00a0<\/p>\n\n\n\n<p>La finalizaci\u00f3n de la formaci\u00f3n permite a los participantes adquirir las competencias necesarias para trabajar en altura. El programa de formaci\u00f3n proporciona a los t\u00e9cnicos que trabajan en aerogeneradores el m\u00e1ximo nivel de seguridad, lo cual es importante cuando los aerogeneradores est\u00e1n situados en zonas alejadas de los servicios de emergencia.&nbsp;<\/p>\n\n\n\n<p>Durante la formaci\u00f3n en primeros auxilios, los participantes adquieren los conocimientos y habilidades necesarios en:&nbsp;<\/p>\n\n\n\n<ul class=\"wp-block-list\">\n<li>primeros auxilios seguros teniendo en cuenta la legislaci\u00f3n local, las directrices del Consejo Europeo de Resucitaci\u00f3n y la Asociaci\u00f3n Americana del Coraz\u00f3n,&nbsp;<\/li>\n\n\n\n<li>reconocer los s\u00edntomas y responder adecuadamente ante una lesi\u00f3n grave o una enfermedad repentina,&nbsp;<\/li>\n\n\n\n<li>un calendario de acciones de emergencia relacionadas con la zona de turbinas e\u00f3licas,&nbsp;<\/li>\n\n\n\n<li>el uso correcto del equipo de primeros auxilios de acuerdo con el protocolo de examen b\u00e1sico C-A-B-C-D-E,&nbsp;<\/li>\n\n\n\n<li>el uso eficaz de un desfibrilador externo autom\u00e1tico (DEA),&nbsp;<\/li>\n\n\n\n<li>tratar fracturas, traumatismos craneoencef\u00e1licos o intoxicaciones,&nbsp;<\/li>\n\n\n\n<li>primeros auxilios en caso de cortes, quemaduras, electrocuci\u00f3n, choque o insolaci\u00f3n,&nbsp;<\/li>\n\n\n\n<li>realizar ex\u00e1menes complementarios durante los primeros auxilios,&nbsp;<\/li>\n\n\n\n<li>el manejo correcto del material de primeros auxilios (experiencia basada en escenarios),&nbsp;<\/li>\n\n\n\n<li>prestar primeros auxilios a personas con enfermedades cr\u00f3nicas,&nbsp;<\/li>\n\n\n\n<li>manipulaci\u00f3n de equipos m\u00e9dicos como camillas, collarines ortop\u00e9dicos y manguitos ortop\u00e9dicos.&nbsp;<\/li>\n<\/ul>\n\n\n\n<h2 class=\"wp-block-heading\">Curso FA - certificaci\u00f3n&nbsp;&nbsp;<\/h2>\n\n\n\n<p>El Centro de Formaci\u00f3n de Operadores de CSO est\u00e1 acreditado por DNV y GWO.&nbsp;<\/p>\n\n\n\n<p>Nuestra formaci\u00f3n en primeros auxilios se imparte de acuerdo con la norma vigente de formaci\u00f3n b\u00e1sica en seguridad de la GWO.&nbsp;&nbsp;<\/p>\n\n\n\n<p>Una vez finalizado el curso, los participantes recibir\u00e1n un certificado. El certificado es una atestaci\u00f3n oficial de que el participante ha adquirido los conocimientos necesarios sobre primeros auxilios y la capacidad de responder en situaciones de riesgo vital.&nbsp;<\/p>\n\n\n\n<p>La validez del certificado es de 24 meses. Recomendamos a los participantes que actualicen su formaci\u00f3n antes de que expire este periodo para mantener al d\u00eda sus cualificaciones y conocimientos.&nbsp;<\/p>\n\n\n\n<h2 class=\"wp-block-heading\">Curso FA - requisitos de acceso\u00a0<\/h2>\n\n\n\n<p>Para participar en la formaci\u00f3n relacionada con los trabajos en altura, deben cumplirse determinados requisitos:\u00a0<\/p>\n\n\n\n<ul class=\"wp-block-list\">\n<li>edad m\u00ednima 18 a\u00f1os,&nbsp;<\/li>\n\n\n\n<li>un m\u00ednimo de estudios secundarios,&nbsp;<\/li>\n\n\n\n<li>un certificado actual de un m\u00e9dico del trabajo que certifique que no existen contraindicaciones de salud para trabajar a m\u00e1s de tres metros de altura,&nbsp;<\/li>\n\n\n\n<li>seguridad social o seguro de accidentes pagados,&nbsp;<\/li>\n\n\n\n<li>tener un n\u00famero de identificaci\u00f3n WINDA,&nbsp;<\/li>\n\n\n\n<li>un cuestionario m\u00e9dico debidamente cumplimentado,&nbsp;<\/li>\n\n\n\n<li>pago de la tasa de formaci\u00f3n,&nbsp;<\/li>\n\n\n\n<li>un documento de identidad v\u00e1lido, como un carn\u00e9 de identidad.&nbsp;<\/li>\n<\/ul>\n\n\n\n<p>El n\u00famero m\u00e1ximo de participantes por grupo es de 10-12.&nbsp;&nbsp;&nbsp;<\/p>\n\n\n\n<h2 class=\"wp-block-heading\">Curso FA - coste \u00a0<\/h2>\n\n\n\n<p>El precio de la formaci\u00f3n en primeros auxilios se fija individualmente. Depende del n\u00famero de personas que participen en el curso. Los grupos m\u00e1s numerosos se benefician de interesantes descuentos.\u00a0<\/p>\n\n\n\n<h2 class=\"wp-block-heading\">Curso FA - lugar de celebraci\u00f3n&nbsp;<\/h2>\n\n\n\n<p><a href=\"https:\/\/szkolenia-udt.pl\/es\/kursy\/\">Nuestra formaci\u00f3n<\/a> Tienen lugar en distintos lugares, como Varsovia y nuestras sucursales regionales en toda Polonia. Tambi\u00e9n ofrecemos la posibilidad de impartir formaci\u00f3n en las instalaciones del cliente, desplaz\u00e1ndonos a un lugar que le resulte conveniente.&nbsp;<\/p>\n\n\n\n<p>Consulte nuestra p\u00e1gina web para conocer los detalles de los cursos abiertos. Si est\u00e1 interesado en una formaci\u00f3n cerrada, le animamos a que se ponga en contacto con nuestro centro para que podamos prepararle una oferta personalizada adaptada a sus necesidades.&nbsp;<\/p>\n\n\n\n<p>Si tiene alguna pregunta sobre nuestros cursos, no dude en <a href=\"https:\/\/szkolenia-udt.pl\/es\/kontakt\/\">contacto por tel\u00e9fono o correo electr\u00f3nico<\/a>. Nuestro equipo est\u00e1 dispuesto a responder a todas las preguntas y disipar cualquier duda. Tambi\u00e9n le invitamos a visitar nuestro centro, donde estaremos encantados de presentarle nuestra oferta y preparar un presupuesto para los interesados.&nbsp;<\/p>\n\n\n\n<p>Le invitamos cordialmente al Centro de Formaci\u00f3n de Operadores de OSO para Primeros Auxilios (FA) - Cursos de primeros auxilios en Varsovia y en todo el pa\u00eds.&nbsp;<\/p>","protected":false},"excerpt":{"rendered":"<p>Kurs Pierwszej pomocy \u2013 dla os\u00f3b pracuj\u0105cych w \u015brodowisku turbin wiatrowych\u00a0 O\u015brodek Szkolenia Operator\u00f3w OSO serdecznie zaprasza na kurs First Aid (FA) \u2013 Pierwsza pomoc.\u00a0\u00a0 Naszym g\u0142\u00f3wnym celem jest kompleksowe (w spos\u00f3b teoretyczny i praktyczny) przeszkolenie uczestnik\u00f3w kursu w zakresie udzielania bezpiecznej i skutecznej pierwszej pomocy, ze szczeg\u00f3lnym uwzgl\u0119dnieniem potrzeb zwi\u0105zanych z prac\u0105 w \u015brodowisku [&hellip;]<\/p>\n","protected":false},"author":3,"featured_media":5345,"parent":5314,"menu_order":0,"comment_status":"closed","ping_status":"closed","template":"","meta":{"footnotes":""},"class_list":["post-5344","page","type-page","status-publish","has-post-thumbnail","hentry"],"aioseo_notices":[],"_links":{"self":[{"href":"https:\/\/szkolenia-udt.pl\/es\/wp-json\/wp\/v2\/pages\/5344","targetHints":{"allow":["GET"]}}],"collection":[{"href":"https:\/\/szkolenia-udt.pl\/es\/wp-json\/wp\/v2\/pages"}],"about":[{"href":"https:\/\/szkolenia-udt.pl\/es\/wp-json\/wp\/v2\/types\/page"}],"author":[{"embeddable":true,"href":"https:\/\/szkolenia-udt.pl\/es\/wp-json\/wp\/v2\/users\/3"}],"replies":[{"embeddable":true,"href":"https:\/\/szkolenia-udt.pl\/es\/wp-json\/wp\/v2\/comments?post=5344"}],"version-history":[{"count":1,"href":"https:\/\/szkolenia-udt.pl\/es\/wp-json\/wp\/v2\/pages\/5344\/revisions"}],"predecessor-version":[{"id":5347,"href":"https:\/\/szkolenia-udt.pl\/es\/wp-json\/wp\/v2\/pages\/5344\/revisions\/5347"}],"up":[{"embeddable":true,"href":"https:\/\/szkolenia-udt.pl\/es\/wp-json\/wp\/v2\/pages\/5314"}],"wp:featuredmedia":[{"embeddable":true,"href":"https:\/\/szkolenia-udt.pl\/es\/wp-json\/wp\/v2\/media\/5345"}],"wp:attachment":[{"href":"https:\/\/szkolenia-udt.pl\/es\/wp-json\/wp\/v2\/media?parent=5344"}],"curies":[{"name":"wp","href":"https:\/\/api.w.org\/{rel}","templated":true}]}}