{"id":5348,"date":"2023-12-11T12:17:56","date_gmt":"2023-12-11T11:17:56","guid":{"rendered":"https:\/\/szkolenia-udt.pl\/?page_id=5348"},"modified":"2023-12-11T12:17:57","modified_gmt":"2023-12-11T11:17:57","slug":"manipulacion-manual-curso-mh","status":"publish","type":"page","link":"https:\/\/szkolenia-udt.pl\/es\/kursy\/global-wind-organisation\/kurs-manual-handling-mh\/","title":{"rendered":"Curso de Manipulaci\u00f3n Manual (MH)\u00a0"},"content":{"rendered":"<h2 class=\"wp-block-heading\">Curso de manipulaci\u00f3n manual: para quienes trabajan en el entorno de las turbinas e\u00f3licas \u00a0<\/h2>\n\n\n<div class=\"wp-block-image\">\n<figure class=\"alignright size-medium\"><a href=\"https:\/\/szkolenia-udt.pl\/wp-content\/uploads\/2023\/12\/s2-21.jpg\"><img loading=\"lazy\" decoding=\"async\" width=\"300\" height=\"193\" src=\"https:\/\/szkolenia-udt.pl\/wp-content\/uploads\/2023\/12\/s2-21-300x193.jpg\" alt=\"\" class=\"wp-image-5349\" srcset=\"https:\/\/szkolenia-udt.pl\/wp-content\/uploads\/2023\/12\/s2-21-300x193.jpg 300w, https:\/\/szkolenia-udt.pl\/wp-content\/uploads\/2023\/12\/s2-21-1024x657.jpg 1024w, https:\/\/szkolenia-udt.pl\/wp-content\/uploads\/2023\/12\/s2-21-768x493.jpg 768w, https:\/\/szkolenia-udt.pl\/wp-content\/uploads\/2023\/12\/s2-21-1536x986.jpg 1536w, https:\/\/szkolenia-udt.pl\/wp-content\/uploads\/2023\/12\/s2-21-18x12.jpg 18w, https:\/\/szkolenia-udt.pl\/wp-content\/uploads\/2023\/12\/s2-21.jpg 1600w\" sizes=\"auto, (max-width: 300px) 100vw, 300px\" \/><\/a><\/figure>\n<\/div>\n\n\n<p><a href=\"https:\/\/szkolenia-udt.pl\/es\/o-firmie\/\">O\u015brodek Szkolenia Operator\u00f3w OSO<\/a> le invita cordialmente al curso de Manipulaci\u00f3n Manual (MH).\u00a0\u00a0<\/p>\n\n\n\n<p>Nuestro curso de formaci\u00f3n sobre manipulaci\u00f3n manual est\u00e1 organizado para que los participantes adquieran conciencia de los peligros potenciales que entra\u00f1a su trabajo y aprendan las consecuencias de los posibles errores durante las operaciones de transporte. Tambi\u00e9n deseamos impartir m\u00e9todos eficaces para minimizar los riesgos en el lugar de trabajo. Este curso es sumamente \u00fatil para quienes participan en la construcci\u00f3n, el funcionamiento o el mantenimiento de aerogeneradores.&nbsp;&nbsp;<\/p>\n\n\n\n<p>Ofrecemos formaci\u00f3n conforme a las normas de la GWO, lo que garantiza un alto nivel de aprendizaje. Los alumnos ser\u00e1n capaces de utilizar los conocimientos te\u00f3ricos y pr\u00e1cticos adquiridos para aplicar eficazmente t\u00e9cnicas de ayuda en los trabajos de manipulaci\u00f3n manual y manejar correctamente los equipos en la zona de aerogeneradores, observando las normas de seguridad m\u00e1s estrictas de acuerdo con las directrices sobre manipulaci\u00f3n manual.&nbsp;<\/p>\n\n\n\n<p>En nuestro centro, damos mucha importancia a la oportunidad de adquirir competencias y conocimientos bajo la supervisi\u00f3n de expertos en la materia. Nuestro centro ofrece cursos de MH en todo el pa\u00eds, tanto en nuestra sede central de Varsovia como en las sucursales sobre el terreno, en forma de cursos de formaci\u00f3n abiertos y cerrados. Si decides participar en la formaci\u00f3n de Trabajo en Altura, puedes contar con atractivas condiciones econ\u00f3micas.&nbsp;<\/p>\n\n\n\n<h2 class=\"wp-block-heading\">Curso de MH - objetivo principal\u00a0<\/h2>\n\n\n\n<p>La formaci\u00f3n est\u00e1 dise\u00f1ada para preparar a los participantes para el trabajo f\u00edsico en una obra o en el mantenimiento de aerogeneradores. El programa de formaci\u00f3n se centra en debatir los principios de la elevaci\u00f3n y manipulaci\u00f3n adecuadas de cargas de diferentes pesos y tama\u00f1os. El curso tambi\u00e9n familiariza a los participantes con las t\u00e9cnicas de evacuaci\u00f3n de heridos de zonas vulnerables alrededor de los aerogeneradores.\u00a0<\/p>\n\n\n\n<h2 class=\"wp-block-heading\">Curso de MH - programa\u00a0<\/h2>\n\n\n\n<p>La formaci\u00f3n MH - Manipulaci\u00f3n manual es un programa completo que incluye clases te\u00f3ricas y pr\u00e1cticas. Su principal objetivo es familiarizar a los participantes con las t\u00e9cnicas para la manipulaci\u00f3n manual segura y correcta de cargas en torno a los aerogeneradores, de acuerdo con las directrices de la GWO.\u00a0<\/p>\n\n\n\n<p>Al finalizar este curso de formaci\u00f3n en Manipulaci\u00f3n Manual, el participante habr\u00e1 adquirido conocimientos en las siguientes \u00e1reas:&nbsp;<\/p>\n\n\n\n<ul class=\"wp-block-list\">\n<li>un enfoque consciente del desempe\u00f1o de las funciones profesionales, teniendo en cuenta aspectos de seguridad, razonabilidad y cumplimiento de la legislaci\u00f3n local,&nbsp;<\/li>\n\n\n\n<li>identificaci\u00f3n correcta de los riesgos potenciales relacionados con el trabajo que puedan afectar negativamente al sistema musculoesquel\u00e9tico,&nbsp;<\/li>\n\n\n\n<li>el uso de pr\u00e1cticas y t\u00e9cnicas seguras al manipular objetos a mano, incluido el manejo correcto del equipo necesario,&nbsp;<\/li>\n\n\n\n<li>reconocer los signos y s\u00edntomas derivados de la aplicaci\u00f3n incorrecta de las t\u00e9cnicas de manipulaci\u00f3n manual,&nbsp;<\/li>\n\n\n\n<li>desarrollar la capacidad de resolver problemas de manipulaci\u00f3n manual en el entorno espec\u00edfico de las turbinas e\u00f3licas,&nbsp;<\/li>\n\n\n\n<li>utilizar t\u00e9cnicas eficaces para minimizar los riesgos al realizar trabajos de manipulaci\u00f3n manual,&nbsp;<\/li>\n\n\n\n<li>ejercicios pr\u00e1cticos basados en diversos escenarios,&nbsp;<\/li>\n\n\n\n<li>debate sobre cuestiones jur\u00eddicas relacionadas con la manipulaci\u00f3n manual,&nbsp;<\/li>\n\n\n\n<li>Los fundamentos de la anatom\u00eda, esenciales para el correcto desempe\u00f1o de las tareas de manipulaci\u00f3n de cargas.&nbsp;<\/li>\n<\/ul>\n\n\n\n<h2 class=\"wp-block-heading\">Curso de MH - certificaci\u00f3n&nbsp;&nbsp;<\/h2>\n\n\n\n<p>El Centro de Formaci\u00f3n de Operadores de CSO est\u00e1 acreditado por DNV y GWO.&nbsp;<\/p>\n\n\n\n<p>Nuestra formaci\u00f3n en manipulaci\u00f3n manual se imparte de acuerdo con la norma vigente de formaci\u00f3n b\u00e1sica en seguridad de la GWO.&nbsp;&nbsp;<\/p>\n\n\n\n<p>Al finalizar el curso, los participantes recibir\u00e1n un certificado que confirma que han completado la formaci\u00f3n y han adquirido cualificaciones y habilidades en manipulaci\u00f3n manual. Con los conocimientos adquiridos, el participante estar\u00e1 adecuadamente preparado para trabajar de forma segura en el sector de la energ\u00eda e\u00f3lica, as\u00ed como en otros entornos en los que exista riesgo de lesiones asociadas a los trabajos de manipulaci\u00f3n manual.&nbsp;&nbsp;<\/p>\n\n\n\n<p>La validez del certificado es de 24 meses. Recomendamos a los participantes que actualicen su formaci\u00f3n antes de que expire este periodo para mantener al d\u00eda sus cualificaciones y conocimientos.&nbsp;<\/p>\n\n\n\n<h2 class=\"wp-block-heading\">Curso de MH - Requisitos de participaci\u00f3n\u00a0<\/h2>\n\n\n\n<p>Para participar en la formaci\u00f3n relacionada con los trabajos en altura, deben cumplirse determinados requisitos:\u00a0<\/p>\n\n\n\n<ul class=\"wp-block-list\">\n<li>edad m\u00ednima 18 a\u00f1os,&nbsp;<\/li>\n\n\n\n<li>un m\u00ednimo de estudios secundarios,&nbsp;<\/li>\n\n\n\n<li>un certificado actual de un m\u00e9dico del trabajo que certifique que no existen contraindicaciones de salud para trabajar a m\u00e1s de tres metros de altura,&nbsp;<\/li>\n\n\n\n<li>seguridad social o seguro de accidentes pagados,&nbsp;<\/li>\n\n\n\n<li>tener un n\u00famero de identificaci\u00f3n WINDA,&nbsp;<\/li>\n\n\n\n<li>un cuestionario m\u00e9dico debidamente cumplimentado,&nbsp;<\/li>\n\n\n\n<li>ropa y calzado de trabajo adecuados, as\u00ed como guantes,&nbsp;<\/li>\n\n\n\n<li>pago de la tasa de formaci\u00f3n,&nbsp;<\/li>\n\n\n\n<li>un documento de identidad v\u00e1lido, como un carn\u00e9 de identidad.&nbsp;<\/li>\n<\/ul>\n\n\n\n<p>El n\u00famero m\u00e1ximo de participantes por grupo es de 10-12.&nbsp;&nbsp;&nbsp;<\/p>\n\n\n\n<h2 class=\"wp-block-heading\">Curso de MH - coste \u00a0<\/h2>\n\n\n\n<p>La tarifa de la formaci\u00f3n sobre manipulaci\u00f3n manual se fija individualmente. Depende del n\u00famero de personas que participen en el curso. Se ofrecen atractivos descuentos para grupos m\u00e1s grandes.\u00a0<\/p>\n\n\n\n<h2 class=\"wp-block-heading\">Curso de MH - lugar de celebraci\u00f3n&nbsp;<\/h2>\n\n\n\n<p><a href=\"https:\/\/szkolenia-udt.pl\/es\/kursy\/\">Nuestra formaci\u00f3n<\/a> Tienen lugar en distintos lugares, como Varsovia y nuestras sucursales regionales en toda Polonia. Tambi\u00e9n ofrecemos la posibilidad de impartir formaci\u00f3n en las instalaciones del cliente, desplaz\u00e1ndonos a un lugar que le resulte conveniente.&nbsp;<\/p>\n\n\n\n<p>Consulte nuestra p\u00e1gina web para conocer los detalles de los cursos abiertos. Si est\u00e1 interesado en una formaci\u00f3n cerrada, le animamos a que se ponga en contacto con nuestro centro para que podamos prepararle una oferta personalizada adaptada a sus necesidades.&nbsp;<\/p>\n\n\n\n<p>Si tiene alguna pregunta sobre nuestros cursos, no dude en <a href=\"https:\/\/szkolenia-udt.pl\/es\/kontakt\/\">contacto por tel\u00e9fono o correo electr\u00f3nico<\/a>. Nuestro equipo est\u00e1 dispuesto a responder a todas las preguntas y disipar cualquier duda. Tambi\u00e9n le invitamos a visitar nuestro centro, donde estaremos encantados de presentarle nuestra oferta y preparar un presupuesto para los interesados.&nbsp;<\/p>\n\n\n\n<p>Le invitamos cordialmente al Centro de Formaci\u00f3n de Operarios de OSO para cursos de Manipulaci\u00f3n Manual (MH) en Varsovia y en todo el pa\u00eds.&nbsp;<\/p>","protected":false},"excerpt":{"rendered":"<p>Kurs Przenoszenie r\u0119czne \u2013 dla os\u00f3b pracuj\u0105cych w \u015brodowisku turbin wiatrowych \u00a0 O\u015brodek Szkolenia Operator\u00f3w OSO serdecznie zaprasza na kurs Manual Handling (MH) \u2013 Przenoszenie r\u0119czne.\u00a0\u00a0 Nasze szkolenie Manual Handling organizowane jest z my\u015bl\u0105 o tym, aby uczestnicy zdobyli \u015bwiadomo\u015b\u0107 potencjalnych zagro\u017ce\u0144 zwi\u0105zanych z wykonywaniem pracy oraz poznali konsekwencje ewentualnych b\u0142\u0119d\u00f3w podczas operacji transportowych. Pragniemy [&hellip;]<\/p>\n","protected":false},"author":3,"featured_media":5349,"parent":5314,"menu_order":0,"comment_status":"closed","ping_status":"closed","template":"","meta":{"footnotes":""},"class_list":["post-5348","page","type-page","status-publish","has-post-thumbnail","hentry"],"aioseo_notices":[],"_links":{"self":[{"href":"https:\/\/szkolenia-udt.pl\/es\/wp-json\/wp\/v2\/pages\/5348","targetHints":{"allow":["GET"]}}],"collection":[{"href":"https:\/\/szkolenia-udt.pl\/es\/wp-json\/wp\/v2\/pages"}],"about":[{"href":"https:\/\/szkolenia-udt.pl\/es\/wp-json\/wp\/v2\/types\/page"}],"author":[{"embeddable":true,"href":"https:\/\/szkolenia-udt.pl\/es\/wp-json\/wp\/v2\/users\/3"}],"replies":[{"embeddable":true,"href":"https:\/\/szkolenia-udt.pl\/es\/wp-json\/wp\/v2\/comments?post=5348"}],"version-history":[{"count":1,"href":"https:\/\/szkolenia-udt.pl\/es\/wp-json\/wp\/v2\/pages\/5348\/revisions"}],"predecessor-version":[{"id":5350,"href":"https:\/\/szkolenia-udt.pl\/es\/wp-json\/wp\/v2\/pages\/5348\/revisions\/5350"}],"up":[{"embeddable":true,"href":"https:\/\/szkolenia-udt.pl\/es\/wp-json\/wp\/v2\/pages\/5314"}],"wp:featuredmedia":[{"embeddable":true,"href":"https:\/\/szkolenia-udt.pl\/es\/wp-json\/wp\/v2\/media\/5349"}],"wp:attachment":[{"href":"https:\/\/szkolenia-udt.pl\/es\/wp-json\/wp\/v2\/media?parent=5348"}],"curies":[{"name":"wp","href":"https:\/\/api.w.org\/{rel}","templated":true}]}}