{"id":5351,"date":"2023-12-11T12:22:02","date_gmt":"2023-12-11T11:22:02","guid":{"rendered":"https:\/\/szkolenia-udt.pl\/?page_id=5351"},"modified":"2023-12-11T12:22:43","modified_gmt":"2023-12-11T11:22:43","slug":"curso-de-supervivencia-en-el-mar","status":"publish","type":"page","link":"https:\/\/szkolenia-udt.pl\/es\/kursy\/global-wind-organisation\/kurs-sea-survival-ss\/","title":{"rendered":"Curso de Supervivencia en el Mar (SS)\u00a0"},"content":{"rendered":"<h2 class=\"wp-block-heading\">Curso de supervivencia en el mar: para quienes trabajan en parques e\u00f3licos marinos &nbsp;<\/h2>\n\n\n<div class=\"wp-block-image\">\n<figure class=\"alignleft size-medium\"><a href=\"https:\/\/szkolenia-udt.pl\/wp-content\/uploads\/2023\/12\/s2-23.jpg\"><img loading=\"lazy\" decoding=\"async\" width=\"300\" height=\"200\" src=\"https:\/\/szkolenia-udt.pl\/wp-content\/uploads\/2023\/12\/s2-23-300x200.jpg\" alt=\"\" class=\"wp-image-5353\" srcset=\"https:\/\/szkolenia-udt.pl\/wp-content\/uploads\/2023\/12\/s2-23-300x200.jpg 300w, https:\/\/szkolenia-udt.pl\/wp-content\/uploads\/2023\/12\/s2-23-1024x683.jpg 1024w, https:\/\/szkolenia-udt.pl\/wp-content\/uploads\/2023\/12\/s2-23-768x512.jpg 768w, https:\/\/szkolenia-udt.pl\/wp-content\/uploads\/2023\/12\/s2-23-1536x1024.jpg 1536w, https:\/\/szkolenia-udt.pl\/wp-content\/uploads\/2023\/12\/s2-23-18x12.jpg 18w, https:\/\/szkolenia-udt.pl\/wp-content\/uploads\/2023\/12\/s2-23.jpg 1600w\" sizes=\"auto, (max-width: 300px) 100vw, 300px\" \/><\/a><\/figure>\n<\/div>\n\n\n<p><a href=\"https:\/\/szkolenia-udt.pl\/es\/o-firmie\/\">O\u015brodek Szkolenia Operator\u00f3w OSO<\/a> le invita cordialmente al curso de Supervivencia en el Mar (SS).&nbsp;&nbsp;<\/p>\n\n\n\n<p>Nuestra formaci\u00f3n de Supervivencia en el Mar se centra en la seguridad y el comportamiento adecuado en la zona de aguas abiertas, desde la costa hasta el aerogenerador en el mar (<a href=\"https:\/\/szkolenia-udt.pl\/es\/kursy\/onshore-i-offshore\/\">en alta mar<\/a>). Al finalizar el curso, el participante dispondr\u00e1 de los conocimientos y competencias necesarios para poder actuar con eficacia y adoptar medidas preventivas en todas las fases de las operaciones en alta mar, desde la zona costera hasta la instalaci\u00f3n en alta mar o el aerogenerador (WTG).&nbsp;<\/p>\n\n\n\n<p>Ofrecemos formaci\u00f3n de acuerdo con las normas de la GWO, lo que garantiza un alto nivel de aprendizaje. Los alumnos ser\u00e1n capaces de utilizar los conocimientos te\u00f3ricos y pr\u00e1cticos adquiridos para trabajar eficazmente fuera de la zona terrestre, manteniendo siempre los m\u00e1s altos est\u00e1ndares de seguridad, de acuerdo con las directrices de Supervivencia en el Mar de la GWO.&nbsp;<\/p>\n\n\n\n<p>En nuestro centro, damos gran importancia a la oportunidad de adquirir competencias y conocimientos bajo la supervisi\u00f3n de expertos en la materia. Nuestro centro ofrece cursos de Supervivencia en el mar en todo el pa\u00eds, tanto en nuestra sede central de Varsovia como en las sucursales sobre el terreno, en forma de cursos de formaci\u00f3n abiertos y cerrados. Si decide participar en un curso de formaci\u00f3n de Supervivencia en el mar, puede contar con atractivas condiciones financieras.&nbsp;<\/p>\n\n\n\n<p>Para m\u00e1s informaci\u00f3n sobre la ubicaci\u00f3n de los cursos, le animamos a que se ponga en contacto con nosotros por tel\u00e9fono o correo electr\u00f3nico.&nbsp;<\/p>\n\n\n\n<h2 class=\"wp-block-heading\">Curso de supervivencia en el mar - objetivo principal&nbsp;<\/h2>\n\n\n\n<p>El curso de formaci\u00f3n est\u00e1 dise\u00f1ado para proporcionar a los participantes los conocimientos necesarios para comprender las numerosas cuestiones importantes que plantea el trabajo en el \u00e1mbito de los parques e\u00f3licos marinos. El curso pretende desarrollar los h\u00e1bitos de comportamiento adecuados tanto para las situaciones cotidianas t\u00edpicas como para las emergencias en el contexto de la energ\u00eda e\u00f3lica marina. Al combinar teor\u00eda y pr\u00e1ctica, el programa de formaci\u00f3n proporciona una preparaci\u00f3n completa para afrontar y sobrevivir en alta mar.&nbsp;<\/p>\n\n\n\n<h2 class=\"wp-block-heading\">Curso de supervivencia en el mar - programa&nbsp;<\/h2>\n\n\n<div class=\"wp-block-image\">\n<figure class=\"alignright size-medium\"><a href=\"https:\/\/szkolenia-udt.pl\/wp-content\/uploads\/2023\/12\/screen_2x-25.jpg\"><img loading=\"lazy\" decoding=\"async\" width=\"300\" height=\"200\" src=\"https:\/\/szkolenia-udt.pl\/wp-content\/uploads\/2023\/12\/screen_2x-25-300x200.jpg\" alt=\"\" class=\"wp-image-5352\" srcset=\"https:\/\/szkolenia-udt.pl\/wp-content\/uploads\/2023\/12\/screen_2x-25-300x200.jpg 300w, https:\/\/szkolenia-udt.pl\/wp-content\/uploads\/2023\/12\/screen_2x-25-1024x683.jpg 1024w, https:\/\/szkolenia-udt.pl\/wp-content\/uploads\/2023\/12\/screen_2x-25-768x512.jpg 768w, https:\/\/szkolenia-udt.pl\/wp-content\/uploads\/2023\/12\/screen_2x-25-1536x1024.jpg 1536w, https:\/\/szkolenia-udt.pl\/wp-content\/uploads\/2023\/12\/screen_2x-25-18x12.jpg 18w, https:\/\/szkolenia-udt.pl\/wp-content\/uploads\/2023\/12\/screen_2x-25.jpg 1600w\" sizes=\"auto, (max-width: 300px) 100vw, 300px\" \/><\/a><\/figure>\n<\/div>\n\n\n<p>El curso de formaci\u00f3n de Supervivencia en el Mar de GWO se centra principalmente en actividades pr\u00e1cticas realizadas en un entorno acu\u00e1tico para preparar a los participantes a enfrentarse al mar abierto. No es necesario saber nadar, pero permitir\u00e1 dominar eficazmente las maniobras en este tipo de entorno. El programa de formaci\u00f3n tambi\u00e9n incluye cuestiones legales relacionadas con el trabajo en el mar y una introducci\u00f3n a conceptos como MOB, PLB, SAR y GDMSS.&nbsp;&nbsp;<\/p>\n\n\n\n<p>El curso se centra en los peligros espec\u00edficos del entorno marino, como el choque t\u00e9rmico, la hipotermia y el riesgo de inundaci\u00f3n. Los participantes aprender\u00e1n t\u00e9cnicas relacionadas con la evacuaci\u00f3n segura en situaciones de emergencia y el comportamiento adecuado al desplazarse entre una turbina y un buque de transporte (CTV). El programa tambi\u00e9n incluye el aprendizaje de c\u00f3mo rescatarse a s\u00ed mismos y a otras personas y c\u00f3mo solicitar correctamente ayuda de emergencia.&nbsp;<\/p>\n\n\n\n<p>Al finalizar el curso de formaci\u00f3n de Supervivencia en el mar, los participantes habr\u00e1n adquirido conocimientos sobre:&nbsp;<\/p>\n\n\n\n<ul class=\"wp-block-list\">\n<li>organizaci\u00f3n del espacio y normativa aplicable en los parques e\u00f3licos marinos, para que los alumnos conozcan sus funciones, tareas y normas en este entorno,&nbsp;<\/li>\n\n\n\n<li>Comprender la importancia de una vestimenta y un comportamiento adecuados en la zona de los parques e\u00f3licos marinos,&nbsp;<\/li>\n\n\n\n<li>reconocer y responder eficazmente a los s\u00edntomas del choque t\u00e9rmico, la hipotermia y el riesgo de ahogamiento en condiciones marinas,&nbsp;<\/li>\n\n\n\n<li>el uso adecuado y seguro del equipo personal de supervivencia (EPS) y del equipo de protecci\u00f3n individual (EPI), incluida la plena comprensi\u00f3n de sus funciones y limitaciones,&nbsp;<\/li>\n\n\n\n<li>Sistema mundial de socorro y seguridad mar\u00edtimos (SMSSM), sistema de comunicaci\u00f3n y alerta y procedimientos de b\u00fasqueda y salvamento (SAR),&nbsp;<\/li>\n\n\n\n<li>hacer frente a situaciones de emergencia en el mar,&nbsp;<\/li>\n\n\n\n<li>reconocer los peligros y riesgos asociados al desplazamiento y aplicar eficazmente las medidas preventivas de acuerdo con los procedimientos y equipos del CEJ y los EPI disponibles in situ,&nbsp;<\/li>\n\n\n\n<li>comportamiento seguro en instalaciones, buques y aerogeneradores en diversas condiciones, incluidas las situaciones de emergencia y evacuaci\u00f3n,&nbsp;<\/li>\n\n\n\n<li>desplazarse con seguridad con el equipo entre el muelle y el buque y entre el buque y la turbina e\u00f3lica,&nbsp;<\/li>\n<\/ul>\n\n\n\n<p>Nuestro curso tambi\u00e9n le permitir\u00e1 aprender habilidades para prestar asistencia en situaciones de Hombre al Agua (MOB).&nbsp;<\/p>\n\n\n\n<h2 class=\"wp-block-heading\">Curso de supervivencia en el mar - certificaci\u00f3n&nbsp;&nbsp;<\/h2>\n\n\n\n<p>El Centro de Formaci\u00f3n de Operadores de CSO est\u00e1 acreditado por DNV y GWO.&nbsp;<\/p>\n\n\n\n<p>Nuestra formaci\u00f3n en supervivencia en el mar se realiza de acuerdo con la norma vigente de formaci\u00f3n b\u00e1sica en seguridad de la GWO.&nbsp;&nbsp;<\/p>\n\n\n\n<p>Al final del curso, los participantes recibir\u00e1n un certificado que confirma que han adquirido las cualificaciones y competencias necesarias para trabajar en el \u00e1mbito de los parques e\u00f3licos marinos. El certificado sirve como certificado oficial de finalizaci\u00f3n del curso de formaci\u00f3n y confirma la preparaci\u00f3n para trabajar con seguridad en alta mar.&nbsp;<\/p>\n\n\n\n<p>La validez del certificado es de 24 meses. Recomendamos a los participantes que actualicen su formaci\u00f3n antes de que expire este periodo para mantener al d\u00eda sus cualificaciones y conocimientos.&nbsp;<\/p>\n\n\n\n<h2 class=\"wp-block-heading\">Curso de Supervivencia en el Mar - requisitos de acceso&nbsp;<\/h2>\n\n\n\n<p>Para participar en la formaci\u00f3n relacionada con los trabajos en altura, deben cumplirse determinados requisitos:&nbsp;<\/p>\n\n\n\n<ul class=\"wp-block-list\">\n<li>edad m\u00ednima 18 a\u00f1os,&nbsp;<\/li>\n\n\n\n<li>un m\u00ednimo de estudios secundarios,&nbsp;<\/li>\n\n\n\n<li>un certificado actual de un m\u00e9dico del trabajo que certifique que no existen contraindicaciones de salud para trabajar a m\u00e1s de tres metros de altura,&nbsp;<\/li>\n\n\n\n<li>seguridad social o seguro de accidentes pagados,&nbsp;<\/li>\n\n\n\n<li>tener un n\u00famero de identificaci\u00f3n WINDA,&nbsp;<\/li>\n\n\n\n<li>un cuestionario m\u00e9dico debidamente cumplimentado,&nbsp;<\/li>\n\n\n\n<li>ropa necesaria para estar en un medio acu\u00e1tico,&nbsp;<\/li>\n\n\n\n<li>pago de la tasa de formaci\u00f3n,&nbsp;<\/li>\n\n\n\n<li>un documento de identidad v\u00e1lido, como un carn\u00e9 de identidad.&nbsp;<\/li>\n<\/ul>\n\n\n\n<p>El n\u00famero m\u00e1ximo de participantes por grupo es de 10-12.&nbsp;&nbsp;&nbsp;<\/p>\n\n\n\n<h2 class=\"wp-block-heading\">Curso de supervivencia en el mar - coste &nbsp;<\/h2>\n\n\n\n<p>El precio del curso de Supervivencia en el mar se fija individualmente. Depende del n\u00famero de personas que participen en el curso. Para grupos m\u00e1s grandes se ofrecen atractivos descuentos.&nbsp;<\/p>\n\n\n\n<h2 class=\"wp-block-heading\">Curso de supervivencia en el mar - lugar de celebraci\u00f3n&nbsp;<\/h2>\n\n\n\n<p><a href=\"https:\/\/szkolenia-udt.pl\/es\/kursy\/\">Nuestra formaci\u00f3n<\/a> Se imparten en distintos lugares, como Varsovia y nuestras sucursales regionales en toda Polonia. Si desea m\u00e1s informaci\u00f3n sobre las sedes de los cursos, no dude en ponerse en contacto con nosotros por tel\u00e9fono o correo electr\u00f3nico.&nbsp;<\/p>\n\n\n\n<p>Consulte nuestra p\u00e1gina web para conocer los detalles de los cursos abiertos. Si est\u00e1 interesado en una formaci\u00f3n cerrada, le animamos a que se ponga en contacto con nuestro centro para que podamos prepararle una oferta personalizada adaptada a sus necesidades.&nbsp;<\/p>\n\n\n\n<p>Si tiene alguna pregunta sobre nuestros cursos, no dude en <a href=\"https:\/\/szkolenia-udt.pl\/es\/kontakt\/\">contacto por tel\u00e9fono o correo electr\u00f3nico<\/a>. Nuestro equipo est\u00e1 dispuesto a responder a todas las preguntas y disipar cualquier duda. Tambi\u00e9n le invitamos a visitar nuestro centro, donde estaremos encantados de presentarle nuestra oferta y preparar un presupuesto para los interesados.&nbsp;<\/p>\n\n\n\n<p>Le invitamos cordialmente al Centro de Formaci\u00f3n de Operadores OSO para los cursos de Supervivencia en el Mar en Varsovia y en todo el pa\u00eds.&nbsp;<\/p>","protected":false},"excerpt":{"rendered":"<p>Kurs Przetrwanie na morzu \u2013 dla os\u00f3b pracuj\u0105cych w \u015brodowisku morskich farm wiatrowych &nbsp; O\u015brodek Szkolenia Operator\u00f3w OSO serdecznie zaprasza na kurs Sea Survival (SS) \u2013 Przetrwanie na morzu.&nbsp;&nbsp; Nasze szkolenie Sea Survival koncentruje si\u0119 na zagadnieniach zwi\u0105zanych z bezpiecze\u0144stwem oraz odpowiednim zachowaniem si\u0119 na obszarze w\u00f3d otwartych, od linii brzegowej a\u017c po turbin\u0119 wiatrow\u0105 [&hellip;]<\/p>\n","protected":false},"author":3,"featured_media":5352,"parent":5314,"menu_order":0,"comment_status":"closed","ping_status":"closed","template":"","meta":{"footnotes":""},"class_list":["post-5351","page","type-page","status-publish","has-post-thumbnail","hentry"],"aioseo_notices":[],"_links":{"self":[{"href":"https:\/\/szkolenia-udt.pl\/es\/wp-json\/wp\/v2\/pages\/5351","targetHints":{"allow":["GET"]}}],"collection":[{"href":"https:\/\/szkolenia-udt.pl\/es\/wp-json\/wp\/v2\/pages"}],"about":[{"href":"https:\/\/szkolenia-udt.pl\/es\/wp-json\/wp\/v2\/types\/page"}],"author":[{"embeddable":true,"href":"https:\/\/szkolenia-udt.pl\/es\/wp-json\/wp\/v2\/users\/3"}],"replies":[{"embeddable":true,"href":"https:\/\/szkolenia-udt.pl\/es\/wp-json\/wp\/v2\/comments?post=5351"}],"version-history":[{"count":2,"href":"https:\/\/szkolenia-udt.pl\/es\/wp-json\/wp\/v2\/pages\/5351\/revisions"}],"predecessor-version":[{"id":5355,"href":"https:\/\/szkolenia-udt.pl\/es\/wp-json\/wp\/v2\/pages\/5351\/revisions\/5355"}],"up":[{"embeddable":true,"href":"https:\/\/szkolenia-udt.pl\/es\/wp-json\/wp\/v2\/pages\/5314"}],"wp:featuredmedia":[{"embeddable":true,"href":"https:\/\/szkolenia-udt.pl\/es\/wp-json\/wp\/v2\/media\/5352"}],"wp:attachment":[{"href":"https:\/\/szkolenia-udt.pl\/es\/wp-json\/wp\/v2\/media?parent=5351"}],"curies":[{"name":"wp","href":"https:\/\/api.w.org\/{rel}","templated":true}]}}