{"id":5356,"date":"2023-12-11T12:27:17","date_gmt":"2023-12-11T11:27:17","guid":{"rendered":"https:\/\/szkolenia-udt.pl\/?page_id=5356"},"modified":"2023-12-11T12:27:43","modified_gmt":"2023-12-11T11:27:43","slug":"senalizador-de-curso-slinger-sls","status":"publish","type":"page","link":"https:\/\/szkolenia-udt.pl\/es\/kursy\/global-wind-organisation\/kurs-slinger-signaller-sls\/","title":{"rendered":"Curso de se\u00f1alizador de hondas (SLS)\u00a0"},"content":{"rendered":"<h2 class=\"wp-block-heading\">Curso de se\u00f1alizaci\u00f3n de ganchos: para quienes trabajan en el entorno de las turbinas e\u00f3licas \u00a0<\/h2>\n\n\n<div class=\"wp-block-image\">\n<figure class=\"alignleft size-medium\"><a href=\"https:\/\/szkolenia-udt.pl\/wp-content\/uploads\/2023\/12\/screen_2x-26.jpg\"><img loading=\"lazy\" decoding=\"async\" width=\"300\" height=\"199\" src=\"https:\/\/szkolenia-udt.pl\/wp-content\/uploads\/2023\/12\/screen_2x-26-300x199.jpg\" alt=\"\" class=\"wp-image-5357\" srcset=\"https:\/\/szkolenia-udt.pl\/wp-content\/uploads\/2023\/12\/screen_2x-26-300x199.jpg 300w, https:\/\/szkolenia-udt.pl\/wp-content\/uploads\/2023\/12\/screen_2x-26-1024x680.jpg 1024w, https:\/\/szkolenia-udt.pl\/wp-content\/uploads\/2023\/12\/screen_2x-26-768x510.jpg 768w, https:\/\/szkolenia-udt.pl\/wp-content\/uploads\/2023\/12\/screen_2x-26-1536x1020.jpg 1536w, https:\/\/szkolenia-udt.pl\/wp-content\/uploads\/2023\/12\/screen_2x-26-18x12.jpg 18w, https:\/\/szkolenia-udt.pl\/wp-content\/uploads\/2023\/12\/screen_2x-26.jpg 1600w\" sizes=\"auto, (max-width: 300px) 100vw, 300px\" \/><\/a><\/figure>\n<\/div>\n\n\n<p><a href=\"https:\/\/szkolenia-udt.pl\/es\/o-firmie\/\">O\u015brodek Szkolenia Operator\u00f3w OSO<\/a> le invita cordialmente al curso Slinger Signaller (SLS).\u00a0\u00a0<\/p>\n\n\n\n<p>Nuestro curso de formaci\u00f3n de se\u00f1alizador de eslingas est\u00e1 organizado para garantizar que los participantes adquieran los conocimientos y habilidades necesarios relacionados con la elevaci\u00f3n segura de cargas durante las operaciones de gr\u00faa. El curso trata a fondo los peligros y riesgos potenciales asociados al trabajo de gancho y se\u00f1alizador. La formaci\u00f3n SLS est\u00e1 relacionada con el \u00e1mbito de las turbinas e\u00f3licas y va dirigida a los trabajadores del sector de la energ\u00eda e\u00f3lica implicados en la fabricaci\u00f3n, instalaci\u00f3n y mantenimiento de turbinas y sus componentes.&nbsp;<\/p>\n\n\n\n<p>Ofrecemos formaci\u00f3n conforme a las normas de GWO, lo que garantiza un alto nivel de aprendizaje. Los alumnos podr\u00e1n utilizar los conocimientos te\u00f3ricos y pr\u00e1cticos adquiridos en su trabajo como gancho o se\u00f1alizador en el \u00e1rea de los aerogeneradores, manteniendo los m\u00e1s altos est\u00e1ndares de seguridad de acuerdo con las directrices de GWO Slinger Signaller.&nbsp;<\/p>\n\n\n\n<p>En nuestro centro, damos gran importancia a la oportunidad de adquirir competencias y conocimientos bajo la supervisi\u00f3n de expertos en la materia. Nuestro centro ofrece cursos de SLS en todo el pa\u00eds, tanto en nuestra sede central de Varsovia como en las sucursales sobre el terreno, en forma de cursos de formaci\u00f3n abiertos y cerrados. Si decide participar en el curso de formaci\u00f3n de Se\u00f1alizador de Gancho, puede contar con atractivas condiciones financieras.&nbsp;<\/p>\n\n\n\n<h2 class=\"wp-block-heading\">Curso SLS - objetivo principal\u00a0<\/h2>\n\n\n\n<p>El curso de formaci\u00f3n est\u00e1 dise\u00f1ado para proporcionar a los participantes habilidades pr\u00e1cticas relacionadas con las t\u00e9cnicas de suspensi\u00f3n y sujeci\u00f3n de cargas, en las que se da prioridad al mantenimiento de las normas de seguridad m\u00e1s estrictas. Los participantes se familiarizar\u00e1n con los distintos tipos de equipos utilizados en estas operaciones y con el equipo de protecci\u00f3n personal necesario. El alcance de la formaci\u00f3n incluye la determinaci\u00f3n adecuada del centro de gravedad de la carga, el ajuste de los \u00e1ngulos de los eslabones de la eslinga y la se\u00f1alizaci\u00f3n eficaz del movimiento de la gr\u00faa.\u00a0<\/p>\n\n\n\n<h2 class=\"wp-block-heading\">Curso SLS - programa\u00a0<\/h2>\n\n\n\n<p>El curso de formaci\u00f3n SLS - Hook Signaller proporciona a los participantes los conocimientos y habilidades necesarios para desempe\u00f1ar sus tareas con seguridad y eficacia. El programa del curso incluye presentaciones a cargo de instructores cualificados y ejercicios pr\u00e1cticos.\u00a0\u00a0<\/p>\n\n\n\n<p>Todas las operaciones de formaci\u00f3n se basan en un plan de elevaci\u00f3n (Plan de elevaci\u00f3n). El plan de elevaci\u00f3n incluye una evaluaci\u00f3n de riesgos, la definici\u00f3n del m\u00e9todo y otros detalles pertinentes (planos, gr\u00e1ficos, horarios y fotos). Este documento define con precisi\u00f3n las funciones de todos los implicados en la operaci\u00f3n de elevaci\u00f3n para garantizar que el proceso se desarrolle sin problemas. El plan de elevaci\u00f3n suele incluir una descripci\u00f3n de c\u00f3mo se llevar\u00e1 a cabo la tarea, informaci\u00f3n t\u00e9cnica sobre la configuraci\u00f3n de la gr\u00faa y otros detalles de la operaci\u00f3n de elevaci\u00f3n (condiciones del terreno, acceso al emplazamiento, etc.). La evaluaci\u00f3n de riesgos que figura en el plan de elevaci\u00f3n identificar\u00e1 los riesgos potenciales y desarrollar\u00e1 una estrategia para eliminarlos. Es esencial incluir un plan de acci\u00f3n en caso de que se produzca el peor escenario posible.&nbsp;<\/p>\n\n\n\n<p>Al finalizar el curso de formaci\u00f3n de Se\u00f1alizador Slinger, los graduados habr\u00e1n adquirido conocimientos que incluyen:&nbsp;<\/p>\n\n\n\n<ul class=\"wp-block-list\">\n<li>t\u00e9cnicas seguras para el uso de equipos de elevaci\u00f3n, manipulaci\u00f3n y dep\u00f3sito,&nbsp;<\/li>\n\n\n\n<li>principios para la se\u00f1alizaci\u00f3n de movimientos durante operaciones de elevaci\u00f3n sencillas, incluso en condiciones de visibilidad limitada para el operador de la gr\u00faa,&nbsp;<\/li>\n\n\n\n<li>la funci\u00f3n y las responsabilidades del se\u00f1alizador durante las operaciones de elevaci\u00f3n,&nbsp;<\/li>\n\n\n\n<li>inspecci\u00f3n visual del equipo de elevaci\u00f3n antes y despu\u00e9s de la operaci\u00f3n de elevaci\u00f3n,&nbsp;<\/li>\n\n\n\n<li>la manipulaci\u00f3n correcta y segura del equipo utilizado en las operaciones de elevaci\u00f3n,&nbsp;<\/li>\n\n\n\n<li>seleccionar la eslinga adecuada para los diferentes tipos de cargas, teniendo en cuenta su peso, forma, tama\u00f1o y centro de gravedad,&nbsp;<\/li>\n\n\n\n<li>realizar levantamientos rutinarios seg\u00fan un plan preparado de antemano,&nbsp;<\/li>\n\n\n\n<li>mantenimiento y funcionamiento adecuados del equipo,&nbsp;<\/li>\n\n\n\n<li>identificaci\u00f3n de fallos y defectos en los equipos utilizados,&nbsp;<\/li>\n\n\n\n<li>Siga cuidadosamente las instrucciones y procedimientos establecidos por el empresario para la gesti\u00f3n eficaz de las operaciones de elevaci\u00f3n.&nbsp;<\/li>\n<\/ul>\n\n\n\n<h2 class=\"wp-block-heading\">Curso SLS - Certificaci\u00f3n&nbsp;&nbsp;<\/h2>\n\n\n\n<p>El Centro de Formaci\u00f3n de Operadores de CSO est\u00e1 acreditado por DNV y GWO.&nbsp;<\/p>\n\n\n\n<p>Nuestra formaci\u00f3n para se\u00f1alizadores de honda se realiza de acuerdo con la norma vigente de formaci\u00f3n b\u00e1sica en seguridad de GWO.&nbsp;&nbsp;<\/p>\n\n\n\n<p>Al finalizar el curso, los participantes recibir\u00e1n un certificado que confirma su cualificaci\u00f3n en materia de elevaci\u00f3n, traslado y dep\u00f3sito de cargas en condiciones de seguridad. El certificado es una certificaci\u00f3n oficial de la realizaci\u00f3n del curso de formaci\u00f3n y confirma la preparaci\u00f3n para desempe\u00f1ar correctamente tareas profesionales en el entorno de la energ\u00eda e\u00f3lica, as\u00ed como en otros sectores en los que se realizan operaciones de elevaci\u00f3n.&nbsp;<\/p>\n\n\n\n<p>El certificado es v\u00e1lido indefinidamente.&nbsp;&nbsp;<\/p>\n\n\n\n<h2 class=\"wp-block-heading\">Curso SLS - requisitos de acceso\u00a0<\/h2>\n\n\n\n<p>Para participar en la formaci\u00f3n relacionada con los trabajos en altura, deben cumplirse determinados requisitos:\u00a0<\/p>\n\n\n\n<ul class=\"wp-block-list\">\n<li>edad m\u00ednima 18 a\u00f1os,&nbsp;<\/li>\n\n\n\n<li>un m\u00ednimo de estudios secundarios,&nbsp;<\/li>\n\n\n\n<li>un certificado actual de un m\u00e9dico del trabajo que certifique que no existen contraindicaciones de salud para trabajar a m\u00e1s de tres metros de altura,&nbsp;<\/li>\n\n\n\n<li>seguridad social o seguro de accidentes pagados,&nbsp;<\/li>\n\n\n\n<li>tener un n\u00famero de identificaci\u00f3n WINDA,&nbsp;<\/li>\n\n\n\n<li>un cuestionario m\u00e9dico debidamente cumplimentado,&nbsp;<\/li>\n\n\n\n<li>ropa y calzado de trabajo adecuados, as\u00ed como guantes,&nbsp;<\/li>\n\n\n\n<li>pago de la tasa de formaci\u00f3n,&nbsp;<\/li>\n\n\n\n<li>un documento de identidad v\u00e1lido, como un carn\u00e9 de identidad.&nbsp;<\/li>\n<\/ul>\n\n\n\n<p>El n\u00famero m\u00e1ximo de participantes por grupo es de 10-12.&nbsp;&nbsp;&nbsp;&nbsp;&nbsp;<\/p>\n\n\n\n<h2 class=\"wp-block-heading\">Curso SLS - coste \u00a0<\/h2>\n\n\n\n<p>El precio de la formaci\u00f3n de Se\u00f1alizador Slinger se fija de forma individual. Depende del n\u00famero de personas que asistan al curso. Se ofrecen atractivos descuentos para grupos grandes.\u00a0<\/p>\n\n\n\n<h2 class=\"wp-block-heading\">Curso SLS - lugar de celebraci\u00f3n&nbsp;<\/h2>\n\n\n\n<p><a href=\"https:\/\/szkolenia-udt.pl\/es\/kursy\/\">Nuestra formaci\u00f3n<\/a> Tienen lugar en distintos lugares, como Varsovia y nuestras sucursales regionales en toda Polonia. Tambi\u00e9n ofrecemos la posibilidad de impartir formaci\u00f3n en las instalaciones del cliente, desplaz\u00e1ndonos a un lugar que le resulte conveniente.&nbsp;<\/p>\n\n\n\n<p>Consulte nuestra p\u00e1gina web para conocer los detalles de los cursos abiertos. Si est\u00e1 interesado en una formaci\u00f3n cerrada, le animamos a que se ponga en contacto con nuestro centro para que podamos prepararle una oferta personalizada adaptada a sus necesidades.&nbsp;<\/p>\n\n\n\n<p>Si tiene alguna pregunta sobre nuestros cursos, no dude en <a href=\"https:\/\/szkolenia-udt.pl\/es\/kontakt\/\">contacto por tel\u00e9fono o correo electr\u00f3nico<\/a>. Nuestro equipo est\u00e1 dispuesto a responder a todas las preguntas y disipar cualquier duda. Tambi\u00e9n le invitamos a visitar nuestro centro, donde estaremos encantados de presentarle nuestra oferta y preparar un presupuesto para los interesados.&nbsp;<\/p>\n\n\n\n<p>Le invitamos cordialmente al Centro de Formaci\u00f3n de Operadores de OSO para los cursos de Se\u00f1alizador Slinger (SLS) - Se\u00f1alizador Hook en Varsovia y en todo el pa\u00eds.&nbsp;<\/p>","protected":false},"excerpt":{"rendered":"<p>Kurs Hakowy sygnalista \u2013 dla os\u00f3b pracuj\u0105cych w \u015brodowisku turbin wiatrowych \u00a0 O\u015brodek Szkolenia Operator\u00f3w OSO serdecznie zaprasza na kurs Slinger Signaller (SLS) \u2013 Hakowy sygnalista.\u00a0\u00a0 Nasze szkolenie Slinger Signaller organizowane jest z my\u015bl\u0105 o tym, aby o uczestnicy otrzymali niezb\u0119dn\u0105 wiedz\u0119 oraz umiej\u0119tno\u015bci zwi\u0105zane z bezpiecznym podnoszeniem \u0142adunk\u00f3w podczas operacji d\u017awigowych. Na kursie dok\u0142adnie [&hellip;]<\/p>\n","protected":false},"author":3,"featured_media":5357,"parent":5314,"menu_order":0,"comment_status":"closed","ping_status":"closed","template":"","meta":{"footnotes":""},"class_list":["post-5356","page","type-page","status-publish","has-post-thumbnail","hentry"],"aioseo_notices":[],"_links":{"self":[{"href":"https:\/\/szkolenia-udt.pl\/es\/wp-json\/wp\/v2\/pages\/5356","targetHints":{"allow":["GET"]}}],"collection":[{"href":"https:\/\/szkolenia-udt.pl\/es\/wp-json\/wp\/v2\/pages"}],"about":[{"href":"https:\/\/szkolenia-udt.pl\/es\/wp-json\/wp\/v2\/types\/page"}],"author":[{"embeddable":true,"href":"https:\/\/szkolenia-udt.pl\/es\/wp-json\/wp\/v2\/users\/3"}],"replies":[{"embeddable":true,"href":"https:\/\/szkolenia-udt.pl\/es\/wp-json\/wp\/v2\/comments?post=5356"}],"version-history":[{"count":2,"href":"https:\/\/szkolenia-udt.pl\/es\/wp-json\/wp\/v2\/pages\/5356\/revisions"}],"predecessor-version":[{"id":5359,"href":"https:\/\/szkolenia-udt.pl\/es\/wp-json\/wp\/v2\/pages\/5356\/revisions\/5359"}],"up":[{"embeddable":true,"href":"https:\/\/szkolenia-udt.pl\/es\/wp-json\/wp\/v2\/pages\/5314"}],"wp:featuredmedia":[{"embeddable":true,"href":"https:\/\/szkolenia-udt.pl\/es\/wp-json\/wp\/v2\/media\/5357"}],"wp:attachment":[{"href":"https:\/\/szkolenia-udt.pl\/es\/wp-json\/wp\/v2\/media?parent=5356"}],"curies":[{"name":"wp","href":"https:\/\/api.w.org\/{rel}","templated":true}]}}