{"id":5360,"date":"2023-12-11T12:31:16","date_gmt":"2023-12-11T11:31:16","guid":{"rendered":"https:\/\/szkolenia-udt.pl\/?page_id=5360"},"modified":"2023-12-11T12:31:51","modified_gmt":"2023-12-11T11:31:51","slug":"curso-de-trabajo-en-altura-wah","status":"publish","type":"page","link":"https:\/\/szkolenia-udt.pl\/es\/kursy\/global-wind-organisation\/kurs-working-at-heights-wah\/","title":{"rendered":"Curso de trabajo en altura (WAH)\u00a0"},"content":{"rendered":"<h2 class=\"wp-block-heading\">Curso de trabajo en altura: para quienes trabajan en el entorno de turbinas e\u00f3licas \u00a0<\/h2>\n\n\n<div class=\"wp-block-image\">\n<figure class=\"alignleft size-medium\"><a href=\"https:\/\/szkolenia-udt.pl\/wp-content\/uploads\/2023\/12\/s2-24-e1702294248906.jpg\"><img loading=\"lazy\" decoding=\"async\" width=\"300\" height=\"265\" src=\"https:\/\/szkolenia-udt.pl\/wp-content\/uploads\/2023\/12\/s2-24-e1702294248906-300x265.jpg\" alt=\"\" class=\"wp-image-5361\" srcset=\"https:\/\/szkolenia-udt.pl\/wp-content\/uploads\/2023\/12\/s2-24-e1702294248906-300x265.jpg 300w, https:\/\/szkolenia-udt.pl\/wp-content\/uploads\/2023\/12\/s2-24-e1702294248906-1024x904.jpg 1024w, https:\/\/szkolenia-udt.pl\/wp-content\/uploads\/2023\/12\/s2-24-e1702294248906-768x678.jpg 768w, https:\/\/szkolenia-udt.pl\/wp-content\/uploads\/2023\/12\/s2-24-e1702294248906-14x12.jpg 14w, https:\/\/szkolenia-udt.pl\/wp-content\/uploads\/2023\/12\/s2-24-e1702294248906.jpg 1066w\" sizes=\"auto, (max-width: 300px) 100vw, 300px\" \/><\/a><\/figure>\n<\/div>\n\n\n<p><a href=\"https:\/\/szkolenia-udt.pl\/es\/o-firmie\/\">O\u015brodek Szkolenia Operator\u00f3w OSO<\/a> le invita cordialmente al curso Working at Heights (WAH).\u00a0\u00a0<\/p>\n\n\n\n<p>Nuestro curso de formaci\u00f3n sobre trabajo en altura est\u00e1 dirigido a quienes buscan trabajo como t\u00e9cnicos de aerogeneradores. Al finalizar el curso, el participante tendr\u00e1 los conocimientos y habilidades necesarios para realizar con seguridad tareas a alturas considerables.&nbsp;<\/p>\n\n\n\n<p>El principal objetivo de nuestra formaci\u00f3n es elevar los niveles de seguridad en el sector de las turbinas e\u00f3licas. Queremos proporcionar a los participantes t\u00e9cnicas profesionales de evacuaci\u00f3n y rescate e informaci\u00f3n sobre c\u00f3mo minimizar los riesgos asociados al trabajo en alturas considerables.&nbsp;<\/p>\n\n\n\n<p>En nuestro centro damos mucha importancia a la posibilidad de adquirir competencias y conocimientos bajo la supervisi\u00f3n de expertos en la materia. Nuestro centro ofrece cursos de WAH en todo el pa\u00eds, tanto en nuestra sede central de Varsovia como en las sucursales sobre el terreno, en forma de cursos de formaci\u00f3n abiertos y cerrados. Cuando decidas participar en la formaci\u00f3n de Trabajo en Altura, podr\u00e1s contar con atractivas condiciones econ\u00f3micas.&nbsp;<\/p>\n\n\n\n<h2 class=\"wp-block-heading\">Curso WAH - objetivo principal\u00a0<\/h2>\n\n\n\n<p>El curso de formaci\u00f3n est\u00e1 dise\u00f1ado para proporcionar a los participantes conocimientos te\u00f3ricos y ense\u00f1ar habilidades pr\u00e1cticas relacionadas con el uso seguro de equipos de protecci\u00f3n individual (EPI) b\u00e1sicos cuando se trabaja en altura. Los participantes aprender\u00e1n los principios de aseguramiento y evacuaci\u00f3n en turbinas e\u00f3licas seg\u00fan las normas de la GWO. La formaci\u00f3n est\u00e1 dise\u00f1ada para preparar a los participantes para el trabajo en altura en la industria e\u00f3lica, al tiempo que ense\u00f1a c\u00f3mo hacer frente a situaciones de emergencia.\u00a0<\/p>\n\n\n\n<p>Finalizaci\u00f3n de la formaci\u00f3n sobre trabajo en altura. <a href=\"https:\/\/szkolenia-udt.pl\/es\/kursy\/prace-wysokosciowe\/kurs-na-szelki-budowlane\/\">Trabajos en altura<\/a> garantiza que los alumnos adquieran conocimientos y competencias como&nbsp;<\/p>\n\n\n\n<ul class=\"wp-block-list\">\n<li>conocimiento de los riesgos y peligros espec\u00edficos de los trabajos en altura en aerogeneradores,&nbsp;<\/li>\n\n\n\n<li>Conocimiento exhaustivo de la legislaci\u00f3n vigente en materia de trabajos en altura,&nbsp;&nbsp;<\/li>\n\n\n\n<li>identificaci\u00f3n de los EPI (equipos de protecci\u00f3n individual) y conocimiento de las normas europeas e internacionales de marcado de equipos como el casco, el arn\u00e9s, la eslinga, etc,&nbsp;<\/li>\n\n\n\n<li>conocimiento del uso y mantenimiento correctos del equipo (inspecci\u00f3n antes del uso, ajuste del equipo, almacenamiento correcto),&nbsp;<\/li>\n\n\n\n<li>demostraci\u00f3n del uso correcto del equipo de protecci\u00f3n individual,&nbsp;<\/li>\n\n\n\n<li>pleno conocimiento de los procedimientos de evacuaci\u00f3n y del funcionamiento de los equipos de evacuaci\u00f3n,&nbsp;<\/li>\n\n\n\n<li>el uso eficaz del equipo de rescate y la capacidad de prestar asistencia en situaciones de emergencia asociadas al trabajo en aerogeneradores.&nbsp;<\/li>\n<\/ul>\n\n\n\n<h2 class=\"wp-block-heading\">Curso WAH - programa\u00a0<\/h2>\n\n\n\n<p>El curso WAH - Trabajo en altura se ha desarrollado sobre la base de las directrices de la Autoridad de Inspecci\u00f3n T\u00e9cnica y la normativa legal vigente. Nuestra prioridad es presentar las cuestiones m\u00e1s relevantes en el \u00e1mbito de la seguridad cuando se trabaja en altura en el entorno de un aerogenerador. Los participantes en este curso de formaci\u00f3n tendr\u00e1n la oportunidad de familiarizarse de forma te\u00f3rica y pr\u00e1ctica con la normativa legal que regula los trabajos en altura y con los equipos b\u00e1sicos de protecci\u00f3n individual. Los cursillistas tambi\u00e9n recibir\u00e1n formaci\u00f3n sobre el trabajo seguro en altura en aerogeneradores y el rescate en altura en situaciones de emergencia.\u00a0\u00a0<\/p>\n\n\n\n<p>El curso de formaci\u00f3n Trabajo en altura forma parte de un paquete de cursos de formaci\u00f3n que abarcan los principios b\u00e1sicos de seguridad. El programa del curso abarca diversos aspectos como:&nbsp;<\/p>\n\n\n\n<ul class=\"wp-block-list\">\n<li>cuestiones jur\u00eddicas relacionadas con la seguridad en el trabajo,&nbsp;<\/li>\n\n\n\n<li>sistemas de seguridad, incluidos los sistemas de aseguramiento vertical,&nbsp;<\/li>\n\n\n\n<li>formaci\u00f3n sobre la posici\u00f3n de trabajo correcta,&nbsp;<\/li>\n\n\n\n<li>procedimientos para trabajar con seguridad en altura,&nbsp;<\/li>\n\n\n\n<li>ejercicios pr\u00e1cticos basados en diversos escenarios,&nbsp;<\/li>\n\n\n\n<li>shock colgante,&nbsp;<\/li>\n\n\n\n<li>formaci\u00f3n en salvamento y asistencia en situaciones de peligro para la vida y la salud,&nbsp;<\/li>\n\n\n\n<li>principios para el uso adecuado del equipo de protecci\u00f3n individual y el funcionamiento del equipo de rescate,&nbsp;<\/li>\n\n\n\n<li>m\u00e9todos de respuesta a emergencias.&nbsp;<\/li>\n<\/ul>\n\n\n\n<h2 class=\"wp-block-heading\">Curso WAH - certificaci\u00f3n&nbsp;&nbsp;<\/h2>\n\n\n\n<p>El Centro de Formaci\u00f3n de Operadores de CSO est\u00e1 acreditado por DNV y GWO.&nbsp;<\/p>\n\n\n\n<p>Nuestra formaci\u00f3n sobre trabajo en altura se imparte de acuerdo con la norma actual de formaci\u00f3n b\u00e1sica en seguridad de la GWO. WAH es una de las partes esenciales de la formaci\u00f3n BST, cuya realizaci\u00f3n es obligatoria para cualquier persona que trabaje en altura en un entorno de aerogeneradores (seg\u00fan la norma GWO).&nbsp;<\/p>\n\n\n\n<p>Al finalizar el curso, los participantes recibir\u00e1n un certificado que confirma su cualificaci\u00f3n en el tema del trabajo seguro en altura. El certificado es una certificaci\u00f3n oficial de la realizaci\u00f3n del curso de formaci\u00f3n y confirma que est\u00e1 preparado para desempe\u00f1ar correctamente sus funciones profesionales en sectores en los que existe riesgo de peligros asociados al trabajo en altura.&nbsp;<\/p>\n\n\n\n<p>La validez del certificado es de 24 meses. Recomendamos a los participantes que actualicen su formaci\u00f3n antes de que expire este periodo para mantener al d\u00eda sus cualificaciones y conocimientos.&nbsp;<\/p>\n\n\n\n<h2 class=\"wp-block-heading\">Curso WAH - requisitos de participaci\u00f3n\u00a0<\/h2>\n\n\n\n<p>Para participar en la formaci\u00f3n relacionada con los trabajos en altura, deben cumplirse determinados requisitos:\u00a0<\/p>\n\n\n\n<ul class=\"wp-block-list\">\n<li>edad m\u00ednima 18 a\u00f1os,&nbsp;<\/li>\n\n\n\n<li>un m\u00ednimo de estudios secundarios,&nbsp;<\/li>\n\n\n\n<li>un certificado actual de un m\u00e9dico del trabajo que certifique que no existen contraindicaciones de salud para trabajar a m\u00e1s de tres metros de altura,&nbsp;<\/li>\n\n\n\n<li>seguridad social o seguro de accidentes pagados,&nbsp;<\/li>\n\n\n\n<li>tener un n\u00famero de identificaci\u00f3n WINDA,&nbsp;<\/li>\n\n\n\n<li>un cuestionario m\u00e9dico debidamente cumplimentado,&nbsp;<\/li>\n\n\n\n<li>ropa y calzado de trabajo adecuados, as\u00ed como guantes,&nbsp;<\/li>\n\n\n\n<li>pago de la tasa de formaci\u00f3n,&nbsp;<\/li>\n\n\n\n<li>un documento de identidad v\u00e1lido, como un carn\u00e9 de identidad,&nbsp;<\/li>\n\n\n\n<li>el l\u00edmite m\u00e1ximo de peso para un aprendiz es de 135 kg.&nbsp;<\/li>\n<\/ul>\n\n\n\n<h2 class=\"wp-block-heading\">Curso WAH - coste \u00a0<\/h2>\n\n\n\n<p>El precio de la formaci\u00f3n sobre trabajo en altura se fija individualmente. Depende del n\u00famero de personas que asistan al curso. Los grupos m\u00e1s numerosos pueden beneficiarse de interesantes descuentos.\u00a0<\/p>\n\n\n\n<h2 class=\"wp-block-heading\">Curso WAH - lugar de celebraci\u00f3n&nbsp;<\/h2>\n\n\n\n<p>Nuestros cursos de formaci\u00f3n se imparten en distintos lugares, como Varsovia y nuestras sucursales regionales en toda Polonia. Tambi\u00e9n ofrecemos la posibilidad de impartir formaci\u00f3n en las instalaciones del cliente, desplaz\u00e1ndonos a un lugar que le resulte conveniente.&nbsp;<\/p>\n\n\n\n<p>Consulte nuestro sitio web para obtener informaci\u00f3n sobre los cursos abiertos. Si est\u00e1 interesado en formaci\u00f3n cerrada <a href=\"https:\/\/szkolenia-udt.pl\/es\/kontakt\/\">no dude en ponerse en contacto con nosotros<\/a> con nuestro centro para que podamos prepararle una oferta personalizada y adaptada a sus necesidades.&nbsp;<\/p>\n\n\n\n<p>Si tiene alguna pregunta sobre <a href=\"https:\/\/szkolenia-udt.pl\/es\/kursy\/\">de nuestros cursos<\/a>No dude en ponerse en contacto con nosotros por tel\u00e9fono o correo electr\u00f3nico. Nuestro equipo est\u00e1 dispuesto a responder a todas sus preguntas y disipar todas sus dudas. Tambi\u00e9n le invitamos a visitar nuestro centro, donde estaremos encantados de presentarle nuestra oferta y preparar un presupuesto para los interesados.&nbsp;<\/p>\n\n\n\n<p>Le invitamos cordialmente al Centro de Formaci\u00f3n de Operadores de OSO para los cursos de Trabajo en Altura (WAH) en Varsovia y en todo el pa\u00eds.&nbsp;<\/p>","protected":false},"excerpt":{"rendered":"<p>Kurs Praca na wysoko\u015bciach \u2013 dla os\u00f3b pracuj\u0105cych w \u015brodowisku turbin wiatrowych \u00a0 O\u015brodek Szkolenia Operator\u00f3w OSO serdecznie zaprasza na kurs Working at Heights (WAH) \u2013 Praca na wysoko\u015bciach.\u00a0\u00a0 Nasze szkolenie Working at Heights organizowane jest z my\u015bl\u0105 o osobach poszukuj\u0105cych pracy na stanowisku technika obs\u0142uguj\u0105cego turbiny wiatrowe. Uczestnik po sko\u0144czonym kursie b\u0119dzie posiada\u0142 niezb\u0119dn\u0105 [&hellip;]<\/p>\n","protected":false},"author":3,"featured_media":5361,"parent":5314,"menu_order":0,"comment_status":"closed","ping_status":"closed","template":"","meta":{"footnotes":""},"class_list":["post-5360","page","type-page","status-publish","has-post-thumbnail","hentry"],"aioseo_notices":[],"_links":{"self":[{"href":"https:\/\/szkolenia-udt.pl\/es\/wp-json\/wp\/v2\/pages\/5360","targetHints":{"allow":["GET"]}}],"collection":[{"href":"https:\/\/szkolenia-udt.pl\/es\/wp-json\/wp\/v2\/pages"}],"about":[{"href":"https:\/\/szkolenia-udt.pl\/es\/wp-json\/wp\/v2\/types\/page"}],"author":[{"embeddable":true,"href":"https:\/\/szkolenia-udt.pl\/es\/wp-json\/wp\/v2\/users\/3"}],"replies":[{"embeddable":true,"href":"https:\/\/szkolenia-udt.pl\/es\/wp-json\/wp\/v2\/comments?post=5360"}],"version-history":[{"count":1,"href":"https:\/\/szkolenia-udt.pl\/es\/wp-json\/wp\/v2\/pages\/5360\/revisions"}],"predecessor-version":[{"id":5362,"href":"https:\/\/szkolenia-udt.pl\/es\/wp-json\/wp\/v2\/pages\/5360\/revisions\/5362"}],"up":[{"embeddable":true,"href":"https:\/\/szkolenia-udt.pl\/es\/wp-json\/wp\/v2\/pages\/5314"}],"wp:featuredmedia":[{"embeddable":true,"href":"https:\/\/szkolenia-udt.pl\/es\/wp-json\/wp\/v2\/media\/5361"}],"wp:attachment":[{"href":"https:\/\/szkolenia-udt.pl\/es\/wp-json\/wp\/v2\/media?parent=5360"}],"curies":[{"name":"wp","href":"https:\/\/api.w.org\/{rel}","templated":true}]}}