{"id":55,"date":"2014-10-07T16:26:04","date_gmt":"2014-10-07T16:26:04","guid":{"rendered":"http:\/\/szkolenia-udt.pl\/?page_id=55"},"modified":"2021-07-19T22:09:52","modified_gmt":"2021-07-19T22:09:52","slug":"gruas-2","status":"publish","type":"page","link":"https:\/\/szkolenia-udt.pl\/es\/dzwignice\/suwnice\/","title":{"rendered":"Gr\u00faas"},"content":{"rendered":"<div style=\"float: left; padding-right: 10px;\"><div id=\"metaslider-id-662\" style=\"max-width: 300px;\" class=\"ml-slider-3-107-0 metaslider metaslider-flex metaslider-662 ml-slider ms-theme-default nav-hidden\" role=\"region\" aria-label=\"Gr\u00faas\" data-height=\"225\" data-width=\"300\">\n    <div id=\"metaslider_container_662\">\n        <div id=\"metaslider_662\">\n            <ul class='slides'>\n                <li style=\"display: block; width: 100%;\" class=\"slide-1209 ms-image\" aria-roledescription=\"slide\" data-date=\"2014-11-17 21:42:15\" data-filename=\"suw1a.jpg\" data-slide-type=\"image\"><img loading=\"lazy\" decoding=\"async\" src=\"https:\/\/szkolenia-udt.pl\/wp-content\/uploads\/2014\/11\/suw1a.jpg\" height=\"225\" width=\"300\" alt=\"\" class=\"slider-662 slide-1209 msDefaultImage\" \/><\/li>\n            <\/ul>\n        <\/div>\n        \n    <\/div>\n<\/div><\/div>\n<div class=\"wyjustuj\">\n<p>Los puentes gr\u00faa son dispositivos destinados al transporte de materiales que operan en tr\u00e1fico intermitente. Equipados con mecanismos para bajar y levantar cargas, polipastos o cabrestantes, pueden entregar cargas en el punto indicado. Est\u00e1n sujetos a supervisi\u00f3n t\u00e9cnica. Para operar los dispositivos, necesita licencias de p\u00f3rtico. Es necesario obtenerlos <a href=\"https:\/\/szkolenia-udt.pl\/es\/kursy\/suwnice\/\">curso para p\u00f3rticos<\/a>, al que tambi\u00e9n puedes darte de alta en el nuestro <a href=\"https:\/\/szkolenia-udt.pl\/es\/o-firmie\/\">La estaci\u00f3n<\/a>Las gr\u00faas son gr\u00faas que consisten en un sistema de carga que se mueve sobre dos v\u00edas. Est\u00e1n dise\u00f1ados para transportar mercanc\u00edas de forma limitada en v\u00edas con la m\u00e1xima distancia entre ellas. La parte portante de la gr\u00faa est\u00e1 formada por un puente y dos testeros. El puente tiene la forma de una viga entre las v\u00edas y est\u00e1 montado en los testeros, las esquinas son perpendiculares al puente. Los carros finales est\u00e1n equipados con ruedas motrices, gracias a las cuales la gr\u00faa se mueve a lo largo de las v\u00edas. Adem\u00e1s, a lo largo del puente de la m\u00e1quina hay un componente para levantar un cabrestante o un polipasto, que est\u00e1 construido con una cuerda o cadena para levantar una carga en un gancho u otra eslinga. Las capacitaciones de gr\u00faas proporcionan informaci\u00f3n precisa sobre la construcci\u00f3n de dispositivos.<\/p>\n<h2><strong>Dividimos los dispositivos en varios tipos:<\/strong><\/h2>\n<ul>\n<li>v\u00eda o puente - cuando la gr\u00faa se mueve sobre las v\u00edas<\/li>\n<li>suspendido - cuando la gr\u00faa est\u00e1 suspendida en las v\u00edas desde la parte inferior<\/li>\n<li>p\u00f3rtico: cuando la gr\u00faa se mueve sobre las v\u00edas del suelo, pero su puente est\u00e1 por encima de las v\u00edas<\/li>\n<\/ul>\n<p>Solo las personas autorizadas para utilizar puentes gr\u00faa est\u00e1n autorizadas para operar los dispositivos. Puedes conseguirlos apunt\u00e1ndote al curso de p\u00f3rtico. Durante el curso, se discute la teor\u00eda y la pr\u00e1ctica de los dispositivos operativos, seg\u00fan su tipo seleccionado de acuerdo con los permisos.<\/p>\n<h3><strong>Los siguientes cursos de gr\u00faas se distinguen de acuerdo con los requisitos de la UDT:<\/strong><\/h3>\n<ul>\n<li>II S - dispositivos controlados desde el nivel de trabajo, polipastos, cabrestantes en la categor\u00eda II W y gr\u00faas de taller estacionarias<\/li>\n<li>IS - dispositivos controlados desde la cabina, polipastos, cabrestantes en categor\u00eda IW y dispositivos en categor\u00eda II S<\/li>\n<\/ul>\n<p>Cada curso de p\u00f3rtico finaliza con un examen realizado ante el comit\u00e9 de la Oficina de Inspecci\u00f3n T\u00e9cnica. El examen de p\u00f3rtico eval\u00faa los conocimientos y habilidades, y despu\u00e9s de aprobarlo, el participante recibe las calificaciones.<\/p>\n<div style=\"float: left; padding-right: 10px;\"><div id=\"metaslider-id-671\" style=\"max-width: 300px;\" class=\"ml-slider-3-107-0 metaslider metaslider-flex metaslider-671 ml-slider ms-theme-default nav-hidden nav-hidden\" role=\"region\" aria-label=\"Gr\u00faas2\" data-height=\"225\" data-width=\"300\">\n    <div id=\"metaslider_container_671\">\n        <div id=\"metaslider_671\">\n            <ul class='slides'>\n                <li style=\"display: block; width: 100%;\" class=\"slide-1995 ms-image\" aria-roledescription=\"slide\" data-date=\"2017-12-29 10:22:17\" data-filename=\"suwnica-5-252x189.jpg\" data-slide-type=\"image\"><img loading=\"lazy\" decoding=\"async\" src=\"https:\/\/szkolenia-udt.pl\/wp-content\/uploads\/2017\/12\/suwnica-5-252x189.jpg\" height=\"225\" width=\"300\" alt=\"\" class=\"slider-671 slide-1995 msDefaultImage\" \/><\/li>\n            <\/ul>\n        <\/div>\n        \n    <\/div>\n<\/div><\/div>\n<p>Te invitamos al curso de gr\u00faas, el precio es muy asequible y siempre negociable. Si elige un curso cerrado para gr\u00faas p\u00f3rtico, el precio se establece individualmente. Si desea operar puentes gr\u00faa con seguridad, un curso con nosotros es una buena inversi\u00f3n. Realizamos cursos de gr\u00faas en Varsovia, Cracovia, Katowice y Bielsko-Bia\u0142a en nuestras sucursales. Tambi\u00e9n es posible organizar clases en cualquier lugar y horario a la medida de los deseos del cliente. Te animamos a consultar fechas disponibles y aprovechar <a href=\"https:\/\/szkolenia-udt.pl\/es\/oferta\/\">Nuestros servicios<\/a>!<\/p>\n<\/div>","protected":false},"excerpt":{"rendered":"<p>Suwnice s\u0105 urz\u0105dzeniami przeznaczonymi do transportu bliskiego, kt\u00f3re pracuj\u0105 w ruchu przerywanym. Dzi\u0119ki wyposa\u017ceniu w mechanizmy opuszczaj\u0105 i podnoszenia \u0142adunk\u00f3w \u2013 wci\u0105gniki lub wci\u0105garki, s\u0105 one w stanie dostarczy\u0107 \u0142adunki we wskazany punkt. Podlegaj\u0105 dozorowi technicznemu. Aby obs\u0142ugiwa\u0107 urz\u0105dzenia potrzebne s\u0105 uprawnienia na suwnice. Do ich uzyskania niezb\u0119dny jest kurs na suwnice, na kt\u00f3ry mo\u017cna [&hellip;]<\/p>\n","protected":false},"author":3,"featured_media":664,"parent":69,"menu_order":0,"comment_status":"closed","ping_status":"closed","template":"","meta":{"footnotes":""},"class_list":["post-55","page","type-page","status-publish","has-post-thumbnail","hentry"],"aioseo_notices":[],"_links":{"self":[{"href":"https:\/\/szkolenia-udt.pl\/es\/wp-json\/wp\/v2\/pages\/55","targetHints":{"allow":["GET"]}}],"collection":[{"href":"https:\/\/szkolenia-udt.pl\/es\/wp-json\/wp\/v2\/pages"}],"about":[{"href":"https:\/\/szkolenia-udt.pl\/es\/wp-json\/wp\/v2\/types\/page"}],"author":[{"embeddable":true,"href":"https:\/\/szkolenia-udt.pl\/es\/wp-json\/wp\/v2\/users\/3"}],"replies":[{"embeddable":true,"href":"https:\/\/szkolenia-udt.pl\/es\/wp-json\/wp\/v2\/comments?post=55"}],"version-history":[{"count":9,"href":"https:\/\/szkolenia-udt.pl\/es\/wp-json\/wp\/v2\/pages\/55\/revisions"}],"predecessor-version":[{"id":2383,"href":"https:\/\/szkolenia-udt.pl\/es\/wp-json\/wp\/v2\/pages\/55\/revisions\/2383"}],"up":[{"embeddable":true,"href":"https:\/\/szkolenia-udt.pl\/es\/wp-json\/wp\/v2\/pages\/69"}],"wp:featuredmedia":[{"embeddable":true,"href":"https:\/\/szkolenia-udt.pl\/es\/wp-json\/wp\/v2\/media\/664"}],"wp:attachment":[{"href":"https:\/\/szkolenia-udt.pl\/es\/wp-json\/wp\/v2\/media?parent=55"}],"curies":[{"name":"wp","href":"https:\/\/api.w.org\/{rel}","templated":true}]}}