{"id":57,"date":"2014-10-07T16:26:27","date_gmt":"2014-10-07T16:26:27","guid":{"rendered":"http:\/\/szkolenia-udt.pl\/?page_id=57"},"modified":"2016-07-06T17:44:08","modified_gmt":"2016-07-06T17:44:08","slug":"apiladores","status":"publish","type":"page","link":"https:\/\/szkolenia-udt.pl\/es\/dzwignice\/ukladnice\/","title":{"rendered":"Transelevadores"},"content":{"rendered":"<div style=\"float: left; padding-right: 10px;\"><div id=\"metaslider-id-677\" style=\"max-width: 300px;\" class=\"ml-slider-3-109-0 metaslider metaslider-flex metaslider-677 ml-slider ms-theme-default nav-hidden\" role=\"region\" aria-label=\"Transelevadores\" data-height=\"225\" data-width=\"300\">\n    <div id=\"metaslider_container_677\">\n        <div id=\"metaslider_677\">\n            <ul class='slides'>\n                <li style=\"display: block; width: 100%;\" class=\"slide-678 ms-image\" aria-roledescription=\"slide\" data-date=\"2014-10-12 10:48:09\" data-filename=\"kurs-uk\u0142adnice.jpg\" data-slide-type=\"image\"><img loading=\"lazy\" decoding=\"async\" src=\"https:\/\/szkolenia-udt.pl\/wp-content\/uploads\/2014\/10\/kurs-uk\u0142adnice.jpg\" height=\"225\" width=\"300\" alt=\"\" class=\"slider-677 slide-678 msDefaultImage\" \/><\/li>\n                <li style=\"display: none; width: 100%;\" class=\"slide-681 ms-image\" aria-roledescription=\"slide\" data-date=\"2014-10-12 10:48:12\" data-filename=\"uk\u0142adnice-foto.jpg\" data-slide-type=\"image\"><img loading=\"lazy\" decoding=\"async\" src=\"https:\/\/szkolenia-udt.pl\/wp-content\/uploads\/2014\/10\/uk\u0142adnice-foto.jpg\" height=\"225\" width=\"300\" alt=\"\" class=\"slider-677 slide-681 msDefaultImage\" \/><\/li>\n                <li style=\"display: none; width: 100%;\" class=\"slide-680 ms-image\" aria-roledescription=\"slide\" data-date=\"2014-10-12 10:48:11\" data-filename=\"szkolenia-oraz-kursy-uk\u0142adnice.jpg\" data-slide-type=\"image\"><img loading=\"lazy\" decoding=\"async\" src=\"https:\/\/szkolenia-udt.pl\/wp-content\/uploads\/2014\/10\/szkolenia-oraz-kursy-uk\u0142adnice.jpg\" height=\"225\" width=\"300\" alt=\"\" class=\"slider-677 slide-680 msDefaultImage\" \/><\/li>\n                <li style=\"display: none; width: 100%;\" class=\"slide-679 ms-image\" aria-roledescription=\"slide\" data-date=\"2014-10-12 10:48:10\" data-filename=\"OSO-Warszawa2.jpg\" data-slide-type=\"image\"><img loading=\"lazy\" decoding=\"async\" src=\"https:\/\/szkolenia-udt.pl\/wp-content\/uploads\/2014\/10\/OSO-Warszawa2.jpg\" height=\"225\" width=\"300\" alt=\"\" class=\"slider-677 slide-679 msDefaultImage\" \/><\/li>\n                <li style=\"display: none; width: 100%;\" class=\"slide-682 ms-image\" aria-roledescription=\"slide\" data-date=\"2014-10-12 10:48:12\" data-filename=\"uk\u0142adnice-zdj\u0119cie.jpg\" data-slide-type=\"image\"><img loading=\"lazy\" decoding=\"async\" src=\"https:\/\/szkolenia-udt.pl\/wp-content\/uploads\/2014\/10\/uk\u0142adnice-zdj\u0119cie.jpg\" height=\"225\" width=\"300\" alt=\"\" class=\"slider-677 slide-682 msDefaultImage\" \/><\/li>\n            <\/ul>\n        <\/div>\n        \n    <\/div>\n<\/div><\/div>\n<div class=\"wyjustuj\">Los transelevadores son dispositivos que se utilizan en el transporte y en el proceso de apilado de cargas en almacenes. Los transelevadores se clasifican como dispositivos de elevaci\u00f3n en el transporte interior. Para poder operar los dispositivos es necesario obtener la autorizaci\u00f3n para transelevadores emitida por la Oficina de Inspecci\u00f3n T\u00e9cnica y descargarla. Gracias a ellos se puede operar un pasillo entre estanter\u00edas o varios pasillos.<\/p>\n<p><strong>En t\u00e9rminos de construcci\u00f3n, los transelevadores se dividen en:<\/strong><\/p>\n<ul>\n<li>poste - la estructura portante tiene la forma de un poste m\u00f3vil con gu\u00edas<\/li>\n<li>marco - la estructura de soporte tiene la forma de una puerta m\u00f3vil con gu\u00edas<\/li>\n<\/ul>\n<p>Los transelevadores est\u00e1n equipados con componentes el\u00e9ctricos y un motor, y normalmente se controlan desde la cabina del operador. Tambi\u00e9n se utilizan transelevadores autom\u00e1ticos controlados por ordenador.<\/p>\n<p>Todos aquellos que quieran obtener la autorizaci\u00f3n para operar los dispositivos est\u00e1n invitados a nuestra formaci\u00f3n sobre transelevadores. Durante el mismo, se discute informaci\u00f3n clave sobre la construcci\u00f3n, reglas de operaci\u00f3n, supervisi\u00f3n t\u00e9cnica, reglas de salud y seguridad y obligaciones del operador. Despu\u00e9s del curso, los participantes toman el examen UDT. <a href=\"https:\/\/szkolenia-udt.pl\/es\/oferta\/\">Precio<\/a> Depende del n\u00famero de participantes. Entrenamos en toda Polonia. \u00a1Nosotros invitamos!<\/p>\n<\/div>","protected":false},"excerpt":{"rendered":"<p>Uk\u0142adnicami nazywamy urz\u0105dzenia, kt\u00f3re wykorzystywane s\u0105 w transporcie oraz w procesie uk\u0142adania \u0142adunk\u00f3w w magazynach. Uk\u0142adnice zaliczane s\u0105 to urz\u0105dze\u0144 d\u017awigowych w transporcie wewn\u0119trznym. Do obs\u0142ugi urz\u0105dze\u0144 potrzebne s\u0105 uprawnienia na uk\u0142adnice nadawane przez Urz\u0105d Dozoru Technicznego.Uk\u0142adnice zbudowane s\u0105 z konstrukcji no\u015bnej ramy lub przejezdnego s\u0142upa, na kt\u00f3rych znajduje si\u0119 wodzak z elementami mechanicznymi, zwykle [&hellip;]<\/p>\n","protected":false},"author":3,"featured_media":0,"parent":69,"menu_order":0,"comment_status":"closed","ping_status":"closed","template":"","meta":{"footnotes":""},"class_list":["post-57","page","type-page","status-publish","hentry"],"aioseo_notices":[],"_links":{"self":[{"href":"https:\/\/szkolenia-udt.pl\/es\/wp-json\/wp\/v2\/pages\/57","targetHints":{"allow":["GET"]}}],"collection":[{"href":"https:\/\/szkolenia-udt.pl\/es\/wp-json\/wp\/v2\/pages"}],"about":[{"href":"https:\/\/szkolenia-udt.pl\/es\/wp-json\/wp\/v2\/types\/page"}],"author":[{"embeddable":true,"href":"https:\/\/szkolenia-udt.pl\/es\/wp-json\/wp\/v2\/users\/3"}],"replies":[{"embeddable":true,"href":"https:\/\/szkolenia-udt.pl\/es\/wp-json\/wp\/v2\/comments?post=57"}],"version-history":[{"count":5,"href":"https:\/\/szkolenia-udt.pl\/es\/wp-json\/wp\/v2\/pages\/57\/revisions"}],"predecessor-version":[{"id":1700,"href":"https:\/\/szkolenia-udt.pl\/es\/wp-json\/wp\/v2\/pages\/57\/revisions\/1700"}],"up":[{"embeddable":true,"href":"https:\/\/szkolenia-udt.pl\/es\/wp-json\/wp\/v2\/pages\/69"}],"wp:attachment":[{"href":"https:\/\/szkolenia-udt.pl\/es\/wp-json\/wp\/v2\/media?parent=57"}],"curies":[{"name":"wp","href":"https:\/\/api.w.org\/{rel}","templated":true}]}}