{"id":59,"date":"2014-10-07T16:26:41","date_gmt":"2014-10-07T16:26:41","guid":{"rendered":"http:\/\/szkolenia-udt.pl\/?page_id=59"},"modified":"2016-07-06T17:45:00","modified_gmt":"2016-07-06T17:45:00","slug":"equipos-de-manipulacion-de-contenedores","status":"publish","type":"page","link":"https:\/\/szkolenia-udt.pl\/es\/dzwignice\/urzadzenia-do-manipulacji-kontenerami\/","title":{"rendered":"Equipos de manipulaci\u00f3n de contenedores"},"content":{"rendered":"<div style=\"float: left; padding-right: 10px;\"><div id=\"metaslider-id-684\" style=\"max-width: 300px;\" class=\"ml-slider-3-108-0 metaslider metaslider-flex metaslider-684 ml-slider ms-theme-default nav-hidden\" role=\"region\" aria-label=\"Dispositivos de manipulaci\u00f3n\" data-height=\"225\" data-width=\"300\">\n    <div id=\"metaslider_container_684\">\n        <div id=\"metaslider_684\">\n            <ul class='slides'>\n                <li style=\"display: block; width: 100%;\" class=\"slide-686 ms-image\" aria-roledescription=\"slide\" data-date=\"2014-10-12 11:03:24\" data-filename=\"O\u015brodek-szkolenia-operator\u00f3w.jpg\" data-slide-type=\"image\"><img loading=\"lazy\" decoding=\"async\" src=\"https:\/\/szkolenia-udt.pl\/wp-content\/uploads\/2014\/10\/O\u015brodek-szkolenia-operator\u00f3w.jpg\" height=\"225\" width=\"300\" alt=\"\" class=\"slider-684 slide-686 msDefaultImage\" \/><div class=\"caption-wrap\"><div class=\"caption\">etiqueta<\/div><\/div><\/li>\n                <li style=\"display: none; width: 100%;\" class=\"slide-687 ms-image\" aria-roledescription=\"slide\" data-date=\"2014-10-12 11:03:26\" data-filename=\"szkolenia-urz\u0105dzenia-manipulacji-kontenerami.jpg\" data-slide-type=\"image\"><img loading=\"lazy\" decoding=\"async\" src=\"https:\/\/szkolenia-udt.pl\/wp-content\/uploads\/2014\/10\/szkolenia-urz\u0105dzenia-manipulacji-kontenerami.jpg\" height=\"225\" width=\"300\" alt=\"Curso de dispositivos de manejo de contenedores\" class=\"slider-684 slide-687 msDefaultImage\" \/><\/li>\n                <li style=\"display: none; width: 100%;\" class=\"slide-685 ms-image\" aria-roledescription=\"slide\" data-date=\"2014-10-12 11:03:23\" data-filename=\"Kursy-urz\u0105dzenia-manipulacji-kontenerami.jpg\" data-slide-type=\"image\"><img loading=\"lazy\" decoding=\"async\" src=\"https:\/\/szkolenia-udt.pl\/wp-content\/uploads\/2014\/10\/Kursy-urz\u0105dzenia-manipulacji-kontenerami.jpg\" height=\"225\" width=\"300\" alt=\"Centro de formaci\u00f3n de operadores en Varsovia\" class=\"slider-684 slide-685 msDefaultImage\" \/><\/li>\n                <li style=\"display: none; width: 100%;\" class=\"slide-688 ms-image\" aria-roledescription=\"slide\" data-date=\"2014-10-12 11:03:26\" data-filename=\"Zdj\u0119cie-manipulacja-kontenerami.jpg\" data-slide-type=\"image\"><img loading=\"lazy\" decoding=\"async\" src=\"https:\/\/szkolenia-udt.pl\/wp-content\/uploads\/2014\/10\/Zdj\u0119cie-manipulacja-kontenerami.jpg\" height=\"225\" width=\"300\" alt=\"Dispositivos de manipulaci\u00f3n de contenedores\" class=\"slider-684 slide-688 msDefaultImage\" \/><\/li>\n                <li style=\"display: none; width: 100%;\" class=\"slide-689 ms-image\" aria-roledescription=\"slide\" data-date=\"2014-10-12 11:03:44\" data-filename=\"Szkolenia-oraz-kursy-zdj\u0119cie.jpg\" data-slide-type=\"image\"><img loading=\"lazy\" decoding=\"async\" src=\"https:\/\/szkolenia-udt.pl\/wp-content\/uploads\/2014\/10\/Szkolenia-oraz-kursy-zdj\u0119cie.jpg\" height=\"225\" width=\"300\" alt=\"\" class=\"slider-684 slide-689 msDefaultImage\" \/><\/li>\n            <\/ul>\n        <\/div>\n        \n    <\/div>\n<\/div><\/div>\n<div class=\"wyjustuj\">Los dispositivos de manejo de contenedores se utilizan en lugares como puertos de transbordo y otros tipos de puntos donde se mueven contenedores de carga. Para operar el dispositivo, necesita calificaciones para dispositivos de manejo de contenedores, que se obtienen a trav\u00e9s de un examen ante el comit\u00e9 de la Oficina de Inspecci\u00f3n T\u00e9cnica. Las calificaciones se otorgan en la categor\u00eda I K. Las personas que quieran trabajar como operador de este tipo de equipos est\u00e1n invitadas a un curso sobre equipos de manejo de contenedores en nuestro <a href=\"https:\/\/szkolenia-udt.pl\/es\/o-firmie\/\">Centro de Formaci\u00f3n de Operadores<\/a>. Gracias a \u00e9l, puede obtener un conocimiento completo sobre el funcionamiento de los dispositivos y realizar el examen. Realizamos clases en Varsovia, Cracovia, Katowice y Bielsko-Bia\u0142a, as\u00ed como en otros lugares seg\u00fan los deseos de nuestros clientes. Los precios dependen del n\u00famero de participantes. Te invitamos a aprovechar <a href=\"https:\/\/szkolenia-udt.pl\/es\/oferta\/\">Nuestros servicios<\/a>!<\/p>\n<\/div>","protected":false},"excerpt":{"rendered":"<p>Urz\u0105dzenia do manipulacji kontenerami znajduj\u0105 zastosowanie w miejscach takich jak porty prze\u0142adunkowe oraz innego rodzaju punktach, w kt\u00f3rych przemieszcza si\u0119 kontenery z \u0142adunkami. Do obs\u0142ugi urz\u0105dzenia potrzebne s\u0105 uprawnienia na urz\u0105dzenia do manipulacji kontenerami, kt\u00f3re zdobywa si\u0119 przez egzamin przed komisj\u0105 Urz\u0119du Dozoru Technicznego. Uprawnienia nadawane s\u0105 w kategorii I K.Osoby chc\u0105ce pracowa\u0107 na stanowisku [&hellip;]<\/p>\n","protected":false},"author":3,"featured_media":0,"parent":69,"menu_order":0,"comment_status":"closed","ping_status":"closed","template":"","meta":{"footnotes":""},"class_list":["post-59","page","type-page","status-publish","hentry"],"aioseo_notices":[],"_links":{"self":[{"href":"https:\/\/szkolenia-udt.pl\/es\/wp-json\/wp\/v2\/pages\/59","targetHints":{"allow":["GET"]}}],"collection":[{"href":"https:\/\/szkolenia-udt.pl\/es\/wp-json\/wp\/v2\/pages"}],"about":[{"href":"https:\/\/szkolenia-udt.pl\/es\/wp-json\/wp\/v2\/types\/page"}],"author":[{"embeddable":true,"href":"https:\/\/szkolenia-udt.pl\/es\/wp-json\/wp\/v2\/users\/3"}],"replies":[{"embeddable":true,"href":"https:\/\/szkolenia-udt.pl\/es\/wp-json\/wp\/v2\/comments?post=59"}],"version-history":[{"count":5,"href":"https:\/\/szkolenia-udt.pl\/es\/wp-json\/wp\/v2\/pages\/59\/revisions"}],"predecessor-version":[{"id":1703,"href":"https:\/\/szkolenia-udt.pl\/es\/wp-json\/wp\/v2\/pages\/59\/revisions\/1703"}],"up":[{"embeddable":true,"href":"https:\/\/szkolenia-udt.pl\/es\/wp-json\/wp\/v2\/pages\/69"}],"wp:attachment":[{"href":"https:\/\/szkolenia-udt.pl\/es\/wp-json\/wp\/v2\/media?parent=59"}],"curies":[{"name":"wp","href":"https:\/\/api.w.org\/{rel}","templated":true}]}}