{"id":61,"date":"2014-10-07T16:27:03","date_gmt":"2014-10-07T16:27:03","guid":{"rendered":"http:\/\/szkolenia-udt.pl\/?page_id=61"},"modified":"2016-07-06T17:46:02","modified_gmt":"2016-07-06T17:46:02","slug":"carretillas-elevadoras-3","status":"publish","type":"page","link":"https:\/\/szkolenia-udt.pl\/es\/dzwignice\/wozki-widlowe-jezdniowe\/","title":{"rendered":"Carretillas elevadoras - carretillas industriales"},"content":{"rendered":"<div style=\"float: left; padding-right: 10px;\"><div id=\"metaslider-id-584\" style=\"max-width: 300px;\" class=\"ml-slider-3-107-0 metaslider metaslider-flex metaslider-584 ml-slider ms-theme-default nav-hidden\" role=\"region\" aria-label=\"Construcci\u00f3n del carro\" data-height=\"225\" data-width=\"300\">\n    <div id=\"metaslider_container_584\">\n        <div id=\"metaslider_584\">\n            <ul class='slides'>\n                <li style=\"display: block; width: 100%;\" class=\"slide-586 ms-image\" aria-roledescription=\"slide\" data-date=\"2014-10-12 05:43:37\" data-filename=\"Kurs-na-w\u00f3zki-wid\u0142owe.jpg\" data-slide-type=\"image\"><img loading=\"lazy\" decoding=\"async\" src=\"https:\/\/szkolenia-udt.pl\/wp-content\/uploads\/2014\/10\/Kurs-na-w\u00f3zki-wid\u0142owe.jpg\" height=\"225\" width=\"300\" alt=\"Curso de montacargas\" class=\"slider-584 slide-586 msDefaultImage\" \/><\/li>\n                <li style=\"display: none; width: 100%;\" class=\"slide-591 ms-image\" aria-roledescription=\"slide\" data-date=\"2014-10-12 05:43:41\" data-filename=\"Kursy-W\u00f3zki-wid\u0142owe.jpg\" data-slide-type=\"image\"><img loading=\"lazy\" decoding=\"async\" src=\"https:\/\/szkolenia-udt.pl\/wp-content\/uploads\/2014\/10\/Kursy-W\u00f3zki-wid\u0142owe.jpg\" height=\"225\" width=\"300\" alt=\"Un curso para un operador de montacargas\" class=\"slider-584 slide-591 msDefaultImage\" \/><\/li>\n                <li style=\"display: none; width: 100%;\" class=\"slide-596 ms-image\" aria-roledescription=\"slide\" data-date=\"2014-10-12 05:43:44\" data-filename=\"Szkolenie-W\u00f3zki-wid\u0142owe1.jpg\" data-slide-type=\"image\"><img loading=\"lazy\" decoding=\"async\" src=\"https:\/\/szkolenia-udt.pl\/wp-content\/uploads\/2014\/10\/Szkolenie-W\u00f3zki-wid\u0142owe1.jpg\" height=\"225\" width=\"300\" alt=\"\" class=\"slider-584 slide-596 msDefaultImage\" \/><\/li>\n                <li style=\"display: none; width: 100%;\" class=\"slide-685 ms-image\" aria-roledescription=\"slide\" data-date=\"2014-10-12 11:03:23\" data-filename=\"Kursy-urz\u0105dzenia-manipulacji-kontenerami.jpg\" data-slide-type=\"image\"><img loading=\"lazy\" decoding=\"async\" src=\"https:\/\/szkolenia-udt.pl\/wp-content\/uploads\/2014\/10\/Kursy-urz\u0105dzenia-manipulacji-kontenerami.jpg\" height=\"225\" width=\"300\" alt=\"Centro de formaci\u00f3n de operadores en Varsovia\" class=\"slider-584 slide-685 msDefaultImage\" \/><\/li>\n                <li style=\"display: none; width: 100%;\" class=\"slide-679 ms-image\" aria-roledescription=\"slide\" data-date=\"2014-10-12 10:48:10\" data-filename=\"OSO-Warszawa2.jpg\" data-slide-type=\"image\"><img loading=\"lazy\" decoding=\"async\" src=\"https:\/\/szkolenia-udt.pl\/wp-content\/uploads\/2014\/10\/OSO-Warszawa2.jpg\" height=\"225\" width=\"300\" alt=\"\" class=\"slider-584 slide-679 msDefaultImage\" \/><\/li>\n            <\/ul>\n        <\/div>\n        \n    <\/div>\n<\/div><\/div>\n<div class=\"wyjustuj\">carretillas elevadoras, <a href=\"https:\/\/szkolenia-udt.pl\/es\/kursy\/wozki-widlowe\/budowa-wozka-jezdniowego\/\">camiones industriales<\/a> si las carretillas elevadoras son veh\u00edculos de motor con ruedas, que se utilizan ampliamente en el transporte a corto plazo y en almacenes, naves industriales, puertos. Hay muchos tipos diferentes de camiones en uso, adaptados para transportar cargas de hasta varias docenas de toneladas. Se necesita un curso de montacargas para operar el equipo. Tambi\u00e9n se otorgan titulaciones UDT.<br \/>\n<strong><br \/>\nDe acuerdo con el est\u00e1ndar polaco PN-77 \/ M-78100, distinguimos los siguientes tipos de dispositivos:<\/strong><\/p>\n<ul>\n<li>en cuanto al accionamiento utilizado - el\u00e9ctrico, bater\u00eda, gasolina, di\u00e9sel y otros<\/li>\n<li>en t\u00e9rminos de operaci\u00f3n - cargado, elevaci\u00f3n, tractor, elevaci\u00f3n y especial<\/li>\n<li>en t\u00e9rminos de direcci\u00f3n - plataforma, asiento, guiado, control remoto<\/li>\n<\/ul>\n<p>Las m\u00e1s utilizadas son las carretillas elevadoras. Para usarlos en el lugar de trabajo, se necesitan <a href=\"https:\/\/szkolenia-udt.pl\/es\/kursy\/wozki-widlowe\/\">licencia de montacargas<\/a>. El empleado debe inscribirse en un curso de montacargas. No se requiere aprobar el examen ante el comit\u00e9 de la Oficina de Inspecci\u00f3n T\u00e9cnica, pero se recomienda obtener este tipo de permiso, ya que es el preferido por los empleadores.<br \/>\n<strong><br \/>\nLa licencia de montacargas se otorga en las siguientes categor\u00edas:<\/strong><\/p>\n<ul>\n<li>III WJO - Ascensor guiado y controlado a distancia<\/li>\n<li>II WJO - ascensores de carretera, excepto los especializados<\/li>\n<li>I WJO - dispositivos de elevaci\u00f3n y elevaci\u00f3n especializados - con un operador de elevaci\u00f3n con carga y con alcance variable<\/li>\n<\/ul>\n<p>En nuestro Centro de Formaci\u00f3n de Operarios impartimos regularmente cursos de carretillas elevadoras en formato abierto para cualquier persona interesada, as\u00ed como para grupos cerrados remitidos por los empresarios. Cada <a href=\"https:\/\/szkolenia-udt.pl\/es\/kursy\/uprawnienia-udt-tdt-wdt\/wozki-widlowe\/\">curso de montacargas<\/a> incluye elementos te\u00f3ricos y ejercicios pr\u00e1cticos para preparar a los participantes para su trabajo como operadores de equipos. Tambi\u00e9n impartimos el curso UDT, que confiere los derechos de la Oficina de Inspecci\u00f3n T\u00e9cnica.<\/p>\n<div style=\"float: left; padding-right: 10px;\"><div id=\"metaslider-id-396\" style=\"max-width: 300px;\" class=\"ml-slider-3-107-0 metaslider metaslider-flex metaslider-396 ml-slider ms-theme-default nav-hidden nav-hidden\" role=\"region\" aria-label=\"carretillas elevadoras\" data-height=\"225\" data-width=\"300\">\n    <div id=\"metaslider_container_396\">\n        <div id=\"metaslider_396\">\n            <ul class='slides'>\n                <li style=\"display: block; width: 100%;\" class=\"slide-400 ms-image\" aria-roledescription=\"slide\" data-date=\"2014-10-10 12:07:59\" data-filename=\"6260676228_3a0fdacf7d_o.jpg\" data-slide-type=\"image\"><img loading=\"lazy\" decoding=\"async\" src=\"https:\/\/szkolenia-udt.pl\/wp-content\/uploads\/2014\/10\/6260676228_3a0fdacf7d_o.jpg\" height=\"225\" width=\"300\" alt=\"M\u00e1quina elevadora\" class=\"slider-396 slide-400 msDefaultImage\" \/><\/li>\n                <li style=\"display: none; width: 100%;\" class=\"slide-577 ms-image\" aria-roledescription=\"slide\" data-date=\"2014-10-12 05:27:57\" data-filename=\"Szkolenia-w\u00f3zki-wid\u0142owe.jpg\" data-slide-type=\"image\"><img loading=\"lazy\" decoding=\"async\" src=\"https:\/\/szkolenia-udt.pl\/wp-content\/uploads\/2014\/10\/Szkolenia-w\u00f3zki-wid\u0142owe.jpg\" height=\"225\" width=\"300\" alt=\"Carretillas elevadoras de formaci\u00f3n\" class=\"slider-396 slide-577 msDefaultImage\" \/><\/li>\n                <li style=\"display: none; width: 100%;\" class=\"slide-578 ms-image\" aria-roledescription=\"slide\" data-date=\"2014-10-12 05:34:04\" data-filename=\"W\u00f3zki-wid\u0142owe-UDT.jpg\" data-slide-type=\"image\"><img loading=\"lazy\" decoding=\"async\" src=\"https:\/\/szkolenia-udt.pl\/wp-content\/uploads\/2014\/10\/W\u00f3zki-wid\u0142owe-UDT.jpg\" height=\"225\" width=\"300\" alt=\"\" class=\"slider-396 slide-578 msDefaultImage\" \/><\/li>\n                <li style=\"display: none; width: 100%;\" class=\"slide-1205 ms-image\" aria-roledescription=\"slide\" data-date=\"2014-11-17 21:31:17\" data-filename=\"wozki3a.jpg\" data-slide-type=\"image\"><img loading=\"lazy\" decoding=\"async\" src=\"https:\/\/szkolenia-udt.pl\/wp-content\/uploads\/2014\/11\/wozki3a.jpg\" height=\"225\" width=\"300\" alt=\"\" class=\"slider-396 slide-1205 msDefaultImage\" \/><\/li>\n                <li style=\"display: none; width: 100%;\" class=\"slide-1204 ms-image\" aria-roledescription=\"slide\" data-date=\"2014-11-17 21:31:16\" data-filename=\"wozki2a.jpg\" data-slide-type=\"image\"><img loading=\"lazy\" decoding=\"async\" src=\"https:\/\/szkolenia-udt.pl\/wp-content\/uploads\/2014\/11\/wozki2a.jpg\" height=\"225\" width=\"300\" alt=\"\" class=\"slider-396 slide-1204 msDefaultImage\" \/><\/li>\n            <\/ul>\n        <\/div>\n        \n    <\/div>\n<\/div><\/div>\n<p><a href=\"https:\/\/szkolenia-udt.pl\/es\/oferta\/\">Precio<\/a> Las clases dependen del n\u00famero de participantes y ofrecemos atractivos descuentos para grupos m\u00e1s grandes. La formaci\u00f3n se lleva a cabo en nuestras sucursales de Varsovia, Cracovia, Katowice y Bielsko-Bia\u0142a. En el caso de grupos cerrados, tambi\u00e9n podemos llegar al cliente. \u00a1Nosotros invitamos!<\/p>\n<\/div>","protected":false},"excerpt":{"rendered":"<p>W\u00f3zki wid\u0142owe, w\u00f3zki jezdniowe czy widlaki to ko\u0142owe pojazdy mechaniczne z nap\u0119dami silnikowymi, kt\u00f3re znajduj\u0105 szerokie zastosowanie w transporcie bliskim oraz w magazynach, halach fabrycznych, portach. W u\u017cyciu znajduje si\u0119 wiele r\u00f3\u017cnych typ\u00f3w w\u00f3zk\u00f3w przystosowanych do przewozu \u0142adunk\u00f3w nawet do kilkudziesi\u0119ciu ton. Aby obs\u0142ugiwa\u0107 urz\u0105dzenia, potrzebny jest kurs na w\u00f3zek wid\u0142owy. Nadawane s\u0105 tak\u017ce uprawnienia [&hellip;]<\/p>\n","protected":false},"author":3,"featured_media":0,"parent":69,"menu_order":0,"comment_status":"closed","ping_status":"closed","template":"","meta":{"footnotes":""},"class_list":["post-61","page","type-page","status-publish","hentry"],"aioseo_notices":[],"_links":{"self":[{"href":"https:\/\/szkolenia-udt.pl\/es\/wp-json\/wp\/v2\/pages\/61","targetHints":{"allow":["GET"]}}],"collection":[{"href":"https:\/\/szkolenia-udt.pl\/es\/wp-json\/wp\/v2\/pages"}],"about":[{"href":"https:\/\/szkolenia-udt.pl\/es\/wp-json\/wp\/v2\/types\/page"}],"author":[{"embeddable":true,"href":"https:\/\/szkolenia-udt.pl\/es\/wp-json\/wp\/v2\/users\/3"}],"replies":[{"embeddable":true,"href":"https:\/\/szkolenia-udt.pl\/es\/wp-json\/wp\/v2\/comments?post=61"}],"version-history":[{"count":7,"href":"https:\/\/szkolenia-udt.pl\/es\/wp-json\/wp\/v2\/pages\/61\/revisions"}],"predecessor-version":[{"id":1706,"href":"https:\/\/szkolenia-udt.pl\/es\/wp-json\/wp\/v2\/pages\/61\/revisions\/1706"}],"up":[{"embeddable":true,"href":"https:\/\/szkolenia-udt.pl\/es\/wp-json\/wp\/v2\/pages\/69"}],"wp:attachment":[{"href":"https:\/\/szkolenia-udt.pl\/es\/wp-json\/wp\/v2\/media?parent=61"}],"curies":[{"name":"wp","href":"https:\/\/api.w.org\/{rel}","templated":true}]}}