{"id":63,"date":"2014-10-07T16:28:55","date_gmt":"2014-10-07T16:28:55","guid":{"rendered":"http:\/\/szkolenia-udt.pl\/?page_id=63"},"modified":"2021-06-27T22:15:27","modified_gmt":"2021-06-27T22:15:27","slug":"elevadores-de-carga","status":"publish","type":"page","link":"https:\/\/szkolenia-udt.pl\/es\/dzwignice\/wyciagi-towarowe\/","title":{"rendered":"Montacargas"},"content":{"rendered":"<div style=\"float: left; padding-right: 10px;\"><div id=\"metaslider-id-1448\" style=\"max-width: 300px;\" class=\"ml-slider-3-107-0 metaslider metaslider-flex metaslider-1448 ml-slider ms-theme-default nav-hidden\" role=\"region\" aria-label=\"Montacargas\" data-height=\"225\" data-width=\"300\">\n    <div id=\"metaslider_container_1448\">\n        <div id=\"metaslider_1448\">\n            <ul class='slides'>\n                <li style=\"display: block; width: 100%;\" class=\"slide-1447 ms-image\" aria-roledescription=\"slide\" data-date=\"2015-07-11 16:47:57\" data-filename=\"reswyciag_Junior_Bau_Beladung_01.jpg\" data-slide-type=\"image\"><img loading=\"lazy\" decoding=\"async\" src=\"https:\/\/szkolenia-udt.pl\/wp-content\/uploads\/2015\/07\/reswyciag_Junior_Bau_Beladung_01.jpg\" height=\"225\" width=\"300\" alt=\"\" class=\"slider-1448 slide-1447 msDefaultImage\" \/><\/li>\n                <li style=\"display: none; width: 100%;\" class=\"slide-1446 ms-image\" aria-roledescription=\"slide\" data-date=\"2015-07-11 16:47:56\" data-filename=\"reswyciag_f5a7f60b6a.jpg\" data-slide-type=\"image\"><img loading=\"lazy\" decoding=\"async\" src=\"https:\/\/szkolenia-udt.pl\/wp-content\/uploads\/2015\/07\/reswyciag_f5a7f60b6a.jpg\" height=\"225\" width=\"300\" alt=\"\" class=\"slider-1448 slide-1446 msDefaultImage\" \/><\/li>\n                <li style=\"display: none; width: 100%;\" class=\"slide-1445 ms-image\" aria-roledescription=\"slide\" data-date=\"2015-07-11 16:47:55\" data-filename=\"reswyciag_d91a2cec0e.jpg\" data-slide-type=\"image\"><img loading=\"lazy\" decoding=\"async\" src=\"https:\/\/szkolenia-udt.pl\/wp-content\/uploads\/2015\/07\/reswyciag_d91a2cec0e.jpg\" height=\"225\" width=\"300\" alt=\"\" class=\"slider-1448 slide-1445 msDefaultImage\" \/><\/li>\n                <li style=\"display: none; width: 100%;\" class=\"slide-1444 ms-image\" aria-roledescription=\"slide\" data-date=\"2015-07-11 16:47:55\" data-filename=\"reswyciag_a02794910f.jpg\" data-slide-type=\"image\"><img loading=\"lazy\" decoding=\"async\" src=\"https:\/\/szkolenia-udt.pl\/wp-content\/uploads\/2015\/07\/reswyciag_a02794910f.jpg\" height=\"225\" width=\"300\" alt=\"\" class=\"slider-1448 slide-1444 msDefaultImage\" \/><\/li>\n                <li style=\"display: none; width: 100%;\" class=\"slide-1443 ms-image\" aria-roledescription=\"slide\" data-date=\"2015-07-11 16:47:54\" data-filename=\"reswyciag_91de282e83.jpg\" data-slide-type=\"image\"><img loading=\"lazy\" decoding=\"async\" src=\"https:\/\/szkolenia-udt.pl\/wp-content\/uploads\/2015\/07\/reswyciag_91de282e83.jpg\" height=\"225\" width=\"300\" alt=\"\" class=\"slider-1448 slide-1443 msDefaultImage\" \/><\/li>\n                <li style=\"display: none; width: 100%;\" class=\"slide-1442 ms-image\" aria-roledescription=\"slide\" data-date=\"2015-07-11 16:47:53\" data-filename=\"reswyciag_9d4b99f161.jpg\" data-slide-type=\"image\"><img loading=\"lazy\" decoding=\"async\" src=\"https:\/\/szkolenia-udt.pl\/wp-content\/uploads\/2015\/07\/reswyciag_9d4b99f161.jpg\" height=\"225\" width=\"300\" alt=\"\" class=\"slider-1448 slide-1442 msDefaultImage\" \/><\/li>\n            <\/ul>\n        <\/div>\n        \n    <\/div>\n<\/div><\/div>\n<div class=\"wyjustuj\">\n<p>Los montacargas (escaleras, volquetes) son dispositivos de elevaci\u00f3n formados por una base de carga colocada sobre gu\u00edas. Los ascensores est\u00e1n adaptados para inclinar cargas con el uso de tiradores de cadena o cuerda. En t\u00e9rminos de construcci\u00f3n, los dispositivos se asemejan a escaleras. En la mayor\u00eda de los casos, se unen al techo del edificio o a su otro elemento, y el otro extremo se coloca en el suelo. En una plataforma construida de esta manera, las cargas, por ejemplo, los materiales de construcci\u00f3n, se mueven a niveles m\u00e1s altos. Los dispositivos est\u00e1n sujetos a inspecci\u00f3n t\u00e9cnica.<\/p>\n<p><strong>Dividimos las declaraciones de mercanc\u00edas en:<\/strong><\/p>\n<ul>\n<li>cuerda - el tractor tiene forma de cuerda<\/li>\n<li>cadenas - el tractor tiene forma de cadena<\/li>\n<\/ul>\n<p>Para operar los dispositivos se requieren autorizaciones de declaraciones de mercanc\u00edas emitidas por la Oficina de Inspecci\u00f3n T\u00e9cnica.<\/p>\n<p>En nuestro <a href=\"https:\/\/szkolenia-udt.pl\/es\/o-firmie\/\">Centro de Formaci\u00f3n de Operadores<\/a> puede suscribirse a <a href=\"https:\/\/szkolenia-udt.pl\/es\/kursy\/uprawnienia-udt-tdt-wdt\/wyciagi-towarowe\/\">curso para montacargas<\/a>. Recibir\u00e1 formaci\u00f3n te\u00f3rica y participar\u00e1 en ejercicios pr\u00e1cticos para prepararse para el manejo del equipo. Al finalizar la formaci\u00f3n, los participantes realizan un examen ante una comisi\u00f3n de la UDT.<\/p>\n<p>Impartimos clases para grupos organizados e individuales en Varsovia, Cracovia, Bielsko-Bia\u0142a y Katowice. Podemos llegar a clientes de toda Polonia. \u00a1Nosotros invitamos!<\/p>\n<\/div>","protected":false},"excerpt":{"rendered":"<p>Wyci\u0105gami towarowymi (drabinami, skipami) nazywamy urz\u0105dzenia d\u017awignicowe, kt\u00f3re s\u0105 zbudowane z podstawy \u0142adunkowej umieszczonej na prowadnicach. Wyci\u0105gi s\u0105 przystosowane do prowadzenia \u0142adunk\u00f3w pochy\u0142o z u\u017cyciem ci\u0119gnik\u00f3w \u0142a\u0144cuchowych lub linowych. Pod wzgl\u0119dem budowy urz\u0105dzenia przypominaj\u0105 drabiny. Najcz\u0119\u015bciej mocowane s\u0105 do dachu budynku lub innego jego elementu, a drugi koniec umieszczany jest na ziemi. Po tak skonstruowanej [&hellip;]<\/p>\n","protected":false},"author":3,"featured_media":0,"parent":69,"menu_order":0,"comment_status":"closed","ping_status":"closed","template":"","meta":{"footnotes":""},"class_list":["post-63","page","type-page","status-publish","hentry"],"aioseo_notices":[],"_links":{"self":[{"href":"https:\/\/szkolenia-udt.pl\/es\/wp-json\/wp\/v2\/pages\/63","targetHints":{"allow":["GET"]}}],"collection":[{"href":"https:\/\/szkolenia-udt.pl\/es\/wp-json\/wp\/v2\/pages"}],"about":[{"href":"https:\/\/szkolenia-udt.pl\/es\/wp-json\/wp\/v2\/types\/page"}],"author":[{"embeddable":true,"href":"https:\/\/szkolenia-udt.pl\/es\/wp-json\/wp\/v2\/users\/3"}],"replies":[{"embeddable":true,"href":"https:\/\/szkolenia-udt.pl\/es\/wp-json\/wp\/v2\/comments?post=63"}],"version-history":[{"count":7,"href":"https:\/\/szkolenia-udt.pl\/es\/wp-json\/wp\/v2\/pages\/63\/revisions"}],"predecessor-version":[{"id":2232,"href":"https:\/\/szkolenia-udt.pl\/es\/wp-json\/wp\/v2\/pages\/63\/revisions\/2232"}],"up":[{"embeddable":true,"href":"https:\/\/szkolenia-udt.pl\/es\/wp-json\/wp\/v2\/pages\/69"}],"wp:attachment":[{"href":"https:\/\/szkolenia-udt.pl\/es\/wp-json\/wp\/v2\/media?parent=63"}],"curies":[{"name":"wp","href":"https:\/\/api.w.org\/{rel}","templated":true}]}}