{"id":65,"date":"2014-10-07T16:29:21","date_gmt":"2014-10-07T16:29:21","guid":{"rendered":"http:\/\/szkolenia-udt.pl\/?page_id=65"},"modified":"2016-07-06T17:50:40","modified_gmt":"2016-07-06T17:50:40","slug":"se-eleva","status":"publish","type":"page","link":"https:\/\/szkolenia-udt.pl\/es\/dzwignice\/zwyzki\/","title":{"rendered":"aumenta"},"content":{"rendered":"<div style=\"float: left; padding-right: 10px;\"><div id=\"metaslider-id-694\" style=\"max-width: 300px;\" class=\"ml-slider-3-107-0 metaslider metaslider-flex metaslider-694 ml-slider ms-theme-default nav-hidden\" role=\"region\" aria-label=\"aumenta\" data-height=\"225\" data-width=\"300\">\n    <div id=\"metaslider_container_694\">\n        <div id=\"metaslider_694\">\n            <ul class='slides'>\n                <li style=\"display: block; width: 100%;\" class=\"slide-657 ms-image\" aria-roledescription=\"slide\" data-date=\"2014-10-12 10:19:28\" data-filename=\"Uprawnienia-udt.jpg\" data-slide-type=\"image\"><img loading=\"lazy\" decoding=\"async\" src=\"https:\/\/szkolenia-udt.pl\/wp-content\/uploads\/2014\/10\/Uprawnienia-udt.jpg\" height=\"225\" width=\"300\" alt=\"\" class=\"slider-694 slide-657 msDefaultImage\" \/><\/li>\n                <li style=\"display: none; width: 100%;\" class=\"slide-589 ms-image\" aria-roledescription=\"slide\" data-date=\"2014-10-12 05:43:39\" data-filename=\"Kursy-szkolenia.jpg\" data-slide-type=\"image\"><img loading=\"lazy\" decoding=\"async\" src=\"https:\/\/szkolenia-udt.pl\/wp-content\/uploads\/2014\/10\/Kursy-szkolenia.jpg\" height=\"225\" width=\"300\" alt=\"\" class=\"slider-694 slide-589 msDefaultImage\" \/><\/li>\n                <li style=\"display: none; width: 100%;\" class=\"slide-656 ms-image\" aria-roledescription=\"slide\" data-date=\"2014-10-12 10:19:27\" data-filename=\"kursy-Platformy-no\u017cycowe.jpg\" data-slide-type=\"image\"><img loading=\"lazy\" decoding=\"async\" src=\"https:\/\/szkolenia-udt.pl\/wp-content\/uploads\/2014\/10\/kursy-Platformy-no\u017cycowe.jpg\" height=\"225\" width=\"300\" alt=\"Formaci\u00f3n y cursos Incremento\" class=\"slider-694 slide-656 msDefaultImage\" \/><\/li>\n                <li style=\"display: none; width: 100%;\" class=\"slide-590 ms-image\" aria-roledescription=\"slide\" data-date=\"2014-10-12 05:43:40\" data-filename=\"Kursy-szkolenia-OSO1.jpg\" data-slide-type=\"image\"><img loading=\"lazy\" decoding=\"async\" src=\"https:\/\/szkolenia-udt.pl\/wp-content\/uploads\/2014\/10\/Kursy-szkolenia-OSO1.jpg\" height=\"225\" width=\"300\" alt=\"Centro de formaci\u00f3n de operadores en Varsovia\" class=\"slider-694 slide-590 msDefaultImage\" \/><\/li>\n                <li style=\"display: none; width: 100%;\" class=\"slide-696 ms-image\" aria-roledescription=\"slide\" data-date=\"2014-10-12 11:19:03\" data-filename=\"Kursy-Zwy\u017cki.jpg\" data-slide-type=\"image\"><img loading=\"lazy\" decoding=\"async\" src=\"https:\/\/szkolenia-udt.pl\/wp-content\/uploads\/2014\/10\/Kursy-Zwy\u017cki.jpg\" height=\"225\" width=\"300\" alt=\"\" class=\"slider-694 slide-696 msDefaultImage\" \/><\/li>\n            <\/ul>\n        <\/div>\n        \n    <\/div>\n<\/div><\/div>\n<div class=\"wyjustuj\">Las plataformas son dispositivos incluidos en la categor\u00eda de plataformas m\u00f3viles. Este t\u00e9rmino se usa principalmente para describir plataformas de trabajo a\u00e9reo, pero tambi\u00e9n se usa para describir dispositivos como elevadores de tijera que difieren en su dise\u00f1o. Todos ellos est\u00e1n sujetos a inspecci\u00f3n t\u00e9cnica, por lo que para operarlos se necesita la autorizaci\u00f3n de aumentos que otorga la Oficina de Inspecci\u00f3n T\u00e9cnica y de otro tipo. Dividimos los dispositivos en estacionarios, que trabajan en un lugar designado, y tambi\u00e9n m\u00f3viles, que pueden moverse.<\/p>\n<p>Te invitamos a <a href=\"https:\/\/szkolenia-udt.pl\/es\/kursy\/uprawnienia-udt-tdt-wdt\/podnosniki-koszowe\/\">un curso para aumentos<\/a> al BALNEARIO. Gracias a nosotros, obtendr\u00e1s los permisos necesarios y podr\u00e1s empezar a trabajar como operador de dispositivos. El curso de formaci\u00f3n incluye la teor\u00eda del funcionamiento del dispositivo y ejercicios pr\u00e1cticos. La formaci\u00f3n finaliza con un examen ante el comit\u00e9 de la UDT. <a href=\"https:\/\/szkolenia-udt.pl\/es\/oferta\/\">Precio<\/a> clases depende del n\u00famero de participantes. Formamos en las siguientes ciudades: Varsovia, Cracovia, Bielsko-Bia\u0142a, Katowice y viajamos a clientes de todo el pa\u00eds. \u00a1Nosotros invitamos!<\/p>\n<\/div>","protected":false},"excerpt":{"rendered":"<p>Zwy\u017cki to urz\u0105dzenia zaliczane do kategorii podest\u00f3w ruchomych. Tym terminem okre\u015bla si\u0119 przede wszystkim podno\u015bniki koszowe, ale r\u00f3wnie\u017c nazwa ta stosowana jest w celu opisu urz\u0105dze\u0144 takich jak podno\u015bniki no\u017cycowe r\u00f3\u017cni\u0105ce si\u0119 od nich swoj\u0105 konstrukcj\u0105. Wszystkie podlegaj\u0105 dozorowi technicznemu, dlatego do ich obs\u0142ugiwania potrzebne s\u0105 uprawnienia na zwy\u017cki nadane przez Urz\u0105d Dozoru Technicznego.Zwy\u017cka to [&hellip;]<\/p>\n","protected":false},"author":3,"featured_media":0,"parent":69,"menu_order":0,"comment_status":"closed","ping_status":"closed","template":"","meta":{"footnotes":""},"class_list":["post-65","page","type-page","status-publish","hentry"],"aioseo_notices":[],"_links":{"self":[{"href":"https:\/\/szkolenia-udt.pl\/es\/wp-json\/wp\/v2\/pages\/65","targetHints":{"allow":["GET"]}}],"collection":[{"href":"https:\/\/szkolenia-udt.pl\/es\/wp-json\/wp\/v2\/pages"}],"about":[{"href":"https:\/\/szkolenia-udt.pl\/es\/wp-json\/wp\/v2\/types\/page"}],"author":[{"embeddable":true,"href":"https:\/\/szkolenia-udt.pl\/es\/wp-json\/wp\/v2\/users\/3"}],"replies":[{"embeddable":true,"href":"https:\/\/szkolenia-udt.pl\/es\/wp-json\/wp\/v2\/comments?post=65"}],"version-history":[{"count":6,"href":"https:\/\/szkolenia-udt.pl\/es\/wp-json\/wp\/v2\/pages\/65\/revisions"}],"predecessor-version":[{"id":1718,"href":"https:\/\/szkolenia-udt.pl\/es\/wp-json\/wp\/v2\/pages\/65\/revisions\/1718"}],"up":[{"embeddable":true,"href":"https:\/\/szkolenia-udt.pl\/es\/wp-json\/wp\/v2\/pages\/69"}],"wp:attachment":[{"href":"https:\/\/szkolenia-udt.pl\/es\/wp-json\/wp\/v2\/media?parent=65"}],"curies":[{"name":"wp","href":"https:\/\/api.w.org\/{rel}","templated":true}]}}