{"id":69,"date":"2014-10-07T16:51:07","date_gmt":"2014-10-07T16:51:07","guid":{"rendered":"http:\/\/szkolenia-udt.pl\/?page_id=69"},"modified":"2022-10-18T23:47:15","modified_gmt":"2022-10-18T21:47:15","slug":"gruas","status":"publish","type":"page","link":"https:\/\/szkolenia-udt.pl\/es\/dzwignice\/","title":{"rendered":"Gr\u00faas"},"content":{"rendered":"<p>Dispositivos para los que se requiere titulaci\u00f3n UDT del operador:<\/p>\n<ul>\n<li><a href=\"\/es\/gruas\/gruas-4\/\">Gr\u00faas<\/a><\/li>\n<li><a href=\"\/es\/gruas\/gruas-de-enlace\/\">Gr\u00faas de cuerda<\/a><\/li>\n<li><a href=\"\/es\/gruas\/manipuladores-telescopicos-de-alcance-variable\/\">Cargadores telesc\u00f3picos<\/a><\/li>\n<li><a href=\"\/es\/gruas\/plataformas-de-tijera\/\">Plataformas de tijera<\/a><\/li>\n<li><a href=\"\/es\/gruas\/elevadores-moviles\/\">Polipastos<\/a><\/li>\n<li><a href=\"\/es\/gruas\/gruas-2\/\">Gr\u00faas<\/a><\/li>\n<li><a href=\"\/es\/gruas\/apiladores\/\">Transelevadores<\/a><\/li>\n<li><a href=\"\/es\/gruas\/equipos-de-manipulacion-de-contenedores\/\">Equipos de manipulaci\u00f3n de contenedores<\/a><\/li>\n<li><a href=\"\/es\/gruas\/carretillas-elevadoras-3\/\">Carretillas elevadoras - carretillas industriales<\/a><\/li>\n<li><a href=\"\/es\/gruas\/elevadores-de-carga\/\">Montacargas<\/a><\/li>\n<li><a href=\"\/es\/gruas\/gruas-3\/\">Gr\u00faas<\/a><\/li>\n<li><a href=\"\/es\/gruas\/se-eleva\/\">aumenta<\/a><\/li>\n<\/ul>","protected":false},"excerpt":{"rendered":"<p>Aparatos para los que se requiere operador Titulaci\u00f3n UDT: Gr\u00faas Guardacables Cargadoras telesc\u00f3picas Plataformas de tijera Ascensores Puentes gr\u00faa Transelevadores Dispositivos para manipulaci\u00f3n de contenedores Carretillas elevadoras y camiones Montacargas Gr\u00faas Plataformas elevadoras<\/p>","protected":false},"author":3,"featured_media":0,"parent":0,"menu_order":6,"comment_status":"closed","ping_status":"closed","template":"","meta":{"footnotes":""},"class_list":["post-69","page","type-page","status-publish","hentry"],"aioseo_notices":[],"_links":{"self":[{"href":"https:\/\/szkolenia-udt.pl\/es\/wp-json\/wp\/v2\/pages\/69","targetHints":{"allow":["GET"]}}],"collection":[{"href":"https:\/\/szkolenia-udt.pl\/es\/wp-json\/wp\/v2\/pages"}],"about":[{"href":"https:\/\/szkolenia-udt.pl\/es\/wp-json\/wp\/v2\/types\/page"}],"author":[{"embeddable":true,"href":"https:\/\/szkolenia-udt.pl\/es\/wp-json\/wp\/v2\/users\/3"}],"replies":[{"embeddable":true,"href":"https:\/\/szkolenia-udt.pl\/es\/wp-json\/wp\/v2\/comments?post=69"}],"version-history":[{"count":19,"href":"https:\/\/szkolenia-udt.pl\/es\/wp-json\/wp\/v2\/pages\/69\/revisions"}],"predecessor-version":[{"id":1467,"href":"https:\/\/szkolenia-udt.pl\/es\/wp-json\/wp\/v2\/pages\/69\/revisions\/1467"}],"wp:attachment":[{"href":"https:\/\/szkolenia-udt.pl\/es\/wp-json\/wp\/v2\/media?parent=69"}],"curies":[{"name":"wp","href":"https:\/\/api.w.org\/{rel}","templated":true}]}}