{"id":72,"date":"2014-10-07T16:53:49","date_gmt":"2014-10-07T16:53:49","guid":{"rendered":"http:\/\/szkolenia-udt.pl\/?page_id=72"},"modified":"2021-06-27T22:15:03","modified_gmt":"2021-06-27T22:15:03","slug":"gruas-3","status":"publish","type":"page","link":"https:\/\/szkolenia-udt.pl\/es\/dzwignice\/zurawie\/","title":{"rendered":"Gr\u00faas"},"content":{"rendered":"<div style=\"float: left; padding-right: 10px;\"><div id=\"metaslider-id-692\" style=\"max-width: 300px;\" class=\"ml-slider-3-107-0 metaslider metaslider-flex metaslider-692 ml-slider ms-theme-default nav-hidden\" role=\"region\" aria-label=\"Gr\u00faa\" data-height=\"225\" data-width=\"300\">\n    <div id=\"metaslider_container_692\">\n        <div id=\"metaslider_692\">\n            <ul class='slides'>\n                <li style=\"display: block; width: 100%;\" class=\"slide-647 ms-image\" aria-roledescription=\"slide\" data-date=\"2014-10-12 09:52:02\" data-filename=\"O\u015brodek-Szkolenia-Operator\u00f3w.jpg\" data-slide-type=\"image\"><img loading=\"lazy\" decoding=\"async\" src=\"https:\/\/szkolenia-udt.pl\/wp-content\/uploads\/2014\/10\/O\u015brodek-Szkolenia-Operator\u00f3w.jpg\" height=\"225\" width=\"300\" alt=\"\" class=\"slider-692 slide-647 msDefaultImage\" \/><\/li>\n                <li style=\"display: none; width: 100%;\" class=\"slide-646 ms-image\" aria-roledescription=\"slide\" data-date=\"2014-10-12 09:52:01\" data-filename=\"Operator-D\u017awig.jpg\" data-slide-type=\"image\"><img loading=\"lazy\" decoding=\"async\" src=\"https:\/\/szkolenia-udt.pl\/wp-content\/uploads\/2014\/10\/Operator-D\u017awig.jpg\" height=\"225\" width=\"300\" alt=\"\" class=\"slider-692 slide-646 msDefaultImage\" \/><\/li>\n                <li style=\"display: none; width: 100%;\" class=\"slide-643 ms-image\" aria-roledescription=\"slide\" data-date=\"2014-10-12 09:51:58\" data-filename=\"D\u017awig.jpg\" data-slide-type=\"image\"><img loading=\"lazy\" decoding=\"async\" src=\"https:\/\/szkolenia-udt.pl\/wp-content\/uploads\/2014\/10\/D\u017awig.jpg\" height=\"225\" width=\"300\" alt=\"\" class=\"slider-692 slide-643 msDefaultImage\" \/><\/li>\n                <li style=\"display: none; width: 100%;\" class=\"slide-649 ms-image\" aria-roledescription=\"slide\" data-date=\"2014-10-12 09:52:03\" data-filename=\"Szkolenie-d\u017awigi.jpg\" data-slide-type=\"image\"><img loading=\"lazy\" decoding=\"async\" src=\"https:\/\/szkolenia-udt.pl\/wp-content\/uploads\/2014\/10\/Szkolenie-d\u017awigi.jpg\" height=\"225\" width=\"300\" alt=\"Curso de grua\" class=\"slider-692 slide-649 msDefaultImage\" \/><\/li>\n                <li style=\"display: none; width: 100%;\" class=\"slide-648 ms-image\" aria-roledescription=\"slide\" data-date=\"2014-10-12 09:52:02\" data-filename=\"szkolenia-d\u017awigi.jpg\" data-slide-type=\"image\"><img loading=\"lazy\" decoding=\"async\" src=\"https:\/\/szkolenia-udt.pl\/wp-content\/uploads\/2014\/10\/szkolenia-d\u017awigi.jpg\" height=\"225\" width=\"300\" alt=\"centro de formacion de operadores\" class=\"slider-692 slide-648 msDefaultImage\" \/><\/li>\n            <\/ul>\n        <\/div>\n        \n    <\/div>\n<\/div><\/div>\n<div class=\"wyjustuj\">\n<p>Las gr\u00faas son dispositivos de elevaci\u00f3n que se utilizan en particular en obras de construcci\u00f3n. Las gr\u00faas constan de una columna y un brazo, generalmente telesc\u00f3pico, sobre el que se monta el tractor. Todos los dispositivos de este tipo est\u00e1n sujetos a inspecci\u00f3n t\u00e9cnica y para operarlos se requiere un curso de operador de gr\u00faa y la obtenci\u00f3n de titulaciones de la UDT.<\/p>\n<p><strong>Distinguimos los siguientes tipos de dispositivos:<\/strong><\/p>\n<ul>\n<li>torre: se utiliza principalmente en obras de construcci\u00f3n, disponible como estacionario o m\u00f3vil en chasis sobre orugas o sobre ra\u00edles<\/li>\n<li>puerto o astillero - utilizado en los trabajos de carga y descarga de barcos y en los trabajos de montaje de objetos flotantes<\/li>\n<li>autopropulsado - autom\u00f3vil, autopropulsado montado en el chasis de un cami\u00f3n o semirremolques autopropulsados especiales, utilizado para trabajos de montaje y recarga<\/li>\n<li>flotante - unidades flotantes equipadas con gr\u00faas, utilizadas para trabajar en aguas abiertas<\/li>\n<\/ul>\n<p><strong>En cuanto a las titulaciones UDT, se distinguen las siguientes categor\u00edas:<\/strong><\/p>\n<ul>\n<li>II \u017b - dispositivos m\u00f3viles (gr\u00faas), port\u00e1tiles (por ejemplo, HDS), estacionarios<\/li>\n<li>I \u017b - dispositivos de torre (por ejemplo, dispositivos de construcci\u00f3n), gr\u00faas m\u00f3viles de montaje r\u00e1pido<\/li>\n<\/ul>\n<p>Si quiere trabajar como <a href=\"https:\/\/szkolenia-udt.pl\/es\/kursy\/uprawnienia-udt-tdt-wdt\/zurawie-wiezowe\/\">operador de gr\u00faa torre<\/a> curso en nuestro <a href=\"https:\/\/szkolenia-udt.pl\/es\/o-firmie\/\">Centro de Formaci\u00f3n de Operadores<\/a> es la mejor opci\u00f3n para usted. Le animamos a inscribirse en un curso de gr\u00faas en nuestras sucursales de Varsovia, Katowice, Cracovia y Bielsko-Bia\u0142a, pero tambi\u00e9n podemos organizar clases en toda Polonia con transporte al cliente. Las tarifas dependen del n\u00famero de participantes. \u00a1Te invitamos a estudiar con nuestro Centro!<\/p>\n<\/div>","protected":false},"excerpt":{"rendered":"<p>\u017burawie (d\u017awigi) to urz\u0105dzenia d\u017awignicowe, kt\u00f3re stosowane s\u0105 w szczeg\u00f3lno\u015bci w pracach budowlanych. \u017burawie zbudowane s\u0105 z kolumny i wysi\u0119gnika, na og\u00f3\u0142 teleskopowego, na kt\u00f3rym zamontowany jest ci\u0119gnik. Wszystkie urz\u0105dzenia tego typu podlegaj\u0105 dozorowi technicznemu i do ich obs\u0142ugi potrzebny jest kurs operatora \u017curawia oraz uzyskanie uprawnie\u0144 UDT. Wyr\u00f3\u017cniamy nast\u0119puj\u0105ce rodzaje urz\u0105dze\u0144: wie\u017cowe \u2013 wykorzystywane [&hellip;]<\/p>\n","protected":false},"author":3,"featured_media":0,"parent":69,"menu_order":0,"comment_status":"closed","ping_status":"closed","template":"","meta":{"footnotes":""},"class_list":["post-72","page","type-page","status-publish","hentry"],"aioseo_notices":[],"_links":{"self":[{"href":"https:\/\/szkolenia-udt.pl\/es\/wp-json\/wp\/v2\/pages\/72","targetHints":{"allow":["GET"]}}],"collection":[{"href":"https:\/\/szkolenia-udt.pl\/es\/wp-json\/wp\/v2\/pages"}],"about":[{"href":"https:\/\/szkolenia-udt.pl\/es\/wp-json\/wp\/v2\/types\/page"}],"author":[{"embeddable":true,"href":"https:\/\/szkolenia-udt.pl\/es\/wp-json\/wp\/v2\/users\/3"}],"replies":[{"embeddable":true,"href":"https:\/\/szkolenia-udt.pl\/es\/wp-json\/wp\/v2\/comments?post=72"}],"version-history":[{"count":7,"href":"https:\/\/szkolenia-udt.pl\/es\/wp-json\/wp\/v2\/pages\/72\/revisions"}],"predecessor-version":[{"id":2231,"href":"https:\/\/szkolenia-udt.pl\/es\/wp-json\/wp\/v2\/pages\/72\/revisions\/2231"}],"up":[{"embeddable":true,"href":"https:\/\/szkolenia-udt.pl\/es\/wp-json\/wp\/v2\/pages\/69"}],"wp:attachment":[{"href":"https:\/\/szkolenia-udt.pl\/es\/wp-json\/wp\/v2\/media?parent=72"}],"curies":[{"name":"wp","href":"https:\/\/api.w.org\/{rel}","templated":true}]}}