{"id":823,"date":"2014-11-01T21:28:35","date_gmt":"2014-11-01T21:28:35","guid":{"rendered":"http:\/\/szkolenia-udt.pl\/?page_id=823"},"modified":"2022-10-21T16:10:13","modified_gmt":"2022-10-21T14:10:13","slug":"gruas-2","status":"publish","type":"page","link":"https:\/\/szkolenia-udt.pl\/es\/kursy\/suwnice\/","title":{"rendered":"Gr\u00faas"},"content":{"rendered":"<div class=\"wyjustuj\">\n<h2>Cursos para p\u00f3rticos - Varsovia y toda Polonia<\/h2>\n<div class=\"sliderpage\"><div id=\"metaslider-id-662\" style=\"max-width: 300px;\" class=\"ml-slider-3-108-0 metaslider metaslider-flex metaslider-662 ml-slider ms-theme-default nav-hidden\" role=\"region\" aria-label=\"Gr\u00faas\" data-height=\"225\" data-width=\"300\">\n    <div id=\"metaslider_container_662\">\n        <div id=\"metaslider_662\">\n            <ul class='slides'>\n                <li style=\"display: block; width: 100%;\" class=\"slide-1209 ms-image\" aria-roledescription=\"slide\" data-date=\"2014-11-17 21:42:15\" data-filename=\"suw1a.jpg\" data-slide-type=\"image\"><img loading=\"lazy\" decoding=\"async\" src=\"https:\/\/szkolenia-udt.pl\/wp-content\/uploads\/2014\/11\/suw1a.jpg\" height=\"225\" width=\"300\" alt=\"\" class=\"slider-662 slide-1209 msDefaultImage\" \/><\/li>\n            <\/ul>\n        <\/div>\n        \n    <\/div>\n<\/div><\/div>\n<p>\u00bfQuieres obtener una licencia de gr\u00faa sin pagar de m\u00e1s? \u00a1Con nosotros puedes conseguirlos sin ning\u00fan problema! En <a href=\"https:\/\/szkolenia-udt.pl\/es\/o-firmie\/\">Centro de Formaci\u00f3n de Operadores<\/a> Nos preocupamos por la satisfacci\u00f3n de nuestros alumnos, por eso siempre ense\u00f1amos de forma integral, profesional y a precios asequibles.<\/p>\n<p>El curso de gr\u00faas realizado por nosotros est\u00e1 destinado a todas las personas que deseen obtener calificaciones y encontrar un trabajo como operador de estos dispositivos. Realizamos clases integrales que cubren una amplia gama de informaci\u00f3n y ejercicios pr\u00e1cticos, por lo que nos preparamos profesionalmente para el examen ante el comit\u00e9 de la Oficina de Inspecci\u00f3n T\u00e9cnica, despu\u00e9s de lo cual el participante recibe calificaciones de p\u00f3rtico.<\/p>\n<div class=\"filmw\">\n<div class=\"responsive-youtube\"><iframe loading=\"lazy\" title=\"Reproductor de v\u00eddeo de YouTube\" src=\"https:\/\/www.youtube.com\/embed\/EFy-SGiLltQ\" width=\"560\" height=\"315\" frameborder=\"0\" allowfullscreen=\"allowfullscreen\"><\/iframe><\/div>\n<\/div>\n<h2 class=\"boldnagl\">Categor\u00edas de autorizaciones de servicio de dispositivos seg\u00fan UDT:<\/h2>\n<ul>\n<li>II S - gr\u00faas operadas desde el nivel de trabajo, categor\u00eda II W polipastos y cabrestantes, gr\u00faas de taller estacionarias<\/li>\n<li>IS - dispositivos controlados desde la cabina del operador, cabrestantes y polipastos en categor\u00eda IW y dispositivos en categor\u00eda II S<\/li>\n<\/ul>\n<p>Todos los cursos de gr\u00faas en nuestro Centro se basan en los requisitos de la UDT y son preparados por nuestros instructores competentes en t\u00e9rminos de contenido.<\/p>\n<h2 class=\"boldnagl\">Cada curso de p\u00f3rtico contiene la siguiente informaci\u00f3n necesaria en la posici\u00f3n del operador:<\/h2>\n<ul>\n<li>supervisi\u00f3n t\u00e9cnica de dispositivos de categor\u00eda II S o IS<\/li>\n<li>construcci\u00f3n y operaci\u00f3n de dispositivos<\/li>\n<li>deberes del operador en el lugar de trabajo<\/li>\n<li>principios de seguridad y salud en el trabajo<\/li>\n<li>ejercicios practicos<\/li>\n<\/ul>\n<p>Cuando se trata de gr\u00faas, nuestro curso no solo es rico en teor\u00eda, sino tambi\u00e9n clases con el uso de dispositivos como parte de los ejercicios pr\u00e1cticos. Durante ellos, los participantes pueden aplicar los conocimientos adquiridos y aprender a operar de manera correcta y segura los dispositivos en el lugar de trabajo. Despu\u00e9s de completar el entrenamiento, los participantes toman el examen, reciben certificados de finalizaci\u00f3n del entrenamiento para puentes gr\u00faa y calificaciones para operar dispositivos en la categor\u00eda II S o IS emitidos por la UDT.<\/p>\n<h2 class=\"boldnagl\">Requisitos<\/h2>\n<div class=\"sliderpageright\"><div id=\"metaslider-id-671\" style=\"max-width: 300px;\" class=\"ml-slider-3-108-0 metaslider metaslider-flex metaslider-671 ml-slider ms-theme-default nav-hidden nav-hidden\" role=\"region\" aria-label=\"Gr\u00faas2\" data-height=\"225\" data-width=\"300\">\n    <div id=\"metaslider_container_671\">\n        <div id=\"metaslider_671\">\n            <ul class='slides'>\n                <li style=\"display: block; width: 100%;\" class=\"slide-1995 ms-image\" aria-roledescription=\"slide\" data-date=\"2017-12-29 10:22:17\" data-filename=\"suwnica-5-252x189.jpg\" data-slide-type=\"image\"><img loading=\"lazy\" decoding=\"async\" src=\"https:\/\/szkolenia-udt.pl\/wp-content\/uploads\/2017\/12\/suwnica-5-252x189.jpg\" height=\"225\" width=\"300\" alt=\"\" class=\"slider-671 slide-1995 msDefaultImage\" \/><\/li>\n            <\/ul>\n        <\/div>\n        \n    <\/div>\n<\/div><\/div>\n<p>El curso de gr\u00faa est\u00e1 destinado a personas que cumplan los siguientes requisitos:<\/p>\n<ul>\n<li>son mayores de 18 a\u00f1os<\/li>\n<li>haber completado al menos la escuela primaria<\/li>\n<li>no tener contraindicaciones m\u00e9dicas para trabajar como operador<\/li>\n<\/ul>\n<h2 class=\"boldnagl\">Precio<\/h2>\n<p>Si quieres apuntarte a un curso de gr\u00faa seguro que el precio en nuestro Centro te interesa. El precio depende del n\u00famero de personas que participen en las clases. El examen de p\u00f3rtico ya est\u00e1 incluido en el precio. En el caso de grupos organizados, fijamos los costes individualmente y pedimos <a href=\"https:\/\/szkolenia-udt.pl\/es\/kontakt\/\">contact\u00e1ndonos<\/a> por tel\u00e9fono o correo electr\u00f3nico para m\u00e1s detalles.<\/p>\n<h2 class=\"boldnagl\">\u00bfD\u00f3nde operamos?<\/h2>\n<p>Brindamos cursos de puentes gr\u00faa en 4 ubicaciones en Polonia y en cualquier lugar indicado por nuestros clientes; viajamos a lugares de todo el pa\u00eds. La sede principal de nuestro Centro es Varsovia, mientras que las sucursales locales - Katowice, Cracovia y Bielsko-Bia\u0142a, donde las clases se organizan de acuerdo con el horario disponible en nuestro sitio web.<\/p>\n<p>Si tiene preguntas sobre temas como el curso de gr\u00faa, el precio, el lugar de organizaci\u00f3n de las clases, cont\u00e1ctenos, le responderemos lo antes posible.<\/p>\n<p>Le invitamos cordialmente a familiarizarse con nuestro <a href=\"https:\/\/szkolenia-udt.pl\/es\/oferta\/\">oferta completa<\/a> y a entrenar con nosotros!<\/p>\n<p><a href=\"https:\/\/szkolenia-udt.pl\/wp-content\/uploads\/2022\/01\/0031-oso-suwnice-ogolnego-i-specjalnego-przeznaczenia.jpg\"><img loading=\"lazy\" decoding=\"async\" class=\"aligncenter wp-image-2602 size-large\" src=\"https:\/\/szkolenia-udt.pl\/wp-content\/uploads\/2022\/01\/0031-oso-suwnice-ogolnego-i-specjalnego-przeznaczenia-1024x853.jpg\" alt=\"\" width=\"750\" height=\"625\" srcset=\"https:\/\/szkolenia-udt.pl\/wp-content\/uploads\/2022\/01\/0031-oso-suwnice-ogolnego-i-specjalnego-przeznaczenia-1024x853.jpg 1024w, https:\/\/szkolenia-udt.pl\/wp-content\/uploads\/2022\/01\/0031-oso-suwnice-ogolnego-i-specjalnego-przeznaczenia-300x250.jpg 300w, https:\/\/szkolenia-udt.pl\/wp-content\/uploads\/2022\/01\/0031-oso-suwnice-ogolnego-i-specjalnego-przeznaczenia-768x640.jpg 768w, https:\/\/szkolenia-udt.pl\/wp-content\/uploads\/2022\/01\/0031-oso-suwnice-ogolnego-i-specjalnego-przeznaczenia.jpg 1200w\" sizes=\"auto, (max-width: 750px) 100vw, 750px\" \/><\/a><\/p>\n<\/div>","protected":false},"excerpt":{"rendered":"<p>Kursy na suwnice &#8211; Warszawa i ca\u0142a Polska Chcesz bez przep\u0142acania zdoby\u0107 uprawnienia na suwnice? Z nami mo\u017cesz otrzyma\u0107 je bez problem\u00f3w! W O\u015brodku Szkolenia Operator\u00f3w OSO zale\u017cy nam na zadowoleniu kursant\u00f3w, dlatego uczymy zawsze kompleksowo, profesjonalnie i w przyst\u0119pnych cenach. Prowadzony przez nas kurs na suwnice jest przeznaczony dla ka\u017cdej osoby, kt\u00f3ra chcia\u0142aby otrzyma\u0107 [&hellip;]<\/p>\n","protected":false},"author":3,"featured_media":3424,"parent":22,"menu_order":10,"comment_status":"closed","ping_status":"closed","template":"","meta":{"footnotes":""},"class_list":["post-823","page","type-page","status-publish","has-post-thumbnail","hentry"],"aioseo_notices":[],"_links":{"self":[{"href":"https:\/\/szkolenia-udt.pl\/es\/wp-json\/wp\/v2\/pages\/823","targetHints":{"allow":["GET"]}}],"collection":[{"href":"https:\/\/szkolenia-udt.pl\/es\/wp-json\/wp\/v2\/pages"}],"about":[{"href":"https:\/\/szkolenia-udt.pl\/es\/wp-json\/wp\/v2\/types\/page"}],"author":[{"embeddable":true,"href":"https:\/\/szkolenia-udt.pl\/es\/wp-json\/wp\/v2\/users\/3"}],"replies":[{"embeddable":true,"href":"https:\/\/szkolenia-udt.pl\/es\/wp-json\/wp\/v2\/comments?post=823"}],"version-history":[{"count":18,"href":"https:\/\/szkolenia-udt.pl\/es\/wp-json\/wp\/v2\/pages\/823\/revisions"}],"predecessor-version":[{"id":3301,"href":"https:\/\/szkolenia-udt.pl\/es\/wp-json\/wp\/v2\/pages\/823\/revisions\/3301"}],"up":[{"embeddable":true,"href":"https:\/\/szkolenia-udt.pl\/es\/wp-json\/wp\/v2\/pages\/22"}],"wp:featuredmedia":[{"embeddable":true,"href":"https:\/\/szkolenia-udt.pl\/es\/wp-json\/wp\/v2\/media\/3424"}],"wp:attachment":[{"href":"https:\/\/szkolenia-udt.pl\/es\/wp-json\/wp\/v2\/media?parent=823"}],"curies":[{"name":"wp","href":"https:\/\/api.w.org\/{rel}","templated":true}]}}