{"id":847,"date":"2014-11-01T23:05:45","date_gmt":"2014-11-01T23:05:45","guid":{"rendered":"http:\/\/szkolenia-udt.pl\/?page_id=847"},"modified":"2021-07-19T22:11:08","modified_gmt":"2021-07-19T22:11:08","slug":"elementos-de-construccion-de-la-grua","status":"publish","type":"page","link":"https:\/\/szkolenia-udt.pl\/es\/kursy\/suwnice\/elementy-budowy-suwnicy\/","title":{"rendered":"Elementos de la construcci\u00f3n de la gr\u00faa."},"content":{"rendered":"<div style=\"float: left; padding-right: 10px;\"><div id=\"metaslider-id-1916\" style=\"max-width: 300px;\" class=\"ml-slider-3-108-0 metaslider metaslider-flex metaslider-1916 ml-slider ms-theme-default nav-hidden\" role=\"region\" aria-label=\"construcci\u00f3n de una gr\u00faa\" data-height=\"225\" data-width=\"300\">\n    <div id=\"metaslider_container_1916\">\n        <div id=\"metaslider_1916\">\n            <ul class='slides'>\n                <li style=\"display: block; width: 100%;\" class=\"slide-1997 ms-image\" aria-roledescription=\"slide\" data-date=\"2017-12-29 10:24:02\" data-filename=\"suwnica-1-244x183.jpg\" data-slide-type=\"image\"><img loading=\"lazy\" decoding=\"async\" src=\"https:\/\/szkolenia-udt.pl\/wp-content\/uploads\/2017\/12\/suwnica-1-244x183.jpg\" height=\"225\" width=\"300\" alt=\"\" class=\"slider-1916 slide-1997 msDefaultImage\" \/><\/li>\n            <\/ul>\n        <\/div>\n        \n    <\/div>\n<\/div><\/div>\n<div class=\"wyjustuj\">\n<p>Las gr\u00faas, clasificadas como gr\u00faas, son dispositivos utilizados en la manipulaci\u00f3n de cargas. Se utilizan para elevar, transferir y bajar cargas mediante polipastos o ascensores. Los puentes gr\u00faa son aparatos que s\u00f3lo funcionan en una trayectoria determinada: el movimiento de las cargas se realiza hasta la altura y la anchura m\u00e1ximas de la gr\u00faa.Todos los que deseen obtener una licencia para puentes gr\u00faa deben asistir a un curso de formaci\u00f3n, durante el cual se aborda la informaci\u00f3n sobre la construcci\u00f3n del equipo. Tambi\u00e9n nuestro <a href=\"https:\/\/szkolenia-udt.pl\/es\/kursy\/suwnice\/\">curso para p\u00f3rticos<\/a> Proporciona informaci\u00f3n precisa sobre el equipo y su construcci\u00f3n. Los elementos de construcci\u00f3n del equipo pueden separarse en mec\u00e1nicos y el\u00e9ctricos. A continuaci\u00f3n presentamos una lista de componentes.<\/p>\n<h2><strong>Elementos mec\u00e1nicos:<\/strong><\/h2>\n<ul>\n<li>pista - topes y levas<\/li>\n<li>construcci\u00f3n - ruedas de rodadura, h\u00e9lices, mecanismos de desplazamiento, protecci\u00f3n contra el viento, topes, interruptores de l\u00edmite, patas de parada<\/li>\n<li>Puente - Viga en I con topes<\/li>\n<li>bogie - engranajes sinusoidales y de pi\u00f1\u00f3n<\/li>\n<li>Mecanismo de elevaci\u00f3n: cuerpo, motor de accionamiento, varillaje, engranaje dentado, anillo de gu\u00eda del cable, tambor de cable o cadena, varillas y topes con interruptores de l\u00edmite, ganchos y aparejos de gancho<\/li>\n<\/ul>\n<h2><strong>Componentes el\u00e9ctricos:<\/strong><\/h2>\n<ul>\n<li>gr\u00faa y conexiones de alimentaci\u00f3n<\/li>\n<li>armarios de distribuci\u00f3n y control<\/li>\n<li>mando de control<\/li>\n<li>Trolls<\/li>\n<li>interruptores de l\u00edmite<\/li>\n<\/ul>\n<p>El popular modelo de p\u00f3rtico, por ejemplo, se construye con una cubierta situada en los puentes laterales y dos o m\u00e1s puertas. Los modelos de p\u00f3rtico se basan en cerchas con la cubierta sobre ra\u00edles suspendida del techo de la planta. Los tendones se mueven en las plataformas.<\/p>\n<p>El equipo se maneja desde el pavimento o desde la cabina del operador de forma inal\u00e1mbrica o por cable. El operario puede mover la plataforma, el elevador y activar el movimiento de la eslinga con la carga, elev\u00e1ndola a la altura correcta y traslad\u00e1ndola a su destino.<\/p>\n<p>El conocimiento de la construcci\u00f3n de gr\u00faas a\u00e9reas es esencial para cualquier persona que quiera trabajar en un puesto de operaci\u00f3n de gr\u00faas a\u00e9reas. Con nuestros cursos, podr\u00e1 obtener f\u00e1cilmente las autorizaciones UDT necesarias para ello.<\/p>\n<\/div>","protected":false},"excerpt":{"rendered":"<p>Suwnice zaliczane do d\u017awignic s\u0105 urz\u0105dzeniami u\u017cywanymi w manipulacji \u0142adunkami. S\u0142u\u017c\u0105 do podnoszenia, przenoszenia oraz opuszczania \u0142adunk\u00f3w z u\u017cyciem wci\u0105garek lub wci\u0105gnik\u00f3w. Suwnice s\u0105 urz\u0105dzeniami obs\u0142uguj\u0105cym tylko wyznaczony tor jazdy \u2013 przemieszczanie \u0142adunk\u00f3w odbywa si\u0119 do maksymalnej wysoko\u015bci i szeroko\u015bci suwnicy.Wszyscy, kt\u00f3rzy chc\u0105 otrzyma\u0107 uprawnienia na suwnice, musz\u0105 wzi\u0105\u0107 udzia\u0142 w szkoleniu, podczas kt\u00f3rego poruszane [&hellip;]<\/p>\n","protected":false},"author":3,"featured_media":1996,"parent":823,"menu_order":0,"comment_status":"closed","ping_status":"closed","template":"","meta":{"footnotes":""},"class_list":["post-847","page","type-page","status-publish","has-post-thumbnail","hentry"],"aioseo_notices":[],"_links":{"self":[{"href":"https:\/\/szkolenia-udt.pl\/es\/wp-json\/wp\/v2\/pages\/847","targetHints":{"allow":["GET"]}}],"collection":[{"href":"https:\/\/szkolenia-udt.pl\/es\/wp-json\/wp\/v2\/pages"}],"about":[{"href":"https:\/\/szkolenia-udt.pl\/es\/wp-json\/wp\/v2\/types\/page"}],"author":[{"embeddable":true,"href":"https:\/\/szkolenia-udt.pl\/es\/wp-json\/wp\/v2\/users\/3"}],"replies":[{"embeddable":true,"href":"https:\/\/szkolenia-udt.pl\/es\/wp-json\/wp\/v2\/comments?post=847"}],"version-history":[{"count":5,"href":"https:\/\/szkolenia-udt.pl\/es\/wp-json\/wp\/v2\/pages\/847\/revisions"}],"predecessor-version":[{"id":2384,"href":"https:\/\/szkolenia-udt.pl\/es\/wp-json\/wp\/v2\/pages\/847\/revisions\/2384"}],"up":[{"embeddable":true,"href":"https:\/\/szkolenia-udt.pl\/es\/wp-json\/wp\/v2\/pages\/823"}],"wp:featuredmedia":[{"embeddable":true,"href":"https:\/\/szkolenia-udt.pl\/es\/wp-json\/wp\/v2\/media\/1996"}],"wp:attachment":[{"href":"https:\/\/szkolenia-udt.pl\/es\/wp-json\/wp\/v2\/media?parent=847"}],"curies":[{"name":"wp","href":"https:\/\/api.w.org\/{rel}","templated":true}]}}