{"id":851,"date":"2014-11-01T23:09:36","date_gmt":"2014-11-01T23:09:36","guid":{"rendered":"http:\/\/szkolenia-udt.pl\/?page_id=851"},"modified":"2021-07-15T00:18:06","modified_gmt":"2021-07-15T00:18:06","slug":"antes-de-empezar-a-trabajar-con-la-grua","status":"publish","type":"page","link":"https:\/\/szkolenia-udt.pl\/es\/kursy\/suwnice\/przed-rozpoczeciem-pracy-z-suwnica\/","title":{"rendered":"Antes de trabajar con la gr\u00faa"},"content":{"rendered":"<div style=\"float: left; padding-right: 10px;\"><div id=\"metaslider-id-662\" style=\"max-width: 300px;\" class=\"ml-slider-3-107-0 metaslider metaslider-flex metaslider-662 ml-slider ms-theme-default nav-hidden\" role=\"region\" aria-label=\"Gr\u00faas\" data-height=\"225\" data-width=\"300\">\n    <div id=\"metaslider_container_662\">\n        <div id=\"metaslider_662\">\n            <ul class='slides'>\n                <li style=\"display: block; width: 100%;\" class=\"slide-1209 ms-image\" aria-roledescription=\"slide\" data-date=\"2014-11-17 21:42:15\" data-filename=\"suw1a.jpg\" data-slide-type=\"image\"><img loading=\"lazy\" decoding=\"async\" src=\"https:\/\/szkolenia-udt.pl\/wp-content\/uploads\/2014\/11\/suw1a.jpg\" height=\"225\" width=\"300\" alt=\"\" class=\"slider-662 slide-1209 msDefaultImage\" \/><\/li>\n            <\/ul>\n        <\/div>\n        \n    <\/div>\n<\/div><\/div>\n<div class=\"wyjustuj\">\n<p>Una preparaci\u00f3n adecuada del lugar de trabajo puede reducir considerablemente el riesgo de peligros y accidentes. Cuando se trabaja como operador de gr\u00faas a\u00e9reas, es importante conocer y cumplir las normas de salud y seguridad. Al elegir nuestro <a href=\"https:\/\/szkolenia-udt.pl\/es\/kursy\/suwnice\/\">curso para p\u00f3rticos<\/a>En la p\u00e1gina web de la empresa, podr\u00e1 aprender todo lo necesario para trabajar de forma segura antes, durante y despu\u00e9s de utilizar el equipo. En este art\u00edculo hemos incluido todos los conceptos clave relacionados con las normas de seguridad y salud antes de que el operario comience a trabajar.Lo m\u00e1s importante en este caso son las inspecciones - son las que permiten determinar el estado del equipo, y sobre la base de estas inspecciones se pueden realizar reparaciones y trabajos de mantenimiento cuando sea necesario. Un puesto de trabajo bien preparado no s\u00f3lo es importante para el propio operario, sino tambi\u00e9n para sus compa\u00f1eros.<\/p>\n<p><strong>Antes de empezar a trabajar:<\/strong><\/p>\n<ul>\n<li style=\"text-align: left;\">compruebe que tiene una decisi\u00f3n UDT v\u00e1lida: los equipos sin decisiones UDT v\u00e1lidas pueden da\u00f1arse y aumentar el peligro de uso<\/li>\n<li style=\"text-align: left;\">recuerde respetar las normas de seguridad e higiene en su lugar de trabajo, sobre todo en base a sus instrucciones de trabajo<\/li>\n<li style=\"text-align: left;\">lea el manual de instrucciones del aparato que va a utilizar por primera vez<\/li>\n<li style=\"text-align: left;\">s\u00f3lo operar la m\u00e1quina si se tiene un certificado de gr\u00faa<\/li>\n<li style=\"text-align: left;\">si observa fallos, fugas u otros signos de alarma, inmovilice el equipo y comun\u00edquelo a los responsables<\/li>\n<li style=\"text-align: left;\">leer las \u00faltimas anotaciones en el libro de funcionamiento, mantenimiento o aceptaci\u00f3n del equipo<\/li>\n<li style=\"text-align: left;\">compruebe los alrededores del aparato, en particular preste atenci\u00f3n a los obst\u00e1culos que se encuentren en el camino, ret\u00edrelos o informe de su presencia a la persona responsable si no puede retirarlos usted mismo<\/li>\n<li style=\"text-align: left;\">informar del inicio de los trabajos a las personas que trabajan en las proximidades del equipo<\/li>\n<li style=\"text-align: left;\">acordar las se\u00f1ales de comunicaci\u00f3n con el operador de la eslinga<\/li>\n<li style=\"text-align: left;\">comprobar los pesos de las cargas y ver si corresponden a la capacidad de carga de la m\u00e1quina<\/li>\n<li style=\"text-align: left;\">preparar una zona de almacenamiento de cargas<\/li>\n<li style=\"text-align: left;\">realizar una inspecci\u00f3n del equipo: comprobar visualmente su eficacia y su estado de funcionamiento actual, comprobar el funcionamiento de los componentes de seguridad y de los mecanismos de accionamiento durante una prueba de funcionamiento<\/li>\n<li style=\"text-align: left;\">hacer una anotaci\u00f3n en el cuaderno de bit\u00e1cora u otro documento<\/li>\n<\/ul>\n<\/div>","protected":false},"excerpt":{"rendered":"<p>W\u0142a\u015bciwe przygotowanie stanowiska pracy jest w stanie zmniejszy\u0107 znacznie ryzyko zagro\u017ce\u0144 i wypadk\u00f3w. W pracy operatora suwnicy wa\u017cna jest znajomo\u015b\u0107 zasad BHP i ich przestrzeganie. Wybieraj\u0105c nasz kurs na suwnice, mo\u017cesz dowiedzie\u0107 si\u0119 wszystkiego na temat pracy bezpiecznej zar\u00f3wno przed jej rozpocz\u0119ciem, podczas, jak i po zako\u0144czeniu obs\u0142ugi urz\u0105dzenia. W tym artykule zawarli\u015bmy wszystkie kluczowe [&hellip;]<\/p>\n","protected":false},"author":3,"featured_media":0,"parent":823,"menu_order":0,"comment_status":"closed","ping_status":"closed","template":"","meta":{"footnotes":""},"class_list":["post-851","page","type-page","status-publish","hentry"],"aioseo_notices":[],"_links":{"self":[{"href":"https:\/\/szkolenia-udt.pl\/es\/wp-json\/wp\/v2\/pages\/851","targetHints":{"allow":["GET"]}}],"collection":[{"href":"https:\/\/szkolenia-udt.pl\/es\/wp-json\/wp\/v2\/pages"}],"about":[{"href":"https:\/\/szkolenia-udt.pl\/es\/wp-json\/wp\/v2\/types\/page"}],"author":[{"embeddable":true,"href":"https:\/\/szkolenia-udt.pl\/es\/wp-json\/wp\/v2\/users\/3"}],"replies":[{"embeddable":true,"href":"https:\/\/szkolenia-udt.pl\/es\/wp-json\/wp\/v2\/comments?post=851"}],"version-history":[{"count":5,"href":"https:\/\/szkolenia-udt.pl\/es\/wp-json\/wp\/v2\/pages\/851\/revisions"}],"predecessor-version":[{"id":2250,"href":"https:\/\/szkolenia-udt.pl\/es\/wp-json\/wp\/v2\/pages\/851\/revisions\/2250"}],"up":[{"embeddable":true,"href":"https:\/\/szkolenia-udt.pl\/es\/wp-json\/wp\/v2\/pages\/823"}],"wp:attachment":[{"href":"https:\/\/szkolenia-udt.pl\/es\/wp-json\/wp\/v2\/media?parent=851"}],"curies":[{"name":"wp","href":"https:\/\/api.w.org\/{rel}","templated":true}]}}