{"id":858,"date":"2014-11-01T23:13:52","date_gmt":"2014-11-01T23:13:52","guid":{"rendered":"http:\/\/szkolenia-udt.pl\/?page_id=858"},"modified":"2021-07-15T00:18:55","modified_gmt":"2021-07-15T00:18:55","slug":"actividades-al-trabajar-con-la-grua","status":"publish","type":"page","link":"https:\/\/szkolenia-udt.pl\/es\/kursy\/suwnice\/czynnosci-podczas-pracy-z-suwnica\/","title":{"rendered":"Actividades durante el trabajo con la gr\u00faa"},"content":{"rendered":"<div style=\"float: left; padding-right: 10px;\"><div id=\"metaslider-id-671\" style=\"max-width: 300px;\" class=\"ml-slider-3-107-0 metaslider metaslider-flex metaslider-671 ml-slider ms-theme-default nav-hidden\" role=\"region\" aria-label=\"Gr\u00faas2\" data-height=\"225\" data-width=\"300\">\n    <div id=\"metaslider_container_671\">\n        <div id=\"metaslider_671\">\n            <ul class='slides'>\n                <li style=\"display: block; width: 100%;\" class=\"slide-1995 ms-image\" aria-roledescription=\"slide\" data-date=\"2017-12-29 10:22:17\" data-filename=\"suwnica-5-252x189.jpg\" data-slide-type=\"image\"><img loading=\"lazy\" decoding=\"async\" src=\"https:\/\/szkolenia-udt.pl\/wp-content\/uploads\/2017\/12\/suwnica-5-252x189.jpg\" height=\"225\" width=\"300\" alt=\"\" class=\"slider-671 slide-1995 msDefaultImage\" \/><\/li>\n            <\/ul>\n        <\/div>\n        \n    <\/div>\n<\/div><\/div>\n<div class=\"wyjustuj\">\n<p>Los conocimientos sobre el funcionamiento de las gr\u00faas y la seguridad e higiene son esenciales para el puesto de operador. Al elegir nuestro <a href=\"https:\/\/szkolenia-udt.pl\/es\/kursy\/suwnice\/\">curso para p\u00f3rticos<\/a>En este sentido, recibir\u00e1 la informaci\u00f3n necesaria sobre c\u00f3mo manejar el equipo de forma segura y c\u00f3mo reducir el riesgo de peligros y accidentes laborales.<\/p>\n<p><strong>Estas son las responsabilidades m\u00e1s importantes del operador durante el funcionamiento:<\/strong><\/p>\n<ul>\n<li style=\"text-align: left;\">en todo momento durante el funcionamiento, el operador debe comprobar el correcto funcionamiento de la m\u00e1quina<\/li>\n<li style=\"text-align: left;\">el trabajo debe realizarse utilizando equipos de protecci\u00f3n personal si as\u00ed lo indica el empresario, por ejemplo, utilizando un casco de seguridad<\/li>\n<li style=\"text-align: left;\">la carga debe guiarse siempre de forma que se pueda ver todo su recorrido; para las cargas de gran tama\u00f1o es necesario utilizar un se\u00f1alizador de gancho<\/li>\n<li style=\"text-align: left;\">el operador debe prestar atenci\u00f3n a las se\u00f1ales que le d\u00e9 el encargado de la se\u00f1alizaci\u00f3n del gancho<\/li>\n<li style=\"text-align: left;\">reaccionar siempre a una se\u00f1al de parada y detener la m\u00e1quina<\/li>\n<li style=\"text-align: left;\">al transportar cargas, prestar atenci\u00f3n a la ruta y mantener una distancia de seguridad entre las cargas y otros objetos o personas<\/li>\n<li style=\"text-align: left;\">no debe haber personas debajo o en las inmediaciones de la carga cuando se transporta<\/li>\n<li style=\"text-align: left;\">Al manipular la carga -frenar, arrancar o subir y bajar- los movimientos deben ser suaves<\/li>\n<li style=\"text-align: left;\">no sobrepasar el l\u00edmite de velocidad del equipo en cuesti\u00f3n y, si es necesario, adaptarlo a la situaci\u00f3n del lugar<\/li>\n<li style=\"text-align: left;\">hacer una se\u00f1al a otros compa\u00f1eros antes de iniciar una carga, y repetirla si hay personas en el camino<\/li>\n<li style=\"text-align: left;\">comprobar el peso de la carga y la capacidad de carga nominal del equipo<\/li>\n<li style=\"text-align: left;\">las cargas deben asegurarse siempre correctamente y de acuerdo con la normativa<\/li>\n<li style=\"text-align: left;\">las cargas deben estar aseguradas de forma equilibrada<\/li>\n<li style=\"text-align: left;\">las cargas deben transportarse en posici\u00f3n vertical<\/li>\n<li style=\"text-align: left;\">al manipular cargas, la distancia entre \u00e9stas y los obst\u00e1culos debe ser de al menos 0,5 metros<\/li>\n<li style=\"text-align: left;\">las cargas deben almacenarse en un lugar designado y de acuerdo con las normas de almacenamiento seguro<\/li>\n<li style=\"text-align: left;\">si el equipo est\u00e1 al aire libre, el operador debe prestar atenci\u00f3n a las condiciones meteorol\u00f3gicas y detener el trabajo si \u00e9stas ponen en peligro la seguridad<\/li>\n<\/ul>\n<p><strong>Actividades prohibidas cuando se trabaja con gr\u00faas:<\/strong><\/p>\n<ul>\n<li style=\"text-align: left;\">el equipo no debe ser manejado por una persona que no est\u00e9 cualificada para manejar gr\u00faas<\/li>\n<li style=\"text-align: left;\">el equipo no debe ser manejado por personas que hayan consumido alcohol o drogas<\/li>\n<li style=\"text-align: left;\">no se pueden utilizar eslingas que no coincidan o que est\u00e9n da\u00f1adas<\/li>\n<li style=\"text-align: left;\">los trabajos de mantenimiento y reparaci\u00f3n no pueden realizarse con el aparato encendido<\/li>\n<li style=\"text-align: left;\">las cargas no pueden dejarse en el equipo sin bajar de forma segura<\/li>\n<li style=\"text-align: left;\">las cargas fijadas a la superficie y fuera del alcance del aparato no pueden ser levantadas<\/li>\n<\/ul>\n<\/div>","protected":false},"excerpt":{"rendered":"<p>Znajomo\u015b\u0107 zasad obs\u0142ugi suwnic oraz zasad BHP jest niezb\u0119dna na stanowisku operatora. Wybieraj\u0105c nasz kurs na suwnice, otrzymasz niezb\u0119dne informacje o tym, jak bezpiecznie obs\u0142ugiwa\u0107 urz\u0105dzenie i jak zmniejszy\u0107 ryzyko zagro\u017ce\u0144 i wypadk\u00f3w przy pracy. Oto najwa\u017cniejsze obowi\u0105zki operatora podczas pracy: przez ca\u0142y czas pracy operator powinien sprawdza\u0107 prawid\u0142owo\u015b\u0107 dzia\u0142ania mechanizm\u00f3w urz\u0105dzenia prac\u0119 nale\u017cy wykonywa\u0107 [&hellip;]<\/p>\n","protected":false},"author":3,"featured_media":0,"parent":823,"menu_order":5,"comment_status":"closed","ping_status":"closed","template":"","meta":{"footnotes":""},"class_list":["post-858","page","type-page","status-publish","hentry"],"aioseo_notices":[],"_links":{"self":[{"href":"https:\/\/szkolenia-udt.pl\/es\/wp-json\/wp\/v2\/pages\/858","targetHints":{"allow":["GET"]}}],"collection":[{"href":"https:\/\/szkolenia-udt.pl\/es\/wp-json\/wp\/v2\/pages"}],"about":[{"href":"https:\/\/szkolenia-udt.pl\/es\/wp-json\/wp\/v2\/types\/page"}],"author":[{"embeddable":true,"href":"https:\/\/szkolenia-udt.pl\/es\/wp-json\/wp\/v2\/users\/3"}],"replies":[{"embeddable":true,"href":"https:\/\/szkolenia-udt.pl\/es\/wp-json\/wp\/v2\/comments?post=858"}],"version-history":[{"count":6,"href":"https:\/\/szkolenia-udt.pl\/es\/wp-json\/wp\/v2\/pages\/858\/revisions"}],"predecessor-version":[{"id":2251,"href":"https:\/\/szkolenia-udt.pl\/es\/wp-json\/wp\/v2\/pages\/858\/revisions\/2251"}],"up":[{"embeddable":true,"href":"https:\/\/szkolenia-udt.pl\/es\/wp-json\/wp\/v2\/pages\/823"}],"wp:attachment":[{"href":"https:\/\/szkolenia-udt.pl\/es\/wp-json\/wp\/v2\/media?parent=858"}],"curies":[{"name":"wp","href":"https:\/\/api.w.org\/{rel}","templated":true}]}}