{"id":859,"date":"2014-11-01T23:15:17","date_gmt":"2014-11-01T23:15:17","guid":{"rendered":"http:\/\/szkolenia-udt.pl\/?page_id=859"},"modified":"2021-07-15T00:20:03","modified_gmt":"2021-07-15T00:20:03","slug":"tras-la-finalizacion-de-la-grua","status":"publish","type":"page","link":"https:\/\/szkolenia-udt.pl\/es\/kursy\/suwnice\/po-zakonczeniu-pracy-z-suwnica\/","title":{"rendered":"Despu\u00e9s de terminar el trabajo con la gr\u00faa."},"content":{"rendered":"<div style=\"float: left; padding-right: 10px;\"><div id=\"metaslider-id-1932\" style=\"max-width: 300px;\" class=\"ml-slider-3-107-0 metaslider metaslider-flex metaslider-1932 ml-slider ms-theme-default nav-hidden\" role=\"region\" aria-label=\"gr\u00faas3\" data-height=\"225\" data-width=\"300\">\n    <div id=\"metaslider_container_1932\">\n        <div id=\"metaslider_1932\">\n            <ul class='slides'>\n                <li style=\"display: block; width: 100%;\" class=\"slide-1999 ms-image\" aria-roledescription=\"slide\" data-date=\"2017-12-29 10:25:20\" data-filename=\"suwnica-2-300x225.jpg\" data-slide-type=\"image\"><img loading=\"lazy\" decoding=\"async\" src=\"https:\/\/szkolenia-udt.pl\/wp-content\/uploads\/2017\/12\/suwnica-2-300x225.jpg\" height=\"225\" width=\"300\" alt=\"\" class=\"slider-1932 slide-1999 msDefaultImage\" \/><\/li>\n            <\/ul>\n        <\/div>\n        \n    <\/div>\n<\/div><\/div>\n<div class=\"wyjustuj\">\n<p>El transporte de la \u00faltima carga a la obra no pone fin al trabajo del gruista. Cualquier persona que haya tenido <a href=\"https:\/\/szkolenia-udt.pl\/es\/kursy\/suwnice\/\">curso para p\u00f3rticos<\/a> en nuestro <a href=\"https:\/\/szkolenia-udt.pl\/es\/o-firmie\/\">La estaci\u00f3n<\/a>Los empleados est\u00e1n familiarizados con las normas de conducta despu\u00e9s del trabajo. Estos pueden ayudar a asegurar a\u00fan m\u00e1s la m\u00e1quina y el lugar de trabajo, evitando accidentes. A continuaci\u00f3n se enumeran los pasos m\u00e1s importantes antes de que el gruista abandone el lugar de trabajo:<\/p>\n<ul>\n<li>asegurarse de que la carga ha sido depositada en su lugar<\/li>\n<li>el dispositivo de carga deber\u00e1 colocarse a una altura que no obstruya a otras personas y veh\u00edculos en la zona de trabajo<\/li>\n<li>el dispositivo debe colocarse en posici\u00f3n de estacionamiento<\/li>\n<li>una vez que el dispositivo est\u00e1 en posici\u00f3n, el operador debe bloquearlo pulsando el bot\u00f3n correspondiente<\/li>\n<li>bloquear los mandos y desconectar la alimentaci\u00f3n del aparato<\/li>\n<li>cuando los equipos tienen frenos de viento, deben estar asegurados<\/li>\n<li>el operador debe realizar una inspecci\u00f3n visual del equipo<\/li>\n<li>el dispositivo debe estar protegido contra el uso no autorizado<\/li>\n<li>si observa fallos u otros problemas en el funcionamiento del equipo, informe a las personas responsables<\/li>\n<li>se debe hacer una anotaci\u00f3n en el cuaderno de bit\u00e1cora al entregar el equipo<\/li>\n<li>s\u00f3lo podr\u00e1 abandonar su puesto de trabajo si se cambia a otro conductor de gr\u00faa o si su supervisor le ha dado permiso para hacerlo<\/li>\n<\/ul>\n<p>El cumplimiento de estas normas facilita a\u00fan m\u00e1s el funcionamiento de los equipos, por lo que los centros de trabajo se preocupan por la calidad de estas actividades. Un lugar de trabajo preparado de esta manera es seguro para que un nuevo empleado comience su turno. Esto es importante porque pasar por alto un punto puede tener consecuencias tr\u00e1gicas no s\u00f3lo para el operador, sino tambi\u00e9n para los compa\u00f1eros.<\/p>\n<p>Estamos comprometidos con el trabajo seguro de los participantes en nuestras clases, por lo que siempre dedicamos mucho tiempo a los temas de salud y seguridad y al correcto funcionamiento de los equipos, y tambi\u00e9n realizamos ejercicios pr\u00e1cticos en este \u00e1mbito.<\/p>\n<p>Se invita a todos los que deseen obtener una licencia de gr\u00faa a <a href=\"https:\/\/szkolenia-udt.pl\/es\/oferta\/\">uso de los servicios<\/a>!<\/p>\n<\/div>","protected":false},"excerpt":{"rendered":"<p>Przetransportowanie ostatniego \u0142adunku na miejsce nie ko\u0144czy pracy operatora suwnicy. Ka\u017cda osoba, kt\u00f3ra odby\u0142a kurs na suwnice w naszym O\u015brodku, zaznajamiana jest z zasadami postepowania po zako\u0144czonej pracy. Dzi\u0119ki nim mo\u017cna dodatkowo zabezpieczy\u0107 urz\u0105dzenie oraz miejsce pracy, zapobiegaj\u0105c wypadkom. Poni\u017cej przedstawiamy list\u0119 najwa\u017cniejszych czynno\u015bci przed opuszczeniem stanowiska pracy przez operatora suwnicy: nale\u017cy upewni\u0107 si\u0119, czy [&hellip;]<\/p>\n","protected":false},"author":3,"featured_media":0,"parent":823,"menu_order":10,"comment_status":"closed","ping_status":"closed","template":"","meta":{"footnotes":""},"class_list":["post-859","page","type-page","status-publish","hentry"],"aioseo_notices":[],"_links":{"self":[{"href":"https:\/\/szkolenia-udt.pl\/es\/wp-json\/wp\/v2\/pages\/859","targetHints":{"allow":["GET"]}}],"collection":[{"href":"https:\/\/szkolenia-udt.pl\/es\/wp-json\/wp\/v2\/pages"}],"about":[{"href":"https:\/\/szkolenia-udt.pl\/es\/wp-json\/wp\/v2\/types\/page"}],"author":[{"embeddable":true,"href":"https:\/\/szkolenia-udt.pl\/es\/wp-json\/wp\/v2\/users\/3"}],"replies":[{"embeddable":true,"href":"https:\/\/szkolenia-udt.pl\/es\/wp-json\/wp\/v2\/comments?post=859"}],"version-history":[{"count":4,"href":"https:\/\/szkolenia-udt.pl\/es\/wp-json\/wp\/v2\/pages\/859\/revisions"}],"predecessor-version":[{"id":2252,"href":"https:\/\/szkolenia-udt.pl\/es\/wp-json\/wp\/v2\/pages\/859\/revisions\/2252"}],"up":[{"embeddable":true,"href":"https:\/\/szkolenia-udt.pl\/es\/wp-json\/wp\/v2\/pages\/823"}],"wp:attachment":[{"href":"https:\/\/szkolenia-udt.pl\/es\/wp-json\/wp\/v2\/media?parent=859"}],"curies":[{"name":"wp","href":"https:\/\/api.w.org\/{rel}","templated":true}]}}