{"id":1053,"date":"2014-11-06T22:19:52","date_gmt":"2014-11-06T22:19:52","guid":{"rendered":"http:\/\/szkolenia-udt.pl\/?page_id=1053"},"modified":"2020-05-13T06:44:58","modified_gmt":"2020-05-13T06:44:58","slug":"tilbud","status":"publish","type":"page","link":"https:\/\/szkolenia-udt.pl\/nb\/oferta\/","title":{"rendered":"Prisliste"},"content":{"rendered":"<table border=\"1\" width=\"698\" cellspacing=\"0\" cellpadding=\"7\">\n<colgroup>\n<col width=\"470\" \/>\n<col width=\"51\" \/> <\/colgroup>\n<tbody>\n<tr>\n<td bgcolor=\"#bae8ff\" width=\"470\"><span style=\"color: #000000;\"><span style=\"text-decoration: underline;\">Gaffeltruckkurs<\/span> med utskifting av LPG-flasker - kat IIWJO<\/span><\/td>\n<td bgcolor=\"#bae8ff\" width=\"51\" rowspan=\"15\" style=\"vertical-align: middle;\">\n<p align=\"CENTER\">1) <a href=\"https:\/\/platformaedukacji.pl\/panel\/login\/registered.php\" rel=\"nofollow\">registrer deg \/ betal p\u00e5 nettet <\/a><\/p>\n<p align=\"CENTER\">2) <a href=\"tel:48504477077\">Be om pris p\u00e5 tlf.<\/a><\/p>\n<p align=\"CENTER\">3) <span class=\"kontakttel\">Be om telefonkontakt<\/span><\/p>\n<\/td>\n<\/tr>\n<tr>\n<td width=\"470\"><span style=\"color: #000000;\"><span style=\"text-decoration: underline;\">Spesialkurs for gaffeltrucker <\/span>- gaffeltrucker med hevbar f\u00f8rerhytte - kat. IWJO<\/span><\/td>\n<\/tr>\n<tr>\n<td bgcolor=\"#bae8ff\" width=\"470\"><span style=\"color: #000000;\"><span style=\"text-decoration: underline;\"><a href=\"https:\/\/szkolenia-udt.pl\/nb\/kursy\/uprawnienia-udt-tdt-wdt\/ladowarki-teleskopowe\/\">Kurs for teleskoplaster<\/a><\/span> - kvalifikasjon som f\u00f8rer av teleskoplaster (spesialisert gaffeltruck med variabel rekkevidde) - kategori.<\/span><\/td>\n<\/tr>\n<tr>\n<td width=\"470\"><span style=\"color: #000000;\"><span style=\"text-decoration: underline;\"><a href=\"https:\/\/szkolenia-udt.pl\/nb\/kursy\/podesty-ruchome\/\">Kurs i drift av mobile plattformer<\/a><\/span> - mobil fritt bevegelig: saks, artikulert, teleskopisk, mobil - kat IP<\/span><\/td>\n<\/tr>\n<tr>\n<td bgcolor=\"#bae8ff\" width=\"470\"><span style=\"color: #000000;\"><span style=\"text-decoration: underline;\">Kurs for operat\u00f8rer av personl\u00f8ftere<\/span> \u2013 <a href=\"https:\/\/szkolenia-udt.pl\/nb\/kursy\/podesty-ruchome\/obsluga-podestow-ruchomych\/\">drift av mobile plattformer<\/a> kj\u00f8ret\u00f8ymontert - kat IP<\/span><\/td>\n<\/tr>\n<tr>\n<td width=\"470\"><span style=\"color: #000000;\"><span style=\"text-decoration: underline;\">Hengende, mast, stasjon\u00e6re plattformer kurs<\/span> - ikke utgj\u00f8r en prosesslinje - CAT IIP<\/span><\/td>\n<\/tr>\n<tr>\n<td bgcolor=\"#bae8ff\" width=\"470\"><span style=\"color: #000000;\"><span style=\"text-decoration: underline;\">HDS-kranf\u00f8rerkurs<\/span> - drift av mobilkraner og mobilkraner montert p\u00e5 understell av typen HDS - kategori II\u00af<\/span><\/td>\n<\/tr>\n<tr>\n<td width=\"470\"><span style=\"color: #000000;\"><span style=\"text-decoration: underline;\"><a href=\"https:\/\/szkolenia-udt.pl\/nb\/kursy\/suwnice\/\">Kurs i bruk av traverskraner<\/a> og taljer og vinsjer<\/span> - kontrollert fra arbeidsniv\u00e5et - kategori IIS<\/span><\/td>\n<\/tr>\n<tr>\n<td bgcolor=\"#bae8ff\" width=\"470\"><span style=\"color: #000000;\"><span style=\"text-decoration: underline;\">Kurs i bruk av talje og vinsj<\/span> - operat\u00f8rsertifikat for taljer og vinsjer som styres fra arbeidsniv\u00e5et, inkludert en tr\u00e5dl\u00f8s kat IIW<\/span><\/td>\n<\/tr>\n<tr>\n<td width=\"470\"><span style=\"color: #000000;\"><span style=\"text-decoration: underline;\">Kurs i betjening av stasjon\u00e6re kraner<\/span> - rettighet for operat\u00f8r av stasjon\u00e6r kran - verkstedkategori II\u00af<\/span><\/td>\n<\/tr>\n<tr>\n<td bgcolor=\"#bae8ff\" width=\"470\"><span style=\"color: #000000;\"><span style=\"text-decoration: underline;\">Kurs i betjening av kraner for gods og passasjerer<\/span> - drift av vareheiser med internkontroll og sykehus- eller byggekraner med unders\u00f8kelse f\u00f8r UDT - ID- og IID-rettigheter.<\/span><\/td>\n<\/tr>\n<tr>\n<td width=\"470\"><span style=\"color: #000000;\"><span style=\"text-decoration: underline;\">Kurs for mobilkranf\u00f8rere<\/span> - drift av lastebilmonterte mobilkraner<\/span><\/td>\n<\/tr>\n<tr>\n<td bgcolor=\"#bae8ff\" width=\"470\"><span style=\"color: #000000;\"><span style=\"text-decoration: underline;\">Kurs for h\u00f8yhastighetskranf\u00f8rere <\/span>- IZ-klassifisering for operat\u00f8r av tr\u00e5dl\u00f8st kontrollerte kraner<\/span><\/td>\n<\/tr>\n<tr>\n<td width=\"470\"><span style=\"color: #000000;\"><span style=\"text-decoration: underline;\">Kurs for t\u00e5rnkranf\u00f8rere<\/span> - IZ-rett til \u00e5 betjene alle typer t\u00e5rnkraner (forsikringskostnader inkludert i prisen for de praktiske klassene).<\/span><\/td>\n<\/tr>\n<tr>\n<td bgcolor=\"#bae8ff\" width=\"470\"><span style=\"color: #000000;\"><span style=\"text-decoration: underline;\">Vedlikeholdskurs<\/span> - UDT-autorisasjoner for vedlikehold, reparasjon og service av materialh\u00e5ndteringsutstyr som er underlagt teknisk kontroll, f.eks. gaffeltrucker, kraner, traverskraner, mobile plattformer og andre.<\/span><\/td>\n<\/tr>\n<\/tbody>\n<\/table>","protected":false},"excerpt":{"rendered":"<p>Kurs na w\u00f3zki wid\u0142owe podno\u015bnikowe z wymian\u0105 butli gazowych LPG &#8211; kat. IIWJO 1) zapisz si\u0119 \/ zap\u0142a\u0107 on-lin 2) zapytaj o cen\u0119 tel na infolinii 3) Popro\u015b o kontakt telefoniczny Kurs na w\u00f3zki wid\u0142owe specjalizowane &#8211; w\u00f3zki wid\u0142owe z kabin\u0105 unosz\u0105c\u0105 operatora &#8211; kat. IWJO Kurs na \u0142adowarki teleskopowe &#8211; uprawnienia na operatora \u0142adowarek [&hellip;]<\/p>\n","protected":false},"author":3,"featured_media":0,"parent":0,"menu_order":4,"comment_status":"closed","ping_status":"closed","template":"","meta":{"footnotes":""},"class_list":["post-1053","page","type-page","status-publish","hentry"],"aioseo_notices":[],"_links":{"self":[{"href":"https:\/\/szkolenia-udt.pl\/nb\/wp-json\/wp\/v2\/pages\/1053","targetHints":{"allow":["GET"]}}],"collection":[{"href":"https:\/\/szkolenia-udt.pl\/nb\/wp-json\/wp\/v2\/pages"}],"about":[{"href":"https:\/\/szkolenia-udt.pl\/nb\/wp-json\/wp\/v2\/types\/page"}],"author":[{"embeddable":true,"href":"https:\/\/szkolenia-udt.pl\/nb\/wp-json\/wp\/v2\/users\/3"}],"replies":[{"embeddable":true,"href":"https:\/\/szkolenia-udt.pl\/nb\/wp-json\/wp\/v2\/comments?post=1053"}],"version-history":[{"count":18,"href":"https:\/\/szkolenia-udt.pl\/nb\/wp-json\/wp\/v2\/pages\/1053\/revisions"}],"predecessor-version":[{"id":2162,"href":"https:\/\/szkolenia-udt.pl\/nb\/wp-json\/wp\/v2\/pages\/1053\/revisions\/2162"}],"wp:attachment":[{"href":"https:\/\/szkolenia-udt.pl\/nb\/wp-json\/wp\/v2\/media?parent=1053"}],"curies":[{"name":"wp","href":"https:\/\/api.w.org\/{rel}","templated":true}]}}