{"id":1116,"date":"2014-11-12T14:32:56","date_gmt":"2014-11-12T14:32:56","guid":{"rendered":"http:\/\/szkolenia-udt.pl\/?page_id=1116"},"modified":"2023-03-13T16:19:25","modified_gmt":"2023-03-13T15:19:25","slug":"hds","status":"publish","type":"page","link":"https:\/\/szkolenia-udt.pl\/nb\/kursy\/hds\/","title":{"rendered":"HDS-kraner"},"content":{"rendered":"<h2>HDS-kurs i taljer - Warszawa og hele Polen<\/h2>\n<div style=\"float: left; padding-right: 10px;\"><div id=\"metaslider-id-1367\" style=\"max-width: 300px;\" class=\"ml-slider-3-108-0 metaslider metaslider-flex metaslider-1367 ml-slider ms-theme-default nav-hidden\" role=\"region\" aria-label=\"kraner hds2\" data-height=\"225\" data-width=\"300\">\n    <div id=\"metaslider_container_1367\">\n        <div id=\"metaslider_1367\">\n            <ul class='slides'>\n                <li style=\"display: block; width: 100%;\" class=\"slide-1362 ms-image\" aria-roledescription=\"slide\" data-date=\"2015-07-10 10:33:37\" data-filename=\"reshds_wywrotka-dwustronna-zuraw.jpg\" data-slide-type=\"image\"><img loading=\"lazy\" decoding=\"async\" src=\"https:\/\/szkolenia-udt.pl\/wp-content\/uploads\/2015\/07\/reshds_wywrotka-dwustronna-zuraw.jpg\" height=\"225\" width=\"300\" alt=\"\" class=\"slider-1367 slide-1362 msDefaultImage\" \/><\/li>\n                <li style=\"display: none; width: 100%;\" class=\"slide-1364 ms-image\" aria-roledescription=\"slide\" data-date=\"2015-07-10 10:33:40\" data-filename=\"reshds_wywrotka-trojstronna-zuraw.jpg\" data-slide-type=\"image\"><img loading=\"lazy\" decoding=\"async\" src=\"https:\/\/szkolenia-udt.pl\/wp-content\/uploads\/2015\/07\/reshds_wywrotka-trojstronna-zuraw.jpg\" height=\"225\" width=\"300\" alt=\"\" class=\"slider-1367 slide-1364 msDefaultImage\" \/><\/li>\n                <li style=\"display: none; width: 100%;\" class=\"slide-1365 ms-image\" aria-roledescription=\"slide\" data-date=\"2015-07-10 10:33:41\" data-filename=\"reshds_zabudowa_skrzyniowa_z_zurawiem_hydraulicznym_VOLVO_6x2_2.jpg\" data-slide-type=\"image\"><img loading=\"lazy\" decoding=\"async\" src=\"https:\/\/szkolenia-udt.pl\/wp-content\/uploads\/2015\/07\/reshds_zabudowa_skrzyniowa_z_zurawiem_hydraulicznym_VOLVO_6x2_2.jpg\" height=\"225\" width=\"300\" alt=\"\" class=\"slider-1367 slide-1365 msDefaultImage\" \/><\/li>\n                <li style=\"display: none; width: 100%;\" class=\"slide-1363 ms-image\" aria-roledescription=\"slide\" data-date=\"2015-07-10 10:33:39\" data-filename=\"reshds_wywrotka-trojstronna-boczna-burta-zuraw.jpg\" data-slide-type=\"image\"><img loading=\"lazy\" decoding=\"async\" src=\"https:\/\/szkolenia-udt.pl\/wp-content\/uploads\/2015\/07\/reshds_wywrotka-trojstronna-boczna-burta-zuraw.jpg\" height=\"225\" width=\"300\" alt=\"\" class=\"slider-1367 slide-1363 msDefaultImage\" \/><\/li>\n                <li style=\"display: none; width: 100%;\" class=\"slide-1361 ms-image\" aria-roledescription=\"slide\" data-date=\"2015-07-10 10:33:36\" data-filename=\"reshds_wywrotka_trojstronna_W3F_Volvo_6x4_2.jpg\" data-slide-type=\"image\"><img loading=\"lazy\" decoding=\"async\" src=\"https:\/\/szkolenia-udt.pl\/wp-content\/uploads\/2015\/07\/reshds_wywrotka_trojstronna_W3F_Volvo_6x4_2.jpg\" height=\"225\" width=\"300\" alt=\"\" class=\"slider-1367 slide-1361 msDefaultImage\" \/><\/li>\n            <\/ul>\n        <\/div>\n        \n    <\/div>\n<\/div><\/div>\n<div class=\"wyjustuj\">\n<p><a href=\"https:\/\/szkolenia-udt.pl\/nb\/o-firmie\/\">CSO Operat\u00f8roppl\u00e6ringssenter<\/a> inviterer til HDS-kurs - p\u00e5 den hydrauliske lastebilkranen. Med dette kurset kan du f\u00e5 HDS-kj\u00f8ret\u00f8ysbeviset du trenger for \u00e5 jobbe som hydraulisk lastebilkranf\u00f8rer. P\u00e5 v\u00e5rt senter kan du tilegne deg ferdigheter og kunnskap fra spesialister p\u00e5 ditt felt. HDS-kursene v\u00e5re holdes over hele Polen - i hovedavdelingen i Warszawa, i feltavdelinger og med drive-in til kunder i \u00e5pen og lukket form. Ved \u00e5 velge v\u00e5rt HDS-kurs, <a href=\"https:\/\/szkolenia-udt.pl\/nb\/oferta\/\">pris<\/a> vil helt sikkert tilfredsstille deg ogs\u00e5! Hydrauliske lastebilkraner brukes ofte til laste- og lossearbeid. Ettersom de er montert p\u00e5 biltilhengere, kan lastene h\u00e5ndteres med dem uten ekstra utstyr. Lastebilkraner l\u00f8fter laster p\u00e5 opptil flere titalls tonn. For \u00e5 kunne bruke utstyret kreves det en HDS-lisens, som utstedes av Kontoret for teknisk inspeksjon etter best\u00e5tt eksamen.<br \/>\n<div style=\"width: 640px;\" class=\"wp-video\"><video id=\"video-1116-1\" width=\"640\" height=\"360\" poster=\"https:\/\/szkolenia-udt.pl\/wp-content\/uploads\/2023\/03\/okladka-hds-SZKOLENIA-UDT.PL-OSO-1.jpg\" preload=\"metadata\" controls=\"controls\"><source type=\"video\/mp4\" src=\"https:\/\/szkolenia-udt.pl\/wp-content\/uploads\/2023\/03\/ZURAW-PRZENOSNY-SZKOLENIA-UDT.pl-OSO.mp4?_=1\" \/><a href=\"https:\/\/szkolenia-udt.pl\/wp-content\/uploads\/2023\/03\/ZURAW-PRZENOSNY-SZKOLENIA-UDT.pl-OSO.mp4\">https:\/\/szkolenia-udt.pl\/wp-content\/uploads\/2023\/03\/ZURAW-PRZENOSNY-SZKOLENIA-UDT.pl-OSO.mp4<\/a><\/video><\/div>\n<h2 class=\"boldnagl\"><strong>Form\u00e5let med oppl\u00e6ringen<\/strong><\/h2>\n<p>Kurset gj\u00f8r det mulig for deltakeren \u00e5 f\u00e5 HDS-lisens. Dette gir rett til \u00e5 utf\u00f8re aktiviteter som \u00e5 betjene HDS - hydrauliske lastebilkraner. P\u00e5 senteret v\u00e5rt s\u00f8rger vi for utdanning av h\u00f8yeste kvalitet, og ved \u00e5 velge v\u00e5rt HDS-kurs (Warszawa og over hele landet) kan du enkelt f\u00e5 de n\u00f8dvendige HDS-autorisasjonene for \u00e5 jobbe som operat\u00f8r.<\/p>\n<h3 class=\"boldnagl\"><strong>Program<\/strong><\/h3>\n<p>Hvert HDS-kurs er utformet p\u00e5 grunnlag av kravene fra Office of Technical Inspection og gjeldende lovgivning. Vi er opptatt av at deltakerne p\u00e5 kurset ikke bare skal f\u00e5 en innf\u00f8ring i de viktigste forskriftene og reglene for kranoperasjoner, men at de ogs\u00e5 skal forberedes p\u00e5 jobben - p\u00e5 hverdagslige oppgaver og uforutsette situasjoner.<\/p>\n<p>Aktivitetsprogrammet omfatter blant annet<\/p>\n<ul>\n<li>informasjon om teknisk tilsyn<\/li>\n<li>konstruksjon av hydrauliske lastebilkraner<\/li>\n<li>grunnleggende informasjon om hvordan utstyret fungerer<\/li>\n<li>utstyrsoperat\u00f8rens ansvarsomr\u00e5der<\/li>\n<li>Helse og sikkerhet for HDS-operat\u00f8ren<\/li>\n<li>praktisk undervisning p\u00e5 utstyr<\/li>\n<\/ul>\n<p>Studentene som tar kurset, f\u00e5r alt n\u00f8dvendig studiemateriell med en liste over emner som skal opp til eksamen f\u00f8r UDT-styret.<\/p>\n<div class=\"filmw\">\n<div class=\"responsive-youtube\"><iframe loading=\"lazy\" title=\"YouTube-videospiller\" src=\"https:\/\/www.youtube.com\/embed\/UuGP6OQhl40\" width=\"560\" height=\"315\" frameborder=\"0\" allowfullscreen=\"allowfullscreen\"><\/iframe><\/div>\n<\/div>\n<h3 class=\"boldnagl\"><strong>HDS - Rettigheter<\/strong><\/h3>\n<p>Pr\u00f8ven som ligger til grunn for tildeling av UDT-lisens, gjennomf\u00f8res av inspekt\u00f8rer som er delegert av Office of Technical Inspection. Det er en eksamen som tester b\u00e5de kunnskaper og ferdigheter i \u00e5 betjene utstyret. Ved best\u00e5tt eksamen f\u00e5r aspiranten et sertifikat og autorisasjoner. Disse autorisasjonene gir rett til \u00e5 betjene alle typer HDS-mobilkraner av alle fabrikater og for alle bruksomr\u00e5der. Det er ogs\u00e5 mulig \u00e5 utstede dokumenter p\u00e5 fremmedspr\u00e5k.<\/p>\n<h2 class=\"boldnagl\"><strong>Krav<\/strong><\/h2>\n<p>Den fremtidige HDS-operat\u00f8ren b\u00f8r oppfylle f\u00f8lgende krav:<\/p>\n<ul>\n<li>minst 18 \u00e5r gammel<\/li>\n<li>minst grunnskoleutdanning<\/li>\n<li>ingen kontraindikasjon for \u00e5 jobbe som operat\u00f8r, attestert av lege<\/li>\n<\/ul>\n<div style=\"float: right; padding-left: 10px;\"><div id=\"metaslider-id-1366\" style=\"max-width: 300px;\" class=\"ml-slider-3-108-0 metaslider metaslider-flex metaslider-1366 ml-slider ms-theme-default nav-hidden nav-hidden\" role=\"region\" aria-label=\"kraner hds1\" data-height=\"225\" data-width=\"300\">\n    <div id=\"metaslider_container_1366\">\n        <div id=\"metaslider_1366\">\n            <ul class='slides'>\n                <li style=\"display: block; width: 100%;\" class=\"slide-1358 ms-image\" aria-roledescription=\"slide\" data-date=\"2015-07-10 10:33:34\" data-filename=\"reshds_wywrotka_trojstronna_W3F_4x2_1.jpg\" data-slide-type=\"image\"><img loading=\"lazy\" decoding=\"async\" src=\"https:\/\/szkolenia-udt.pl\/wp-content\/uploads\/2015\/07\/reshds_wywrotka_trojstronna_W3F_4x2_1.jpg\" height=\"225\" width=\"300\" alt=\"\" class=\"slider-1366 slide-1358 msDefaultImage\" \/><\/li>\n                <li style=\"display: none; width: 100%;\" class=\"slide-1356 ms-image\" aria-roledescription=\"slide\" data-date=\"2015-07-10 10:33:31\" data-filename=\"reshds_kipper_zuraw_hydrauliczny_10.jpg\" data-slide-type=\"image\"><img loading=\"lazy\" decoding=\"async\" src=\"https:\/\/szkolenia-udt.pl\/wp-content\/uploads\/2015\/07\/reshds_kipper_zuraw_hydrauliczny_10.jpg\" height=\"225\" width=\"300\" alt=\"\" class=\"slider-1366 slide-1356 msDefaultImage\" \/><\/li>\n                <li style=\"display: none; width: 100%;\" class=\"slide-1357 ms-image\" aria-roledescription=\"slide\" data-date=\"2015-07-10 10:33:32\" data-filename=\"reshds_man__crane_hiab_071_14_224_hds_2001_1_lgw.jpg\" data-slide-type=\"image\"><img loading=\"lazy\" decoding=\"async\" src=\"https:\/\/szkolenia-udt.pl\/wp-content\/uploads\/2015\/07\/reshds_man__crane_hiab_071_14_224_hds_2001_1_lgw.jpg\" height=\"225\" width=\"300\" alt=\"\" class=\"slider-1366 slide-1357 msDefaultImage\" \/><\/li>\n                <li style=\"display: none; width: 100%;\" class=\"slide-1359 ms-image\" aria-roledescription=\"slide\" data-date=\"2015-07-10 10:33:34\" data-filename=\"reshds_Wywrotka_trojstronna_W3F_IVECO_4x2.jpg\" data-slide-type=\"image\"><img loading=\"lazy\" decoding=\"async\" src=\"https:\/\/szkolenia-udt.pl\/wp-content\/uploads\/2015\/07\/reshds_Wywrotka_trojstronna_W3F_IVECO_4x2.jpg\" height=\"225\" width=\"300\" alt=\"\" class=\"slider-1366 slide-1359 msDefaultImage\" \/><\/li>\n                <li style=\"display: none; width: 100%;\" class=\"slide-1360 ms-image\" aria-roledescription=\"slide\" data-date=\"2015-07-10 10:33:35\" data-filename=\"reshds_Wywrotka_trojstronna_W3F_Mercedes_4x2_zuraw_2.jpg\" data-slide-type=\"image\"><img loading=\"lazy\" decoding=\"async\" src=\"https:\/\/szkolenia-udt.pl\/wp-content\/uploads\/2015\/07\/reshds_Wywrotka_trojstronna_W3F_Mercedes_4x2_zuraw_2.jpg\" height=\"225\" width=\"300\" alt=\"\" class=\"slider-1366 slide-1360 msDefaultImage\" \/><\/li>\n            <\/ul>\n        <\/div>\n        \n    <\/div>\n<\/div><\/div>\n<h2 class=\"boldnagl\"><strong>Pris<\/strong><\/h2>\n<p>Hvis du \u00f8nsker \u00e5 melde deg p\u00e5 et HDS-kurs, vil prisen p\u00e5 v\u00e5rt senter helt sikkert tilfredsstille deg. Du kan se de aktuelle kostnadene p\u00e5 nettstedet v\u00e5rt. Prisen avhenger av antall deltakere. Vi har attraktive rabatter for st\u00f8rre grupper.<\/p>\n<h3 class=\"boldnagl\"><strong>Undervisningssted<\/strong><\/h3>\n<p>Vi gjennomf\u00f8rer undervisningen p\u00e5 f\u00f8lgende steder: Warszawa, Kr\u00f3l\u00f3w Polskich-gaten 8, v\u00e5re regionale filialer og i hele Polen med reise til kunden. P\u00e5 nettstedet v\u00e5rt finner du allerede informasjon om de \u00e5pne kursene som for \u00f8yeblikket er tilgjengelige for alle interesserte. N\u00e5r det gjelder lukkede kurs <a href=\"https:\/\/szkolenia-udt.pl\/nb\/kontakt\/\">vennligst kontakt<\/a> ta kontakt med senteret v\u00e5rt - vi utarbeider et individuelt tilbud til deg.<\/p>\n<p>Hvis du har sp\u00f8rsm\u00e5l om kursene v\u00e5re, er vi alltid tilgjengelige. Ta gjerne kontakt med oss p\u00e5 telefon eller e-post, eller kom innom senteret v\u00e5rt, s\u00e5 vil v\u00e5re medarbeidere gi deg et tilbud og utarbeide et oppl\u00e6ringstilbud.<\/p>\n<p>OSO Operator Training Centre inviterer deg til \u00e5 delta p\u00e5 HDS-oppl\u00e6ringskurs i Warszawa og i hele Polen!<\/p>\n<\/div>","protected":false},"excerpt":{"rendered":"<p>Kursy podno\u015bniki HDS &#8211; Warszawa i ca\u0142a Polska O\u015brodek Szkolenia Operator\u00f3w OSO zaprasza na kurs HDS \u2013 na hydrauliczny d\u017awig samochodowy. Dzi\u0119ki niemu mog\u0105 uzyska\u0107 Pa\u0144stwo uprawnienia HDS potrzebne do pracy na stanowisku operatora hydraulicznych d\u017awig\u00f3w samochodowych. W naszym O\u015brodku mog\u0105 Pa\u0144stwo zdoby\u0107 umiej\u0119tno\u015bci i wiedz\u0119 od specjalist\u00f3w w swojej dziedzinie. Nasze kursy HDS prowadzimy [&hellip;]<\/p>\n","protected":false},"author":3,"featured_media":3425,"parent":22,"menu_order":20,"comment_status":"closed","ping_status":"closed","template":"","meta":{"footnotes":""},"class_list":["post-1116","page","type-page","status-publish","has-post-thumbnail","hentry"],"aioseo_notices":[],"_links":{"self":[{"href":"https:\/\/szkolenia-udt.pl\/nb\/wp-json\/wp\/v2\/pages\/1116","targetHints":{"allow":["GET"]}}],"collection":[{"href":"https:\/\/szkolenia-udt.pl\/nb\/wp-json\/wp\/v2\/pages"}],"about":[{"href":"https:\/\/szkolenia-udt.pl\/nb\/wp-json\/wp\/v2\/types\/page"}],"author":[{"embeddable":true,"href":"https:\/\/szkolenia-udt.pl\/nb\/wp-json\/wp\/v2\/users\/3"}],"replies":[{"embeddable":true,"href":"https:\/\/szkolenia-udt.pl\/nb\/wp-json\/wp\/v2\/comments?post=1116"}],"version-history":[{"count":11,"href":"https:\/\/szkolenia-udt.pl\/nb\/wp-json\/wp\/v2\/pages\/1116\/revisions"}],"predecessor-version":[{"id":4513,"href":"https:\/\/szkolenia-udt.pl\/nb\/wp-json\/wp\/v2\/pages\/1116\/revisions\/4513"}],"up":[{"embeddable":true,"href":"https:\/\/szkolenia-udt.pl\/nb\/wp-json\/wp\/v2\/pages\/22"}],"wp:featuredmedia":[{"embeddable":true,"href":"https:\/\/szkolenia-udt.pl\/nb\/wp-json\/wp\/v2\/media\/3425"}],"wp:attachment":[{"href":"https:\/\/szkolenia-udt.pl\/nb\/wp-json\/wp\/v2\/media?parent=1116"}],"curies":[{"name":"wp","href":"https:\/\/api.w.org\/{rel}","templated":true}]}}