{"id":1120,"date":"2014-11-12T14:41:09","date_gmt":"2014-11-12T14:41:09","guid":{"rendered":"http:\/\/szkolenia-udt.pl\/?page_id=1120"},"modified":"2021-06-27T22:22:51","modified_gmt":"2021-06-27T22:22:51","slug":"grunnleggende-informasjon-om-hds-kraner","status":"publish","type":"page","link":"https:\/\/szkolenia-udt.pl\/nb\/kursy\/hds\/podstawowe-informacje-o-zurawiach-hds\/","title":{"rendered":"Grunnleggende informasjon om HDS-kraner"},"content":{"rendered":"<div style=\"float: right; padding-right: 10px;\"><div id=\"metaslider-id-419\" style=\"max-width: 300px;\" class=\"ml-slider-3-108-0 metaslider metaslider-flex metaslider-419 ml-slider ms-theme-default nav-hidden\" role=\"region\" aria-label=\"Mobile plattformer2\" data-height=\"225\" data-width=\"300\">\n    <div id=\"metaslider_container_419\">\n        <div id=\"metaslider_419\">\n            <ul class='slides'>\n                <li style=\"display: block; width: 100%;\" class=\"slide-1191 ms-image\" aria-roledescription=\"slide\" data-date=\"2014-11-17 19:52:58\" data-filename=\"podesty4a.jpg\" data-slide-type=\"image\"><img loading=\"lazy\" decoding=\"async\" src=\"https:\/\/szkolenia-udt.pl\/wp-content\/uploads\/2014\/11\/podesty4a.jpg\" height=\"225\" width=\"300\" alt=\"mobile plattformer\" class=\"slider-419 slide-1191 msDefaultImage\" \/><\/li>\n                <li style=\"display: none; width: 100%;\" class=\"slide-1192 ms-image\" aria-roledescription=\"slide\" data-date=\"2014-11-17 19:52:59\" data-filename=\"podesty5a.jpg\" data-slide-type=\"image\"><img loading=\"lazy\" decoding=\"async\" src=\"https:\/\/szkolenia-udt.pl\/wp-content\/uploads\/2014\/11\/podesty5a.jpg\" height=\"225\" width=\"300\" alt=\"udt-oppl\u00e6ring\" class=\"slider-419 slide-1192 msDefaultImage\" \/><\/li>\n                <li style=\"display: none; width: 100%;\" class=\"slide-1189 ms-image\" aria-roledescription=\"slide\" data-date=\"2014-11-17 19:52:57\" data-filename=\"podesty2a.jpg\" data-slide-type=\"image\"><img loading=\"lazy\" decoding=\"async\" src=\"https:\/\/szkolenia-udt.pl\/wp-content\/uploads\/2014\/11\/podesty2a.jpg\" height=\"225\" width=\"300\" alt=\"kurvheiser warszawa\" class=\"slider-419 slide-1189 msDefaultImage\" \/><\/li>\n                <li style=\"display: none; width: 100%;\" class=\"slide-1190 ms-image\" aria-roledescription=\"slide\" data-date=\"2014-11-17 19:52:57\" data-filename=\"podesty3a.jpg\" data-slide-type=\"image\"><img loading=\"lazy\" decoding=\"async\" src=\"https:\/\/szkolenia-udt.pl\/wp-content\/uploads\/2014\/11\/podesty3a.jpg\" height=\"225\" width=\"300\" alt=\"oppl\u00e6ring warszawa\" class=\"slider-419 slide-1190 msDefaultImage\" \/><\/li>\n                <li style=\"display: none; width: 100%;\" class=\"slide-1188 ms-image\" aria-roledescription=\"slide\" data-date=\"2014-11-17 19:52:56\" data-filename=\"podesty1a.jpg\" data-slide-type=\"image\"><img loading=\"lazy\" decoding=\"async\" src=\"https:\/\/szkolenia-udt.pl\/wp-content\/uploads\/2014\/11\/podesty1a.jpg\" height=\"225\" width=\"300\" alt=\"\" class=\"slider-419 slide-1188 msDefaultImage\" \/><\/li>\n            <\/ul>\n        <\/div>\n        \n    <\/div>\n<\/div><\/div>\n<div class=\"wyjustuj\">\n<p>Kraner er innretninger som er konstruert for \u00e5 laste og losse materialer. De inkluderer, men er ikke begrenset til: vinsjer, taljer, kraner, traverskraner og annet utstyr. En viktig gruppe kraner er kraner, som ogs\u00e5 omfatter kraner av HDS-typen - hydrauliske lastebilmonterte kraner - h\u00e5ndteringskraner, hvis drift krever registrering i en <a href=\"https:\/\/szkolenia-udt.pl\/nb\/kursy\/hds\/\">HDS-kurs<\/a>. N\u00e5r du har best\u00e5tt eksamen for UDT-kommisjonen, f\u00e5r du HDS-lisensen.<\/p>\n<h2 class=\"boldnagl\"><strong>Hva er en h\u00e5ndteringskran?<\/strong><\/h2>\n<p>En HDS - dockside kran er en motordrevet kran som er konstruert av en s\u00f8yle som roterer p\u00e5 en base og et jibbsystem som sitter p\u00e5 toppen av s\u00f8ylen. Omlastingskraner er montert p\u00e5 kj\u00f8ret\u00f8y eller tilhengere og er konstruert for \u00e5 utf\u00f8re laste- og h\u00e5ndteringsoperasjoner.<\/p>\n<p>HDS-h\u00e5ndteringskraner er klassifisert som mobilkraner og er underlagt regelverket til Kontoret for teknisk inspeksjon.<\/p>\n<h2 class=\"boldnagl\"><strong>Fordeling av HDS-strukturelle dokkingkraner<\/strong><\/h2>\n<p>HDS-h\u00e5ndteringskraner er delt inn i f\u00f8lgende:<\/p>\n<ul>\n<li>universalkraner, der konstruksjonen er stivt montert p\u00e5 kj\u00f8ret\u00f8yets chassis, og bommen arbeider horisontalt, roterer og varierer rekkevidden, og vertikalt, l\u00f8fter og senker laster.<\/li>\n<li>t\u00f8mmerlastekraner - er utstyrt med spesielle gripere i stedet for kroker, noe som gj\u00f8r det mulig \u00e5 l\u00f8fte t\u00f8mmeret<\/li>\n<li>Lastekraner montert p\u00e5 kj\u00f8ret\u00f8y bak f\u00f8rerhuset<\/li>\n<li>Kj\u00f8ret\u00f8ymonterte bakmonterte lastekraner med lasteb\u00e6rer<\/li>\n<li>lastekraner montert i midten av kj\u00f8ret\u00f8yet<\/li>\n<\/ul>\n<div style=\"float: left; padding-right: 10px;\"><div id=\"metaslider-id-684\" style=\"max-width: 300px;\" class=\"ml-slider-3-108-0 metaslider metaslider-flex metaslider-684 ml-slider ms-theme-default nav-hidden nav-hidden\" role=\"region\" aria-label=\"Manipuleringsutstyr\" data-height=\"225\" data-width=\"300\">\n    <div id=\"metaslider_container_684\">\n        <div id=\"metaslider_684\">\n            <ul class='slides'>\n                <li style=\"display: block; width: 100%;\" class=\"slide-686 ms-image\" aria-roledescription=\"slide\" data-date=\"2014-10-12 11:03:24\" data-filename=\"O\u015brodek-szkolenia-operator\u00f3w.jpg\" data-slide-type=\"image\"><img loading=\"lazy\" decoding=\"async\" src=\"https:\/\/szkolenia-udt.pl\/wp-content\/uploads\/2014\/10\/O\u015brodek-szkolenia-operator\u00f3w.jpg\" height=\"225\" width=\"300\" alt=\"\" class=\"slider-684 slide-686 msDefaultImage\" \/><div class=\"caption-wrap\"><div class=\"caption\">Etikett<\/div><\/div><\/li>\n                <li style=\"display: none; width: 100%;\" class=\"slide-687 ms-image\" aria-roledescription=\"slide\" data-date=\"2014-10-12 11:03:26\" data-filename=\"szkolenia-urz\u0105dzenia-manipulacji-kontenerami.jpg\" data-slide-type=\"image\"><img loading=\"lazy\" decoding=\"async\" src=\"https:\/\/szkolenia-udt.pl\/wp-content\/uploads\/2014\/10\/szkolenia-urz\u0105dzenia-manipulacji-kontenerami.jpg\" height=\"225\" width=\"300\" alt=\"Kurs i containerh\u00e5ndteringsutstyr\" class=\"slider-684 slide-687 msDefaultImage\" \/><\/li>\n                <li style=\"display: none; width: 100%;\" class=\"slide-685 ms-image\" aria-roledescription=\"slide\" data-date=\"2014-10-12 11:03:23\" data-filename=\"Kursy-urz\u0105dzenia-manipulacji-kontenerami.jpg\" data-slide-type=\"image\"><img loading=\"lazy\" decoding=\"async\" src=\"https:\/\/szkolenia-udt.pl\/wp-content\/uploads\/2014\/10\/Kursy-urz\u0105dzenia-manipulacji-kontenerami.jpg\" height=\"225\" width=\"300\" alt=\"Oppl\u00e6ringssenter for operat\u00f8rer i Warszawa\" class=\"slider-684 slide-685 msDefaultImage\" \/><\/li>\n                <li style=\"display: none; width: 100%;\" class=\"slide-688 ms-image\" aria-roledescription=\"slide\" data-date=\"2014-10-12 11:03:26\" data-filename=\"Zdj\u0119cie-manipulacja-kontenerami.jpg\" data-slide-type=\"image\"><img loading=\"lazy\" decoding=\"async\" src=\"https:\/\/szkolenia-udt.pl\/wp-content\/uploads\/2014\/10\/Zdj\u0119cie-manipulacja-kontenerami.jpg\" height=\"225\" width=\"300\" alt=\"Utstyr for containerh\u00e5ndtering\" class=\"slider-684 slide-688 msDefaultImage\" \/><\/li>\n                <li style=\"display: none; width: 100%;\" class=\"slide-689 ms-image\" aria-roledescription=\"slide\" data-date=\"2014-10-12 11:03:44\" data-filename=\"Szkolenia-oraz-kursy-zdj\u0119cie.jpg\" data-slide-type=\"image\"><img loading=\"lazy\" decoding=\"async\" src=\"https:\/\/szkolenia-udt.pl\/wp-content\/uploads\/2014\/10\/Szkolenia-oraz-kursy-zdj\u0119cie.jpg\" height=\"225\" width=\"300\" alt=\"\" class=\"slider-684 slide-689 msDefaultImage\" \/><\/li>\n            <\/ul>\n        <\/div>\n        \n    <\/div>\n<\/div><\/div>\n<p><strong>Strukturelle komponenter i en HDS-mobilkran<\/strong><br \/>\nHavnekraner produseres av mange forskjellige merker og er derfor forskjellige med hensyn til hvilke komponenter som brukes i dem. Alle komponentene styres ved hjelp av et hydraulisk system. De standardiserte konstruksjonselementene i hver enkelt dokkingkran er:<\/p>\n<ul>\n<li>et sett med st\u00f8tter - for \u00e5 stabilisere enheten<\/li>\n<li>basissett - plassert i bunnen av kranen<\/li>\n<li>s\u00f8ylesett - vertikal del av kranen som er montert p\u00e5 understellet<\/li>\n<li>et sett med jibber - et justerbart element som lasten er festet til<\/li>\n<\/ul>\n<p>Hvis du er interessert i \u00e5 skaffe deg et HDS-sertifikat, kan du bes\u00f8ke v\u00e5rt <a href=\"https:\/\/szkolenia-udt.pl\/nb\/o-firmie\/\">sentrum<\/a> for HDS-kurset!<\/p>\n<\/div>","protected":false},"excerpt":{"rendered":"<p>D\u017awignice to urz\u0105dzenia, kt\u00f3re przeznaczone s\u0105 do za\u0142adunku i roz\u0142adunku materia\u0142\u00f3w. Zalicza si\u0119 do nich mi\u0119dzy innymi: wci\u0105garki, wci\u0105gniki, d\u017awigi, suwnice i inne urz\u0105dzenia. Wa\u017cn\u0105 grup\u0105 d\u017awignic s\u0105 \u017curawie, do kt\u00f3rych zalicza si\u0119 r\u00f3wnie\u017c \u017curawie typu HDS \u2013 hydrauliczne d\u017awigi samochodowe \u2013 \u017curawie prze\u0142adunkowe, do kt\u00f3rych obs\u0142ugi potrzebne jest zapisanie si\u0119 na kurs HDS. Po [&hellip;]<\/p>\n","protected":false},"author":3,"featured_media":0,"parent":1116,"menu_order":0,"comment_status":"closed","ping_status":"closed","template":"","meta":{"footnotes":""},"class_list":["post-1120","page","type-page","status-publish","hentry"],"aioseo_notices":[],"_links":{"self":[{"href":"https:\/\/szkolenia-udt.pl\/nb\/wp-json\/wp\/v2\/pages\/1120","targetHints":{"allow":["GET"]}}],"collection":[{"href":"https:\/\/szkolenia-udt.pl\/nb\/wp-json\/wp\/v2\/pages"}],"about":[{"href":"https:\/\/szkolenia-udt.pl\/nb\/wp-json\/wp\/v2\/types\/page"}],"author":[{"embeddable":true,"href":"https:\/\/szkolenia-udt.pl\/nb\/wp-json\/wp\/v2\/users\/3"}],"replies":[{"embeddable":true,"href":"https:\/\/szkolenia-udt.pl\/nb\/wp-json\/wp\/v2\/comments?post=1120"}],"version-history":[{"count":4,"href":"https:\/\/szkolenia-udt.pl\/nb\/wp-json\/wp\/v2\/pages\/1120\/revisions"}],"predecessor-version":[{"id":2238,"href":"https:\/\/szkolenia-udt.pl\/nb\/wp-json\/wp\/v2\/pages\/1120\/revisions\/2238"}],"up":[{"embeddable":true,"href":"https:\/\/szkolenia-udt.pl\/nb\/wp-json\/wp\/v2\/pages\/1116"}],"wp:attachment":[{"href":"https:\/\/szkolenia-udt.pl\/nb\/wp-json\/wp\/v2\/media?parent=1120"}],"curies":[{"name":"wp","href":"https:\/\/api.w.org\/{rel}","templated":true}]}}