{"id":1127,"date":"2014-11-12T14:46:28","date_gmt":"2014-11-12T14:46:28","guid":{"rendered":"http:\/\/szkolenia-udt.pl\/?page_id=1127"},"modified":"2021-06-27T22:18:37","modified_gmt":"2021-06-27T22:18:37","slug":"forbudte-aktiviteter-ved-bruk-av-en-hd-lift-kran","status":"publish","type":"page","link":"https:\/\/szkolenia-udt.pl\/nb\/kursy\/hds\/czynnosci-zabronione-podczas-pracy-zurawiem-przeladunkowym-hds\/","title":{"rendered":"Forbudte aktiviteter ved arbeid med HDS-kraner"},"content":{"rendered":"<div style=\"float: left; padding-right: 10px;\"><div id=\"metaslider-id-408\" style=\"max-width: 300px;\" class=\"ml-slider-3-107-0 metaslider metaslider-flex metaslider-408 ml-slider ms-theme-default nav-hidden\" role=\"region\" aria-label=\"Mobile plattformer1\" data-height=\"225\" data-width=\"300\">\n    <div id=\"metaslider_container_408\">\n        <div id=\"metaslider_408\">\n            <ul class='slides'>\n                <li style=\"display: block; width: 100%;\" class=\"slide-540 ms-image\" aria-roledescription=\"slide\" data-date=\"2014-10-11 16:42:06\" data-filename=\"170AETJL_BI_NRJ_045.jpg\" data-slide-type=\"image\"><img loading=\"lazy\" decoding=\"async\" src=\"https:\/\/szkolenia-udt.pl\/wp-content\/uploads\/2014\/10\/170AETJL_BI_NRJ_045.jpg\" height=\"225\" width=\"300\" alt=\"Kurs og oppl\u00e6ring \" class=\"slider-408 slide-540 msDefaultImage\" \/><\/li>\n                <li style=\"display: none; width: 100%;\" class=\"slide-537 ms-image\" aria-roledescription=\"slide\" data-date=\"2014-10-11 16:38:05\" data-filename=\"3219.jpg\" data-slide-type=\"image\"><img loading=\"lazy\" decoding=\"async\" src=\"https:\/\/szkolenia-udt.pl\/wp-content\/uploads\/2014\/10\/3219.jpg\" height=\"225\" width=\"300\" alt=\"Kurs i mobil plattform\" class=\"slider-408 slide-537 msDefaultImage\" \/><\/li>\n                <li style=\"display: none; width: 100%;\" class=\"slide-1172 ms-image\" aria-roledescription=\"slide\" data-date=\"2014-11-17 19:01:41\" data-filename=\"78XE_003a.jpg\" data-slide-type=\"image\"><img loading=\"lazy\" decoding=\"async\" src=\"https:\/\/szkolenia-udt.pl\/wp-content\/uploads\/2014\/11\/78XE_003a.jpg\" height=\"225\" width=\"300\" alt=\"oppl\u00e6ring warszawa\" class=\"slider-408 slide-1172 msDefaultImage\" \/><\/li>\n                <li style=\"display: none; width: 100%;\" class=\"slide-1173 ms-image\" aria-roledescription=\"slide\" data-date=\"2014-11-17 19:01:41\" data-filename=\"80VJR_Evo_002a.jpg\" data-slide-type=\"image\"><img loading=\"lazy\" decoding=\"async\" src=\"https:\/\/szkolenia-udt.pl\/wp-content\/uploads\/2014\/11\/80VJR_Evo_002a.jpg\" height=\"225\" width=\"300\" alt=\"\" class=\"slider-408 slide-1173 msDefaultImage\" \/><\/li>\n                <li style=\"display: none; width: 100%;\" class=\"slide-1187 ms-image\" aria-roledescription=\"slide\" data-date=\"2014-11-17 19:45:05\" data-filename=\"60V_005a.jpg\" data-slide-type=\"image\"><img loading=\"lazy\" decoding=\"async\" src=\"https:\/\/szkolenia-udt.pl\/wp-content\/uploads\/2014\/11\/60V_005a.jpg\" height=\"225\" width=\"300\" alt=\"heiser\" class=\"slider-408 slide-1187 msDefaultImage\" \/><\/li>\n            <\/ul>\n        <\/div>\n        \n    <\/div>\n<\/div><\/div>\n<div class=\"wyjustuj\">\n<p>F\u00f8reren av en HDS-h\u00e5ndteringskran b\u00f8r v\u00e6re oppmerksom p\u00e5 sikkerhetskrav og helse- og sikkerhetsforskrifter under arbeidet. P\u00e5 denne m\u00e5ten kan han eller hun forhindre ulykker under arbeidet, noe som kan utgj\u00f8re en risiko b\u00e5de for ham eller henne selv og for omgivelsene - last, bygninger og andre personer i arbeidsomr\u00e5det til utstyret. Ved \u00e5 bes\u00f8ke <a href=\"https:\/\/szkolenia-udt.pl\/nb\/kursy\/hds\/\">HDS-kurs<\/a>Deltakeren f\u00e5r alltid tilstrekkelig kunnskap om sikker bruk av kranen, noe som er grunnlaget for \u00e5 f\u00e5 HDS-lisens under eksamenen f\u00f8r UDT-kommisjonen.<\/p>\n<p><strong>Aktiviteter som ikke m\u00e5 utf\u00f8res n\u00e5r du arbeider med en lastekran:<\/strong><\/p>\n<ul>\n<li>l\u00f8fting av last med ukjente parametere, inkludert l\u00f8fting av last uten kjennskap til vekten og last som overskrider utstyrets tillatte lastekapasitet<\/li>\n<li>l\u00f8fting av last som er godt festet til bakken eller frosset fast i bakken<\/li>\n<li>Utf\u00f8re lasteoperasjoner uten at st\u00f8tteanordningene til lastekranen er p\u00e5 plass<\/li>\n<li>arbeid med en HDS-kran som ikke fungerer<\/li>\n<li>bruk av utstyr som ikke fungerer - tau, stropper, kroker<\/li>\n<li>arbeide med en kran som ikke har et gyldig UDT-vedtak som gir tillatelse til \u00e5 bruke den<\/li>\n<li>arbeide med en kran som ikke har en gjeldende oppf\u00f8ring i vedlikeholdsloggen<\/li>\n<li>overf\u00f8ring av last direkte over arbeidsstasjoner eller personer<\/li>\n<li>Lastoverf\u00f8ring over f\u00f8rerhuset<\/li>\n<li>arbeid i uegnet terreng - for skr\u00e5nende eller p\u00e5 jord med lav b\u00e6reevne<\/li>\n<li>arbeid i n\u00e6rheten av utilkoblede og ujordede kraftledninger<\/li>\n<li>og andre aktiviteter som inneb\u00e6rer risiko for ulykker<\/li>\n<\/ul>\n<p>Hvis utstyret ikke er klargjort for bruk, har operat\u00f8ren rett til \u00e5 nekte \u00e5 fortsette. Han eller hun skal umiddelbart underrette sin overordnede om \u00e5rsaken til nektelsen.<\/p>\n<p>Hvis du \u00f8nsker \u00e5 skaffe deg en HDS-lisens, <a href=\"https:\/\/szkolenia-udt.pl\/nb\/kontakt\/\">hjertelig velkommen<\/a> for \u00e5 dra nytte av <a href=\"https:\/\/szkolenia-udt.pl\/nb\/oferta\/\">v\u00e5rt tilbud<\/a>. HDS-kurs i v\u00e5r <a href=\"https:\/\/szkolenia-udt.pl\/nb\/o-firmie\/\">Sentrum<\/a> er omfattende kunnskap innen sikkerhet, slik at du vil v\u00e6re i stand til \u00e5 jobbe trygt som kai-kranf\u00f8rer etter endt utdanning.<\/p>\n<\/div>","protected":false},"excerpt":{"rendered":"<p>Podczas pracy operator \u017curawia prze\u0142adunkowego HDS powinien pami\u0119ta\u0107 o wymogach bezpiecze\u0144stwa i przepisach BHP. W ten spos\u00f3b jest w stanie zapobiega\u0107 wypadkom podczas pracy, kt\u00f3re mog\u0105 nie\u015b\u0107 zagro\u017cenie zar\u00f3wno dla niego samego, jak i dla otoczenia \u2013 \u0142adunk\u00f3w, budynk\u00f3w, innych os\u00f3b przebywaj\u0105cych w strefie pracy urz\u0105dzenia. Odbywaj\u0105c kurs HDS, jego uczestnik otrzymuje zawsze odpowiedni\u0105 wiedz\u0119 [&hellip;]<\/p>\n","protected":false},"author":3,"featured_media":0,"parent":1116,"menu_order":0,"comment_status":"closed","ping_status":"closed","template":"","meta":{"footnotes":""},"class_list":["post-1127","page","type-page","status-publish","hentry"],"aioseo_notices":[],"_links":{"self":[{"href":"https:\/\/szkolenia-udt.pl\/nb\/wp-json\/wp\/v2\/pages\/1127","targetHints":{"allow":["GET"]}}],"collection":[{"href":"https:\/\/szkolenia-udt.pl\/nb\/wp-json\/wp\/v2\/pages"}],"about":[{"href":"https:\/\/szkolenia-udt.pl\/nb\/wp-json\/wp\/v2\/types\/page"}],"author":[{"embeddable":true,"href":"https:\/\/szkolenia-udt.pl\/nb\/wp-json\/wp\/v2\/users\/3"}],"replies":[{"embeddable":true,"href":"https:\/\/szkolenia-udt.pl\/nb\/wp-json\/wp\/v2\/comments?post=1127"}],"version-history":[{"count":4,"href":"https:\/\/szkolenia-udt.pl\/nb\/wp-json\/wp\/v2\/pages\/1127\/revisions"}],"predecessor-version":[{"id":2235,"href":"https:\/\/szkolenia-udt.pl\/nb\/wp-json\/wp\/v2\/pages\/1127\/revisions\/2235"}],"up":[{"embeddable":true,"href":"https:\/\/szkolenia-udt.pl\/nb\/wp-json\/wp\/v2\/pages\/1116"}],"wp:attachment":[{"href":"https:\/\/szkolenia-udt.pl\/nb\/wp-json\/wp\/v2\/media?parent=1127"}],"curies":[{"name":"wp","href":"https:\/\/api.w.org\/{rel}","templated":true}]}}