{"id":1131,"date":"2014-11-12T14:51:53","date_gmt":"2014-11-12T14:51:53","guid":{"rendered":"http:\/\/szkolenia-udt.pl\/?page_id=1131"},"modified":"2021-06-27T22:20:50","modified_gmt":"2021-06-27T22:20:50","slug":"hd-heisoperatorens-oppgaver","status":"publish","type":"page","link":"https:\/\/szkolenia-udt.pl\/nb\/kursy\/hds\/obowiazki-operatora-zurawia-przeladunkowego-hds\/","title":{"rendered":"Ansvarsomr\u00e5der for f\u00f8reren av HDS-h\u00e5ndteringskranen"},"content":{"rendered":"<div style=\"float: left; padding-right: 10px;\"><div id=\"metaslider-id-642\" style=\"max-width: 300px;\" class=\"ml-slider-3-107-0 metaslider metaslider-flex metaslider-642 ml-slider ms-theme-default nav-hidden\" role=\"region\" aria-label=\"Kraner\" data-height=\"225\" data-width=\"300\">\n    <div id=\"metaslider_container_642\">\n        <div id=\"metaslider_642\">\n            <ul class='slides'>\n                <li style=\"display: block; width: 100%;\" class=\"slide-647 ms-image\" aria-roledescription=\"slide\" data-date=\"2014-10-12 09:52:02\" data-filename=\"O\u015brodek-Szkolenia-Operator\u00f3w.jpg\" data-slide-type=\"image\"><img loading=\"lazy\" decoding=\"async\" src=\"https:\/\/szkolenia-udt.pl\/wp-content\/uploads\/2014\/10\/O\u015brodek-Szkolenia-Operator\u00f3w.jpg\" height=\"225\" width=\"300\" alt=\"\" class=\"slider-642 slide-647 msDefaultImage\" \/><\/li>\n                <li style=\"display: none; width: 100%;\" class=\"slide-649 ms-image\" aria-roledescription=\"slide\" data-date=\"2014-10-12 09:52:03\" data-filename=\"Szkolenie-d\u017awigi.jpg\" data-slide-type=\"image\"><img loading=\"lazy\" decoding=\"async\" src=\"https:\/\/szkolenia-udt.pl\/wp-content\/uploads\/2014\/10\/Szkolenie-d\u017awigi.jpg\" height=\"225\" width=\"300\" alt=\"Kran-kurs\" class=\"slider-642 slide-649 msDefaultImage\" \/><\/li>\n                <li style=\"display: none; width: 100%;\" class=\"slide-650 ms-image\" aria-roledescription=\"slide\" data-date=\"2014-10-12 09:52:03\" data-filename=\"Uprawnienia-UDT1.jpg\" data-slide-type=\"image\"><img loading=\"lazy\" decoding=\"async\" src=\"https:\/\/szkolenia-udt.pl\/wp-content\/uploads\/2014\/10\/Uprawnienia-UDT1.jpg\" height=\"225\" width=\"300\" alt=\"\" class=\"slider-642 slide-650 msDefaultImage\" \/><\/li>\n                <li style=\"display: none; width: 100%;\" class=\"slide-648 ms-image\" aria-roledescription=\"slide\" data-date=\"2014-10-12 09:52:02\" data-filename=\"szkolenia-d\u017awigi.jpg\" data-slide-type=\"image\"><img loading=\"lazy\" decoding=\"async\" src=\"https:\/\/szkolenia-udt.pl\/wp-content\/uploads\/2014\/10\/szkolenia-d\u017awigi.jpg\" height=\"225\" width=\"300\" alt=\"Oppl\u00e6ringssenter for operat\u00f8rer\" class=\"slider-642 slide-648 msDefaultImage\" \/><\/li>\n                <li style=\"display: none; width: 100%;\" class=\"slide-651 ms-image\" aria-roledescription=\"slide\" data-date=\"2014-10-12 09:52:04\" data-filename=\"zdj\u0119cie-d\u017awig.jpg\" data-slide-type=\"image\"><img loading=\"lazy\" decoding=\"async\" src=\"https:\/\/szkolenia-udt.pl\/wp-content\/uploads\/2014\/10\/zdj\u0119cie-d\u017awig.jpg\" height=\"225\" width=\"300\" alt=\"Kranoppl\u00e6ring. UDT-autorisasjoner\" class=\"slider-642 slide-651 msDefaultImage\" \/><\/li>\n            <\/ul>\n        <\/div>\n        \n    <\/div>\n<\/div><\/div>\n<div class=\"wyjustuj\">\n<p>F\u00f8reren av en h\u00e5ndteringskran m\u00e5 inneha relevant HDS-lisens. De gis til personer som har fullf\u00f8rt <a href=\"https:\/\/szkolenia-udt.pl\/nb\/kursy\/hds\/\">HDS-kurs<\/a> og har best\u00e5tt eksamen f\u00f8r UDT-kommisjonen. Operat\u00f8ren av utstyret kan ikke starte arbeidet umiddelbart. Hans eller hennes plikter er delt inn i de som skal utf\u00f8res f\u00f8r, under og etter arbeidet - disse blir undervist i hvert HDS-kurs.<\/p>\n<h2 class=\"boldnagl\"><strong>Arbeidsoppgaver f\u00f8r arbeidstid<\/strong><\/h2>\n<ul>\n<li>Gj\u00f8r deg kjent med dokumentasjonen - kranens tekniske og operasjonelle dokumentasjon og instruksjonsmanual, kranens sertifikat for frigivelse til service og vedlikeholdsbok, frav\u00e6ret av minst ett av disse dokumentene betyr at arbeidet ikke kan p\u00e5begynnes<\/li>\n<li>utf\u00f8re daglig service p\u00e5 utstyret i samsvar med produsentens anvisninger - foreta visuell inspeksjon av utstyret og kontrollere at komponentene er tette, at de hydrauliske l\u00e5sene fungerer, at st\u00f8ttene er forlenget, samt kontrollere sikkerhetsanordninger og sperrer<\/li>\n<li>alle uregelmessigheter som oppdages, skal rapporteres til en overordnet<\/li>\n<\/ul>\n<h2 class=\"boldnagl\"><strong>Ansvarsomr\u00e5der under arbeidet<\/strong><\/h2>\n<ul>\n<li>kontroll av stedet og bestemmelse av kranens arbeidsomr\u00e5de<\/li>\n<li>klargj\u00f8ring av kranen for lastearbeid<\/li>\n<li>riktig anhuking og sikring av last<\/li>\n<li>holde et konstant \u00f8ye med lasten og kranen under arbeidet og med omr\u00e5det rundt<\/li>\n<li>holde \u00f8ye med kranens tillatte belastning<\/li>\n<li>overholdelse av signaler og skilt<\/li>\n<li>reagere umiddelbart i tilfelle en n\u00f8dsituasjon eller fare for en ulykke<\/li>\n<\/ul>\n<div style=\"float: right; padding-left: 10px;\"><div id=\"metaslider-id-584\" style=\"max-width: 300px;\" class=\"ml-slider-3-107-0 metaslider metaslider-flex metaslider-584 ml-slider ms-theme-default nav-hidden nav-hidden\" role=\"region\" aria-label=\"Konstruksjon av vognen\" data-height=\"225\" data-width=\"300\">\n    <div id=\"metaslider_container_584\">\n        <div id=\"metaslider_584\">\n            <ul class='slides'>\n                <li style=\"display: block; width: 100%;\" class=\"slide-586 ms-image\" aria-roledescription=\"slide\" data-date=\"2014-10-12 05:43:37\" data-filename=\"Kurs-na-w\u00f3zki-wid\u0142owe.jpg\" data-slide-type=\"image\"><img loading=\"lazy\" decoding=\"async\" src=\"https:\/\/szkolenia-udt.pl\/wp-content\/uploads\/2014\/10\/Kurs-na-w\u00f3zki-wid\u0142owe.jpg\" height=\"225\" width=\"300\" alt=\"Kurs for gaffeltrucker\" class=\"slider-584 slide-586 msDefaultImage\" \/><\/li>\n                <li style=\"display: none; width: 100%;\" class=\"slide-591 ms-image\" aria-roledescription=\"slide\" data-date=\"2014-10-12 05:43:41\" data-filename=\"Kursy-W\u00f3zki-wid\u0142owe.jpg\" data-slide-type=\"image\"><img loading=\"lazy\" decoding=\"async\" src=\"https:\/\/szkolenia-udt.pl\/wp-content\/uploads\/2014\/10\/Kursy-W\u00f3zki-wid\u0142owe.jpg\" height=\"225\" width=\"300\" alt=\"Kurs for gaffeltruckf\u00f8rere\" class=\"slider-584 slide-591 msDefaultImage\" \/><\/li>\n                <li style=\"display: none; width: 100%;\" class=\"slide-596 ms-image\" aria-roledescription=\"slide\" data-date=\"2014-10-12 05:43:44\" data-filename=\"Szkolenie-W\u00f3zki-wid\u0142owe1.jpg\" data-slide-type=\"image\"><img loading=\"lazy\" decoding=\"async\" src=\"https:\/\/szkolenia-udt.pl\/wp-content\/uploads\/2014\/10\/Szkolenie-W\u00f3zki-wid\u0142owe1.jpg\" height=\"225\" width=\"300\" alt=\"\" class=\"slider-584 slide-596 msDefaultImage\" \/><\/li>\n                <li style=\"display: none; width: 100%;\" class=\"slide-685 ms-image\" aria-roledescription=\"slide\" data-date=\"2014-10-12 11:03:23\" data-filename=\"Kursy-urz\u0105dzenia-manipulacji-kontenerami.jpg\" data-slide-type=\"image\"><img loading=\"lazy\" decoding=\"async\" src=\"https:\/\/szkolenia-udt.pl\/wp-content\/uploads\/2014\/10\/Kursy-urz\u0105dzenia-manipulacji-kontenerami.jpg\" height=\"225\" width=\"300\" alt=\"Oppl\u00e6ringssenter for operat\u00f8rer i Warszawa\" class=\"slider-584 slide-685 msDefaultImage\" \/><\/li>\n                <li style=\"display: none; width: 100%;\" class=\"slide-679 ms-image\" aria-roledescription=\"slide\" data-date=\"2014-10-12 10:48:10\" data-filename=\"OSO-Warszawa2.jpg\" data-slide-type=\"image\"><img loading=\"lazy\" decoding=\"async\" src=\"https:\/\/szkolenia-udt.pl\/wp-content\/uploads\/2014\/10\/OSO-Warszawa2.jpg\" height=\"225\" width=\"300\" alt=\"\" class=\"slider-584 slide-679 msDefaultImage\" \/><\/li>\n            <\/ul>\n        <\/div>\n        \n    <\/div>\n<\/div><\/div>\n<h2 class=\"boldnagl\"><strong>Arbeidsoppgaver etter jobb<\/strong><\/h2>\n<ul>\n<li>folde kranen inn i transportstilling<\/li>\n<li>brette st\u00f8ttene inn i transportstilling og sikre dem<\/li>\n<li>kontroll av at lasten ikke utgj\u00f8r noen fare<\/li>\n<li>eskortere kj\u00f8ret\u00f8yet til verkstedet<\/li>\n<li>rengj\u00f8ring av arbeidselementer fra smuss<\/li>\n<li>sikring av utstyret mot bruk av personer som ikke er HDS-kvalifiserte<\/li>\n<li>overlevering av dokumenter til en autorisert person<\/li>\n<\/ul>\n<p>Under kontinuerlig drift av kranen b\u00f8r operat\u00f8ren hele tiden overv\u00e5ke kranens tilstand. N\u00e5r det oppst\u00e5r farer, er det n\u00f8dvendig \u00e5 reagere umiddelbart for \u00e5 forhindre en ulykke. Ved \u00e5 f\u00f8lge reglene som er nevnt ovenfor, kan operat\u00f8ren arbeide p\u00e5 en sikker m\u00e5te og dermed ikke utgj\u00f8re noen risiko for seg selv, andre arbeidere eller milj\u00f8et.<\/p>\n<\/div>","protected":false},"excerpt":{"rendered":"<p>Operator \u017curawia prze\u0142adunkowego musi posiada\u0107 odpowiednie uprawnienia HDS. Nadawane s\u0105 one osobom, kt\u00f3re zako\u0144czy\u0142y kurs HDS i pozytywnie zaliczy\u0142y egzamin przed komisj\u0105 UDT.Operator urz\u0105dzenia nie mo\u017ce przyst\u0105pi\u0107 do pracy od razu. Jego obowi\u0105zki dzieli si\u0119 na te do wykonania przed, w trakcie oraz po zako\u0144czeniu pracy \u2013 uczy o nich ka\u017cdy kurs HDS. Obowi\u0105zki przed [&hellip;]<\/p>\n","protected":false},"author":3,"featured_media":0,"parent":1116,"menu_order":0,"comment_status":"closed","ping_status":"closed","template":"","meta":{"footnotes":""},"class_list":["post-1131","page","type-page","status-publish","hentry"],"aioseo_notices":[],"_links":{"self":[{"href":"https:\/\/szkolenia-udt.pl\/nb\/wp-json\/wp\/v2\/pages\/1131","targetHints":{"allow":["GET"]}}],"collection":[{"href":"https:\/\/szkolenia-udt.pl\/nb\/wp-json\/wp\/v2\/pages"}],"about":[{"href":"https:\/\/szkolenia-udt.pl\/nb\/wp-json\/wp\/v2\/types\/page"}],"author":[{"embeddable":true,"href":"https:\/\/szkolenia-udt.pl\/nb\/wp-json\/wp\/v2\/users\/3"}],"replies":[{"embeddable":true,"href":"https:\/\/szkolenia-udt.pl\/nb\/wp-json\/wp\/v2\/comments?post=1131"}],"version-history":[{"count":7,"href":"https:\/\/szkolenia-udt.pl\/nb\/wp-json\/wp\/v2\/pages\/1131\/revisions"}],"predecessor-version":[{"id":2237,"href":"https:\/\/szkolenia-udt.pl\/nb\/wp-json\/wp\/v2\/pages\/1131\/revisions\/2237"}],"up":[{"embeddable":true,"href":"https:\/\/szkolenia-udt.pl\/nb\/wp-json\/wp\/v2\/pages\/1116"}],"wp:attachment":[{"href":"https:\/\/szkolenia-udt.pl\/nb\/wp-json\/wp\/v2\/media?parent=1131"}],"curies":[{"name":"wp","href":"https:\/\/api.w.org\/{rel}","templated":true}]}}