{"id":1136,"date":"2014-11-12T14:56:24","date_gmt":"2014-11-12T14:56:24","guid":{"rendered":"http:\/\/szkolenia-udt.pl\/?page_id=1136"},"modified":"2021-07-19T22:12:56","modified_gmt":"2021-07-19T22:12:56","slug":"hds-kraner","status":"publish","type":"page","link":"https:\/\/szkolenia-udt.pl\/nb\/dzwignice\/zurawie-hds\/","title":{"rendered":"HDS-kraner"},"content":{"rendered":"<div style=\"float: left; padding-right: 10px;\"><div id=\"metaslider-id-642\" style=\"max-width: 300px;\" class=\"ml-slider-3-107-0 metaslider metaslider-flex metaslider-642 ml-slider ms-theme-default nav-hidden\" role=\"region\" aria-label=\"Kraner\" data-height=\"225\" data-width=\"300\">\n    <div id=\"metaslider_container_642\">\n        <div id=\"metaslider_642\">\n            <ul class='slides'>\n                <li style=\"display: block; width: 100%;\" class=\"slide-647 ms-image\" aria-roledescription=\"slide\" data-date=\"2014-10-12 09:52:02\" data-filename=\"O\u015brodek-Szkolenia-Operator\u00f3w.jpg\" data-slide-type=\"image\"><img loading=\"lazy\" decoding=\"async\" src=\"https:\/\/szkolenia-udt.pl\/wp-content\/uploads\/2014\/10\/O\u015brodek-Szkolenia-Operator\u00f3w.jpg\" height=\"225\" width=\"300\" alt=\"\" class=\"slider-642 slide-647 msDefaultImage\" \/><\/li>\n                <li style=\"display: none; width: 100%;\" class=\"slide-649 ms-image\" aria-roledescription=\"slide\" data-date=\"2014-10-12 09:52:03\" data-filename=\"Szkolenie-d\u017awigi.jpg\" data-slide-type=\"image\"><img loading=\"lazy\" decoding=\"async\" src=\"https:\/\/szkolenia-udt.pl\/wp-content\/uploads\/2014\/10\/Szkolenie-d\u017awigi.jpg\" height=\"225\" width=\"300\" alt=\"Kran-kurs\" class=\"slider-642 slide-649 msDefaultImage\" \/><\/li>\n                <li style=\"display: none; width: 100%;\" class=\"slide-650 ms-image\" aria-roledescription=\"slide\" data-date=\"2014-10-12 09:52:03\" data-filename=\"Uprawnienia-UDT1.jpg\" data-slide-type=\"image\"><img loading=\"lazy\" decoding=\"async\" src=\"https:\/\/szkolenia-udt.pl\/wp-content\/uploads\/2014\/10\/Uprawnienia-UDT1.jpg\" height=\"225\" width=\"300\" alt=\"\" class=\"slider-642 slide-650 msDefaultImage\" \/><\/li>\n                <li style=\"display: none; width: 100%;\" class=\"slide-648 ms-image\" aria-roledescription=\"slide\" data-date=\"2014-10-12 09:52:02\" data-filename=\"szkolenia-d\u017awigi.jpg\" data-slide-type=\"image\"><img loading=\"lazy\" decoding=\"async\" src=\"https:\/\/szkolenia-udt.pl\/wp-content\/uploads\/2014\/10\/szkolenia-d\u017awigi.jpg\" height=\"225\" width=\"300\" alt=\"Oppl\u00e6ringssenter for operat\u00f8rer\" class=\"slider-642 slide-648 msDefaultImage\" \/><\/li>\n                <li style=\"display: none; width: 100%;\" class=\"slide-651 ms-image\" aria-roledescription=\"slide\" data-date=\"2014-10-12 09:52:04\" data-filename=\"zdj\u0119cie-d\u017awig.jpg\" data-slide-type=\"image\"><img loading=\"lazy\" decoding=\"async\" src=\"https:\/\/szkolenia-udt.pl\/wp-content\/uploads\/2014\/10\/zdj\u0119cie-d\u017awig.jpg\" height=\"225\" width=\"300\" alt=\"Kranoppl\u00e6ring. UDT-autorisasjoner\" class=\"slider-642 slide-651 msDefaultImage\" \/><\/li>\n            <\/ul>\n        <\/div>\n        \n    <\/div>\n<\/div><\/div>\n<div class=\"wyjustuj\">\n<p>HDS - en hydraulisk lastebilkran er en enhet som vanligvis brukes i h\u00e5ndteringsarbeid. HDS er en h\u00e5ndteringskran som inng\u00e5r i kategorien kraner. I henhold til standarden PN-EN 12999 er en kran en kran som er utstyrt med en lastb\u00e6rende konstruksjon som beveger seg vertikalt for \u00e5 l\u00f8fte og senke lasten og horisontalt for \u00e5 rotere konstruksjonen og endre rekkevidden. Omlastingskraner - HDS-kraner betegnes som mekanisk drevne enheter som best\u00e5r av en s\u00f8yle som roterer p\u00e5 en base og et jibbsystem som sitter p\u00e5 toppen av s\u00f8ylen. H\u00e5ndteringskranene er montert p\u00e5 tilhengere eller direkte p\u00e5 kj\u00f8ret\u00f8y. Disse kranene inng\u00e5r i gruppen mobilkraner og er underlagt teknisk kontroll.<\/p>\n<h2><strong>Kraner deles inn i f\u00f8lgende kategorier:<\/strong><\/h2>\n<ul>\n<li>kraner til generell bruk som er fastmontert p\u00e5 kj\u00f8ret\u00f8yet<\/li>\n<li>t\u00f8mmerlastekraner, som ogs\u00e5 kalles \"skogbrukskraner\".<\/li>\n<li>kraner som er montert p\u00e5 kj\u00f8ret\u00f8yet bak f\u00f8rerhuset<\/li>\n<li>kraner montert p\u00e5 kj\u00f8ret\u00f8yet bak lasteplanet, p\u00e5 baksiden av kj\u00f8ret\u00f8yet<\/li>\n<li>kraner montert i midten av kj\u00f8ret\u00f8yets lasteomr\u00e5de<\/li>\n<li>kraner montert p\u00e5 tilhengere<\/li>\n<li>kraner montert p\u00e5 traktorer<\/li>\n<\/ul>\n<h2><strong>De grunnleggende komponentene i utformingen av en dokkingkran er:<\/strong><\/h2>\n<ul>\n<li>st\u00f8tteenhet - st\u00f8ttene er utformet for \u00e5 stabilisere utstyret og beskytte det mot ulykker.<\/li>\n<li>baseenhet - basen er komponenten som apparatets s\u00f8yle er plassert p\u00e5.<\/li>\n<li>s\u00f8ylemontering - kranens jibbsystem er festet til s\u00f8ylen og horisontale bevegelser utf\u00f8res via s\u00f8ylen - rotasjon av jibbsystemet<\/li>\n<li>jibbenheten - en komponent som forlenges manuelt eller hydraulisk, og som endrer lengden p\u00e5 rekkevidden.<\/li>\n<li>tilbeh\u00f8r - slynger, tau, kroker for sikring av lasten<\/li>\n<\/ul>\n<p>For \u00e5 betjene en h\u00e5ndteringskran m\u00e5 operat\u00f8ren ha gjennomf\u00f8rt et <a href=\"https:\/\/szkolenia-udt.pl\/nb\/kursy\/hds\/\">HDS-kurs<\/a> og HDS-autorisasjoner, som tildeles etter best\u00e5tt eksamen for en nemnd ved Office of Technical Inspection. En person som ikke har HDS-lisens, har ikke lov til \u00e5 betjene utstyret. HDS-kurset best\u00e5r av en teoretisk del og en praktisk del, som sammen l\u00e6rer deltakeren \u00e5 betjene utstyret p\u00e5 riktig m\u00e5te.<\/p>\n<\/div>","protected":false},"excerpt":{"rendered":"<p>HDS \u2013 hydrauliczny d\u017awig samochodowy to urz\u0105dzenie wykorzystywane powszechnie w pracach prze\u0142adunkowych. HDS to \u017curaw prze\u0142adunkowi zaliczany do kategorii d\u017awignic. Zgodnie z norm\u0105 PN-EN 12999 \u017curaw to d\u017awignica, kt\u00f3ra jest wyposa\u017cona w ustr\u00f3j no\u015bny wykonuj\u0105cy ruchy na p\u0142aszczy\u017anie pionowej jako ruchy podnoszenia i opuszczania \u0142adunku i poziomej jako ruchy obracania konstrukcji i zmiany wysi\u0119gu. \u017burawiami [&hellip;]<\/p>\n","protected":false},"author":3,"featured_media":647,"parent":69,"menu_order":0,"comment_status":"closed","ping_status":"closed","template":"","meta":{"footnotes":""},"class_list":["post-1136","page","type-page","status-publish","has-post-thumbnail","hentry"],"aioseo_notices":[],"_links":{"self":[{"href":"https:\/\/szkolenia-udt.pl\/nb\/wp-json\/wp\/v2\/pages\/1136","targetHints":{"allow":["GET"]}}],"collection":[{"href":"https:\/\/szkolenia-udt.pl\/nb\/wp-json\/wp\/v2\/pages"}],"about":[{"href":"https:\/\/szkolenia-udt.pl\/nb\/wp-json\/wp\/v2\/types\/page"}],"author":[{"embeddable":true,"href":"https:\/\/szkolenia-udt.pl\/nb\/wp-json\/wp\/v2\/users\/3"}],"replies":[{"embeddable":true,"href":"https:\/\/szkolenia-udt.pl\/nb\/wp-json\/wp\/v2\/comments?post=1136"}],"version-history":[{"count":5,"href":"https:\/\/szkolenia-udt.pl\/nb\/wp-json\/wp\/v2\/pages\/1136\/revisions"}],"predecessor-version":[{"id":2385,"href":"https:\/\/szkolenia-udt.pl\/nb\/wp-json\/wp\/v2\/pages\/1136\/revisions\/2385"}],"up":[{"embeddable":true,"href":"https:\/\/szkolenia-udt.pl\/nb\/wp-json\/wp\/v2\/pages\/69"}],"wp:featuredmedia":[{"embeddable":true,"href":"https:\/\/szkolenia-udt.pl\/nb\/wp-json\/wp\/v2\/media\/647"}],"wp:attachment":[{"href":"https:\/\/szkolenia-udt.pl\/nb\/wp-json\/wp\/v2\/media?parent=1136"}],"curies":[{"name":"wp","href":"https:\/\/api.w.org\/{rel}","templated":true}]}}