{"id":1148,"date":"2014-11-12T19:22:01","date_gmt":"2014-11-12T19:22:01","guid":{"rendered":"http:\/\/szkolenia-udt.pl\/?page_id=1148"},"modified":"2021-06-27T22:04:15","modified_gmt":"2021-06-27T22:04:15","slug":"opplaering-i-utr-revisjon","status":"publish","type":"page","link":"https:\/\/szkolenia-udt.pl\/nb\/kursy\/szkolenie-audytorskie-udt\/","title":{"rendered":"Oppl\u00e6ring i UDT-revisjon"},"content":{"rendered":"<div style=\"float: left; padding-right: 10px;\"><div id=\"metaslider-id-373\" style=\"max-width: 300px;\" class=\"ml-slider-3-107-0 metaslider metaslider-flex metaslider-373 ml-slider ms-theme-default nav-hidden\" role=\"region\" aria-label=\"Om selskapet 2\" data-height=\"225\" data-width=\"300\">\n    <div id=\"metaslider_container_373\">\n        <div id=\"metaslider_373\">\n            <ul class='slides'>\n                <li style=\"display: block; width: 100%;\" class=\"slide-1109 ms-image\" aria-roledescription=\"slide\" data-date=\"2014-11-12 13:56:05\" data-filename=\"bizness3a.jpg\" data-slide-type=\"image\"><img loading=\"lazy\" decoding=\"async\" src=\"https:\/\/szkolenia-udt.pl\/wp-content\/uploads\/2014\/11\/bizness3a.jpg\" height=\"225\" width=\"300\" alt=\"oppl\u00e6ring\" class=\"slider-373 slide-1109 msDefaultImage\" \/><\/li>\n                <li style=\"display: none; width: 100%;\" class=\"slide-1106 ms-image\" aria-roledescription=\"slide\" data-date=\"2014-11-12 13:56:03\" data-filename=\"biznes5a.jpg\" data-slide-type=\"image\"><img loading=\"lazy\" decoding=\"async\" src=\"https:\/\/szkolenia-udt.pl\/wp-content\/uploads\/2014\/11\/biznes5a.jpg\" height=\"225\" width=\"300\" alt=\"teknisk kontrollmyndighet\" class=\"slider-373 slide-1106 msDefaultImage\" \/><\/li>\n                <li style=\"display: none; width: 100%;\" class=\"slide-1110 ms-image\" aria-roledescription=\"slide\" data-date=\"2014-11-12 14:04:12\" data-filename=\"meeting-2a.jpg\" data-slide-type=\"image\"><img loading=\"lazy\" decoding=\"async\" src=\"https:\/\/szkolenia-udt.pl\/wp-content\/uploads\/2014\/11\/meeting-2a.jpg\" height=\"225\" width=\"300\" alt=\"udt-kurs\" class=\"slider-373 slide-1110 msDefaultImage\" \/><\/li>\n                <li style=\"display: none; width: 100%;\" class=\"slide-1199 ms-image\" aria-roledescription=\"slide\" data-date=\"2014-11-17 21:17:06\" data-filename=\"firma-5a.jpg\" data-slide-type=\"image\"><img loading=\"lazy\" decoding=\"async\" src=\"https:\/\/szkolenia-udt.pl\/wp-content\/uploads\/2014\/11\/firma-5a.jpg\" height=\"225\" width=\"300\" alt=\"warsaw gaffeltrucker\" class=\"slider-373 slide-1199 msDefaultImage\" \/><\/li>\n                <li style=\"display: none; width: 100%;\" class=\"slide-1196 ms-image\" aria-roledescription=\"slide\" data-date=\"2014-11-17 21:17:04\" data-filename=\"Firma-2a.jpg\" data-slide-type=\"image\"><img loading=\"lazy\" decoding=\"async\" src=\"https:\/\/szkolenia-udt.pl\/wp-content\/uploads\/2014\/11\/Firma-2a.jpg\" height=\"225\" width=\"300\" alt=\"\" class=\"slider-373 slide-1196 msDefaultImage\" \/><\/li>\n            <\/ul>\n        <\/div>\n        \n    <\/div>\n<\/div><\/div>\n<div class=\"wyjustuj\">\n<p>Vi vil gjerne invitere deg til \u00e5 revidere UDT-oppl\u00e6ringskurs designet for personer som er involvert i tilsyn med teknisk utstyr som er underlagt teknisk tilsyn - alle kontroll-, vedlikeholds- og sikkerhetsspesialister og andre tekniske enheter. Ved \u00e5 velge v\u00e5rt tilbud kan du v\u00e6re sikker p\u00e5 at klassene vil bli gjennomf\u00f8rt av instrukt\u00f8rer med mange \u00e5rs erfaring i sitt yrke og vil dekke den komplette kunnskapen som trengs for \u00e5 jobbe i stillingen.<\/p>\n<h2 class=\"boldnagl\"><strong>Form\u00e5let med oppl\u00e6ringen<\/strong><\/h2>\n<p>M\u00e5let med oppl\u00e6ringen er \u00e5 oppdatere kunnskaper og ferdigheter om gjeldende nasjonale forskrifter, direktiver og utstyrsstandarder for teknisk tilsyn i tr\u00e5d med den siste utviklingen.<\/p>\n<h2 class=\"boldnagl\"><strong>For hvem?<\/strong><\/h2>\n<p>Oppl\u00e6ringen er rettet mot personer i stillinger med ansvar for teknisk utstyr som brukes i arbeids-, service- og produksjonsprosesser, prosessering og lagring, inkludert kontroll- og vedlikeholdspersonell og spesialister p\u00e5 tekniske og sikkerhetsmessige celler.<\/p>\n<h2 class=\"boldnagl\"><strong>Oppl\u00e6ringsprogram<\/strong><\/h2>\n<p>Oppl\u00e6ringsprogrammet vi har utviklet, inneholder alle de viktigste elementene som trengs for \u00e5 oppdatere kunnskapen din om vedlikehold av utstyr som er underlagt UDT. Vi viser deg hvordan du kan bruke informasjonen effektivt i det daglige arbeidet.<\/p>\n<p>Rammeverk for oppl\u00e6ring:<\/p>\n<ul>\n<li>gjeldende lovgivning (standarder, direktiver og sektorspesifikke forskrifter)<\/li>\n<li>tolkning av reglene<\/li>\n<li>prosedyrer som brukes p\u00e5 arbeidsplassen<\/li>\n<li>organisatoriske og tekniske tiltak for \u00e5 minimere risiko<\/li>\n<li>metodikk for \u00e5 vurdere risikoen for en farlig skade eller ulykke<\/li>\n<li>opprettholde kontinuerlig drift og p\u00e5litelighet av teknisk utstyr<\/li>\n<li>analyse av ulykker og hendelser<\/li>\n<li>praktiske \u00f8velser i form av workshops<\/li>\n<li>paneldiskusjon med eksperter<\/li>\n<\/ul>\n<p>Oppl\u00e6ringskursene er modulbasert, slik at programmet kan skreddersys individuelt til kundens behov. I workshopene er det mulighet til \u00e5 l\u00f8se problemer knyttet til kundens arbeidsplasser og til \u00e5 lage prosedyreoversikter og sjekklister.<\/p>\n<h2 class=\"boldnagl\"><strong>Pris for oppl\u00e6ring<\/strong><\/h2>\n<p>Prisen p\u00e5 oppl\u00e6ringen fastsettes individuelt - ta kontakt med oss for et individuelt tilbud. Oppl\u00e6ringskursene arrangeres p\u00e5 et sted som avtales med kunden.<\/p>\n<h2 class=\"boldnagl\"><strong>Om oss<\/strong><\/h2>\n<p>Vi er et oppl\u00e6ringsfirma med mange \u00e5rs erfaring innen v\u00e5rt felt. Vi har allerede l\u00e6rt opp tusenvis av mennesker og nyter stor tillit blant kundene v\u00e5re. Vi er opptatt av \u00e5 tilby det h\u00f8yeste serviceniv\u00e5et, s\u00e5 vi h\u00e5per at det ogs\u00e5 innfrir dine forventninger.<\/p>\n<p>Hvis du har sp\u00f8rsm\u00e5l om tilbudet v\u00e5rt, <a href=\"https:\/\/szkolenia-udt.pl\/nb\/kontakt\/\">ta gjerne kontakt med oss<\/a> - vil vi avklare alle dine tvil.<\/p>\n<p>Vi inviterer deg til \u00e5 gj\u00f8re bruk av <a href=\"https:\/\/szkolenia-udt.pl\/nb\/oferta\/\">v\u00e5re tjenester<\/a>!<\/p>\n<\/div>","protected":false},"excerpt":{"rendered":"<p>Zapraszamy na szkolenia audytorskie UDT przeznaczone dla os\u00f3b zajmuj\u0105cych si\u0119 nadzorem urz\u0105dze\u0144 technicznych, kt\u00f3re podlegaj\u0105 pod doz\u00f3r techniczny \u2013 wszystkich pracownik\u00f3w kontroli, utrzymania ruchu oraz specjalist\u00f3w bezpiecze\u0144stwa i innych kom\u00f3rek technicznych. Wybieraj\u0105c nasz\u0105 ofert\u0119, maj\u0105 Pa\u0144stwo pewno\u015b\u0107, \u017ce zaj\u0119cia b\u0119d\u0105 prowadzone przez instruktor\u00f3w z wieloletnim do\u015bwiadczeniem w swoim zawodzie i b\u0119d\u0105 obejmowa\u0142y kompletn\u0105 wiedz\u0119 potrzebn\u0105 [&hellip;]<\/p>\n","protected":false},"author":3,"featured_media":0,"parent":22,"menu_order":30,"comment_status":"closed","ping_status":"closed","template":"","meta":{"footnotes":""},"class_list":["post-1148","page","type-page","status-publish","hentry"],"aioseo_notices":[],"_links":{"self":[{"href":"https:\/\/szkolenia-udt.pl\/nb\/wp-json\/wp\/v2\/pages\/1148","targetHints":{"allow":["GET"]}}],"collection":[{"href":"https:\/\/szkolenia-udt.pl\/nb\/wp-json\/wp\/v2\/pages"}],"about":[{"href":"https:\/\/szkolenia-udt.pl\/nb\/wp-json\/wp\/v2\/types\/page"}],"author":[{"embeddable":true,"href":"https:\/\/szkolenia-udt.pl\/nb\/wp-json\/wp\/v2\/users\/3"}],"replies":[{"embeddable":true,"href":"https:\/\/szkolenia-udt.pl\/nb\/wp-json\/wp\/v2\/comments?post=1148"}],"version-history":[{"count":11,"href":"https:\/\/szkolenia-udt.pl\/nb\/wp-json\/wp\/v2\/pages\/1148\/revisions"}],"predecessor-version":[{"id":2224,"href":"https:\/\/szkolenia-udt.pl\/nb\/wp-json\/wp\/v2\/pages\/1148\/revisions\/2224"}],"up":[{"embeddable":true,"href":"https:\/\/szkolenia-udt.pl\/nb\/wp-json\/wp\/v2\/pages\/22"}],"wp:attachment":[{"href":"https:\/\/szkolenia-udt.pl\/nb\/wp-json\/wp\/v2\/media?parent=1148"}],"curies":[{"name":"wp","href":"https:\/\/api.w.org\/{rel}","templated":true}]}}