{"id":1153,"date":"2014-11-12T19:25:11","date_gmt":"2014-11-12T19:25:11","guid":{"rendered":"http:\/\/szkolenia-udt.pl\/?page_id=1153"},"modified":"2022-10-21T15:46:08","modified_gmt":"2022-10-21T13:46:08","slug":"ambulifty","status":"publish","type":"page","link":"https:\/\/szkolenia-udt.pl\/nb\/kursy\/lotnictwo\/ambulifty\/","title":{"rendered":"Ambulifty oppl\u00e6ring"},"content":{"rendered":"<div style=\"float: left; padding-right: 10px;\"><div id=\"metaslider-id-1328\" style=\"max-width: 300px;\" class=\"ml-slider-3-107-0 metaslider metaslider-flex metaslider-1328 ml-slider ms-theme-default nav-hidden\" role=\"region\" aria-label=\"ambu\" data-height=\"225\" data-width=\"300\">\n    <div id=\"metaslider_container_1328\">\n        <div id=\"metaslider_1328\">\n            <ul class='slides'>\n                <li style=\"display: block; width: 100%;\" class=\"slide-1350 ms-image\" aria-roledescription=\"slide\" data-date=\"2015-07-10 09:17:39\" data-filename=\"resSideBull-PRM_Ambulift_docked_7252.jpg\" data-slide-type=\"image\"><img loading=\"lazy\" decoding=\"async\" src=\"https:\/\/szkolenia-udt.pl\/wp-content\/uploads\/2015\/07\/resSideBull-PRM_Ambulift_docked_7252.jpg\" height=\"225\" width=\"300\" alt=\"\" class=\"slider-1328 slide-1350 msDefaultImage\" \/><\/li>\n                <li style=\"display: none; width: 100%;\" class=\"slide-1348 ms-image\" aria-roledescription=\"slide\" data-date=\"2015-07-10 09:17:38\" data-filename=\"resambulift-DSCN0928.jpg\" data-slide-type=\"image\"><img loading=\"lazy\" decoding=\"async\" src=\"https:\/\/szkolenia-udt.pl\/wp-content\/uploads\/2015\/07\/resambulift-DSCN0928.jpg\" height=\"225\" width=\"300\" alt=\"\" class=\"slider-1328 slide-1348 msDefaultImage\" \/><\/li>\n                <li style=\"display: none; width: 100%;\" class=\"slide-1349 ms-image\" aria-roledescription=\"slide\" data-date=\"2015-07-10 09:17:38\" data-filename=\"resAviogei_Ambulift_EAU_1500.jpg\" data-slide-type=\"image\"><img loading=\"lazy\" decoding=\"async\" src=\"https:\/\/szkolenia-udt.pl\/wp-content\/uploads\/2015\/07\/resAviogei_Ambulift_EAU_1500.jpg\" height=\"225\" width=\"300\" alt=\"\" class=\"slider-1328 slide-1349 msDefaultImage\" \/><\/li>\n                <li style=\"display: none; width: 100%;\" class=\"slide-1347 ms-image\" aria-roledescription=\"slide\" data-date=\"2015-07-10 09:17:37\" data-filename=\"resambulift-DSC_0332.jpg\" data-slide-type=\"image\"><img loading=\"lazy\" decoding=\"async\" src=\"https:\/\/szkolenia-udt.pl\/wp-content\/uploads\/2015\/07\/resambulift-DSC_0332.jpg\" height=\"225\" width=\"300\" alt=\"\" class=\"slider-1328 slide-1347 msDefaultImage\" \/><\/li>\n            <\/ul>\n        <\/div>\n        \n    <\/div>\n<\/div><\/div>\n<div class=\"wyjustuj\">\n<p>Vi inviterer deg til v\u00e5re kurs for ambuliftoperat\u00f8rer - oppl\u00e6ringen v\u00e5r dekker et bredt spekter av kunnskap og ferdigheter som tar sikte p\u00e5 \u00e5 l\u00e6re deg hvordan du trygt kan h\u00e5ndtere personer med funksjonsnedsettelser ved ombordstigning og avstigning av fly.<\/p>\n<h2 class=\"boldnagl\"><strong>Form\u00e5let med oppl\u00e6ringen<\/strong><\/h2>\n<p>Flyselskapene er forpliktet til \u00e5 overholde EU-forordning 1107\/2006 av 5. juli 2006 om rettighetene til passasjerer med nedsatt funksjonsevne og redusert mobilitet. Lufthavnpersonalet skal v\u00e6re forberedt p\u00e5 \u00e5 bist\u00e5 personer med nedsatt funksjonsevne.<\/p>\n<p>Hovedform\u00e5let med oppl\u00e6ringen er \u00e5 l\u00e6re hvordan man hjelper funksjonshemmede som bruker rullestol ved ombordstigning og avstigning, og hvordan man plasserer rullestoler og andre bevegelseshjelpemidler trygt om bord i flyet.<\/p>\n<h3 class=\"boldnagl\"><strong>Program<\/strong><\/h3>\n<p>Oppl\u00e6ring i bruk av ambulift omfatter teoretisk kunnskap og praktiske \u00f8velser. I l\u00f8pet av kurset f\u00e5r deltakerne informasjon om hvordan de p\u00e5 en sikker og lovlig m\u00e5te kan hjelpe personer med nedsatt funksjonsevne ved p\u00e5- og avstigning. Oppl\u00e6ringen avsluttes med en eksamen foran en kommisjon fra Office of Technical Inspection.<\/p>\n<h3 class=\"boldnagl\"><strong>Pris for oppl\u00e6ring<\/strong><\/h3>\n<p>Prisen p\u00e5 oppl\u00e6ring for ambuliftoperat\u00f8rer fastsettes individuelt - ta kontakt med oss for et individuelt tilbud. Vi gjennomf\u00f8rer oppl\u00e6ringskurs p\u00e5 et sted som avtales med kunden.<\/p>\n<h3 class=\"boldnagl\"><strong>Om oss<\/strong><\/h3>\n<p>Vi er et oppl\u00e6ringsfirma med mange \u00e5rs erfaring innen v\u00e5rt felt. Vi har allerede l\u00e6rt opp tusenvis av mennesker og nyter stor tillit blant kundene v\u00e5re. Vi er opptatt av \u00e5 tilby det h\u00f8yeste serviceniv\u00e5et, s\u00e5 vi h\u00e5per at det ogs\u00e5 innfrir dine forventninger.<\/p>\n<p>Hvis du har sp\u00f8rsm\u00e5l om tilbudet v\u00e5rt, <a href=\"https:\/\/szkolenia-udt.pl\/nb\/kontakt\/\">ta gjerne kontakt med oss<\/a> - vil vi avklare alle dine tvil.<\/p>\n<p>Vi inviterer deg til \u00e5 gj\u00f8re bruk av <a href=\"https:\/\/szkolenia-udt.pl\/nb\/oferta\/\">v\u00e5re tjenester<\/a>!<\/p>\n<\/div>","protected":false},"excerpt":{"rendered":"<p>Zapraszamy Pa\u0144stwa na szkolenia dla operator\u00f3w ambulift\u00f3w \u2013 nasze szkolenie obejmuje szerok\u0105 wiedz\u0119 i umiej\u0119tno\u015bci, kt\u00f3rych celem jest nauka bezpiecznej obs\u0142ugi os\u00f3b niepe\u0142nosprawnych przy wsiadaniu i wysiadaniu z samolot\u00f3w. Cel szkolenia Przewo\u017anicy lotniczy s\u0105 zobowi\u0105zani do stosowania si\u0119 do rozporz\u0105dzenia UE nr 1107\/2006 z dnia 5 lipca 2006 o prawach pasa\u017cer\u00f3w niepe\u0142nosprawnych i o ograniczonej [&hellip;]<\/p>\n","protected":false},"author":3,"featured_media":3418,"parent":1288,"menu_order":40,"comment_status":"closed","ping_status":"closed","template":"","meta":{"footnotes":""},"class_list":["post-1153","page","type-page","status-publish","has-post-thumbnail","hentry"],"aioseo_notices":[],"_links":{"self":[{"href":"https:\/\/szkolenia-udt.pl\/nb\/wp-json\/wp\/v2\/pages\/1153","targetHints":{"allow":["GET"]}}],"collection":[{"href":"https:\/\/szkolenia-udt.pl\/nb\/wp-json\/wp\/v2\/pages"}],"about":[{"href":"https:\/\/szkolenia-udt.pl\/nb\/wp-json\/wp\/v2\/types\/page"}],"author":[{"embeddable":true,"href":"https:\/\/szkolenia-udt.pl\/nb\/wp-json\/wp\/v2\/users\/3"}],"replies":[{"embeddable":true,"href":"https:\/\/szkolenia-udt.pl\/nb\/wp-json\/wp\/v2\/comments?post=1153"}],"version-history":[{"count":9,"href":"https:\/\/szkolenia-udt.pl\/nb\/wp-json\/wp\/v2\/pages\/1153\/revisions"}],"predecessor-version":[{"id":2376,"href":"https:\/\/szkolenia-udt.pl\/nb\/wp-json\/wp\/v2\/pages\/1153\/revisions\/2376"}],"up":[{"embeddable":true,"href":"https:\/\/szkolenia-udt.pl\/nb\/wp-json\/wp\/v2\/pages\/1288"}],"wp:featuredmedia":[{"embeddable":true,"href":"https:\/\/szkolenia-udt.pl\/nb\/wp-json\/wp\/v2\/media\/3418"}],"wp:attachment":[{"href":"https:\/\/szkolenia-udt.pl\/nb\/wp-json\/wp\/v2\/media?parent=1153"}],"curies":[{"name":"wp","href":"https:\/\/api.w.org\/{rel}","templated":true}]}}