{"id":1288,"date":"2015-03-30T19:33:45","date_gmt":"2015-03-30T19:33:45","guid":{"rendered":"http:\/\/szkolenia-udt.pl\/?page_id=1288"},"modified":"2016-07-05T19:07:02","modified_gmt":"2016-07-05T19:07:02","slug":"luftfart","status":"publish","type":"page","link":"https:\/\/szkolenia-udt.pl\/nb\/kursy\/lotnictwo\/","title":{"rendered":"Luftfart"},"content":{"rendered":"<h3>Luftfartstrening<\/h3>\n<div style=\"float: left; padding-right: 10px;\"><div id=\"metaslider-id-1308\" style=\"max-width: 300px;\" class=\"ml-slider-3-108-0 metaslider metaslider-flex metaslider-1308 ml-slider ms-theme-default nav-hidden\" role=\"region\" aria-label=\"Luftfart\" data-height=\"225\" data-width=\"300\">\n    <div id=\"metaslider_container_1308\">\n        <div id=\"metaslider_1308\">\n            <ul class='slides'>\n                <li style=\"display: block; width: 100%;\" class=\"slide-1309 ms-image\" aria-roledescription=\"slide\" data-date=\"2015-03-30 20:44:59\" data-filename=\"trans-2.jpg\" data-slide-type=\"image\"><img loading=\"lazy\" decoding=\"async\" src=\"https:\/\/szkolenia-udt.pl\/wp-content\/uploads\/2015\/03\/trans-2.jpg\" height=\"225\" width=\"300\" alt=\"\" class=\"slider-1308 slide-1309 msDefaultImage\" \/><\/li>\n                <li style=\"display: none; width: 100%;\" class=\"slide-1310 ms-image\" aria-roledescription=\"slide\" data-date=\"2015-03-30 20:45:00\" data-filename=\"odladz-3.jpg\" data-slide-type=\"image\"><img loading=\"lazy\" decoding=\"async\" src=\"https:\/\/szkolenia-udt.pl\/wp-content\/uploads\/2015\/03\/odladz-3.jpg\" height=\"225\" width=\"300\" alt=\"\" class=\"slider-1308 slide-1310 msDefaultImage\" \/><\/li>\n                <li style=\"display: none; width: 100%;\" class=\"slide-1311 ms-image\" aria-roledescription=\"slide\" data-date=\"2015-03-30 20:45:01\" data-filename=\"odladz-1.jpg\" data-slide-type=\"image\"><img loading=\"lazy\" decoding=\"async\" src=\"https:\/\/szkolenia-udt.pl\/wp-content\/uploads\/2015\/03\/odladz-1.jpg\" height=\"225\" width=\"300\" alt=\"\" class=\"slider-1308 slide-1311 msDefaultImage\" \/><\/li>\n                <li style=\"display: none; width: 100%;\" class=\"slide-1312 ms-image\" aria-roledescription=\"slide\" data-date=\"2015-03-30 20:45:02\" data-filename=\"ambu-2.jpg\" data-slide-type=\"image\"><img loading=\"lazy\" decoding=\"async\" src=\"https:\/\/szkolenia-udt.pl\/wp-content\/uploads\/2015\/03\/ambu-2.jpg\" height=\"225\" width=\"300\" alt=\"\" class=\"slider-1308 slide-1312 msDefaultImage\" \/><\/li>\n                <li style=\"display: none; width: 100%;\" class=\"slide-1314 ms-image\" aria-roledescription=\"slide\" data-date=\"2015-03-30 20:45:54\" data-filename=\"ambu-1.jpg\" data-slide-type=\"image\"><img loading=\"lazy\" decoding=\"async\" src=\"https:\/\/szkolenia-udt.pl\/wp-content\/uploads\/2015\/03\/ambu-1.jpg\" height=\"225\" width=\"300\" alt=\"\" class=\"slider-1308 slide-1314 msDefaultImage\" \/><\/li>\n            <\/ul>\n        <\/div>\n        \n    <\/div>\n<\/div><\/div>\n<div class=\"wyjustuj\">Vi inviterer deg til \u00e5 delta p\u00e5 flyoppl\u00e6ringskurs hos <a href=\"https:\/\/szkolenia-udt.pl\/nb\/o-firmie\/\">Oppl\u00e6ringssenter for operat\u00f8rer<\/a> OSO. Takket v\u00e6re v\u00e5rt tilbud kan du tilegne deg de n\u00f8dvendige kunnskapene og ferdighetene for \u00e5 jobbe p\u00e5 flyplassen som bakketjenestemann. I l\u00f8pet av kursene l\u00e6rer du \u00e5 betjene utstyr som avisingsmaskiner, ambuliftere eller transport\u00f8rer som brukes p\u00e5 flyplasser, og som det kreves autorisasjon for \u00e5 bruke.Vi tilbyr deg profesjonelle kurs for flypersonell som er utviklet i n\u00e6rt samarbeid med de beste ekspertene p\u00e5 omr\u00e5det. Kursprogrammet er i samsvar med gjeldende lovkrav og gir deg mulighet til \u00e5 bli grundig kjent med teorien og praksisen for betjening av GSE (Ground Support Equipment) p\u00e5 flyplasser.<\/p>\n<p><strong>V\u00e5re utdanningstilbud omfatter blant annet<\/strong><\/p>\n<ul>\n<li><a href=\"\/nb\/kurs\/luftfart\/ambulifty\/\">ambulift-kurs<\/a><\/li>\n<li><a href=\"\/nb\/kurs\/luftfart\/container-og-palletransportorer\/\">kurs for container- og palletransport\u00f8rer<\/a><\/li>\n<li><a href=\"\/nb\/kurs\/luftfart\/avisingsmaskiner\/\">kurs for avisingsmaskiner<\/a><\/li>\n<\/ul>\n<p>Etter fullf\u00f8rt kurs og best\u00e5tt eksamen f\u00e5r deltakerne de relevante sertifikatene som gir dem rett til \u00e5 s\u00f8ke stillinger som bakkemannskap p\u00e5 flyplasser. <a href=\"https:\/\/szkolenia-udt.pl\/nb\/kontakt\/\">Du er hjertelig invitert<\/a> \u00e5 legge merke til <a href=\"https:\/\/szkolenia-udt.pl\/nb\/oferta\/\">fullstendig tilbud<\/a> v\u00e5re kurs for flyplassansatte!<\/p>\n<\/div>","protected":false},"excerpt":{"rendered":"<p>Szkolenia dla lotnictwa Zapraszamy na szkolenia dla lotnictwa do O\u015brodka Szkolenia Operator\u00f3w OSO. Dzi\u0119ki naszej ofercie mog\u0105 Pa\u0144stwo zdoby\u0107 potrzebn\u0105 wiedz\u0119 oraz umiej\u0119tno\u015bci do pracy na porcie lotniczym jako pracownik obs\u0142ugi naziemnej \u2013 p\u0142ytowej. Podczas lekcji kursanci ucz\u0105 si\u0119 obs\u0142ugi urz\u0105dze\u0144 takich jak odladzarki, ambulifty czy transportery stosowanych na portach lotniczych, kt\u00f3re wymagaj\u0105 do tego [&hellip;]<\/p>\n","protected":false},"author":3,"featured_media":0,"parent":22,"menu_order":0,"comment_status":"closed","ping_status":"closed","template":"","meta":{"footnotes":""},"class_list":["post-1288","page","type-page","status-publish","hentry"],"aioseo_notices":[],"_links":{"self":[{"href":"https:\/\/szkolenia-udt.pl\/nb\/wp-json\/wp\/v2\/pages\/1288","targetHints":{"allow":["GET"]}}],"collection":[{"href":"https:\/\/szkolenia-udt.pl\/nb\/wp-json\/wp\/v2\/pages"}],"about":[{"href":"https:\/\/szkolenia-udt.pl\/nb\/wp-json\/wp\/v2\/types\/page"}],"author":[{"embeddable":true,"href":"https:\/\/szkolenia-udt.pl\/nb\/wp-json\/wp\/v2\/users\/3"}],"replies":[{"embeddable":true,"href":"https:\/\/szkolenia-udt.pl\/nb\/wp-json\/wp\/v2\/comments?post=1288"}],"version-history":[{"count":15,"href":"https:\/\/szkolenia-udt.pl\/nb\/wp-json\/wp\/v2\/pages\/1288\/revisions"}],"predecessor-version":[{"id":1593,"href":"https:\/\/szkolenia-udt.pl\/nb\/wp-json\/wp\/v2\/pages\/1288\/revisions\/1593"}],"up":[{"embeddable":true,"href":"https:\/\/szkolenia-udt.pl\/nb\/wp-json\/wp\/v2\/pages\/22"}],"wp:attachment":[{"href":"https:\/\/szkolenia-udt.pl\/nb\/wp-json\/wp\/v2\/media?parent=1288"}],"curies":[{"name":"wp","href":"https:\/\/api.w.org\/{rel}","templated":true}]}}